{"id":18,"date":"2012-01-05T14:00:31","date_gmt":"2012-01-05T14:00:31","guid":{"rendered":"http:\/\/www.buscroatia.com\/hr\/?page_id=18"},"modified":"2024-05-13T14:27:14","modified_gmt":"2024-05-13T14:27:14","slug":"kolodvor-dubrovnik-autobusi","status":"publish","type":"page","link":"https:\/\/www.buscroatia.com\/hr\/kolodvor-dubrovnik-autobusi\/","title":{"rendered":""},"content":{"rendered":"\n<h1>Autobusni kolodvor Dubrovnik<\/h1>\n\n\n\n<figure class=\"wp-block-image size-full\"><a href=\"https:\/\/www.buscroatia.com\/hr\/wp-content\/uploads\/2024\/04\/Autobusni-kolodvor-Dubrovnik.jpeg\" rel=\"lightbox[18]\"><img decoding=\"async\" loading=\"lazy\" width=\"1024\" height=\"768\" src=\"https:\/\/www.buscroatia.com\/hr\/wp-content\/uploads\/2024\/04\/Autobusni-kolodvor-Dubrovnik.jpeg\" alt=\"Autobusni kolodvor Dubrovnik\" class=\"wp-image-202764\" srcset=\"https:\/\/www.buscroatia.com\/hr\/wp-content\/uploads\/2024\/04\/Autobusni-kolodvor-Dubrovnik.jpeg 1024w, https:\/\/www.buscroatia.com\/hr\/wp-content\/uploads\/2024\/04\/Autobusni-kolodvor-Dubrovnik-300x225.jpeg 300w, https:\/\/www.buscroatia.com\/hr\/wp-content\/uploads\/2024\/04\/Autobusni-kolodvor-Dubrovnik-768x576.jpeg 768w\" sizes=\"(max-width: 1024px) 100vw, 1024px\" \/><\/a><figcaption class=\"wp-element-caption\">Autobusni kolodvor Dubrovnik<\/figcaption><\/figure>\n\n\n\n<p>Autobusni kolodvor Dubrovnik smje\u0161ten je u Gru\u017eu i udaljen je <strong>3 km od Starog grada<\/strong>, koji je centar Dubrovnika. Izgra\u0111en je nedavno, u blizini luke. Osim me\u0111unarodnih linija, svakodnevno postoje i me\u0111ugradske autobusne linije izme\u0111u Dubrovnika i svih ve\u0107ih gradova u Hrvatskoj.<\/p>\n\n\n\n<h2>Kako do\u0107i od autobusnog kolodvora u Dubrovniku do Starog grada?<\/h2>\n\n\n\n<p>Od autobusnog kolodvora do Starog grada i drugih dijelova Dubrovnika mo\u017eete lako do\u0107i gradskim autobusnim linijama.<\/p>\n\n\n\n<ul>\n<li>Autobus br. 1, 1a, 1b, 3 vozi do Vrata od Pila (ulaz u Stari grad)<\/li>\n\n\n\n<li>Autobus br. 7 vozi do gradskih dijelova Lapad i Babin kuk<\/li>\n\n\n\n<li>Autobus br. 8 vozi do gradskih dijelova Plo\u010de i Sveti Jakov<\/li>\n<\/ul>\n\n\n\n<p>Ako vam se ne ide autobusom do Starog grada ili va\u0161eg smje\u0161taja, mo\u017eete se odlu\u010diti i za taksi, Uber ili Bolt, uobi\u010dajena cijena trebala bi biti oko 12 eura.<\/p>\n\n\n\n<h2>Sadr\u017eaj autobusnog kolodvora Dubrovnik<\/h2>\n\n\n\n<p>Putnicima uz informativni i prodajni ured nudi garderobu, taksi stajali\u0161te, prodajni kiosk\u2026&nbsp; U blizini kolodvora nalazi se i jedan od informativnih ureda Turisti\u010dke zajednice Grada Dubrovnika.<\/p>\n\n\n\n<p>Na <strong>autobusnom kolodvoru nalazi se jedina garderoba u Dubrovniku<\/strong> u kojoj mo\u017eete ostaviti svoju prtljagu, a uvijek su vam na raspolaganju i obli\u017enje taxi usluge.<\/p>\n\n\n\n<p>Autobuse koji obavljaju prijevoz od i prema zra\u010dnoj luci Dubrovnik voze dvije kompanije: kompanija Atlas \u010diji autobus polazi u skladu sa ve\u0107inom redovnih letova zra\u010dne luke; <strong>druga kompanija je Elite travel koja ima fiksni vozni red<\/strong> za autobuse prema i iz zra\u010dne luke. <\/p>\n\n\n\n<p><strong>Vozni red Elite travel autobusa<\/strong> iz zra\u010dne luke mo\u017eete vidjeti ispod, a vozni red autobusa prema zra\u010dnoj luci mo\u017eete vidjeti <a href=\"https:\/\/www.buscroatia.com\/hr\/pretraga-ruta\/?dS=1585&amp;aS=331&amp;dSn=Dubrovnik%20%28zracna%20luka%29%20%20%28HR%29&amp;aSn=Dubrovnik%20%28HR%29%20Kolodvor&amp;d&amp;t\"><strong>ovdje<\/strong><\/a>. Iz zra\u010dne luke, <strong>svi autobusi zra\u010dne luke<\/strong> staju kod ulaza Pile i i na glavnom autobusnom kolodvoru; uz to Elite travel autobusi staju pored trgovine Tommy u Vukovarskoj ulici.<\/p>\n\n\n\n<p>Na putu prema zra\u010dnoj luci u autobus Elite travel-a mo\u017ee se u\u0107i na glavnom autobusnom kolodvoru, pored osiguravaju\u0107e tvrtke Grawe, i pored ulaza za \u017ei\u010daru. <a href=\"https:\/\/getbybus.com\/hr\/stations-form\"><strong>Ovdje<\/strong><\/a>, u tra\u017eilici, mo\u017eete vidjeti to\u010dnu lokaciju svih stanica.<\/p>\n\n\n\n<h3><strong><strong><strong>Najpopularnije rute Autobusnog kolodvora Dubrovnik<\/strong><\/strong><\/strong><\/h3>\n\n\n\n<p>Iz Dubrovnika mo\u017eete autobusom putovati prema ve\u0107ini gradova u Hrvatskoj. Tako\u0111er postoje <strong>autobusne veze prema Crnoj Gori, Bosni i Hercegovini i Njema\u010dkoj<\/strong>. Ukoliko putujete prema destinacijama koje su sjevernije od Splita vi\u0161e mogu\u0107nosti imate ukoliko prvo autobusom putujete prema Splitu, pa tek onda prema krajnjoj destinaciji.<\/p>\n\n\n\n<h3><strong>Najpopularnije destinacije iz Dubrovnika:<\/strong><\/h3>\n\n\n\n<figure class=\"wp-block-table\"><table><tbody><tr><td><span style=\"color: #0000ff; text-decoration: underline;\">Me\u0111u\u017eupanijska linija<\/span><\/td><td><span style=\"color: #0000ff; text-decoration: underline;\">\u017dupanijska linija<\/span><\/td><td><span style=\"text-decoration: underline;\"><span style=\"color: #0000ff; text-decoration: underline;\">Me\u0111unarodna linija<\/span><\/span><\/td><\/tr><tr><td><a href=\"https:\/\/www.buscroatia.com\/hr\/autobus-dubrovnik-zagreb\/\">Dubrovnik &#8211; Zagreb<\/a><\/td><td><a href=\"https:\/\/www.buscroatia.com\/hr\/autobus-dubrovnik-ploce\/\">Dubrovnik &#8211; Ploce<\/a><\/td><td><a href=\"https:\/\/www.buscroatia.com\/hr\/autobus-dubrovnik-mostar\/\">Dubrovnik &#8211; Mostar<\/a><\/td><\/tr><tr><td><a href=\"https:\/\/www.buscroatia.com\/hr\/autobus-dubrovnik-zadar\/\">Dubrovnik&nbsp;&#8211; Zadar<\/a><\/td><td><a href=\"https:\/\/www.buscroatia.com\/hr\/autobus-dubrovnik-cavtat\/\">Dubrovnik &#8211; Cavtat<\/a><\/td><td><a title=\"Autobus Dubrovnik Me\u0111ugorje\" href=\"https:\/\/www.buscroatia.com\/hr\/autobus-dubrovnik-medugorje\/\">Dubrovnik &#8211; Me\u0111ugorje<\/a><\/td><\/tr><tr><td><a href=\"https:\/\/www.buscroatia.com\/hr\/autobus-dubrovnik-split\/\">Dubrovnik&nbsp;&#8211; Split<\/a><\/td><td><a href=\"https:\/\/www.buscroatia.com\/hr\/bus-dubrovnik-aerodrom\/\">Dubrovnik &#8211; Aerodrom<\/a><\/td><td><a href=\"https:\/\/www.buscroatia.com\/hr\/autobus-dubrovnik-budva\/\">Dubrovnik &#8211; Budva<\/a><\/td><\/tr><tr><td><a href=\"https:\/\/www.buscroatia.com\/hr\/autobus-dubrovnik-pula\/\">Dubrovnik &#8211; Pula<\/a><\/td><td>&nbsp;<a title=\"Gradski prijevoz u Dubrovniku\" href=\"https:\/\/www.buscroatia.com\/hr\/gradski-prijevoz-u-dubrovniku\/\">Gradski prijevoz<\/a><\/td><td><a href=\"https:\/\/www.buscroatia.com\/hr\/autobus-dubrovnik-sarajevo\/\">Dubrovnik &#8211; Sarajevo<\/a><\/td><\/tr><tr><td><a href=\"https:\/\/www.buscroatia.com\/hr\/autobus-dubrovnik-rijeka\/\">Dubrovnik&nbsp;&#8211; Rijeka<\/a><\/td><td>&nbsp;<\/td><td>&nbsp;<\/td><\/tr><tr><td>&nbsp;<a href=\"https:\/\/www.buscroatia.com\/hr\/autobus-dubrovnik-plitvice\/\">Dubrovnik &#8211; Plitvi\u010dka jezera<\/a><\/td><td>&nbsp;<\/td><td>&nbsp;<\/td><\/tr><\/tbody><\/table><\/figure>\n\n\n\n<h2><strong>Video Autobusni kolodvor Dubrovnik<\/strong><\/h2>\n\n\n\n<div style=\"position: relative; overflow: hidden; padding-top: 56.25%; width: 100%;\">\n    <iframe src=\"https:\/\/www.youtube.com\/embed\/bBvJjnjJQ6o?si=1y6JCcV-6bkd8WgI\" title=\"YouTube video player\" frameborder=\"0\" style=\"position: absolute; top: 0; left: 0; width: 100%; height: 100%;\" allow=\"accelerometer; autoplay; clipboard-write; encrypted-media; gyroscope; picture-in-picture; web-share\" referrerpolicy=\"strict-origin-when-cross-origin\" allowfullscreen=\"\"><\/iframe>\n<\/div>\n\n\n\n<h3><strong><strong>Autobusni kolodvor Dubrovnik<\/strong><\/strong> adresa:<\/h3>\n\n\n\n<p>Autobusni kolodvor Dubrovnik<br>Obala pape Ivana Pavla II 44 A ,<br>Tel: +385 20 356 004<br>Informacija: 060 305 070<\/p>\n\n\n\n<h2>\u010cesto postavljana pitanja (FAQ) &#8211; Autobusni kolodvor Dubrovnik<\/h2>\n\n\n\n<h2>Gdje se nalazi Autobusni kolodvor Dubrovnik?<\/h2>\n\n\n\n<p>Autobusni kolodvor Dubrovnik nalazi se <strong>3 km od Starog grada <\/strong>u gradskom dijelu Gru\u017e, blizu trajektne luke, adresa je Obala pape Ivana Pavla II 44 A, 20000 Dubrovnik.<\/p>\n\n\n\n<h2>Postoji li autobus za zra\u010dnu luku s autobusnog kolodvora?<\/h2>\n\n\n\n<p>Da, naravno, <strong>shuttle autobus <\/strong>za Zra\u010dnu luku Dubrovnik polazi s autobusnog kolodvora i ima usputna zaustavljanja na autobusnoj stanici Grawe i kod postaje \u017ei\u010dare iznad Starog grada.<\/p>\n\n\n\n<h2>Postoji li skladi\u0161te prtljage na Autobusnom kolodvoru Dubrovnik?<\/h2>\n\n\n\n<p>Da, postoji skladi\u0161te prtljage, ali zbog strukture cijena prikladno je samo za ostavljanje prtljage nekoliko sati. Ako vam je potrebno dugoro\u010dno skladi\u0161tenje (1 dan ili vi\u0161e), u blizini Starog grada postoje znatno jeftinije opcije.<\/p>\n\n\n\n<h2>Da li autobus za Cavtat polazi s autobusnog kolodvora?<\/h2>\n\n\n\n<p>Da, autobus za Cavtat i druge manje gradove u blizini Dubrovnika polazi s autobusnog kolodvora.<\/p>\n\n\n\n<h2>Je li trajektna luka blizu autobusnog kolodvora u Dubrovniku?<\/h2>\n\n\n\n<p>Da, trajektna luka u Dubrovniku i autobusni kolodvor su prili\u010dno blizu (600 metara ili 10 minuta hoda).<\/p>\n\n\n\n<h2>Kako do\u0107i od Autobusnog kolodvora do Starog grada u Dubrovniku?<\/h2>\n\n\n\n<p><strong>Autobusi br. 1, 1a, 1b, 3 <\/strong>polaze ispred autobusnog kolodvora i voze do Vrata od Pila, koja su ulaz u Stari grad. Alternativno, uvijek ima taxi vozila parkiranih ispred autobusnog kolodvora.<\/p>\n\n\n\n<h2>Autobusni kolodvor Dubrovnik mapa<\/h2>\n\n\n\n<p><iframe loading=\"lazy\" src=\"https:\/\/maps.google.co.uk\/maps\/ms?msid=208501521610253693382.0004b7eec1d90431054dc&amp;msa=0&amp;ie=UTF8&amp;t=h&amp;ll=42.654414,18.095169&amp;spn=0.031562,0.04283&amp;z=14&amp;output=embed\" width=\"100%\" height=\"700\" frameborder=\"0\" marginwidth=\"0\" marginheight=\"0\" scrolling=\"no\"><br><small>Pogledajte <a style=\"color: #0000ff; text-align: left;\" href=\"https:\/\/maps.google.co.uk\/maps\/ms?msid=208501521610253693382.0004b7eec1d90431054dc&amp;msa=0&amp;ie=UTF8&amp;t=h&amp;ll=42.654414,18.095169&amp;spn=0.031562,0.04283&amp;z=14&amp;source=embed\">Autobusni kolodvor Dubrovnik<\/a> u ve\u0107oj mapi<\/small><\/p>\n","protected":false},"excerpt":{"rendered":"<p>Autobusni kolodvor Dubrovnik Autobusni kolodvor Dubrovnik smje\u0161ten je u Gru\u017eu i udaljen je 3 km od Starog grada, koji je centar Dubrovnika. Izgra\u0111en je nedavno, u blizini luke. Osim me\u0111unarodnih linija, svakodnevno postoje i me\u0111ugradske autobusne linije izme\u0111u Dubrovnika i svih ve\u0107ih gradova u Hrvatskoj. Kako do\u0107i od autobusnog kolodvora u Dubrovniku do Starog grada? [&hellip;]<\/p>\n","protected":false},"author":1,"featured_media":3197,"parent":0,"menu_order":0,"comment_status":"open","ping_status":"open","template":"","meta":[],"aioseo_notices":[],"_links":{"self":[{"href":"https:\/\/www.buscroatia.com\/hr\/wp-json\/wp\/v2\/pages\/18"}],"collection":[{"href":"https:\/\/www.buscroatia.com\/hr\/wp-json\/wp\/v2\/pages"}],"about":[{"href":"https:\/\/www.buscroatia.com\/hr\/wp-json\/wp\/v2\/types\/page"}],"author":[{"embeddable":true,"href":"https:\/\/www.buscroatia.com\/hr\/wp-json\/wp\/v2\/users\/1"}],"replies":[{"embeddable":true,"href":"https:\/\/www.buscroatia.com\/hr\/wp-json\/wp\/v2\/comments?post=18"}],"version-history":[{"count":36,"href":"https:\/\/www.buscroatia.com\/hr\/wp-json\/wp\/v2\/pages\/18\/revisions"}],"predecessor-version":[{"id":203171,"href":"https:\/\/www.buscroatia.com\/hr\/wp-json\/wp\/v2\/pages\/18\/revisions\/203171"}],"wp:featuredmedia":[{"embeddable":true,"href":"https:\/\/www.buscroatia.com\/hr\/wp-json\/wp\/v2\/media\/3197"}],"wp:attachment":[{"href":"https:\/\/www.buscroatia.com\/hr\/wp-json\/wp\/v2\/media?parent=18"}],"curies":[{"name":"wp","href":"https:\/\/api.w.org\/{rel}","templated":true}]}}