{"id":1625,"date":"2013-05-29T10:16:57","date_gmt":"2013-05-29T10:16:57","guid":{"rendered":"http:\/\/www.buscroatia.com\/hr\/?page_id=1625"},"modified":"2014-02-11T14:03:19","modified_gmt":"2014-02-11T14:03:19","slug":"izleti-opatija","status":"publish","type":"page","link":"https:\/\/www.buscroatia.com\/hr\/izleti-opatija\/","title":{"rendered":"Izleti Opatija"},"content":{"rendered":"<p>Opatija je jedna od najpoznatijih turisti\u010dkih destinacija na Jadranu \u010dija je turisti\u010dka tradicija po\u010dela jo\u0161 davne 1944. godine. Poznata je jo\u0161 i pod imenom &#8220;Biser Jadrana&#8221; ili &#8220;Kraljice turizma&#8221;. Ovaj mali gradi\u0107 ima najve\u0107i broj hotela u odnosu na broj stanovnika i slobodno mo\u017eemo re\u0107i da u Opatiji sezona traje cijelu godinu. Zbog svog povoljnog geografskog polo\u017eaja Opatija je izvrsna destinacija za planiranje poludnevnih ili jednodnevnih izleta. Ponuda izleta je zaista velika i zadovoljit \u0107e i one najzahtjevnije goste.<\/p>\n<p>Iz <strong>Opatije tako imate organizirani jednodnevni izlet<\/strong> koji uklju\u010duje obilazak najljep\u0161ih gradova Istre: Pule, Rovinja i Pore\u010da.<br \/>\nU Puli razgledajte rimski amfiteatar star 2000 godina, Augustinov hram i ostala arhitektonska \u010duda iz razli\u010ditih razdoblja. Rovinj, mali gradi\u0107 koji je poznat i kao &#8220;raj za umjetnike&#8221;, smje\u0161ten je na malom poluotoku i vjerojatno je najromanti\u010dniji grad u Istri.<\/p>\n<p>Ukoliko volite obilazak prirodnih ljepota tada u svakom slu\u010daju preporu\u010dujemo <strong>izlet u Nacionalni park Plitvi\u010dka Jezera<\/strong> koji su jedan od najljep\u0161ih prirodnih parkova u ovom dijelu Evrope. Plitvi\u010dka jezera su pod za\u0161titom UNESCO-a i sastoji se od 16 jezera koja su me\u0111usobno povezana slapovima koji svoje posjetitelje ostavljaju bez daha.<\/p>\n<p>Tako\u0111er iz <strong>Opatije se organizira jednodnevni izlet u Postojnsku jamu u Sloveniji<\/strong>, koja je jedna od najpoznatijih jama u svijetu. U posljednjih 200 godina Postojnsku jamu je posjetilo vi\u0161e od 34 miliona turista.<\/p>\n<p>Iz Opatije su tako\u0111er organizirani <strong>jednodnevni izleti autobusom u Trst<\/strong> koji uklju\u010duje obilazak grada i posjet romanti\u010dnom dvorcu Miramare koji je smje\u0161ten na strmim stijenama tik do mora.<\/p>\n<p>Ukoliko boravite dulje u Opatiji svakako Vam <strong>preporu\u010dujemo posjet Veneciji<\/strong>, jednom od najromanti\u010dnijih gradova na svijetu.<\/p>\n","protected":false},"excerpt":{"rendered":"<p>Opatija je jedna od najpoznatijih turisti\u010dkih destinacija na Jadranu \u010dija je turisti\u010dka tradicija po\u010dela jo\u0161 davne 1944. godine. Poznata je jo\u0161 i pod imenom &#8220;Biser Jadrana&#8221; ili &#8220;Kraljice turizma&#8221;. Ovaj mali gradi\u0107 ima najve\u0107i broj hotela u odnosu na broj stanovnika i slobodno mo\u017eemo re\u0107i da u Opatiji sezona traje cijelu godinu. Zbog svog povoljnog [&hellip;]<\/p>\n","protected":false},"author":2,"featured_media":3067,"parent":0,"menu_order":0,"comment_status":"open","ping_status":"open","template":"pages-templates\/excursions-results.php","meta":[],"aioseo_notices":[],"_links":{"self":[{"href":"https:\/\/www.buscroatia.com\/hr\/wp-json\/wp\/v2\/pages\/1625"}],"collection":[{"href":"https:\/\/www.buscroatia.com\/hr\/wp-json\/wp\/v2\/pages"}],"about":[{"href":"https:\/\/www.buscroatia.com\/hr\/wp-json\/wp\/v2\/types\/page"}],"author":[{"embeddable":true,"href":"https:\/\/www.buscroatia.com\/hr\/wp-json\/wp\/v2\/users\/2"}],"replies":[{"embeddable":true,"href":"https:\/\/www.buscroatia.com\/hr\/wp-json\/wp\/v2\/comments?post=1625"}],"version-history":[{"count":4,"href":"https:\/\/www.buscroatia.com\/hr\/wp-json\/wp\/v2\/pages\/1625\/revisions"}],"predecessor-version":[{"id":3817,"href":"https:\/\/www.buscroatia.com\/hr\/wp-json\/wp\/v2\/pages\/1625\/revisions\/3817"}],"wp:featuredmedia":[{"embeddable":true,"href":"https:\/\/www.buscroatia.com\/hr\/wp-json\/wp\/v2\/media\/3067"}],"wp:attachment":[{"href":"https:\/\/www.buscroatia.com\/hr\/wp-json\/wp\/v2\/media?parent=1625"}],"curies":[{"name":"wp","href":"https:\/\/api.w.org\/{rel}","templated":true}]}}