{"id":1623,"date":"2013-05-29T10:14:55","date_gmt":"2013-05-29T10:14:55","guid":{"rendered":"http:\/\/www.buscroatia.com\/hr\/?page_id=1623"},"modified":"2014-02-11T14:05:39","modified_gmt":"2014-02-11T14:05:39","slug":"izleti-novigrad","status":"publish","type":"page","link":"https:\/\/www.buscroatia.com\/hr\/izleti-novigrad\/","title":{"rendered":"Izleti Novigrad"},"content":{"rendered":"<p>Najpopularniji izlet iz <strong>Novigrada je izlet u Veneciju<\/strong> u kombinaciji autobusa i katamarana. U sezoni svakako preporu\u010dujemo jednodnevni izlet sa brodom sa <strong>uklju\u010denim obilaskom Limskog kanala<\/strong> i predivnog grada Rovinja.<\/p>\n<p>Ukoliko volite prirodne ljepote onda svakako preporu\u010dujemo posjet nacionalnom parku Brioni i obilazak Pule, Pore\u010da i Rovinja.<\/p>\n","protected":false},"excerpt":{"rendered":"<p>Najpopularniji izlet iz Novigrada je izlet u Veneciju u kombinaciji autobusa i katamarana. U sezoni svakako preporu\u010dujemo jednodnevni izlet sa brodom sa uklju\u010denim obilaskom Limskog kanala i predivnog grada Rovinja. Ukoliko volite prirodne ljepote onda svakako preporu\u010dujemo posjet nacionalnom parku Brioni i obilazak Pule, Pore\u010da i Rovinja.<\/p>\n","protected":false},"author":2,"featured_media":3818,"parent":0,"menu_order":0,"comment_status":"open","ping_status":"open","template":"pages-templates\/excursions-results.php","meta":[],"aioseo_notices":[],"_links":{"self":[{"href":"https:\/\/www.buscroatia.com\/hr\/wp-json\/wp\/v2\/pages\/1623"}],"collection":[{"href":"https:\/\/www.buscroatia.com\/hr\/wp-json\/wp\/v2\/pages"}],"about":[{"href":"https:\/\/www.buscroatia.com\/hr\/wp-json\/wp\/v2\/types\/page"}],"author":[{"embeddable":true,"href":"https:\/\/www.buscroatia.com\/hr\/wp-json\/wp\/v2\/users\/2"}],"replies":[{"embeddable":true,"href":"https:\/\/www.buscroatia.com\/hr\/wp-json\/wp\/v2\/comments?post=1623"}],"version-history":[{"count":3,"href":"https:\/\/www.buscroatia.com\/hr\/wp-json\/wp\/v2\/pages\/1623\/revisions"}],"predecessor-version":[{"id":3819,"href":"https:\/\/www.buscroatia.com\/hr\/wp-json\/wp\/v2\/pages\/1623\/revisions\/3819"}],"wp:featuredmedia":[{"embeddable":true,"href":"https:\/\/www.buscroatia.com\/hr\/wp-json\/wp\/v2\/media\/3818"}],"wp:attachment":[{"href":"https:\/\/www.buscroatia.com\/hr\/wp-json\/wp\/v2\/media?parent=1623"}],"curies":[{"name":"wp","href":"https:\/\/api.w.org\/{rel}","templated":true}]}}