{"id":1581,"date":"2013-05-29T08:01:54","date_gmt":"2013-05-29T08:01:54","guid":{"rendered":"http:\/\/www.buscroatia.com\/hr\/?page_id=1581"},"modified":"2014-03-04T11:58:18","modified_gmt":"2014-03-04T11:58:18","slug":"izleti-trogir","status":"publish","type":"page","link":"https:\/\/www.buscroatia.com\/hr\/izleti-trogir\/","title":{"rendered":"Izleti Trogir"},"content":{"rendered":"<p>Ukoliko provodite svoj odmor u Trogiru pogledajte na\u0161u <strong>ponudu poludnevnih i jednodnevnih izleta.<\/strong> Ukoliko volite opu\u0161tanje u prirodi onda je svakako preporuka posjet Nacionalnom parku Plitvi\u010dka jezera ili Krka. Izlet je jednodnevni sa <strong>organiziranim polaskom iz Trogira<\/strong>.<\/p>\n<p>Tako\u0111er u ponudi imamo izlete za<strong> otok Hvar, otok Bra\u010d ili otok Vis sa uklju\u010denim obilaskom Modre \u0161pilje<\/strong>, a za one koji vole adrenalinske sportove preporu\u010dujemo rafting na rijeci Cetini ili Quad i buggi safari na toku \u010ciovu.<\/p>\n<p>Tijekom cijele godine je u ponudi i <strong>cjelodnevni izlet u Me\u0111ugorje<\/strong>, jednom od najpoznatijih kr\u0161\u0107anskih sveti\u0161ta, sa uklju\u010denim obilaskom Mostara.<\/p>\n<p>Vjerujemo da \u0107ete u ovoj bogatoj ponudi jednodnevnih i cjelodnevnih izleta sa polascima iz Trogira prona\u0107i i ne\u0161to \u0161to vama odgovara.<\/p>\n","protected":false},"excerpt":{"rendered":"<p>Ukoliko provodite svoj odmor u Trogiru pogledajte na\u0161u ponudu poludnevnih i jednodnevnih izleta. Ukoliko volite opu\u0161tanje u prirodi onda je svakako preporuka posjet Nacionalnom parku Plitvi\u010dka jezera ili Krka. Izlet je jednodnevni sa organiziranim polaskom iz Trogira. Tako\u0111er u ponudi imamo izlete za otok Hvar, otok Bra\u010d ili otok Vis sa uklju\u010denim obilaskom Modre \u0161pilje, [&hellip;]<\/p>\n","protected":false},"author":2,"featured_media":3997,"parent":0,"menu_order":0,"comment_status":"open","ping_status":"open","template":"pages-templates\/excursions-results.php","meta":[],"aioseo_notices":[],"_links":{"self":[{"href":"https:\/\/www.buscroatia.com\/hr\/wp-json\/wp\/v2\/pages\/1581"}],"collection":[{"href":"https:\/\/www.buscroatia.com\/hr\/wp-json\/wp\/v2\/pages"}],"about":[{"href":"https:\/\/www.buscroatia.com\/hr\/wp-json\/wp\/v2\/types\/page"}],"author":[{"embeddable":true,"href":"https:\/\/www.buscroatia.com\/hr\/wp-json\/wp\/v2\/users\/2"}],"replies":[{"embeddable":true,"href":"https:\/\/www.buscroatia.com\/hr\/wp-json\/wp\/v2\/comments?post=1581"}],"version-history":[{"count":4,"href":"https:\/\/www.buscroatia.com\/hr\/wp-json\/wp\/v2\/pages\/1581\/revisions"}],"predecessor-version":[{"id":3813,"href":"https:\/\/www.buscroatia.com\/hr\/wp-json\/wp\/v2\/pages\/1581\/revisions\/3813"}],"wp:featuredmedia":[{"embeddable":true,"href":"https:\/\/www.buscroatia.com\/hr\/wp-json\/wp\/v2\/media\/3997"}],"wp:attachment":[{"href":"https:\/\/www.buscroatia.com\/hr\/wp-json\/wp\/v2\/media?parent=1581"}],"curies":[{"name":"wp","href":"https:\/\/api.w.org\/{rel}","templated":true}]}}