{"id":1576,"date":"2013-05-06T08:57:03","date_gmt":"2013-05-06T08:57:03","guid":{"rendered":"http:\/\/www.buscroatia.com\/hr\/?page_id=1576"},"modified":"2014-02-11T13:57:12","modified_gmt":"2014-02-11T13:57:12","slug":"izleti-split","status":"publish","type":"page","link":"https:\/\/www.buscroatia.com\/hr\/izleti-split\/","title":{"rendered":"Izleti Split"},"content":{"rendered":"<p>Split se posljednjih godina sve vi\u0161e prepoznaje kao zanimljiva turisti\u010dka destinacija, a ne samo kao grad koji bi turisti &#8220;u prolazu&#8221; obilazili dok bi \u010dekali trajekte prema srednjodalmatinskim otocima. Split je grad bogate povijesti koji zaista ima mnogo toga za ponuditi svojim gostima.<\/p>\n<p>Split je smje\u0161ten u samom centru Dalmacije te je idealno polazi\u0161te za otkrivanje otoka, obli\u017enjih nacionalnih parkova, te gradova Trogira, Omi\u0161a, Dubrovnika, Mostara ili <strong>posjet Me\u0111ugorju<\/strong> koje je jedno od najpoznatijih katoli\u010dkih sveti\u0161ta u cijelom svijetu.<\/p>\n<p>Ukoliko volite obilaziti kulturne znamenitosti tada mo\u017eete odabrati <strong>jednodnevne izlete za Dubrovnik ili Mostar ili poludnevni izlet u Trogir<\/strong>.<\/p>\n<p>Za potpuno opu\u0161tanje i predivan boravak u prirodi mo\u017eete odabrati <strong>izlet u Nacionalni park Plitvice ili Krku<\/strong>. Izleti za Plitvice i Krku su cjelodnevni i sa organiziranim polaskom iz Splita ili Trogira.<\/p>\n<p>Za one koji vole adrenalin i uzbudljive sportove preporuka je <strong>rafting na rijeci Cetini<\/strong>. Izlet je poludnevni sa organiziranim polascima iz Splita.<\/p>\n<p>Tako\u0111er u sezoni su<strong> gotovo svakog dana organizirani razli\u010diti izleti prema otocima:<\/strong>\u00a0 obilazak i kupanje na nekoj od predivnih pla\u017ea srednjodalmatinskih otoka,<strong> privatni izleti brzim brodom, obilazak poznate Modre \u0161pilje kod otoka Visa, jednodnevni ribolov, ili posjet otoku Hvaru sa uklju\u010denom degustacijom poznatih vina i lokalnih specijaliteta<\/strong>.<\/p>\n<p><strong>Ponuda poludnevnih i\u00a0 jednodnevnih izleta iz Splita<\/strong> je zaista velika, na vama ostaje da se odlu\u010dite na jedan izlet iz na\u0161e bogate ponude.<\/p>\n","protected":false},"excerpt":{"rendered":"<p>Split se posljednjih godina sve vi\u0161e prepoznaje kao zanimljiva turisti\u010dka destinacija, a ne samo kao grad koji bi turisti &#8220;u prolazu&#8221; obilazili dok bi \u010dekali trajekte prema srednjodalmatinskim otocima. Split je grad bogate povijesti koji zaista ima mnogo toga za ponuditi svojim gostima. Split je smje\u0161ten u samom centru Dalmacije te je idealno polazi\u0161te za [&hellip;]<\/p>\n","protected":false},"author":2,"featured_media":3814,"parent":0,"menu_order":0,"comment_status":"open","ping_status":"open","template":"pages-templates\/excursions-results.php","meta":[],"aioseo_notices":[],"_links":{"self":[{"href":"https:\/\/www.buscroatia.com\/hr\/wp-json\/wp\/v2\/pages\/1576"}],"collection":[{"href":"https:\/\/www.buscroatia.com\/hr\/wp-json\/wp\/v2\/pages"}],"about":[{"href":"https:\/\/www.buscroatia.com\/hr\/wp-json\/wp\/v2\/types\/page"}],"author":[{"embeddable":true,"href":"https:\/\/www.buscroatia.com\/hr\/wp-json\/wp\/v2\/users\/2"}],"replies":[{"embeddable":true,"href":"https:\/\/www.buscroatia.com\/hr\/wp-json\/wp\/v2\/comments?post=1576"}],"version-history":[{"count":4,"href":"https:\/\/www.buscroatia.com\/hr\/wp-json\/wp\/v2\/pages\/1576\/revisions"}],"predecessor-version":[{"id":3815,"href":"https:\/\/www.buscroatia.com\/hr\/wp-json\/wp\/v2\/pages\/1576\/revisions\/3815"}],"wp:featuredmedia":[{"embeddable":true,"href":"https:\/\/www.buscroatia.com\/hr\/wp-json\/wp\/v2\/media\/3814"}],"wp:attachment":[{"href":"https:\/\/www.buscroatia.com\/hr\/wp-json\/wp\/v2\/media?parent=1576"}],"curies":[{"name":"wp","href":"https:\/\/api.w.org\/{rel}","templated":true}]}}