{"id":1396,"date":"2013-03-21T13:35:52","date_gmt":"2013-03-21T13:35:52","guid":{"rendered":"http:\/\/www.buscroatia.com\/hr\/?page_id=1396"},"modified":"2013-04-11T06:40:42","modified_gmt":"2013-04-11T06:40:42","slug":"partneri","status":"publish","type":"page","link":"https:\/\/www.buscroatia.com\/hr\/partneri\/","title":{"rendered":"Partneri"},"content":{"rendered":"<p>Dobrodo\u0161li na stranice namijenjene na\u0161im partnerima. Ovdje mo\u017eete prona\u0107i kontakt <a title=\"Email\" href=\"mailto:partner@buscroatia.com\">email <\/a>putem kojeg nam mo\u017eete uputiti slijede\u0107e:<\/p>\n<p><span style=\"color: #bb0000;\"><strong>Za autobusne prijevoznike:<\/strong><\/span><\/p>\n<p>\u2022 sve ponude vezane uz suradnju i marketing<br \/>\n\u2022 prijedloge vezane uz pobolj\u0161anje stranice buscroatia.com<br \/>\n\u2022 sva a\u017euriranja i promjene vezane uz red vo\u017enje va\u0161ih autobusa<br \/>\n\u2022 sve vezano uz najam va\u0161ih autobusa<br \/>\n\u2022 sve vezano uz transfere i ekskurzije<\/p>\n<p><span style=\"color: #bb0000;\"><strong>Za ostale:<\/strong><\/span><\/p>\n<p>\u2022 ako \u017eelite putem na\u0161e stranice ogla\u0161avati svoje turisti\u010dke ponude<\/p>\n<p><em><span style=\"color: #bb0000;\"><strong>Napomena:<\/strong> <\/span><\/em>Na upite koji nisu vezani uz gore navedeno ne odgovaramo putem emaila. Ako imate bilo kakvih pitanja vezana uz putovanja autobusom, kliknite na <a href=\"https:\/\/www.buscroatia.com\/hr\/o-nama\/\" target=\"_blank\">link<\/a>, te pro\u010ditajte upute.<\/p>\n","protected":false},"excerpt":{"rendered":"<p>Dobrodo\u0161li na stranice namijenjene na\u0161im partnerima. Ovdje mo\u017eete prona\u0107i kontakt email putem kojeg nam mo\u017eete uputiti slijede\u0107e: Za autobusne prijevoznike: \u2022 sve ponude vezane uz suradnju i marketing \u2022 prijedloge vezane uz pobolj\u0161anje stranice buscroatia.com \u2022 sva a\u017euriranja i promjene vezane uz red vo\u017enje va\u0161ih autobusa \u2022 sve vezano uz najam va\u0161ih autobusa \u2022 sve [&hellip;]<\/p>\n","protected":false},"author":2,"featured_media":0,"parent":0,"menu_order":0,"comment_status":"open","ping_status":"open","template":"","meta":[],"aioseo_notices":[],"_links":{"self":[{"href":"https:\/\/www.buscroatia.com\/hr\/wp-json\/wp\/v2\/pages\/1396"}],"collection":[{"href":"https:\/\/www.buscroatia.com\/hr\/wp-json\/wp\/v2\/pages"}],"about":[{"href":"https:\/\/www.buscroatia.com\/hr\/wp-json\/wp\/v2\/types\/page"}],"author":[{"embeddable":true,"href":"https:\/\/www.buscroatia.com\/hr\/wp-json\/wp\/v2\/users\/2"}],"replies":[{"embeddable":true,"href":"https:\/\/www.buscroatia.com\/hr\/wp-json\/wp\/v2\/comments?post=1396"}],"version-history":[{"count":5,"href":"https:\/\/www.buscroatia.com\/hr\/wp-json\/wp\/v2\/pages\/1396\/revisions"}],"predecessor-version":[{"id":1572,"href":"https:\/\/www.buscroatia.com\/hr\/wp-json\/wp\/v2\/pages\/1396\/revisions\/1572"}],"wp:attachment":[{"href":"https:\/\/www.buscroatia.com\/hr\/wp-json\/wp\/v2\/media?parent=1396"}],"curies":[{"name":"wp","href":"https:\/\/api.w.org\/{rel}","templated":true}]}}