{"id":1361,"date":"2013-03-07T15:00:26","date_gmt":"2013-03-07T15:00:26","guid":{"rendered":"http:\/\/www.buscroatia.com\/hr\/?page_id=1361"},"modified":"2014-02-12T12:06:51","modified_gmt":"2014-02-12T12:06:51","slug":"gradski-prijevoz-u-puli","status":"publish","type":"page","link":"https:\/\/www.buscroatia.com\/hr\/gradski-prijevoz-u-puli\/","title":{"rendered":"Gradski prijevoz u Puli"},"content":{"rendered":"<p><strong><a href=\"https:\/\/www.buscroatia.com\/hr\/wp-content\/uploads\/2013\/03\/Pula-Arena.jpg\" rel=\"lightbox[1361]\"><img decoding=\"async\" loading=\"lazy\" class=\"alignright size-medium wp-image-1364\" alt=\"Pula Arena\" src=\"https:\/\/www.buscroatia.com\/hr\/wp-content\/uploads\/2013\/03\/Pula-Arena-300x225.jpg\" width=\"300\" height=\"225\" srcset=\"https:\/\/www.buscroatia.com\/hr\/wp-content\/uploads\/2013\/03\/Pula-Arena-300x225.jpg 300w, https:\/\/www.buscroatia.com\/hr\/wp-content\/uploads\/2013\/03\/Pula-Arena.jpg 1024w\" sizes=\"(max-width: 300px) 100vw, 300px\" \/><\/a>Javnim gradskim prijevozom u Puli<\/strong> upravlja tvrtka Pulapromet. Gradskim autobusima je jako dobro povezan centar sa svim dijelovima grada. <strong>Gradski promet je podijeljen u 3 zone<\/strong>. Prva zona obuhva\u0107a grad Pulu, druga zona zatvara krug do Medulina, Vodnjana, Lo\u017enjana, Premanture, i Peroja. Tre\u0107a zona je do mjesta Barbariga.<\/p>\n<p>U Puli je<strong> javni gradski prijevoz organiziran preko 8 autobusnih linija<\/strong>. Mo\u017eemo re\u0107i da su<strong> 3 najva\u017enije autobusne linije<\/strong>:<\/p>\n<ul>\n<ul>\n<li><strong>linija broj 1<\/strong> koja prometuje na relaciji Autobusni kolodvor &#8211; Stoja<\/li>\n<li><strong>linija broj 2<\/strong> koja prometuje na relaciji Autobusni kolodvor &#8211; Verudela<\/li>\n<li><strong>linija broj 3<\/strong> koja prometuje na relaciji \u0160ijanska \u0161uma &#8211; Verudela<\/li>\n<\/ul>\n<\/ul>\n<p>Raspored vo\u017enji za javni prijevoz u Puli mo\u017eete pogledati<b> <\/b><a href=\"https:\/\/www.buscroatia.com\/timetable-city-buses-pula\" target=\"_blank\">ovdje<\/a>, a mapu ruta mo\u017eete pogledati <a href=\"https:\/\/www.buscroatia.com\/map-city-buses-pula\" target=\"_blank\">ovdje<\/a> .<\/p>\n<p><span style=\"text-decoration: underline;\"><b>Cijene autobusnih karata za javni prijevoz u Puli<\/b><\/span><\/p>\n<p>Kartu za gradski autobus mo\u017eete <strong>kupiti direktno kod voza\u010da i cijena iznosi 11,00 kn.<\/strong> Karta vrijedi za vo\u017enju samo u jednom smjeru i vremenski je ograni\u010dena na sat vremena. Tako\u0111er gradski prijevoznik Pulapromet je prije 10 godina uveo sistem beskontaktne vrijednosne karte. U principu se radi o kartici koja izgledom podsje\u0107a na <strong>kreditnu karticu i koju prvi put pla\u0107ate 75,00 kn<\/strong> (u tu cijenu je ura\u010dunata cijena karte od 35,00 kn i kredit za vo\u017enju u iznosu od 40,00 kuna).<\/p>\n<p>Ukoliko planirate du\u017ei boravak u Puli i <strong>\u010de\u0161\u0107e se koristiti javnim gradskim prijevozom<\/strong>, tada se definitivno isplati kupiti ovu kartu, jer cijena vo\u017enje u jednom smjeru tada iznosi samo 7,00 kuna.<br \/>\n<script type=\"text\/javascript\">\/\/ <![CDATA[\ngoogle_ad_client = \"\"; \/* Bus728-hr *\/ google_ad_slot = \"4900460214\"; google_ad_width = 728; google_ad_height = 90;\n\/\/ ]]><\/script><br \/>\n<script type=\"text\/javascript\" src=\"https:\/\/pagead2.googlesyndication.com\/pagead\/show_ads.js\">\/\/ <![CDATA[\n\n\n\/\/ ]]><\/script><\/p>\n<p>Cijena karte za <strong>2 zonu iznosi 15,00 kuna<\/strong> za kupnju karte u autobusu, a cijena za <strong>beskontaktnu kartu je 11,00 kuna<\/strong>. za putovanje u tre\u0107u zonu treba <strong>izdvojiti u autobusu 20,00 kn<\/strong>, odnosno <strong>17,00 kn za beskontaknu<\/strong>. Kod \u010detvrte zone <strong>odnos cijena je 25 kn\/23 kn<\/strong>. Djeca do<strong> 6 godina starosti u pratnji roditelja ne pla\u0107aju<\/strong> autobusnu kartu.<\/p>\n<p>U autobus se obavezno ulazi na prednja vrata i voza\u010du treba pokazati va\u017ee\u0107u kartu. Ukoliko vas redovna kontrola Pulaprometa uhvati u vo\u017enji bez karte tada na licu mjesa trebate platiti kartu uve\u0107anu za kaznu u iznosu od 50,00 kuna.<\/p>\n<p><strong>Mapu rute za prigradske autobuse<\/strong> pogledajte <a href=\"https:\/\/www.buscroatia.com\/map-suburban-buses-pula\" target=\"_blank\">ovdje<\/a>, a<strong> raspored vo\u017enje prigradskih autobusa<\/strong> <a href=\"https:\/\/www.buscroatia.com\/timetable-suburban-buses-pula\" target=\"_blank\">ovdje<\/a> .<\/p>\n<table width=\"720\" border=\"0\" cellspacing=\"2\" cellpadding=\"2\">\n<tbody>\n<tr>\n<td align=\"center\" width=\"240\">\n<p align=\"center\"><a href=\"https:\/\/www.buscroatia.com\/apartment-pula\"><img decoding=\"async\" style=\"margin: 0px 1px 1px;\" alt=\"\" src=\"https:\/\/www.buscroatia.com\/wp-content\/uploads\/2012\/08\/Icon-apartment.jpg\" \/><\/a><\/p>\n<p align=\"center\"><strong><span style=\"color: #000000; font-size: large;\">Pula<\/span><\/strong><\/p>\n<\/td>\n<td align=\"center\" width=\"240\">\n<p align=\"center\"><a href=\"https:\/\/www.buscroatia.com\/hotel-pula\" target=\"_blank\"><img decoding=\"async\" style=\"margin: 0px 1px 1px;\" alt=\"\" src=\"https:\/\/www.buscroatia.com\/wp-content\/uploads\/2012\/08\/Icon-hotel.jpg\" \/><\/a><\/p>\n<p align=\"center\"><strong><span style=\"color: #000000; font-size: large;\"><strong>Pula<\/strong><\/span><\/strong><\/p>\n<\/td>\n<td align=\"center\" width=\"240\">\n<p align=\"center\"><a href=\"https:\/\/www.buscroatia.com\/hostel-pula\" target=\"_blank\"><img decoding=\"async\" style=\"margin: 0px 1px 1px;\" alt=\"\" src=\"https:\/\/www.buscroatia.com\/wp-content\/uploads\/2012\/08\/Icon-hostel.jpg\" \/><\/a><\/p>\n<p align=\"center\"><strong><span style=\"color: #000000; font-size: large;\"><strong>Pula<\/strong><\/span><\/strong><\/p>\n<\/td>\n<\/tr>\n<\/tbody>\n<\/table>\n<p><span style=\"text-decoration: underline;\"><b>Prodajna mjesta za vrijednosne beskontaktne karte<\/b><\/span><\/p>\n<p>Kao \u0161to smo ve\u0107 spomenuli za du\u017ei boravak u Puli i \u010desto kori\u0161tenje javnog prijevoza najisplativije je<strong> koristiti beskontaktne karte za koju samo prvi put treba izdvojiti 75,00 kn (35 kn sama kartica +40,00 kn kredit za vo\u017enju)<\/strong>. Nakon potro\u0161enog kredita kartica se mo\u017ee nadopuniti iznosima od 20 kn, 40 kn, 60 kn i 100 kn). Na slijede\u0107im prodajnim mjestima se mogu nadopuniti karte za autobus:<\/p>\n<ul>\n<ul>\n<ul>\n<li>Kiosk I NOVINE &#8211; Giardini bb, Pula<\/li>\n<li>Kiosk GLAS ISTRE &#8211; Giardini bb, Pula<\/li>\n<li>Kiosk GLAS ISTRE &#8211; Narodni trg 1, Pula<\/li>\n<li>Kiosk GLAS ISTRE &#8211; Koparska ulica, Pula<\/li>\n<li>Kiosk GLAS ISTRE &#8211; Ulica Vidikovac, Pula<\/li>\n<li>Fa\u017eana &#8211; Ulica v.Gortana bb<\/li>\n<li>Medulin &#8211; Mudina 18<\/li>\n<li>Vodnjan &#8211; Ulica trgova\u010dka 143<\/li>\n<li>Poslovnica Pulapromet &#8211; \u0160itnjan centar<\/li>\n<\/ul>\n<\/ul>\n<\/ul>\n\n\t\t<style type=\"text\/css\">\n\t\t\t#gallery-1 {\n\t\t\t\tmargin: auto;\n\t\t\t}\n\t\t\t#gallery-1 .gallery-item {\n\t\t\t\tfloat: left;\n\t\t\t\tmargin-top: 10px;\n\t\t\t\ttext-align: center;\n\t\t\t\twidth: 25%;\n\t\t\t}\n\t\t\t#gallery-1 img {\n\t\t\t\tborder: 2px solid #cfcfcf;\n\t\t\t}\n\t\t\t#gallery-1 .gallery-caption {\n\t\t\t\tmargin-left: 0;\n\t\t\t}\n\t\t\t\/* see gallery_shortcode() in wp-includes\/media.php *\/\n\t\t<\/style>\n\t\t<div id='gallery-1' class='gallery galleryid-1361 gallery-columns-4 gallery-size-thumbnail'><dl class='gallery-item'>\n\t\t\t<dt class='gallery-icon landscape'>\n\t\t\t\t<a href='https:\/\/www.buscroatia.com\/hr\/gradski-prijevoz-u-puli\/pula-james-joyce-2\/'><img width=\"150\" height=\"150\" src=\"https:\/\/www.buscroatia.com\/hr\/wp-content\/uploads\/2013\/03\/Pula-James-Joyce1-150x150.jpg\" class=\"attachment-thumbnail size-thumbnail\" alt=\"\" decoding=\"async\" loading=\"lazy\" \/><\/a>\n\t\t\t<\/dt><\/dl><dl class='gallery-item'>\n\t\t\t<dt class='gallery-icon portrait'>\n\t\t\t\t<a href='https:\/\/www.buscroatia.com\/hr\/gradski-prijevoz-u-puli\/amfiteatar-pula\/'><img width=\"150\" height=\"150\" src=\"https:\/\/www.buscroatia.com\/hr\/wp-content\/uploads\/2013\/03\/Amfiteatar-Pula-150x150.jpg\" class=\"attachment-thumbnail size-thumbnail\" alt=\"\" decoding=\"async\" loading=\"lazy\" \/><\/a>\n\t\t\t<\/dt><\/dl><dl class='gallery-item'>\n\t\t\t<dt class='gallery-icon landscape'>\n\t\t\t\t<a href='https:\/\/www.buscroatia.com\/hr\/gradski-prijevoz-u-puli\/plaza-pula\/'><img width=\"150\" height=\"150\" src=\"https:\/\/www.buscroatia.com\/hr\/wp-content\/uploads\/2013\/03\/Plaza-Pula-150x150.jpg\" class=\"attachment-thumbnail size-thumbnail\" alt=\"Plaza Pula\" decoding=\"async\" loading=\"lazy\" \/><\/a>\n\t\t\t<\/dt><\/dl><dl class='gallery-item'>\n\t\t\t<dt class='gallery-icon portrait'>\n\t\t\t\t<a href='https:\/\/www.buscroatia.com\/hr\/gradski-prijevoz-u-puli\/centar-pula\/'><img width=\"150\" height=\"150\" src=\"https:\/\/www.buscroatia.com\/hr\/wp-content\/uploads\/2013\/03\/Centar-Pula-150x150.jpg\" class=\"attachment-thumbnail size-thumbnail\" alt=\"Centar Pula\" decoding=\"async\" loading=\"lazy\" \/><\/a>\n\t\t\t<\/dt><\/dl><br style=\"clear: both\" \/>\n\t\t<\/div>\n\n<p>&nbsp;<\/p>\n","protected":false},"excerpt":{"rendered":"<p>Javnim gradskim prijevozom u Puli upravlja tvrtka Pulapromet. Gradskim autobusima je jako dobro povezan centar sa svim dijelovima grada. Gradski promet je podijeljen u 3 zone. Prva zona obuhva\u0107a grad Pulu, druga zona zatvara krug do Medulina, Vodnjana, Lo\u017enjana, Premanture, i Peroja. Tre\u0107a zona je do mjesta Barbariga. U Puli je javni gradski prijevoz organiziran [&hellip;]<\/p>\n","protected":false},"author":2,"featured_media":3829,"parent":0,"menu_order":0,"comment_status":"open","ping_status":"open","template":"","meta":[],"aioseo_notices":[],"_links":{"self":[{"href":"https:\/\/www.buscroatia.com\/hr\/wp-json\/wp\/v2\/pages\/1361"}],"collection":[{"href":"https:\/\/www.buscroatia.com\/hr\/wp-json\/wp\/v2\/pages"}],"about":[{"href":"https:\/\/www.buscroatia.com\/hr\/wp-json\/wp\/v2\/types\/page"}],"author":[{"embeddable":true,"href":"https:\/\/www.buscroatia.com\/hr\/wp-json\/wp\/v2\/users\/2"}],"replies":[{"embeddable":true,"href":"https:\/\/www.buscroatia.com\/hr\/wp-json\/wp\/v2\/comments?post=1361"}],"version-history":[{"count":10,"href":"https:\/\/www.buscroatia.com\/hr\/wp-json\/wp\/v2\/pages\/1361\/revisions"}],"predecessor-version":[{"id":1363,"href":"https:\/\/www.buscroatia.com\/hr\/wp-json\/wp\/v2\/pages\/1361\/revisions\/1363"}],"wp:featuredmedia":[{"embeddable":true,"href":"https:\/\/www.buscroatia.com\/hr\/wp-json\/wp\/v2\/media\/3829"}],"wp:attachment":[{"href":"https:\/\/www.buscroatia.com\/hr\/wp-json\/wp\/v2\/media?parent=1361"}],"curies":[{"name":"wp","href":"https:\/\/api.w.org\/{rel}","templated":true}]}}