{"id":1310,"date":"2013-03-07T10:43:13","date_gmt":"2013-03-07T10:43:13","guid":{"rendered":"http:\/\/www.buscroatia.com\/hr\/?page_id=1310"},"modified":"2014-02-12T12:07:43","modified_gmt":"2014-02-12T12:07:43","slug":"gradski-prijevoz-u-gradu-zadru","status":"publish","type":"page","link":"https:\/\/www.buscroatia.com\/hr\/gradski-prijevoz-u-gradu-zadru\/","title":{"rendered":"Gradski prijevoz u gradu Zadru"},"content":{"rendered":"<p><a href=\"https:\/\/www.buscroatia.com\/hr\/wp-content\/uploads\/2013\/03\/Forum-Zadar.jpg\" rel=\"lightbox[1310]\"><img decoding=\"async\" loading=\"lazy\" class=\"alignright size-medium wp-image-1315\" alt=\"Forum Zadar\" src=\"https:\/\/www.buscroatia.com\/hr\/wp-content\/uploads\/2013\/03\/Forum-Zadar-300x200.jpg\" width=\"300\" height=\"200\" srcset=\"https:\/\/www.buscroatia.com\/hr\/wp-content\/uploads\/2013\/03\/Forum-Zadar-300x200.jpg 300w, https:\/\/www.buscroatia.com\/hr\/wp-content\/uploads\/2013\/03\/Forum-Zadar.jpg 1024w\" sizes=\"(max-width: 300px) 100vw, 300px\" \/><\/a>Zadar ima <strong>jako dobro organiziran lokalni prijevoz<\/strong> koji uklju\u010duje 12 linija na kojima prometuje 22 autobusa. Povijesni centar <strong>grada je dobro povezan sa svim ostalim dijelovima grad<\/strong>a. Gradski autobusi prometuju svaki dan izme\u0111u 5,00 i 24.00 sata, a tijekom ljetne sezone do 1,00 sat. Gradski autobusi za sva gradska naselja polaze sa autobusnog kolodvora i u pravilu <strong>prometuju prema centru grada svakih 15 minuta<\/strong>, a za ostala gradska naselja svakih 20 minuta. <strong>Raspored vo\u017enje za gradske autobuse <\/strong>u Zadru mo\u017eete pogledati <a title=\"Red vo\u017enje gradski autobusi zadar\" href=\"https:\/\/www.buscroatia.com\/timetable-city-buses-zadar\" target=\"_blank\">ovdje<\/a>, a mapu <strong>gradskih autobusa<\/strong> <a title=\"Gradski autobusi Zadar- mapa\" href=\"https:\/\/www.buscroatia.com\/hr\/gradski-prijevoz-u-gradu-zadru\/\" target=\"_blank\">ovdje<\/a>.<\/p>\n<p><span style=\"text-decoration: underline;\"><b>Cijene autobusnih karata za lokalni autobus u Zadru<\/b><\/span><\/p>\n<p>Pojedina\u010dne karte za autobus se mogu kupiti <strong>direktno kod voza\u010da ili na polaznoj stanici na kioska Liburnije<\/strong>. Ukoliko kupujete povratne karte pojedina\u010dno ili u bloku od 10 komada, tada ih tako\u0111er mo\u017eete kupiti na kioscima Tiska i Slobodne Dalmacije. Ukoliko kupujete <strong>pojedina\u010dnu kartu tada je cijena 10,00 kn<\/strong>, a povratna (karnet karta kako se popularno naziva)<strong> iznosi 16,00 kuna<\/strong>. Vodite ra\u010duna o tome ako kupujete kartu u autobusu da je mogu\u0107e jedino pla\u0107anje gotovinom. Djeca do 5 godina starosti imaju besplatan prijevoz u pratnji odraslih osoba (najvi\u0161e troje djece).<\/p>\n<p><strong>Vremensko kori\u0161tenje autobusne karte je ograni\u010deno na 50 minuta<\/strong> i ona vrijedi za vo\u017enju samo u jednom pravcu.<br \/>\n<script type=\"text\/javascript\">\/\/ <![CDATA[\ngoogle_ad_client = \"\"; \/* Bus728-hr *\/ google_ad_slot = \"4900460214\"; google_ad_width = 728; google_ad_height = 90;\n\/\/ ]]><\/script><br \/>\n<script type=\"text\/javascript\" src=\"https:\/\/pagead2.googlesyndication.com\/pagead\/show_ads.js\">\/\/ <![CDATA[\n\n\n\/\/ ]]><\/script><\/p>\n<p><span style=\"text-decoration: underline;\"><b>Dodatni savjeti za putovanje lokalnim autobusima u Zadru<\/b><\/span><\/p>\n<p>U autobus <strong>trebate u\u0107i na prednja vrata i pokazati va\u017ee\u0107u kartu voza\u010du<\/strong> koju potom treba obavezno poni\u0161titi u za to predvi\u0111enom ure\u0111aju, koji se naj\u010de\u0161\u0107e nalazi odmah iza voza\u010da. Tako\u0111er trebate znati da su \u010deste kontrole, te da na zahtjev slu\u017ebenog kontrolora javnog gradskog prijevoza trebate kartu pokazati. Ukoliko nemate kartu ili nije va\u017ee\u0107a tada \u0107e vam biti <strong>napla\u0107ena kazna u iznosu od 100,00 kn<\/strong> na licu mjesta.<\/p>\n<p><span style=\"text-decoration: underline;\"><b>Prigradski prijevoz Zadar<\/b><\/span><\/p>\n<p>Liburnija Zadar osim javnog gradskog prijevoza tako\u0111er obavlja prijevoz sa okolnim mjestima na podru\u010dju cijele Zadarske \u017eupanije. Polazak je tako\u0111er sa glavnog autobusnog kolodvora. Karte se mogu kupiti direktno na kiosku na kolodvoru. <strong>Radno vrijeme kioska je od 06-22 sata<\/strong>. <strong>Raspored vo\u017enje za prigradske autobuse <\/strong>mo\u017eete provjeriti <a href=\"https:\/\/www.buscroatia.com\/timetable-surburban-buses-zadar\" target=\"_blank\">ovdje.<\/a><\/p>\n<table width=\"720\" border=\"0\" cellspacing=\"2\" cellpadding=\"2\">\n<tbody>\n<tr>\n<td align=\"center\" width=\"240\">\n<p align=\"center\"><a href=\"https:\/\/www.buscroatia.com\/hr\/apartmani-split\"><img decoding=\"async\" style=\"margin: 0px 1px 1px;\" alt=\"\" src=\"https:\/\/www.buscroatia.com\/wp-content\/uploads\/info\/apartmani.png\" \/><\/a><\/p>\n<p align=\"center\"><strong><span style=\"color: #000000; font-size: large;\">Zadar<br \/>\n<\/span><\/strong><\/p>\n<\/td>\n<td align=\"center\" width=\"240\">\n<p align=\"center\"><a href=\"https:\/\/www.buscroatia.com\/hr\/hotel-split\" target=\"_blank\"><img decoding=\"async\" style=\"margin: 0px 1px 1px;\" alt=\"\" src=\"https:\/\/www.buscroatia.com\/wp-content\/uploads\/info\/hoteli.png\" \/><\/a><\/p>\n<p align=\"center\"><strong><span style=\"color: #000000; font-size: large;\"><strong>Zadar<\/strong><\/span><\/strong><\/p>\n<\/td>\n<td align=\"center\" width=\"240\">\n<p align=\"center\"><a href=\"https:\/\/www.buscroatia.com\/hr\/hostel-split\" target=\"_blank\"><img decoding=\"async\" style=\"margin: 0px 1px 1px;\" alt=\"\" src=\"https:\/\/www.buscroatia.com\/wp-content\/uploads\/info\/HOSTELI.png\" \/><\/a><\/p>\n<p align=\"center\"><strong><span style=\"color: #000000; font-size: large;\"><strong>Zadar<\/strong><\/span><\/strong><\/p>\n<\/td>\n<\/tr>\n<\/tbody>\n<\/table>\n<p>Grad Zadar je <strong>prigradskim mjestima jako dobro povezan tako da postoje redovne autobusne linije<\/strong> za Zra\u010dnu luku Zemunik, Bibinje, Biograd, Pako\u0161tane, Nin, Zaton, Petr\u010dane, Posedarje, Vir, Sv.Filip i Jakov, Suko\u0161an, Zaton&#8230;.. Cijene karata se kre\u0107u u rasponu od 10,00 kn do 25,00 kn.<\/p>\n<p>Cijena autobusne karte za <strong>Zra\u010dnu luku Zemunik (Zadar) iznosi 15,00 kuna<\/strong> u jednom smjeru. Cijena za prtljage za sve <strong>prigradske linije iznosi 5,00 kuna<\/strong> po komadu.<\/p>\n<p>Djeca do <strong>5 godina starosti imaju besplatan prijevoz<\/strong> u pratnji odraslih osoba (najvi\u0161e troje djece).<\/p>\n<p><b>Autobusi na otocima u okolici Zadra.<\/b> Liburnija tako\u0111er organizira transpotrt na otocima Dugi Otok, Uglanj, I\u017e, a <a href=\"https:\/\/www.buscroatia.com\/island-buses-zadar\" target=\"_blank\">ovdje<\/a> mo\u017eete pogledati raspored za autobuse na otocima.<\/p>\n\n\t\t<style type=\"text\/css\">\n\t\t\t#gallery-1 {\n\t\t\t\tmargin: auto;\n\t\t\t}\n\t\t\t#gallery-1 .gallery-item {\n\t\t\t\tfloat: left;\n\t\t\t\tmargin-top: 10px;\n\t\t\t\ttext-align: center;\n\t\t\t\twidth: 25%;\n\t\t\t}\n\t\t\t#gallery-1 img {\n\t\t\t\tborder: 2px solid #cfcfcf;\n\t\t\t}\n\t\t\t#gallery-1 .gallery-caption {\n\t\t\t\tmargin-left: 0;\n\t\t\t}\n\t\t\t\/* see gallery_shortcode() in wp-includes\/media.php *\/\n\t\t<\/style>\n\t\t<div id='gallery-1' class='gallery galleryid-1310 gallery-columns-4 gallery-size-thumbnail'><dl class='gallery-item'>\n\t\t\t<dt class='gallery-icon landscape'>\n\t\t\t\t<a href='https:\/\/www.buscroatia.com\/hr\/gradski-prijevoz-u-gradu-zadru\/sony-dsc-4\/'><img width=\"150\" height=\"150\" src=\"https:\/\/www.buscroatia.com\/hr\/wp-content\/uploads\/2013\/03\/Centar-Zadra-150x150.jpg\" class=\"attachment-thumbnail size-thumbnail\" alt=\"Centar Zadra\" decoding=\"async\" loading=\"lazy\" \/><\/a>\n\t\t\t<\/dt><\/dl><dl class='gallery-item'>\n\t\t\t<dt class='gallery-icon landscape'>\n\t\t\t\t<a href='https:\/\/www.buscroatia.com\/hr\/gradski-prijevoz-u-gradu-zadru\/train-zadar-2\/'><img width=\"150\" height=\"150\" src=\"https:\/\/www.buscroatia.com\/hr\/wp-content\/uploads\/2013\/03\/Train-Zadar1-150x150.jpg\" class=\"attachment-thumbnail size-thumbnail\" alt=\"Vlak zadar\" decoding=\"async\" loading=\"lazy\" \/><\/a>\n\t\t\t<\/dt><\/dl><dl class='gallery-item'>\n\t\t\t<dt class='gallery-icon landscape'>\n\t\t\t\t<a href='https:\/\/www.buscroatia.com\/hr\/gradski-prijevoz-u-gradu-zadru\/sony-dsc-12\/'><img width=\"150\" height=\"150\" src=\"https:\/\/www.buscroatia.com\/hr\/wp-content\/uploads\/2013\/03\/Zadar-stari-grad-150x150.jpg\" class=\"attachment-thumbnail size-thumbnail\" alt=\"zadar stari grad\" decoding=\"async\" loading=\"lazy\" \/><\/a>\n\t\t\t<\/dt><\/dl><dl class='gallery-item'>\n\t\t\t<dt class='gallery-icon landscape'>\n\t\t\t\t<a href='https:\/\/www.buscroatia.com\/hr\/gradski-prijevoz-u-gradu-zadru\/sony-dsc-11\/'><img width=\"150\" height=\"150\" src=\"https:\/\/www.buscroatia.com\/hr\/wp-content\/uploads\/2013\/03\/Vrata-Zadar-150x150.jpg\" class=\"attachment-thumbnail size-thumbnail\" alt=\"Vrata Zadar\" decoding=\"async\" loading=\"lazy\" \/><\/a>\n\t\t\t<\/dt><\/dl><br style=\"clear: both\" \/><dl class='gallery-item'>\n\t\t\t<dt class='gallery-icon landscape'>\n\t\t\t\t<a href='https:\/\/www.buscroatia.com\/hr\/gradski-prijevoz-u-gradu-zadru\/sony-dsc-10\/'><img width=\"150\" height=\"150\" src=\"https:\/\/www.buscroatia.com\/hr\/wp-content\/uploads\/2013\/03\/Promenada-Zadar-150x150.jpg\" class=\"attachment-thumbnail size-thumbnail\" alt=\"Promenada Zadar\" decoding=\"async\" loading=\"lazy\" \/><\/a>\n\t\t\t<\/dt><\/dl><dl class='gallery-item'>\n\t\t\t<dt class='gallery-icon landscape'>\n\t\t\t\t<a href='https:\/\/www.buscroatia.com\/hr\/gradski-prijevoz-u-gradu-zadru\/sony-dsc-9\/'><img width=\"150\" height=\"150\" src=\"https:\/\/www.buscroatia.com\/hr\/wp-content\/uploads\/2013\/03\/Pozdrav-suncu-Zadar-150x150.jpg\" class=\"attachment-thumbnail size-thumbnail\" alt=\"Pozdrav suncu Zadar\" decoding=\"async\" loading=\"lazy\" \/><\/a>\n\t\t\t<\/dt><\/dl><dl class='gallery-item'>\n\t\t\t<dt class='gallery-icon landscape'>\n\t\t\t\t<a href='https:\/\/www.buscroatia.com\/hr\/gradski-prijevoz-u-gradu-zadru\/sony-dsc-8\/'><img width=\"150\" height=\"150\" src=\"https:\/\/www.buscroatia.com\/hr\/wp-content\/uploads\/2013\/03\/Katedrala-Zadar-150x150.jpg\" class=\"attachment-thumbnail size-thumbnail\" alt=\"Katedrala Zadar\" decoding=\"async\" loading=\"lazy\" \/><\/a>\n\t\t\t<\/dt><\/dl><dl class='gallery-item'>\n\t\t\t<dt class='gallery-icon landscape'>\n\t\t\t\t<a href='https:\/\/www.buscroatia.com\/hr\/gradski-prijevoz-u-gradu-zadru\/sony-dsc-7\/'><img width=\"150\" height=\"150\" src=\"https:\/\/www.buscroatia.com\/hr\/wp-content\/uploads\/2013\/03\/Glavni-Trg-Zadar1-150x150.jpg\" class=\"attachment-thumbnail size-thumbnail\" alt=\"zadar centar\" decoding=\"async\" loading=\"lazy\" \/><\/a>\n\t\t\t<\/dt><\/dl><br style=\"clear: both\" \/>\n\t\t<\/div>\n\n<p>&nbsp;<\/p>\n","protected":false},"excerpt":{"rendered":"<p>Zadar ima jako dobro organiziran lokalni prijevoz koji uklju\u010duje 12 linija na kojima prometuje 22 autobusa. Povijesni centar grada je dobro povezan sa svim ostalim dijelovima grada. Gradski autobusi prometuju svaki dan izme\u0111u 5,00 i 24.00 sata, a tijekom ljetne sezone do 1,00 sat. Gradski autobusi za sva gradska naselja polaze sa autobusnog kolodvora i [&hellip;]<\/p>\n","protected":false},"author":2,"featured_media":3830,"parent":0,"menu_order":0,"comment_status":"open","ping_status":"open","template":"","meta":[],"aioseo_notices":[],"_links":{"self":[{"href":"https:\/\/www.buscroatia.com\/hr\/wp-json\/wp\/v2\/pages\/1310"}],"collection":[{"href":"https:\/\/www.buscroatia.com\/hr\/wp-json\/wp\/v2\/pages"}],"about":[{"href":"https:\/\/www.buscroatia.com\/hr\/wp-json\/wp\/v2\/types\/page"}],"author":[{"embeddable":true,"href":"https:\/\/www.buscroatia.com\/hr\/wp-json\/wp\/v2\/users\/2"}],"replies":[{"embeddable":true,"href":"https:\/\/www.buscroatia.com\/hr\/wp-json\/wp\/v2\/comments?post=1310"}],"version-history":[{"count":12,"href":"https:\/\/www.buscroatia.com\/hr\/wp-json\/wp\/v2\/pages\/1310\/revisions"}],"predecessor-version":[{"id":1313,"href":"https:\/\/www.buscroatia.com\/hr\/wp-json\/wp\/v2\/pages\/1310\/revisions\/1313"}],"wp:featuredmedia":[{"embeddable":true,"href":"https:\/\/www.buscroatia.com\/hr\/wp-json\/wp\/v2\/media\/3830"}],"wp:attachment":[{"href":"https:\/\/www.buscroatia.com\/hr\/wp-json\/wp\/v2\/media?parent=1310"}],"curies":[{"name":"wp","href":"https:\/\/api.w.org\/{rel}","templated":true}]}}