{"id":114,"date":"2012-01-21T18:54:35","date_gmt":"2012-01-21T18:54:35","guid":{"rendered":"http:\/\/www.buscroatia.com\/hr\/?page_id=114"},"modified":"2025-04-18T14:00:36","modified_gmt":"2025-04-18T14:00:36","slug":"o-nama","status":"publish","type":"page","link":"https:\/\/www.buscroatia.com\/hr\/o-nama\/","title":{"rendered":"O nama"},"content":{"rendered":"<p>Od kada smo pokrenuli prvu verziju Buscroatia.com po\u010detkom 2012. godine, <strong>na\u0161 cilj je bio olak\u0161ati putovanje autobusom u Hrvatskoj<\/strong>. Jo\u0161 uvijek nismo dostigli taj cilj, ali stalno radimo na pobolj\u0161anju na\u0161e usluge skupa s autoprijevoznicima s kojima sura\u0111ujemo.<\/p>\n<p>Danas poslujemo na web platformi <strong>Traveling.com preko koje prodajemo autobusne karte<\/strong> izme\u0111u najpopularnijih destinacija u Hrvatskoj; stalno pove\u0107avamo broj ruta koje se mogu kupiti online.<\/p>\n<p><strong>Tri stvari koje volimo o autobusima:<\/strong><\/p>\n<p>1. Emisija uglji\u010dnog dioksida po putniku po km ni\u017ea je nego kod putovanja automobilom, avionom ili vlakom.<br \/>\n2. Putovanje autobusom <strong>povoljnije je od putovanja drugim prijevoznim sredstvima<\/strong>.<br \/>\n3. Autobus je jedno od najsigurnijih prijevoznih sredstava.<\/p>\n<p><strong>Koji je na\u0161 cilj?<\/strong><\/p>\n<p>Na\u0161 glavni cilj je <strong>pove\u0107ati broj putnika koji putuju autobusom<\/strong> u Hrvatskoj i zemljama u kojima poslujemo. Mislimo da su klju\u010dni faktori u postizanju tog cilja sljede\u0107i:<\/p>\n<p>1. Putovanje autobusom treba u\u010diniti jednostavnim za putnike<br \/>\n2. Rute trebaju biti prilago\u0111ene potrebama putnika<br \/>\n3. Putovanje busom treba biti povoljnije od ostalih prijevoznih sredstava<\/p>\n<p><strong>Ako putujete autobusom<\/strong> i \u017eelite nas kontaktirati, to mo\u017eete u\u010diniti <a href=\"https:\/\/traveling.com\/hr\/kontakt\">ovdje<\/a> putem obrasca za kontakt.<\/p>\n","protected":false},"excerpt":{"rendered":"<p>Od kada smo pokrenuli prvu verziju Buscroatia.com po\u010detkom 2012. godine, na\u0161 cilj je bio olak\u0161ati putovanje autobusom u Hrvatskoj. Jo\u0161 uvijek nismo dostigli taj cilj, ali stalno radimo na pobolj\u0161anju na\u0161e usluge skupa s autoprijevoznicima s kojima sura\u0111ujemo. Danas poslujemo na web platformi Traveling.com preko koje prodajemo autobusne karte izme\u0111u najpopularnijih destinacija u Hrvatskoj; stalno [&hellip;]<\/p>\n","protected":false},"author":1,"featured_media":0,"parent":0,"menu_order":0,"comment_status":"open","ping_status":"open","template":"","meta":[],"aioseo_notices":[],"_links":{"self":[{"href":"https:\/\/www.buscroatia.com\/hr\/wp-json\/wp\/v2\/pages\/114"}],"collection":[{"href":"https:\/\/www.buscroatia.com\/hr\/wp-json\/wp\/v2\/pages"}],"about":[{"href":"https:\/\/www.buscroatia.com\/hr\/wp-json\/wp\/v2\/types\/page"}],"author":[{"embeddable":true,"href":"https:\/\/www.buscroatia.com\/hr\/wp-json\/wp\/v2\/users\/1"}],"replies":[{"embeddable":true,"href":"https:\/\/www.buscroatia.com\/hr\/wp-json\/wp\/v2\/comments?post=114"}],"version-history":[{"count":15,"href":"https:\/\/www.buscroatia.com\/hr\/wp-json\/wp\/v2\/pages\/114\/revisions"}],"predecessor-version":[{"id":203194,"href":"https:\/\/www.buscroatia.com\/hr\/wp-json\/wp\/v2\/pages\/114\/revisions\/203194"}],"wp:attachment":[{"href":"https:\/\/www.buscroatia.com\/hr\/wp-json\/wp\/v2\/media?parent=114"}],"curies":[{"name":"wp","href":"https:\/\/api.w.org\/{rel}","templated":true}]}}