{"id":83,"date":"2012-07-24T12:49:12","date_gmt":"2012-07-24T12:49:12","guid":{"rendered":"http:\/\/www.buscroatia.com\/dk\/?page_id=83"},"modified":"2013-12-26T20:58:46","modified_gmt":"2013-12-26T20:58:46","slug":"trogir-busstation","status":"publish","type":"page","link":"https:\/\/www.buscroatia.com\/dk\/trogir-busstation\/","title":{"rendered":"Trogir"},"content":{"rendered":"<div id=\"attachment_88\" style=\"width: 310px\" class=\"wp-caption alignright\"><a href=\"https:\/\/www.buscroatia.com\/dk\/wp-content\/uploads\/2012\/07\/Trogir.jpg\" rel=\"lightbox[83]\"><img aria-describedby=\"caption-attachment-88\" decoding=\"async\" loading=\"lazy\" class=\"size-medium wp-image-88\" title=\"Trogir\" alt=\"Trogir\" src=\"https:\/\/www.buscroatia.com\/dk\/wp-content\/uploads\/2012\/07\/Trogir-300x225.jpg\" width=\"300\" height=\"225\" srcset=\"https:\/\/www.buscroatia.com\/dk\/wp-content\/uploads\/2012\/07\/Trogir-300x225.jpg 300w, https:\/\/www.buscroatia.com\/dk\/wp-content\/uploads\/2012\/07\/Trogir.jpg 1024w\" sizes=\"(max-width: 300px) 100vw, 300px\" \/><\/a><p id=\"caption-attachment-88\" class=\"wp-caption-text\">Fortet Kamerlengo<\/p><\/div>\n<p><strong>Busstationen i Trogir<\/strong> er beliggende ved indgangen til byen ved en sten bro, og kun ca. 500 meter fra midtbyen.<\/p>\n<p>Ved busstationen kan du k\u00f8be billetter til lokale bus ruter (Split, Solin, Kastela, Marina osv.) <strong>intercity ruter<\/strong> (Dubrovnik, Zagreb osv.) eller internationale ruter (\u00d8strig, Tyskland osv.)<\/p>\n<p>Alle busser, der <strong>forbinder Split og Zadar<\/strong>, og som ikke k\u00f8rer via motorvejen g\u00e5 gennem Trogir.<\/p>\n<p><strong><span style=\"text-decoration: underline;\">Hvad finder man ved Trogirs busstation<br \/>\n<\/span><\/strong><\/p>\n<p>Udenfor busstation bygningen er der op til flere h\u00e6veautomater (<strong>husk sm\u00e5 penge til bagagen<\/strong>, for du skal betale bus chauff\u00f8ren) Der er ogs\u00e5 mange cafeer og restauranter i omr\u00e5det, og naturligvis bykernen som er et \u201dmust see\u201d<br \/>\n<script type=\"text\/javascript\">\/\/ <![CDATA[\ngoogle_ad_client = \"\"; \/* Bus728-dk *\/ google_ad_slot = \"1807393018\"; google_ad_width = 728; google_ad_height = 90;\n\/\/ ]]><\/script><br \/>\n<script type=\"text\/javascript\" src=\"https:\/\/pagead2.googlesyndication.com\/pagead\/show_ads.js\">\/\/ <![CDATA[\n\n\n\/\/ ]]><\/script><\/p>\n<p><b><span style=\"text-decoration: underline;\">Overnatning t\u00e6t ved busstationen i Trogir<\/span><\/b><\/p>\n<p>At finde <b>indkvartering i g\u00e5afstand fra bus stationen i Trogir<\/b> er normalt ingen problem, uanset om p\u00e5 fastland siden af Trogir, i den gamle bydel eller p\u00e5 Ciovo delen af Trogir. I Trogir er der masser af ferielejligheder, v\u00e6relser, vandrerhjem og mindre hoteller. Vil man bo t\u00e6t p\u00e5 stranden <strong>anbefales det at bo p\u00e5 \u00f8en Ciovo, i byer som Slatine, Arbanija eller Okrug Gornji<\/strong>. V\u00e6lger man at bo i en af disse byer, er der b\u00e5de de lokale busser og ruteb\u00e5de som transport mulighed til Ciovo fra Trogir<b>.<\/b> Et <strong><span style=\"color: #0000ff;\">stort udvalg af ferieboliger og hoteller i Trogir omr\u00e5det<\/span><\/strong>, kan man se her.<\/p>\n<table width=\"720\" border=\"0\" cellspacing=\"2\" cellpadding=\"2\">\n<tbody>\n<tr>\n<td align=\"center\" width=\"240\">\n<p align=\"center\"><a href=\"https:\/\/www.buscroatia.com\/dk\/feriebolig-trogir\"><img decoding=\"async\" loading=\"lazy\" style=\"margin: 0px 1px 1px;\" alt=\"\" src=\"http:\/\/buscroatia.com\/wp-content\/uploads\/info\/Feriebolig.jpg\" width=\"225\" height=\"50\" \/><\/a><\/p>\n<p align=\"center\"><strong><span style=\"color: #000000; font-size: large;\">Trogir<\/span><\/strong><\/p>\n<\/td>\n<td align=\"center\" width=\"240\">\n<p align=\"center\"><a href=\"https:\/\/www.buscroatia.com\/dk\/hotel-i-trogir\" target=\"_blank\"><img decoding=\"async\" style=\"margin: 0px 1px 1px;\" alt=\"\" src=\"https:\/\/www.buscroatia.com\/wp-content\/uploads\/2012\/08\/Icon-hotel.jpg\" \/><\/a><\/p>\n<p align=\"center\"><strong><span style=\"color: #000000; font-size: large;\"><strong>Trogir<\/strong><\/span><\/strong><\/p>\n<\/td>\n<td align=\"center\" width=\"240\">\n<p align=\"center\"><a href=\"https:\/\/www.buscroatia.com\/dk\/hostel-i-trogir\" target=\"_blank\"><img decoding=\"async\" style=\"margin: 0px 1px 1px;\" alt=\"\" src=\"https:\/\/www.buscroatia.com\/wp-content\/uploads\/2012\/08\/Icon-hostel.jpg\" \/><\/a><\/p>\n<p align=\"center\"><strong><span style=\"color: #000000; font-size: large;\"><strong>Trogir<\/strong><\/span><\/strong><\/p>\n<\/td>\n<\/tr>\n<\/tbody>\n<\/table>\n<p><b><span style=\"text-decoration: underline;\">Bil udlejning i Trogir<\/span><\/b><\/p>\n<p>Der er <b>ingen mulighed for at leje en bil direkte ved bus station<\/b> i Trogir, men i den gamle bydel er der flere rejsebureauer som udlejer biler. Et alternativ til de lokale rejsebureauer, er at <b>leje en bil fra Split lufthavn, <\/b>som kun er 4-5 km v\u00e6k fra Trogir og som nemt kan n\u00e5s med lokal bus. I lufthavnen er biludlejning mere konkurrencepr\u00e6get, da alle st\u00f8rre biludlejningsfirmaer er til stede, <a href=\"https:\/\/www.buscroatia.com\/dk\/billeje\" target=\"_blank\"><span style=\"color: #0000ff;\"><strong>her kan man tjekke aktuelle<\/strong> <b>udlejnings tilbud fra Split lufthavn<\/b><\/span><\/a>.<\/p>\n<p><strong><span style=\"text-decoration: underline;\"><span style=\"color: #ff0000; text-decoration: underline;\">Mest popul\u00e6re ruter fra Trogirs busstation<\/span><br \/>\n<\/span><\/strong><\/p>\n<p>Nedenfor har vi listet nogle af de mest <b>popul\u00e6re destinationer fra Trogir<\/b>: Rejser man til destinationer l\u00e6ngere v\u00e6k end Split eller Zadar, har man flere forbindelser med bus, hvis man <b>opdeler turen i to dele.<\/b> Eksempel, hvis man \u00f8nsker at rejse fra Trogir til Dubrovnik, er det smartest f\u00f8rst at tage bussen fra Trogir til Split og derfra \u201dfange\u201d en bus fra Split til Dubrovnik.<\/p>\n<table width=\"700\" border=\"1\" cellspacing=\"1\" cellpadding=\"1\">\n<tbody>\n<tr>\n<td style=\"text-align: center;\" valign=\"top\" width=\"233\"><span style=\"color: #0000ff; text-decoration: underline;\">Intercity busruter<\/span><\/td>\n<td style=\"text-align: center;\" valign=\"top\" width=\"233\"><span style=\"color: #0000ff; text-decoration: underline;\">Regionale busruter<\/span><\/td>\n<td style=\"text-align: center;\" valign=\"top\" width=\"233\"><span style=\"color: #0000ff; text-decoration: underline;\">Internationale Busruter<\/span><\/td>\n<\/tr>\n<tr>\n<td style=\"text-align: center;\" valign=\"top\" width=\"233\"><a href=\"https:\/\/www.buscroatia.com\/dk\/rute-soegning\/?dS=Trogir&amp;aS=Zadar&amp;d=&amp;t=\" target=\"_blank\">Trogir &#8211; Zadar<\/a><\/td>\n<td style=\"text-align: center;\" valign=\"top\" width=\"233\"><a href=\"https:\/\/www.buscroatia.com\/dk\/rute-soegning\/?dS=Trogir&amp;aS=Split&amp;d=&amp;t=\" target=\"_blank\">Trogir &#8211; Split<\/a><\/td>\n<td style=\"text-align: center;\" valign=\"top\" width=\"233\">Trogir &#8211; Mostar (Via Split)<\/td>\n<\/tr>\n<tr>\n<td style=\"text-align: center;\" valign=\"top\" width=\"233\"><a href=\"https:\/\/www.buscroatia.com\/dk\/rute-soegning\/?dS=Trogir&amp;aS=Zagreb&amp;d=&amp;t=\" target=\"_blank\">Trogir &#8211; Zagreb<\/a><\/td>\n<td style=\"text-align: center;\" valign=\"top\" width=\"233\"><a href=\"https:\/\/www.buscroatia.com\/dk\/rute-soegning\/?dS=Trogir&amp;aS=Sibenik&amp;d=&amp;t=\" target=\"_blank\">Trogir &#8211; Sibenik<\/a><\/td>\n<td style=\"text-align: center;\" valign=\"top\" width=\"233\">Trogir &#8211; Medjugorje (Via Split)<\/td>\n<\/tr>\n<tr>\n<td style=\"text-align: center;\" valign=\"top\" width=\"233\"><a href=\"https:\/\/www.buscroatia.com\/dk\/rute-soegning\/?dS=Trogir&amp;aS=Dubrovnik&amp;d=&amp;t=\" target=\"_blank\">Trogir &#8211; Dubrovnik<\/a><\/td>\n<td style=\"text-align: center;\" valign=\"top\" width=\"233\"><\/td>\n<td style=\"text-align: center;\" valign=\"top\" width=\"233\">Trogir Tyskland<\/td>\n<\/tr>\n<tr>\n<td style=\"text-align: center;\" valign=\"top\" width=\"233\"><\/td>\n<td style=\"text-align: center;\" valign=\"top\" width=\"233\"><\/td>\n<td style=\"text-align: center;\" valign=\"top\" width=\"233\"><\/td>\n<\/tr>\n<tr>\n<td style=\"text-align: center;\" valign=\"top\" width=\"233\"><\/td>\n<td style=\"text-align: center;\" valign=\"top\" width=\"233\"><\/td>\n<td style=\"text-align: center;\" valign=\"top\" width=\"233\"><\/td>\n<\/tr>\n<\/tbody>\n<\/table>\n<p><strong><span style=\"text-decoration: underline;\">Busstation placering<\/span><\/strong><\/p>\n<p><iframe loading=\"lazy\" src=\"https:\/\/maps.google.co.uk\/maps\/ms?msid=208501521610253693382.0004b802f8e6bfe222b53&amp;msa=0&amp;ie=UTF8&amp;t=h&amp;ll=43.51563,16.250882&amp;spn=0.010893,0.015042&amp;z=16&amp;output=embed\" height=\"700\" width=\"700\" frameborder=\"0\" marginwidth=\"0\" marginheight=\"0\" scrolling=\"no\"><\/iframe><br \/>\n<small>View <a style=\"color: #0000ff; text-align: left;\" href=\"https:\/\/maps.google.co.uk\/maps\/ms?msid=208501521610253693382.0004b802f8e6bfe222b53&amp;msa=0&amp;ie=UTF8&amp;t=h&amp;ll=43.51563,16.250882&amp;spn=0.010893,0.015042&amp;z=16&amp;source=embed\">Bus station Trogir<\/a> in a larger map<\/small><\/p>\n<p><strong><span style=\"text-decoration: underline;\">Busstations adresse<\/span><\/strong><\/p>\n<p>Kneza Trpimira 2, Trogir<br \/>\n21220 Trogir<br \/>\nTel: 021 882947<\/p>\n","protected":false},"excerpt":{"rendered":"<p>Busstationen i Trogir er beliggende ved indgangen til byen ved en sten bro, og kun ca. 500 meter fra midtbyen. Ved busstationen kan du k\u00f8be billetter til lokale bus ruter (Split, Solin, Kastela, Marina osv.) intercity ruter (Dubrovnik, Zagreb osv.) eller internationale ruter (\u00d8strig, Tyskland osv.) Alle busser, der forbinder Split og Zadar, og som [&hellip;]<\/p>\n","protected":false},"author":1,"featured_media":88,"parent":0,"menu_order":0,"comment_status":"open","ping_status":"open","template":"pages-templates\/bus-station.php","meta":[],"aioseo_notices":[],"_links":{"self":[{"href":"https:\/\/www.buscroatia.com\/dk\/wp-json\/wp\/v2\/pages\/83"}],"collection":[{"href":"https:\/\/www.buscroatia.com\/dk\/wp-json\/wp\/v2\/pages"}],"about":[{"href":"https:\/\/www.buscroatia.com\/dk\/wp-json\/wp\/v2\/types\/page"}],"author":[{"embeddable":true,"href":"https:\/\/www.buscroatia.com\/dk\/wp-json\/wp\/v2\/users\/1"}],"replies":[{"embeddable":true,"href":"https:\/\/www.buscroatia.com\/dk\/wp-json\/wp\/v2\/comments?post=83"}],"version-history":[{"count":17,"href":"https:\/\/www.buscroatia.com\/dk\/wp-json\/wp\/v2\/pages\/83\/revisions"}],"predecessor-version":[{"id":994,"href":"https:\/\/www.buscroatia.com\/dk\/wp-json\/wp\/v2\/pages\/83\/revisions\/994"}],"wp:featuredmedia":[{"embeddable":true,"href":"https:\/\/www.buscroatia.com\/dk\/wp-json\/wp\/v2\/media\/88"}],"wp:attachment":[{"href":"https:\/\/www.buscroatia.com\/dk\/wp-json\/wp\/v2\/media?parent=83"}],"curies":[{"name":"wp","href":"https:\/\/api.w.org\/{rel}","templated":true}]}}