{"id":706,"date":"2013-09-04T19:18:32","date_gmt":"2013-09-04T19:18:32","guid":{"rendered":"http:\/\/www.buscroatia.com\/dk\/?page_id=706"},"modified":"2013-12-26T15:45:25","modified_gmt":"2013-12-26T15:45:25","slug":"bybusser-split","status":"publish","type":"page","link":"https:\/\/www.buscroatia.com\/dk\/bybusser-split\/","title":{"rendered":"Bybusser Split"},"content":{"rendered":"<p><b>Split har et rigtigt godt offentligt transport system<\/b>, der drives af selskabet Promet Split. Byens centrum er godt forbundet med de ydre dele af byen, og <b>offentlig bustransport er den billigste transportform. <\/b>En billet til lokale bybusser kan k\u00f8bes direkte af chauff\u00f8ren eller i de fleste kiosker i Split (dog mest i kiosker som Tisak og Slobodna Dalmacija). Har man k\u00f8bt en billet i kiosken, skal man vise den til chauff\u00f8ren, som vil stemple den. <b>Promet Split har mange moderne busser med aircondition<\/b>, men der er stadig ogs\u00e5 et par meget gamle busser, som ikke er s\u00e5 behagelige at k\u00f8re i. Man kan se rute kort over byen buslinjer <a href=\"https:\/\/www.buscroatia.com\/map-city-buses-Split\" target=\"_blank\">her<\/a>:<\/p>\n<p style=\"text-align: center;\"><a href=\"https:\/\/www.buscroatia.com\/dk\/wp-content\/uploads\/2013\/09\/Bybus-Split.jpg\" rel=\"lightbox[706]\"><img decoding=\"async\" class=\".aligncenter\" title=\"Bybus Split\" alt=\"Bybus Split\" src=\"https:\/\/www.buscroatia.com\/dk\/wp-content\/uploads\/2013\/09\/Bybus-Split.jpg\" width=\"700\" \/><\/a><\/p>\n<p><b><span style=\"text-decoration: underline;\">Lokale busforbindelser mellem Split og de omkringliggende byer:<\/span><\/b><\/p>\n<p>Bus systemet i byen Split er <b>opdelt i fire (4) zoner<\/b>. Den f\u00f8rste (zone 1) omfatter byen Split, zone 2 omfatter byerne Solin, Stobrec, Podstrana og Klis, zone 3 indeholder Kastela, Dugopolje og omr\u00e5det langs kysten indtil Dugi Rat. Den sidste zone (zone 4) omfatter byerne Trogir og Omis.<br \/>\n<script type=\"text\/javascript\"><!--\ngoogle_ad_client = \"\";\n\/* Bus728-dk *\/\ngoogle_ad_slot = \"1807393018\";\ngoogle_ad_width = 728;\ngoogle_ad_height = 90;\n\/\/-->\n<\/script><br \/>\n<script type=\"text\/javascript\"\nsrc=\"https:\/\/pagead2.googlesyndication.com\/pagead\/show_ads.js\">\n<\/script><\/p>\n<p><b><span style=\"text-decoration: underline;\">De mest popul\u00e6re forstads busser:<\/span><\/b><\/p>\n<p>Hvis det drejer sig om forstads transport med lokale busser, <b>er de mest popul\u00e6re linjer, til Omis og Trogir.<\/b> Bussen til Omis er nummer 60 og til Trogir er 37. Begge busser <b>afg\u00e5r fra busstationen Sukoisan<\/b> som er 1 km fra byens centrum. (bus nr. 60, kan man ogs\u00e5 st\u00e5 p\u00e5 ved siden af det gr\u00f8nne marked)<\/p>\n<p>Her har vi listet nogle af de mest popul\u00e6re buslinjer, klik p\u00e5 ikonerne for at se deres k\u00f8replaner.<\/p>\n\n<table id=\"tablepress-3\" class=\"tablepress tablepress-id-3\">\n<thead>\n<tr class=\"row-1 odd\">\n\t<th class=\"column-1\">Fra<\/th><th class=\"column-2\">Til<\/th><th class=\"column-3\">K\u00f8replan ud<\/th><th class=\"column-4\">K\u00f8replan hjem<\/th>\n<\/tr>\n<\/thead>\n<tbody class=\"row-hover\">\n<tr class=\"row-2 even\">\n\t<td class=\"column-1\">Split<\/td><td class=\"column-2\">Trogir<\/td><td class=\"column-3\"><a href=\"http:\/\/www.buscroatia.com\/split-trogir-local\" target=\"_blank\">K\u00f8replan<\/a><\/td><td class=\"column-4\"><a href=\"http:\/\/www.buscroatia.com\/trogir-split-local\" target=\"_blank\">K\u00f8replan<\/a><\/td>\n<\/tr>\n<tr class=\"row-3 odd\">\n\t<td class=\"column-1\">Split<\/td><td class=\"column-2\">Omis (Ravnicki most)<\/td><td class=\"column-3\"><a href=\"http:\/\/www.buscroatia.com\/split-omis-local\" target=\"_blank\">K\u00f8replan<\/a><\/td><td class=\"column-4\"><a href=\"http:\/\/www.buscroatia.com\/omis-split-local\" target=\"_blank\">K\u00f8replan<\/a><\/td>\n<\/tr>\n<\/tbody>\n<\/table>\n<!-- #tablepress-3 from cache -->\n<p><b><span style=\"text-decoration: underline;\">De vigtigste busstationer for de lokale busser i Split:<\/span><\/b><\/p>\n<p>Der er <b>flere vigtige busstationer i Split<\/b>. Som allerede n\u00e6vnt, er den st\u00f8rste busterminal for bybusser Sukoisan som ligger direkte ved hovedgaden, Domovinskog rata. Fra Sukoisan, er den n\u00e6rmeste busstation Opcina, 300 m v\u00e6k.<b> Andre vigtige busstationer er Trznica (gr\u00f8nsags marked, ved den gamle bydel)<\/b>, Hrvatsko narodno kazaliste (kroatiske Nationale Teatre), vestlige side af promenaden(ved kirken Saint Francis) og ved havnen (lige ved siden af togstationen og den centrale busstation for intercity og internationale trafik).<\/p>\n<p><b><span style=\"text-decoration: underline;\">Billet priser for lokal transport i Split:<\/span><\/b><\/p>\n<p>Som vi allerede har n\u00e6vnt, <b>kan bus billetter k\u00f8bes direkte af chauff\u00f8ren eller ved en af kioskerne<\/b>. Husk, at hvis man k\u00f8ber billetten af chauff\u00f8ren kan man kun betale med kontanter.\u00a0 <b>En envejs billet for en voksen koster 11 kn (zone 1)<\/b>, 13 kn (zone 2), 17 kn (zone 3) og 21 kn (zone 4). Billetprisen for b\u00f8rn i alderen 6 til 11 \u00e5r er 5 kn for alle zoner. B\u00f8rn under 6 \u00e5r beh\u00f8ver ingen billet. Medbringer man stor bagage i bussen kr\u00e6ves der en ekstra betaling p\u00e5 5 kuna pr. bagage.<\/p>\n<p><b>Skal man opholder sig i byen i en l\u00e6ngere periode<\/b>, og planl\u00e6gger at bruge den offentlig transport oftere, <b>kan man k\u00f8be de s\u00e5kaldte Karnet billetter<\/b> (tur\/retur billetter), som kostede 17 kn. Man kan kun k\u00f8be dem i en kiosk i en blok p\u00e5 5 eller 10 billetter.<\/p>\n<p>Det er vigtigt at vide, at <b>enkelt billetter kun g\u00e6lder for \u00e9n retning<\/b> og tiden er begr\u00e6nset, i den f\u00f8rste zone til 45 minutter, 2 zone &#8211; 65 minutter, 3 zone &#8211; 85 minutter og 105 minutter for zone 4.<\/p>\n<p><b><span style=\"text-decoration: underline;\">B\u00f8der for at k\u00f8re uden en busbillet:<\/span><\/b><\/p>\n<p>Man b\u00f8r vide, at billet kontroller er hyppige, og k\u00f8rsel uden en busbillet kan ikke anbefales. <b>Hvis man bliver taget uden billet, er b\u00f8den 50 kn og skal betales med det samme i kontanter<\/b>.<\/p>\n<p>Hvis man har sp\u00f8rgsm\u00e5l om Split og benyttelse af offentlig transport i Split, er man velkommen til at kontakte os her:<\/p>\n","protected":false},"excerpt":{"rendered":"<p>Split har et rigtigt godt offentligt transport system, der drives af selskabet Promet Split. Byens centrum er godt forbundet med de ydre dele af byen, og offentlig bustransport er den billigste transportform. En billet til lokale bybusser kan k\u00f8bes direkte af chauff\u00f8ren eller i de fleste kiosker i Split (dog mest i kiosker som Tisak [&hellip;]<\/p>\n","protected":false},"author":2,"featured_media":713,"parent":0,"menu_order":0,"comment_status":"open","ping_status":"open","template":"","meta":[],"aioseo_notices":[],"_links":{"self":[{"href":"https:\/\/www.buscroatia.com\/dk\/wp-json\/wp\/v2\/pages\/706"}],"collection":[{"href":"https:\/\/www.buscroatia.com\/dk\/wp-json\/wp\/v2\/pages"}],"about":[{"href":"https:\/\/www.buscroatia.com\/dk\/wp-json\/wp\/v2\/types\/page"}],"author":[{"embeddable":true,"href":"https:\/\/www.buscroatia.com\/dk\/wp-json\/wp\/v2\/users\/2"}],"replies":[{"embeddable":true,"href":"https:\/\/www.buscroatia.com\/dk\/wp-json\/wp\/v2\/comments?post=706"}],"version-history":[{"count":6,"href":"https:\/\/www.buscroatia.com\/dk\/wp-json\/wp\/v2\/pages\/706\/revisions"}],"predecessor-version":[{"id":718,"href":"https:\/\/www.buscroatia.com\/dk\/wp-json\/wp\/v2\/pages\/706\/revisions\/718"}],"wp:featuredmedia":[{"embeddable":true,"href":"https:\/\/www.buscroatia.com\/dk\/wp-json\/wp\/v2\/media\/713"}],"wp:attachment":[{"href":"https:\/\/www.buscroatia.com\/dk\/wp-json\/wp\/v2\/media?parent=706"}],"curies":[{"name":"wp","href":"https:\/\/api.w.org\/{rel}","templated":true}]}}