{"id":680,"date":"2013-09-04T11:16:44","date_gmt":"2013-09-04T11:16:44","guid":{"rendered":"http:\/\/www.buscroatia.com\/dk\/?page_id=680"},"modified":"2013-12-26T19:46:26","modified_gmt":"2013-12-26T19:46:26","slug":"bybusser-pula","status":"publish","type":"page","link":"https:\/\/www.buscroatia.com\/dk\/bybusser-pula\/","title":{"rendered":"Bybusser Pula"},"content":{"rendered":"<p>Den <b>offentlige transport i Pula drives af selskabet PulaPromet<\/b>. Byens centrum er godt forbundet med de andre bydele af bybusserne. Den offentlige transport i Pula er opdelt i 4 zoner. Den f\u00f8rste zone omfatter byen Pula, den anden zone omfatter Medulin, Vodnjan, Loznjan, Premantura og Peroj. Og den tredje zone g\u00e5r helt til Barbariga.<\/p>\n<p style=\"text-align: center;\"><img decoding=\"async\" class=\".aligncenter\" title=\"Pula Kroatien\" alt=\"Pula Kroatien\" src=\"https:\/\/www.buscroatia.com\/dk\/wp-content\/uploads\/2013\/09\/Pula-Kroatien1.jpg\" width=\"700\" \/><\/p>\n<p><b><span style=\"text-decoration: underline;\">I Pula best\u00e5r den offentlig transport af 8 buslinjer. De 3 vigtigste buslinjer er:<\/span><\/b><\/p>\n<ul>\n<li>linje 1 fra den centrale busstation til Stoja<\/li>\n<li>linje 2 fra den centrale busstation til Verudela<\/li>\n<li>linje 3 fra den\u00a0Sijanska suma til Verudela<\/li>\n<\/ul>\n<p><b>Man kan se k\u00f8replanen for alle bybusser<\/b> <a href=\"https:\/\/www.buscroatia.com\/timetable-city-buses-pula\" target=\"_blank\">her<\/a>, og <a href=\"https:\/\/www.buscroatia.com\/map-city-buses-pula\" target=\"_blank\">her<\/a> kan man se et kort over busruterne.<\/p>\n<p><b><span style=\"text-decoration: underline;\">Billetpriserne for offentlig transport i Pula:<\/span><\/b><\/p>\n<p>En busbillet kan k\u00f8bes direkte af buschauff\u00f8ren og prisen er 11 kn. <b>Billetten er en \u00e9n vejs billet som er gyldig i en time.<\/b> Busselskabet Pulapromet indf\u00f8rte for ti \u00e5r siden, et system med kontant fri billetter. Det er et kort, der ligner et kreditkort og man betaler 75 kn for det f\u00f8rste gang (35 kuna for kortet og 40 kuna billet kredit)<br \/>\n<script type=\"text\/javascript\">\/\/ <![CDATA[\ngoogle_ad_client = \"\"; \/* Bus728-dk *\/ google_ad_slot = \"1807393018\"; google_ad_width = 728; google_ad_height = 90;\n\/\/ ]]><\/script><br \/>\n<script type=\"text\/javascript\" src=\"https:\/\/pagead2.googlesyndication.com\/pagead\/show_ads.js\">\/\/ <![CDATA[\n\n\n\/\/ ]]><\/script><\/p>\n<p>Hvis man planl\u00e6gger at opholde sig i Pula i en l\u00e6ngere periode og ofte bruge den offentlige transport, s\u00e5 er dette kort absolut v\u00e6rd at k\u00f8be, <b>fordi billetprisen for en \u00e9n enkelt billet, s\u00e5 kun er 7 kn<\/b>.<\/p>\n<p>Billet prisen for zone 2 er 15 kn, hvis man k\u00f8ber billetten p\u00e5 bussen, og prisen for det kontant l\u00f8se kort 11,00 kn. <b>Billetten for zone 3 koster 20 kn p\u00e5 bussen og 17 kn p\u00e5 det kontant l\u00f8se kort<\/b>. I zone 4 er priserne 25\/23 kn. B\u00f8rn under 6 \u00e5r ledsaget af en voksen beh\u00f8ver ingen billet.<\/p>\n<p>Man g\u00e5r ind foran i bussen og viser chauff\u00f8ren ens billet. Bliver <b>man taget for at k\u00f8re uden billet<\/b>, er straffen billetprisen plus en b\u00f8de p\u00e5 omkring 50 kuna.<\/p>\n<p>Man kan se et kort over forstads bussernes ruter <a href=\"https:\/\/www.buscroatia.com\/map-suburban-buses-pula\" target=\"_blank\">her<\/a>, og <a href=\"https:\/\/www.buscroatia.com\/timetable-suburban-buses-pula\" target=\"_blank\">her<\/a> kan man se deres tidsplaner.<\/p>\n<table width=\"720\" border=\"0\" cellspacing=\"2\" cellpadding=\"2\">\n<tbody>\n<tr>\n<td align=\"center\" width=\"240\">\n<p align=\"center\"><a href=\"https:\/\/www.buscroatia.com\/dk\/feriebolig-pula\" target=\"_blank\"><img decoding=\"async\" loading=\"lazy\" style=\"margin: 0px 1px 1px;\" alt=\"\" src=\"http:\/\/buscroatia.com\/wp-content\/uploads\/info\/Feriebolig.jpg\" width=\"225\" height=\"50\" \/><\/a><\/p>\n<p align=\"center\"><strong><span style=\"color: #000000; font-size: large;\">Pula<\/span><\/strong><\/p>\n<\/td>\n<td align=\"center\" width=\"240\">\n<p align=\"center\"><a href=\"https:\/\/www.buscroatia.com\/dk\/hotel-i-pula\" target=\"_blank\"><img decoding=\"async\" style=\"margin: 0px 1px 1px;\" alt=\"\" src=\"https:\/\/www.buscroatia.com\/wp-content\/uploads\/2012\/08\/Icon-hotel.jpg\" \/><\/a><\/p>\n<p align=\"center\"><strong><span style=\"color: #000000; font-size: large;\"><strong>Pula<\/strong><\/span><\/strong><\/p>\n<\/td>\n<td align=\"center\" width=\"240\">\n<p align=\"center\"><a href=\"https:\/\/www.buscroatia.com\/dk\/hostel-pula\" target=\"_blank\"><img decoding=\"async\" style=\"margin: 0px 1px 1px;\" alt=\"\" src=\"https:\/\/www.buscroatia.com\/wp-content\/uploads\/2012\/08\/Icon-hostel.jpg\" \/><\/a><\/p>\n<p align=\"center\"><strong><span style=\"color: #000000; font-size: large;\"><strong>Pula<\/strong><\/span><\/strong><\/p>\n<\/td>\n<\/tr>\n<\/tbody>\n<\/table>\n<p><b><span style=\"text-decoration: underline;\">Hvor kan man k\u00f8be det kontant frie kort:<\/span><\/b><\/p>\n<p>Som vi allerede har n\u00e6vnt, er det kontant frie kort den bedste l\u00f8sning til et l\u00e6ngere ophold i Pula, som ogs\u00e5 n\u00e6vnt koster det 75 kn f\u00f8rste gang (35 kn for kortet + 40 kn billetpris for k\u00f8rsel). <b>N\u00e5r kortet er brugt op, kan det genoplades<\/b> med bel\u00f8b af 20, 40, 60 og 100 kn.<\/p>\n<p style=\"text-align: center;\"><img decoding=\"async\" loading=\"lazy\" class=\".aligncenter\" title=\"Pula Centrum\" alt=\"Pula Centrum\" src=\"https:\/\/www.buscroatia.com\/dk\/wp-content\/uploads\/2013\/09\/Pula-Centrum.jpg\" width=\"700\" height=\"525\" \/><\/p>\n<p><b><span style=\"text-decoration: underline;\">Man kan genoplade kortet p\u00e5 f\u00f8lgende steder:<\/span><\/b><\/p>\n<ul>\n<li>Kiosk I NOVINE &#8211; Giardini bb, Pula<\/li>\n<li>Kiosk GLAS ISTRE &#8211; Giardini bb, Pula<\/li>\n<li>Kiosk GLAS ISTRE &#8211; Narodni trg 1, Pula<\/li>\n<li>Kiosk GLAS ISTRE &#8211; Koparska ulica, Pula<\/li>\n<li>Kiosk GLAS ISTRE &#8211; Ulica Vidikovac, Pula<\/li>\n<li>Fazana &#8211; Ulica v.Gortana bb<\/li>\n<li>Medulin &#8211; Mudina 18<\/li>\n<li>Vodnjan &#8211; Ulica trgova\u010dka 143<\/li>\n<li>Poslovnica Pulapromet &#8211; Sitnjan centar<\/li>\n<\/ul>\n<p><b><span style=\"text-decoration: underline;\">Turistbusser i Pula<\/span><\/b><\/p>\n<p>Hvis man er turist i Pula og \u00f8nsker at se de v\u00e6sentligste sev\u00e6rdigheder er der en Hop on \u2013 Hop of bus, som d\u00e6kker de vigtigste steder i byen, en 24timers billet til den r\u00f8de dobbeltd\u00e6kkerbus (se billedet \u00f8verst) koster 10 Euro.<\/p>\n","protected":false},"excerpt":{"rendered":"<p>Den offentlige transport i Pula drives af selskabet PulaPromet. Byens centrum er godt forbundet med de andre bydele af bybusserne. Den offentlige transport i Pula er opdelt i 4 zoner. Den f\u00f8rste zone omfatter byen Pula, den anden zone omfatter Medulin, Vodnjan, Loznjan, Premantura og Peroj. Og den tredje zone g\u00e5r helt til Barbariga. I [&hellip;]<\/p>\n","protected":false},"author":2,"featured_media":687,"parent":0,"menu_order":0,"comment_status":"open","ping_status":"open","template":"","meta":[],"aioseo_notices":[],"_links":{"self":[{"href":"https:\/\/www.buscroatia.com\/dk\/wp-json\/wp\/v2\/pages\/680"}],"collection":[{"href":"https:\/\/www.buscroatia.com\/dk\/wp-json\/wp\/v2\/pages"}],"about":[{"href":"https:\/\/www.buscroatia.com\/dk\/wp-json\/wp\/v2\/types\/page"}],"author":[{"embeddable":true,"href":"https:\/\/www.buscroatia.com\/dk\/wp-json\/wp\/v2\/users\/2"}],"replies":[{"embeddable":true,"href":"https:\/\/www.buscroatia.com\/dk\/wp-json\/wp\/v2\/comments?post=680"}],"version-history":[{"count":11,"href":"https:\/\/www.buscroatia.com\/dk\/wp-json\/wp\/v2\/pages\/680\/revisions"}],"predecessor-version":[{"id":695,"href":"https:\/\/www.buscroatia.com\/dk\/wp-json\/wp\/v2\/pages\/680\/revisions\/695"}],"wp:featuredmedia":[{"embeddable":true,"href":"https:\/\/www.buscroatia.com\/dk\/wp-json\/wp\/v2\/media\/687"}],"wp:attachment":[{"href":"https:\/\/www.buscroatia.com\/dk\/wp-json\/wp\/v2\/media?parent=680"}],"curies":[{"name":"wp","href":"https:\/\/api.w.org\/{rel}","templated":true}]}}