{"id":671,"date":"2013-09-04T10:59:32","date_gmt":"2013-09-04T10:59:32","guid":{"rendered":"http:\/\/www.buscroatia.com\/dk\/?page_id=671"},"modified":"2013-09-04T11:23:23","modified_gmt":"2013-09-04T11:23:23","slug":"bybusser-dubrovnik","status":"publish","type":"page","link":"https:\/\/www.buscroatia.com\/dk\/bybusser-dubrovnik\/","title":{"rendered":"Bybusser Dubrovnik"},"content":{"rendered":"<p>Er man p\u00e5 udkig efter <b>\u00f8konomisk og p\u00e5lidelig<\/b> <b>transport<\/b> under ens ophold i Dubrovnik, er bybusserne den helt rigtige l\u00f8sning. Den offentlige transport i Dubrovnik drives af selskabet Libertas. Der er <b>10 buslinjer i Dubrovnik<\/b>, som forbinder alle byens bydele. Den centrale bus station ligger ved siden af indgangen til den gamle bymur i en bydel kaldt Pile.<\/p>\n<p style=\"text-align: center;\"><img decoding=\"async\" loading=\"lazy\" class=\".aligncenter\" title=\"Dubrovnik\" alt=\"Dubrovnik\" src=\"https:\/\/www.buscroatia.com\/dk\/wp-content\/uploads\/2012\/07\/Dubrovnik.jpg\" width=\"700\" height=\"525\" \/><\/p>\n<p>Til bydelene Lapad og Babin Kuk, hvor de fleste hoteller og private indkvarteringer er beliggende, k\u00f8rer bus nr. 4 (Lapad) og bus nr. 6 (Babin Kuk), som begge k\u00f8re fra Pile hver 15 minut. Man kan <b>se et kort over alle bybusser <a href=\"https:\/\/www.buscroatia.com\/map-city-buses-dubrovnik\" target=\"_blank\">her<\/a>,<\/b> og <a href=\"https:\/\/www.buscroatia.com\/timetable-city-buses-dubrovnik\" target=\"_blank\">her<\/a> kan man se afgangstiderne for bybusserne.<\/p>\n<p><b><span style=\"text-decoration: underline;\">Billetpriser til bussen i Dubrovnik:<\/span><\/b><\/p>\n<p>Billetter til den offentlig transport (bus) kan <b>k\u00f8bes direkte af chauff\u00f8ren<\/b> i bussen eller ved kioskerne ejet af Libertas, som kan findes i bydelene Pile, Lapad, Gruz eller Mokosica. K\u00f8ber man billetten af chauff\u00f8ren, er <b>prisen 15 kn<\/b>, men hvis man k\u00f8ber den i kiosken er prisen kun12 kn. Det er kun muligt at betale kontant for billetten. Billetten er gyldig i 59 minutter fra den bliver valideringer \/ stemplet og kan <b>bruges i alle retninger.<\/b><br \/>\n<script type=\"text\/javascript\">\/\/ <![CDATA[\ngoogle_ad_client = \"\";\n\/* Bus728-dk *\/\ngoogle_ad_slot = \"1807393018\";\ngoogle_ad_width = 728;\ngoogle_ad_height = 90;\n\/\/ ]]><\/script><br \/>\n<script type=\"text\/javascript\" src=\"https:\/\/pagead2.googlesyndication.com\/pagead\/show_ads.js\">\/\/ <![CDATA[\n\n\n\/\/ ]]><\/script><\/p>\n<p>Den <b>offentlige transport i Dubrovnik<\/b> fungerer ikke helt p\u00e5 samme m\u00e5de som i andre byer langs kysten. I Dubrovnik kan man bruge billetten til en returk\u00f8rsel f.eks hvis man er n\u00f8dt til at k\u00f8re fra centrum til Babin Kuk og tilbage igen, kan man g\u00f8re det med den samme billet, s\u00e5 l\u00e6nge turen i begge retninger varer maks. 59 minutter. I Dubrovnik har de ogs\u00e5 <b>dagsbilletter,<\/b> <b>som er gyldige i<\/b> <b>24 timer<\/b> der fra den f\u00f8rste stempling og der er ingen begr\u00e6nsning p\u00e5 antallet af ture. <b>Dagsbilletprisen er 30 kn<\/b> og kan k\u00f8bes p\u00e5 de ovenn\u00e6vnte Libertas kiosker. B\u00f8rn under 6 \u00e5r ledsaget af en voksen beh\u00f8ver ikke at betale for offentlig transport.<\/p>\n<table width=\"720\" border=\"0\" cellspacing=\"2\" cellpadding=\"2\">\n<tbody>\n<tr>\n<td align=\"center\" width=\"240\">\n<p align=\"center\"><a href=\"https:\/\/www.buscroatia.com\/dk\/ferieboliger-dubrovnik\" target=\"_blank\"><img decoding=\"async\" loading=\"lazy\" style=\"margin: 0px 1px 1px;\" alt=\"\" src=\"http:\/\/buscroatia.com\/wp-content\/uploads\/info\/Feriebolig.jpg\" width=\"225\" height=\"50\" \/><\/a><\/p>\n<p align=\"center\"><strong><span style=\"color: #000000; font-size: large;\">Dubrovnik<\/span><\/strong><\/p>\n<\/td>\n<td align=\"center\" width=\"240\">\n<p align=\"center\"><a href=\"https:\/\/www.buscroatia.com\/dk\/hotel-i-dubrovnik\" target=\"_blank\"><img decoding=\"async\" style=\"margin: 0px 1px 1px;\" alt=\"\" src=\"https:\/\/www.buscroatia.com\/wp-content\/uploads\/2012\/08\/Icon-hotel.jpg\" \/><\/a><\/p>\n<p align=\"center\"><strong><span style=\"color: #000000; font-size: large;\"><strong>Dubrovnik<\/strong><\/span><\/strong><\/p>\n<\/td>\n<td align=\"center\" width=\"240\">\n<p align=\"center\"><a href=\"https:\/\/www.buscroatia.com\/dk\/hostel-i-dubrovnik\" target=\"_blank\"><img decoding=\"async\" style=\"margin: 0px 1px 1px;\" alt=\"\" src=\"https:\/\/www.buscroatia.com\/wp-content\/uploads\/2012\/08\/Icon-hostel.jpg\" \/><\/a><\/p>\n<p align=\"center\"><strong><span style=\"color: #000000; font-size: large;\"><strong>Dubrovnik<\/strong><\/span><\/strong><\/p>\n<\/td>\n<\/tr>\n<\/tbody>\n<\/table>\n<p><b><span style=\"text-decoration: underline;\">Yderligere tips til at benytte den offentlige transport i Dubrovnik:<\/span><\/b><\/p>\n<p><b>Man g\u00e5r ind foran i bussen og<\/b> <b>viser billetten til chauff\u00f8ren,<\/b> derefter stempler man billetten i maskinen bag chauff\u00f8ren. Billetkontroller er hyppige og p\u00e5 en anmodning fra en kontroll\u00f8r, skal man vise billetten. Har man ikke har en billet eller den er ikke korrekt stemplet, vil man straks blive n\u00f8dt til at betale en b\u00f8de p\u00e5 100 kn. Den offentlige transport i Dubrovnik k\u00f8re fra kl. 05:00 til kl. 24:00.<\/p>\n<p>Selskabet Libertas har ogs\u00e5 et <b>gratis telefonnummer 0800 1910<\/b>, hvor man kan henvende sig eller klage over den offentlige transport.<\/p>\n<p><b><span style=\"text-decoration: underline;\">Forst\u00e6der transport Dubrovnik:<\/span><\/b><\/p>\n<p>Busserne k\u00f8re ogs\u00e5 ud til forst\u00e6derne. Den mest <b>popul\u00e6re forstad forbindelse er til<\/b> <b>Cavtat.<\/b> Bus nummer 10 k\u00f8rer til Cavtat hver 45 til 60 minut og afgangsstedet er fra bydelen Gruz i Dubrovnik.<\/p>\n<p>Det tager 25 minutter at k\u00f8re til Cavtat og billetprisen er 25 kn. <b>Dubrovnik er forbundet<\/b> <b>til forst\u00e6der som Slano, Ston, Molunat, Plat og Srebreno<\/b> med buslinjer. Man kan se tidsplanen for forstads busruterne <a href=\"https:\/\/www.buscroatia.com\/timetable-local-buses-dubrovnik\" target=\"_blank\">her<\/a>, og <a href=\"https:\/\/www.buscroatia.com\/map-suburban-buses-dubrovnik\" target=\"_blank\">her<\/a> kan man se et kort over ruterne fra Dubrovnik.<\/p>\n","protected":false},"excerpt":{"rendered":"<p>Er man p\u00e5 udkig efter \u00f8konomisk og p\u00e5lidelig transport under ens ophold i Dubrovnik, er bybusserne den helt rigtige l\u00f8sning. Den offentlige transport i Dubrovnik drives af selskabet Libertas. Der er 10 buslinjer i Dubrovnik, som forbinder alle byens bydele. Den centrale bus station ligger ved siden af indgangen til den gamle bymur i en [&hellip;]<\/p>\n","protected":false},"author":2,"featured_media":49,"parent":0,"menu_order":0,"comment_status":"open","ping_status":"open","template":"","meta":[],"aioseo_notices":[],"_links":{"self":[{"href":"https:\/\/www.buscroatia.com\/dk\/wp-json\/wp\/v2\/pages\/671"}],"collection":[{"href":"https:\/\/www.buscroatia.com\/dk\/wp-json\/wp\/v2\/pages"}],"about":[{"href":"https:\/\/www.buscroatia.com\/dk\/wp-json\/wp\/v2\/types\/page"}],"author":[{"embeddable":true,"href":"https:\/\/www.buscroatia.com\/dk\/wp-json\/wp\/v2\/users\/2"}],"replies":[{"embeddable":true,"href":"https:\/\/www.buscroatia.com\/dk\/wp-json\/wp\/v2\/comments?post=671"}],"version-history":[{"count":8,"href":"https:\/\/www.buscroatia.com\/dk\/wp-json\/wp\/v2\/pages\/671\/revisions"}],"predecessor-version":[{"id":696,"href":"https:\/\/www.buscroatia.com\/dk\/wp-json\/wp\/v2\/pages\/671\/revisions\/696"}],"wp:featuredmedia":[{"embeddable":true,"href":"https:\/\/www.buscroatia.com\/dk\/wp-json\/wp\/v2\/media\/49"}],"wp:attachment":[{"href":"https:\/\/www.buscroatia.com\/dk\/wp-json\/wp\/v2\/media?parent=671"}],"curies":[{"name":"wp","href":"https:\/\/api.w.org\/{rel}","templated":true}]}}