{"id":656,"date":"2013-07-17T12:29:55","date_gmt":"2013-07-17T12:29:55","guid":{"rendered":"http:\/\/www.buscroatia.com\/dk\/?page_id=656"},"modified":"2013-07-17T19:52:06","modified_gmt":"2013-07-17T19:52:06","slug":"bus-priser-i-kroatien","status":"publish","type":"page","link":"https:\/\/www.buscroatia.com\/dk\/bus-priser-i-kroatien\/","title":{"rendered":"Bus priser i Kroatien"},"content":{"rendered":"<p>Hvis man planl\u00e6gger at <b>rejse rundt i Kroatien med bus<\/b>, er man selvf\u00f8lgelig interesseret i at vide hvad busbilletterne koster, men desv\u00e6rre er det eneste sted, hvor man (i \u00f8jeblikket) kan se en detaljeret prisliste, p\u00e5 den lokale bus station. <b>Men for at g\u00f8re det en smule nemmere for dig har vi lavet en liste over priserne p\u00e5 de mest popul\u00e6re busruter<\/b> (kan ses l\u00e6ngere nede p\u00e5 denne side). Med kendskab til disse priser, b\u00f8r man nogenlunde v\u00e6re i stand til at vurdere priserne p\u00e5 ruter som vi ikke har n\u00e6vnt.<\/p>\n<p><b>Hvad man b\u00f8r vide, f\u00f8r man ser p\u00e5 prislisten.<\/b><\/p>\n<p>1. Priserne er angivet i et interval, <b>\u00e5rsagen til dette er, at ruterne er ofte drives af flere private busselskaber, <\/b>hver af dem har en deres egen prisliste for en given rute. Variationen i billetpriserne kan ogs\u00e5 v\u00e6re relateret til afgangstid og ugedag.<\/p>\n<p>2. Hvis man <b>k\u00f8ber en billet til en bestemt rute fx Zagreb til Split fra Selskab A,<\/b> er billetten kun gyldig til de busser, der drives af selskab A. P\u00e5 de mest popul\u00e6re str\u00e6kning har disse selskaber som regel flere daglige afgange, hvor billetten kan benyttes.<\/p>\n<p>3. K\u00f8b og reservere billetter, <b>kan i \u00f8jeblikket kun g\u00f8res p\u00e5 busstationen. <\/b>Vi anbefaler at man i h\u00f8js\u00e6sonen k\u00f8ber billetten en dag i forvejen. Hvis man har brug for at komme med bussen fra et mindre busstoppested, hvor der ikke er nogen bus station (Autobusni Kolodvor)<b> kan man k\u00f8be billetten p\u00e5 bussen, <\/b>man s\u00f8rg for at f\u00e5r en billet (i de fleste tilf\u00e6lde elektronisk), n\u00e5r man har betalt.<\/p>\n<p>4. Ud over billetprisen, skal man i de fleste tilf\u00e6lde <b>betale et mindre gebyr for reservation<\/b> og et <b>busstations gebyr oveni<\/b>, dette er normalt omkring 5-10 Kuna pr. billet.<\/p>\n<p>5. Hvis man medbringer bagage til bagagerummet p\u00e5 bussen, skal man n\u00f8dt til at betale omkring 7 Kuna pr. stk.<br \/>\n<script type=\"text\/javascript\"><!--\ngoogle_ad_client = \"\";\n\/* Bus728-dk *\/\ngoogle_ad_slot = \"1807393018\";\ngoogle_ad_width = 728;\ngoogle_ad_height = 90;\n\/\/-->\n<\/script><br \/>\n<script type=\"text\/javascript\"\nsrc=\"https:\/\/pagead2.googlesyndication.com\/pagead\/show_ads.js\">\n<\/script><br \/>\n<b>BEM\u00c6RK:<\/b> Afstanden vi har markeret i tabellen, er <b>afstanden mellem de to byer via den hurtigste rute<\/b>, hvilket ikke n\u00f8dvendigvis er ruten, bussen f\u00f8lger.<\/p>\n\n<table id=\"tablepress-2\" class=\"tablepress tablepress-id-2\">\n<thead>\n<tr class=\"row-1 odd\">\n\t<th class=\"column-1\">Fra<\/th><th class=\"column-2\">Til<\/th><th class=\"column-3\">Afstand<\/th><th class=\"column-4\">Pris fra - til<\/th><th class=\"column-5\">Udflugt<\/th>\n<\/tr>\n<\/thead>\n<tbody class=\"row-hover\">\n<tr class=\"row-2 even\">\n\t<td class=\"column-1\">Split<\/td><td class=\"column-2\">Dubrovnik<\/td><td class=\"column-3\">227 Km<\/td><td class=\"column-4\">100-140 kn<\/td><td class=\"column-5\"><a href=\"http:\/\/www.buscroatia.com\/dk\/udflugter-split\/\">Book her<\/a><\/td>\n<\/tr>\n<tr class=\"row-3 odd\">\n\t<td class=\"column-1\">Split<\/td><td class=\"column-2\">Sibenik<\/td><td class=\"column-3\">87 Km<\/td><td class=\"column-4\">55-80 kn<\/td><td class=\"column-5\"><\/td>\n<\/tr>\n<tr class=\"row-4 even\">\n\t<td class=\"column-1\">Split<\/td><td class=\"column-2\">Zadar<\/td><td class=\"column-3\">158 Km<\/td><td class=\"column-4\">80-145 kn<\/td><td class=\"column-5\"><\/td>\n<\/tr>\n<tr class=\"row-5 odd\">\n\t<td class=\"column-1\">Split<\/td><td class=\"column-2\">Mostar<\/td><td class=\"column-3\">163 Km<\/td><td class=\"column-4\">130-150 kn<\/td><td class=\"column-5\"><a href=\"http:\/\/www.buscroatia.com\/dk\/udflugter-split\/\">Book her<\/a><\/td>\n<\/tr>\n<tr class=\"row-6 even\">\n\t<td class=\"column-1\">Split<\/td><td class=\"column-2\">Medjugorje<\/td><td class=\"column-3\">139 Km<\/td><td class=\"column-4\">130-150 kn<\/td><td class=\"column-5\"><a href=\"http:\/\/www.buscroatia.com\/dk\/udflugter-split\/\">Book her<\/a><\/td>\n<\/tr>\n<tr class=\"row-7 odd\">\n\t<td class=\"column-1\">Split<\/td><td class=\"column-2\">Zagreb<\/td><td class=\"column-3\">411 Km<\/td><td class=\"column-4\">150-220 kn<\/td><td class=\"column-5\"><\/td>\n<\/tr>\n<tr class=\"row-8 even\">\n\t<td class=\"column-1\">Split<\/td><td class=\"column-2\">Rijeka<\/td><td class=\"column-3\">366 Km<\/td><td class=\"column-4\">290-350 kn<\/td><td class=\"column-5\"><\/td>\n<\/tr>\n<tr class=\"row-9 odd\">\n\t<td class=\"column-1\">Split<\/td><td class=\"column-2\">Pula<\/td><td class=\"column-3\">470 Km<\/td><td class=\"column-4\">400 kn<\/td><td class=\"column-5\"><\/td>\n<\/tr>\n<tr class=\"row-10 even\">\n\t<td class=\"column-1\">Split<\/td><td class=\"column-2\">Plitvice<\/td><td class=\"column-3\">276 Km<\/td><td class=\"column-4\">130-160 kn<\/td><td class=\"column-5\"><a href=\"http:\/\/www.buscroatia.com\/dk\/udflugter-split\/\">Book her<\/a><\/td>\n<\/tr>\n<tr class=\"row-11 odd\">\n\t<td class=\"column-1\">Dubrovnik<\/td><td class=\"column-2\">Split<\/td><td class=\"column-3\">227 Km<\/td><td class=\"column-4\">100-140 kn<\/td><td class=\"column-5\"><a href=\"http:\/\/www.buscroatia.com\/dk\/udflugter-dubrovnik\/\">Book her<\/a><\/td>\n<\/tr>\n<tr class=\"row-12 even\">\n\t<td class=\"column-1\">Dubrovnik<\/td><td class=\"column-2\">Budva<\/td><td class=\"column-3\">115 Km<\/td><td class=\"column-4\">100 kn<\/td><td class=\"column-5\"><a href=\"http:\/\/www.buscroatia.com\/dk\/udflugter-dubrovnik\/\">Book her<\/a><\/td>\n<\/tr>\n<tr class=\"row-13 odd\">\n\t<td class=\"column-1\">Dubrovnik<\/td><td class=\"column-2\">Kotor<\/td><td class=\"column-3\">93 Km<\/td><td class=\"column-4\">80 kn<\/td><td class=\"column-5\"><a href=\"http:\/\/www.buscroatia.com\/dk\/udflugter-dubrovnik\/\">Book her<\/a><\/td>\n<\/tr>\n<tr class=\"row-14 even\">\n\t<td class=\"column-1\">Dubrovnik<\/td><td class=\"column-2\">Zagreb<\/td><td class=\"column-3\">599 Km<\/td><td class=\"column-4\">155-250 kn<\/td><td class=\"column-5\"><\/td>\n<\/tr>\n<tr class=\"row-15 odd\">\n\t<td class=\"column-1\">Dubrovnik<\/td><td class=\"column-2\">Zadar<\/td><td class=\"column-3\">346 Km<\/td><td class=\"column-4\">190-270 kn<\/td><td class=\"column-5\"><\/td>\n<\/tr>\n<tr class=\"row-16 even\">\n\t<td class=\"column-1\">Dubrovnik<\/td><td class=\"column-2\">Pula<\/td><td class=\"column-3\">658 Km<\/td><td class=\"column-4\">550-600 kn<\/td><td class=\"column-5\"><\/td>\n<\/tr>\n<tr class=\"row-17 odd\">\n\t<td class=\"column-1\">Dubrovnik<\/td><td class=\"column-2\">Rijeka<\/td><td class=\"column-3\">554 Km<\/td><td class=\"column-4\">400-520 kn<\/td><td class=\"column-5\"><\/td>\n<\/tr>\n<tr class=\"row-18 even\">\n\t<td class=\"column-1\">Dubrovnik<\/td><td class=\"column-2\">Makarska<\/td><td class=\"column-3\">152 Km<\/td><td class=\"column-4\">100-120 kn<\/td><td class=\"column-5\"><\/td>\n<\/tr>\n<tr class=\"row-19 odd\">\n\t<td class=\"column-1\">Dubrovnik<\/td><td class=\"column-2\">Mostar<\/td><td class=\"column-3\">125 Km<\/td><td class=\"column-4\">90-100 kn<\/td><td class=\"column-5\"><a href=\"http:\/\/www.buscroatia.com\/dk\/udflugter-dubrovnik\/\">Book her<\/a><\/td>\n<\/tr>\n<tr class=\"row-20 even\">\n\t<td class=\"column-1\">Dubrovnik<\/td><td class=\"column-2\">Medjugorje<\/td><td class=\"column-3\">130 Km<\/td><td class=\"column-4\">90-100 kn<\/td><td class=\"column-5\"><a href=\"http:\/\/www.buscroatia.com\/dk\/udflugter-dubrovnik\/\">Book her<\/a><\/td>\n<\/tr>\n<tr class=\"row-21 odd\">\n\t<td class=\"column-1\">Zadar<\/td><td class=\"column-2\">Plitvice<\/td><td class=\"column-3\">152 Km<\/td><td class=\"column-4\">85-105 kn<\/td><td class=\"column-5\"><a href=\"http:\/\/www.buscroatia.com\/dk\/udflugter-zadar\/\">Book her<\/a><\/td>\n<\/tr>\n<tr class=\"row-22 even\">\n\t<td class=\"column-1\">Zadar<\/td><td class=\"column-2\">Split<\/td><td class=\"column-3\">158 Km<\/td><td class=\"column-4\">80-145 kn<\/td><td class=\"column-5\"><\/td>\n<\/tr>\n<tr class=\"row-23 odd\">\n\t<td class=\"column-1\">Zadar<\/td><td class=\"column-2\">Dubrovnik<\/td><td class=\"column-3\">346 Km<\/td><td class=\"column-4\">190-270 kn<\/td><td class=\"column-5\"><\/td>\n<\/tr>\n<tr class=\"row-24 even\">\n\t<td class=\"column-1\">Zadar<\/td><td class=\"column-2\">Zagreb<\/td><td class=\"column-3\">287 Km<\/td><td class=\"column-4\">100-150 kn<\/td><td class=\"column-5\"><\/td>\n<\/tr>\n<tr class=\"row-25 odd\">\n\t<td class=\"column-1\">Zadar<\/td><td class=\"column-2\">Rijeka<\/td><td class=\"column-3\">242 Km<\/td><td class=\"column-4\">150-200 kn<\/td><td class=\"column-5\"><\/td>\n<\/tr>\n<tr class=\"row-26 even\">\n\t<td class=\"column-1\">Zadar<\/td><td class=\"column-2\">Sibenik<\/td><td class=\"column-3\">88 Km<\/td><td class=\"column-4\">45-60 kn<\/td><td class=\"column-5\"><\/td>\n<\/tr>\n<tr class=\"row-27 odd\">\n\t<td class=\"column-1\">Rijeka<\/td><td class=\"column-2\">Pula<\/td><td class=\"column-3\">108 Km<\/td><td class=\"column-4\">100-110 kn<\/td><td class=\"column-5\"><\/td>\n<\/tr>\n<tr class=\"row-28 even\">\n\t<td class=\"column-1\">Rijeka<\/td><td class=\"column-2\">Porec<\/td><td class=\"column-3\">89 Km<\/td><td class=\"column-4\">70-90 kn<\/td><td class=\"column-5\"><\/td>\n<\/tr>\n<tr class=\"row-29 odd\">\n\t<td class=\"column-1\">Rijeka<\/td><td class=\"column-2\">Rovinj<\/td><td class=\"column-3\">91 Km<\/td><td class=\"column-4\">90-120 kn<\/td><td class=\"column-5\"><\/td>\n<\/tr>\n<tr class=\"row-30 even\">\n\t<td class=\"column-1\">Rijeka<\/td><td class=\"column-2\">Zagreb<\/td><td class=\"column-3\">166 Km<\/td><td class=\"column-4\">85-155 kn<\/td><td class=\"column-5\"><\/td>\n<\/tr>\n<tr class=\"row-31 odd\">\n\t<td class=\"column-1\">Rijeka<\/td><td class=\"column-2\">Zadar<\/td><td class=\"column-3\">242 Km<\/td><td class=\"column-4\">180-220 kn<\/td><td class=\"column-5\"><\/td>\n<\/tr>\n<tr class=\"row-32 even\">\n\t<td class=\"column-1\">Rijeka<\/td><td class=\"column-2\">Split<\/td><td class=\"column-3\">366 Km<\/td><td class=\"column-4\">290-350 kn<\/td><td class=\"column-5\"><\/td>\n<\/tr>\n<tr class=\"row-33 odd\">\n\t<td class=\"column-1\">Rijeka<\/td><td class=\"column-2\">Dubrovnik<\/td><td class=\"column-3\">554 Km<\/td><td class=\"column-4\">400-520 kn<\/td><td class=\"column-5\"><\/td>\n<\/tr>\n<tr class=\"row-34 even\">\n\t<td class=\"column-1\">Zagreb<\/td><td class=\"column-2\">Split<\/td><td class=\"column-3\">411 Km<\/td><td class=\"column-4\">150-220 kn<\/td><td class=\"column-5\"><\/td>\n<\/tr>\n<tr class=\"row-35 odd\">\n\t<td class=\"column-1\">Zagreb<\/td><td class=\"column-2\">Dubrovnik<\/td><td class=\"column-3\">599 Km<\/td><td class=\"column-4\">155-250 kn<\/td><td class=\"column-5\"><\/td>\n<\/tr>\n<tr class=\"row-36 even\">\n\t<td class=\"column-1\">Zagreb<\/td><td class=\"column-2\">Zadar<\/td><td class=\"column-3\">287 Km<\/td><td class=\"column-4\">120-145 kn<\/td><td class=\"column-5\"><\/td>\n<\/tr>\n<tr class=\"row-37 odd\">\n\t<td class=\"column-1\">Zagreb<\/td><td class=\"column-2\">Rijeka<\/td><td class=\"column-3\">166 Km<\/td><td class=\"column-4\">85-155 kn<\/td><td class=\"column-5\"><\/td>\n<\/tr>\n<tr class=\"row-38 even\">\n\t<td class=\"column-1\">Zagreb<\/td><td class=\"column-2\">Pula<\/td><td class=\"column-3\">267 Km<\/td><td class=\"column-4\">150-195 kn<\/td><td class=\"column-5\"><\/td>\n<\/tr>\n<tr class=\"row-39 odd\">\n\t<td class=\"column-1\">Zagreb<\/td><td class=\"column-2\">Porec<\/td><td class=\"column-3\">248 Km<\/td><td class=\"column-4\">145-215 kn<\/td><td class=\"column-5\"><\/td>\n<\/tr>\n<tr class=\"row-40 even\">\n\t<td class=\"column-1\">Zagreb<\/td><td class=\"column-2\">Rovinj<\/td><td class=\"column-3\">250 Km<\/td><td class=\"column-4\">150-195 kn<\/td><td class=\"column-5\"><\/td>\n<\/tr>\n<tr class=\"row-41 odd\">\n\t<td class=\"column-1\">Zagreb<\/td><td class=\"column-2\">Sibenik<\/td><td class=\"column-3\">339 Km<\/td><td class=\"column-4\">135-165 kn<\/td><td class=\"column-5\"><\/td>\n<\/tr>\n<tr class=\"row-42 even\">\n\t<td class=\"column-1\">Zagreb<\/td><td class=\"column-2\">Plitvice<\/td><td class=\"column-3\">137 km<\/td><td class=\"column-4\">90-105 kn<\/td><td class=\"column-5\"><\/td>\n<\/tr>\n<tr class=\"row-43 odd\">\n\t<td class=\"column-1\">Zagreb<\/td><td class=\"column-2\">Belgrade<\/td><td class=\"column-3\">395 Km<\/td><td class=\"column-4\">215-220 kn<\/td><td class=\"column-5\"><\/td>\n<\/tr>\n<tr class=\"row-44 even\">\n\t<td class=\"column-1\">Zagreb<\/td><td class=\"column-2\">Venice<\/td><td class=\"column-3\">376 Km<\/td><td class=\"column-4\">320 kn<\/td><td class=\"column-5\"><\/td>\n<\/tr>\n<tr class=\"row-45 odd\">\n\t<td class=\"column-1\">Pula<\/td><td class=\"column-2\">Venice<\/td><td class=\"column-3\">284 Km<\/td><td class=\"column-4\">180-220 kn<\/td><td class=\"column-5\"><a href=\"http:\/\/www.buscroatia.com\/dk\/udflugter-pula\/\">Book her<\/a><\/td>\n<\/tr>\n<tr class=\"row-46 even\">\n\t<td class=\"column-1\">Pula<\/td><td class=\"column-2\">Trieste<\/td><td class=\"column-3\">122 Km<\/td><td class=\"column-4\">80-120 kn<\/td><td class=\"column-5\"><a href=\"http:\/\/www.buscroatia.com\/dk\/udflugter-pula\/\">Book her<\/a><\/td>\n<\/tr>\n<tr class=\"row-47 odd\">\n\t<td class=\"column-1\">Pula<\/td><td class=\"column-2\">Rovinj<\/td><td class=\"column-3\">36 Km<\/td><td class=\"column-4\">35-45 kn<\/td><td class=\"column-5\"><\/td>\n<\/tr>\n<tr class=\"row-48 even\">\n\t<td class=\"column-1\">Pula<\/td><td class=\"column-2\">Porec<\/td><td class=\"column-3\">60 Km<\/td><td class=\"column-4\">50-70 kn<\/td><td class=\"column-5\"><\/td>\n<\/tr>\n<tr class=\"row-49 odd\">\n\t<td class=\"column-1\">Pula<\/td><td class=\"column-2\">Umag<\/td><td class=\"column-3\">86 Km<\/td><td class=\"column-4\">70-80 kn<\/td><td class=\"column-5\"><\/td>\n<\/tr>\n<tr class=\"row-50 even\">\n\t<td class=\"column-1\">Pula<\/td><td class=\"column-2\">Ljubljana<\/td><td class=\"column-3\">204 Km<\/td><td class=\"column-4\">160-180 kn<\/td><td class=\"column-5\"><\/td>\n<\/tr>\n<tr class=\"row-51 odd\">\n\t<td class=\"column-1\">Pula<\/td><td class=\"column-2\">Milan<\/td><td class=\"column-3\">540 Km<\/td><td class=\"column-4\">400-450 kn<\/td><td class=\"column-5\"><\/td>\n<\/tr>\n<tr class=\"row-52 even\">\n\t<td class=\"column-1\">Airport Split<\/td><td class=\"column-2\">Split<\/td><td class=\"column-3\">24 Km<\/td><td class=\"column-4\"><a href=\"http:\/\/www.buscroatia.com\/dk\/transport-lufthavn-split\/\">Info here<\/a><\/td><td class=\"column-5\"><\/td>\n<\/tr>\n<tr class=\"row-53 odd\">\n\t<td class=\"column-1\">Airport Dubrovnik<\/td><td class=\"column-2\">Dubrovnik<\/td><td class=\"column-3\">21 Km<\/td><td class=\"column-4\"><a href=\"http:\/\/www.buscroatia.com\/dk\/transport-lufthavn-dubrovnik\/\">Info here<\/a><\/td><td class=\"column-5\"><\/td>\n<\/tr>\n<tr class=\"row-54 even\">\n\t<td class=\"column-1\">Airport Zadar<\/td><td class=\"column-2\">Zadar<\/td><td class=\"column-3\">12 Km<\/td><td class=\"column-4\"><a href=\"http:\/\/www.buscroatia.com\/dk\/transport-lufthavn-zadar\/\">Info here<\/a><\/td><td class=\"column-5\"><\/td>\n<\/tr>\n<tr class=\"row-55 odd\">\n\t<td class=\"column-1\">Airport Zagreb<\/td><td class=\"column-2\">Zagreb<\/td><td class=\"column-3\">17 Km<\/td><td class=\"column-4\"><a href=\"http:\/\/www.buscroatia.com\/dk\/transport-lufthhavn-zagreb\/\">Info here<\/a><\/td><td class=\"column-5\"><\/td>\n<\/tr>\n<tr class=\"row-56 even\">\n\t<td class=\"column-1\">Airport Krk<\/td><td class=\"column-2\">Rijeka<\/td><td class=\"column-3\">30 Km<\/td><td class=\"column-4\"><a href=\"http:\/\/www.buscroatia.com\/dk\/transport-lufthavn-rijeka\/\">Info here<\/a><\/td><td class=\"column-5\"><\/td>\n<\/tr>\n<tr class=\"row-57 odd\">\n\t<td class=\"column-1\">Airport Pula<\/td><td class=\"column-2\">Pula<\/td><td class=\"column-3\">8 Km<\/td><td class=\"column-4\"><a href=\"http:\/\/www.buscroatia.com\/dk\/transport-lufthavn-pula\/\">Info here<\/a><\/td><td class=\"column-5\"><\/td>\n<\/tr>\n<\/tbody>\n<\/table>\n<!-- #tablepress-2 from cache -->\n","protected":false},"excerpt":{"rendered":"<p>Hvis man planl\u00e6gger at rejse rundt i Kroatien med bus, er man selvf\u00f8lgelig interesseret i at vide hvad busbilletterne koster, men desv\u00e6rre er det eneste sted, hvor man (i \u00f8jeblikket) kan se en detaljeret prisliste, p\u00e5 den lokale bus station. Men for at g\u00f8re det en smule nemmere for dig har vi lavet en liste [&hellip;]<\/p>\n","protected":false},"author":2,"featured_media":0,"parent":0,"menu_order":0,"comment_status":"open","ping_status":"open","template":"","meta":[],"aioseo_notices":[],"_links":{"self":[{"href":"https:\/\/www.buscroatia.com\/dk\/wp-json\/wp\/v2\/pages\/656"}],"collection":[{"href":"https:\/\/www.buscroatia.com\/dk\/wp-json\/wp\/v2\/pages"}],"about":[{"href":"https:\/\/www.buscroatia.com\/dk\/wp-json\/wp\/v2\/types\/page"}],"author":[{"embeddable":true,"href":"https:\/\/www.buscroatia.com\/dk\/wp-json\/wp\/v2\/users\/2"}],"replies":[{"embeddable":true,"href":"https:\/\/www.buscroatia.com\/dk\/wp-json\/wp\/v2\/comments?post=656"}],"version-history":[{"count":8,"href":"https:\/\/www.buscroatia.com\/dk\/wp-json\/wp\/v2\/pages\/656\/revisions"}],"predecessor-version":[{"id":668,"href":"https:\/\/www.buscroatia.com\/dk\/wp-json\/wp\/v2\/pages\/656\/revisions\/668"}],"wp:attachment":[{"href":"https:\/\/www.buscroatia.com\/dk\/wp-json\/wp\/v2\/media?parent=656"}],"curies":[{"name":"wp","href":"https:\/\/api.w.org\/{rel}","templated":true}]}}