{"id":35,"date":"2012-07-24T10:51:07","date_gmt":"2012-07-24T10:51:07","guid":{"rendered":"http:\/\/www.buscroatia.com\/dk\/?page_id=35"},"modified":"2024-03-08T09:54:12","modified_gmt":"2024-03-08T09:54:12","slug":"zagreb-busstation","status":"publish","type":"page","link":"https:\/\/www.buscroatia.com\/dk\/zagreb-busstation\/","title":{"rendered":"Zagreb"},"content":{"rendered":"\n<div class=\"wp-block-image\"><figure class=\"alignright\"><a href=\"https:\/\/www.buscroatia.com\/dk\/wp-content\/uploads\/2012\/07\/Zagreb.jpg\" rel=\"lightbox[35]\"><img decoding=\"async\" loading=\"lazy\" width=\"300\" height=\"225\" src=\"https:\/\/www.buscroatia.com\/dk\/wp-content\/uploads\/2012\/07\/Zagreb-300x225.jpg\" alt=\"Zagreb\" class=\"wp-image-103\" srcset=\"https:\/\/www.buscroatia.com\/dk\/wp-content\/uploads\/2012\/07\/Zagreb-300x225.jpg 300w, https:\/\/www.buscroatia.com\/dk\/wp-content\/uploads\/2012\/07\/Zagreb.jpg 1024w\" sizes=\"(max-width: 300px) 100vw, 300px\" \/><\/a><figcaption>Centrum af Zagreb<\/figcaption><\/figure><\/div>\n\n\n\n<p><strong>Busstationen i Zagreb<\/strong> blev grundlagt i 1961 og den fik sit nuv\u00e6rende udseende i 1987 da en tilbygning blev bygget med de tilh\u00f8rende terminaler.<\/p>\n\n\n\n<p>Zagrebs busstation er den <strong>st\u00f8rste og mest moderne terminal i denne del af Europa<\/strong>. Den tilbyder dens passagerer en hurtig og sikker transport til alle destinationer i Kroatien samt alle st\u00f8rre byer i Europa.<\/p>\n\n\n\n<p>Beliggende n\u00e6r den centrale midtby, de mest trafikeret veje i byen og en stor bevogtet parkeringsplads er bus station nem at komme til og fra.<\/p>\n\n\n\n<p><strong><span style=\"text-decoration: underline;\">Hvad finder man ved Zagrebs busstation<br><\/span><\/strong><\/p>\n\n\n\n<p>Informationen p\u00e5 busstationen tilbyder alle informationer ang. <strong>Ankomster og afgange af busser fra Zagrebs busstation<\/strong> samt andre Kroatiske og Europ\u00e6iske byer, som ankommer til Zagrebs busstation. Femten billet kabiner beliggende i midten af bygningen kan hj\u00e6lpe dig med en billet i l\u00f8bet af ingen tid.&nbsp; <strong>Zagreb bus station har 44 platforme<\/strong> s\u00e5 det kan godt tage et par minutter at orientere sig.<\/p>\n\n\n\n<p>Busstationens<strong> bagage opbevaringen<\/strong> er placeret ved siden af ankomst platformen 106 I. Der er ogs\u00e5 en fragtcentral i bagageopbevaring afdelingen.<br><script type=\"text\/javascript\">\/\/ <![CDATA[\ngoogle_ad_client = \"\"; \/* Bus728-dk *\/ google_ad_slot = \"1807393018\"; google_ad_width = 728; google_ad_height = 90;\n\/\/ ]]><\/script><br><script type=\"text\/javascript\" src=\"https:\/\/pagead2.googlesyndication.com\/pagead\/show_ads.js\">\/\/ <![CDATA[\n\n\n\/\/ ]]><\/script><\/p>\n\n\n\n<p>Parkeringsplads findes p\u00e5 nord siden af busstationen (indgang fra Drzic gaden), da pladsen er temmelig stor kan man n\u00e6sten altid finde en parkeringspladser, her.<\/p>\n\n\n\n<p>Ved <strong>telefonisk booking<\/strong> ring +385 1 6112 789 eller 060 313 333 (1,71 \u20ac fra fastnet telefon eller 2,92 \u20ac fra mobil net inkl. moms) man kan ogs\u00e5 bede om at f\u00e5 sendt billetterne til ens hjemme adresse.<\/p>\n\n\n\n<p><strong><span style=\"text-decoration: underline;\">Mest popul\u00e6re ruter fra Zagrebs busstation<br><\/span><\/strong><\/p>\n\n\n\n<p>Som hovedstad i Kroatien tilbyder Zagreb <strong>transport til n\u00e6sten alle destinationer i Kroatien<\/strong>, samt st\u00f8rre byer i Europa. De mest popul\u00e6re ruter er:<\/p>\n\n\n\n<figure class=\"wp-block-table\"><table><tbody><tr><td><span style=\"color: #0000ff; text-decoration: underline;\">Intercity busruter<\/span><\/td><td><span style=\"color: #0000ff; text-decoration: underline;\">Regionale busruter<\/span><\/td><td><span style=\"color: #0000ff; text-decoration: underline;\">Internationale Busruter<\/span><\/td><\/tr><tr><td><a href=\"https:\/\/www.buscroatia.com\/dk\/rute-soegning\/?dS=Zagreb&amp;aS=Split&amp;d=&amp;t=\" target=\"_blank\" rel=\"noopener\">Zagreb &#8211; Split<\/a><\/td><td>&nbsp;<\/td><td><a href=\"https:\/\/www.buscroatia.com\/dk\/rute-soegning\/?dS=Zagreb&amp;aS=Belgrade+%28Srb%29&amp;d=&amp;t=\" target=\"_blank\" rel=\"noopener\">Zagreb &#8211; Belgrade<\/a><\/td><\/tr><tr><td><a href=\"https:\/\/www.buscroatia.com\/dk\/rute-soegning\/?dS=Zagreb&amp;aS=Zadar&amp;d=&amp;t=\" target=\"_blank\" rel=\"noopener\">Zagreb &#8211; Zadar<\/a><\/td><td>&nbsp;<\/td><td>Zagreb &#8211; Budapest<\/td><\/tr><tr><td><a href=\"https:\/\/www.buscroatia.com\/dk\/rute-soegning\/?dS=Zagreb&amp;aS=Dubrovnik&amp;d=&amp;t=\" target=\"_blank\" rel=\"noopener\">Zagreb &#8211; Dubrovnik<\/a><\/td><td>&nbsp;<\/td><td>Zagreb &#8211; Tyskland<\/td><\/tr><tr><td><a href=\"https:\/\/www.buscroatia.com\/dk\/rute-soegning\/?dS=Zagreb&amp;aS=Rijeka&amp;d=&amp;t=\" target=\"_blank\" rel=\"noopener\">Zagreb &#8211; Rijeka<\/a><\/td><td>&nbsp;<\/td><td>Zagreb &#8211; \u00d8strig<\/td><\/tr><tr><td>Zagreb &#8211; Plitvice S\u00f8erne<\/td><td>&nbsp;<\/td><td>&nbsp;<\/td><\/tr><tr><td><a title=\"Fra Zagreb til Novalja\" href=\"https:\/\/www.buscroatia.com\/dk\/fra-zagreb-til-novalja\/\">Zagreb &#8211; Novalja<\/a><\/td><td>&nbsp;<\/td><td>&nbsp;<\/td><\/tr><tr><td>&nbsp;<\/td><td>&nbsp;<\/td><td>&nbsp;<\/td><\/tr><\/tbody><\/table><\/figure>\n\n\n\n<p><strong><span style=\"text-decoration: underline;\">Zagrebs busstation video<\/span><\/strong><\/p>\n\n\n\n<iframe loading=\"lazy\" width=\"560\" height=\"315\" src=\"https:\/\/www.youtube.com\/embed\/f6LeCCjx_nQ?si=FI0Il9bk00PhI08J\" title=\"YouTube video player\" frameborder=\"0\" allow=\"accelerometer; autoplay; clipboard-write; encrypted-media; gyroscope; picture-in-picture; web-share\" allowfullscreen><\/iframe>\n\n\n\n<p><strong><span style=\"text-decoration: underline;\">Busstation placering<\/span><\/strong><\/p>\n\n\n\n<p><iframe loading=\"lazy\" src=\"https:\/\/maps.google.co.uk\/maps\/ms?msa=0&amp;msid=208501521610253693382.0004b80249fb6e9020687&amp;ie=UTF8&amp;t=h&amp;ll=45.804318,15.992897&amp;spn=0.003366,0.006427&amp;z=17&amp;output=embed\" width=\"700\" height=\"450\" frameborder=\"0\" marginwidth=\"0\" marginheight=\"0\" scrolling=\"no\"><\/iframe><br><small>View <a style=\"color: #0000ff; text-align: left;\" href=\"https:\/\/maps.google.co.uk\/maps\/ms?msa=0&amp;msid=208501521610253693382.0004b80249fb6e9020687&amp;ie=UTF8&amp;t=h&amp;ll=45.804318,15.992897&amp;spn=0.003366,0.006427&amp;z=17&amp;source=embed\">Bus Station Zagreb<\/a> in a larger map<\/small><\/p>\n\n\n\n<p><strong><span style=\"text-decoration: underline;\">Busstations adresse<\/span><\/strong><\/p>\n\n\n\n<p>ZAGREBA\u010cKI HOLDING d.o.o<br><strong>Podru\u017enica Autobusni kolodvor Zagreb<\/strong><strong><br><\/strong>Avenija Marina Dr\u017ei\u0107a 4<br>10000 Zagreb<br>Tel:&nbsp;&nbsp; +385 1 6008 600<br>Fax:&nbsp; +385 1 6008 616<\/p>\n\n\n\n<p><strong>Info om k\u00f8replaner og billet reservation<\/strong><\/p>\n\n\n\n<p>Tel:&nbsp; &nbsp;+385 1 6112 789<br>Tel:&nbsp;&nbsp;&nbsp;&nbsp; 060 313 333<\/p>\n\n\n\n<p>(1,71 kn\/min fra fast net, 2,92 kn\/min fra mobil net, inkl moms)<\/p>\n\n\n\n<p><a href=\"mailto:promet@akz.hr\">promet@akz.hr<\/a><\/p>\n\n\n\n<p><strong>Fragt service \/ Bagageservice<\/strong><\/p>\n\n\n\n<p>Tel:&nbsp;+385 1 6008 649<\/p>\n\n\n\n<p><a href=\"mailto:cargo@akz.hr\">cargo@akz.hr<\/a><\/p>\n","protected":false},"excerpt":{"rendered":"<p>Busstationen i Zagreb blev grundlagt i 1961 og den fik sit nuv\u00e6rende udseende i 1987 da en tilbygning blev bygget med de tilh\u00f8rende terminaler. Zagrebs busstation er den st\u00f8rste og mest moderne terminal i denne del af Europa. Den tilbyder dens passagerer en hurtig og sikker transport til alle destinationer i Kroatien samt alle st\u00f8rre [&hellip;]<\/p>\n","protected":false},"author":1,"featured_media":103,"parent":0,"menu_order":0,"comment_status":"open","ping_status":"open","template":"pages-templates\/bus-station.php","meta":[],"aioseo_notices":[],"_links":{"self":[{"href":"https:\/\/www.buscroatia.com\/dk\/wp-json\/wp\/v2\/pages\/35"}],"collection":[{"href":"https:\/\/www.buscroatia.com\/dk\/wp-json\/wp\/v2\/pages"}],"about":[{"href":"https:\/\/www.buscroatia.com\/dk\/wp-json\/wp\/v2\/types\/page"}],"author":[{"embeddable":true,"href":"https:\/\/www.buscroatia.com\/dk\/wp-json\/wp\/v2\/users\/1"}],"replies":[{"embeddable":true,"href":"https:\/\/www.buscroatia.com\/dk\/wp-json\/wp\/v2\/comments?post=35"}],"version-history":[{"count":18,"href":"https:\/\/www.buscroatia.com\/dk\/wp-json\/wp\/v2\/pages\/35\/revisions"}],"predecessor-version":[{"id":12456,"href":"https:\/\/www.buscroatia.com\/dk\/wp-json\/wp\/v2\/pages\/35\/revisions\/12456"}],"wp:featuredmedia":[{"embeddable":true,"href":"https:\/\/www.buscroatia.com\/dk\/wp-json\/wp\/v2\/media\/103"}],"wp:attachment":[{"href":"https:\/\/www.buscroatia.com\/dk\/wp-json\/wp\/v2\/media?parent=35"}],"curies":[{"name":"wp","href":"https:\/\/api.w.org\/{rel}","templated":true}]}}