{"id":32,"date":"2012-07-24T10:50:10","date_gmt":"2012-07-24T10:50:10","guid":{"rendered":"http:\/\/www.buscroatia.com\/dk\/?page_id=32"},"modified":"2013-12-26T20:54:20","modified_gmt":"2013-12-26T20:54:20","slug":"porec-busstation","status":"publish","type":"page","link":"https:\/\/www.buscroatia.com\/dk\/porec-busstation\/","title":{"rendered":"Porec"},"content":{"rendered":"<p><a href=\"https:\/\/www.buscroatia.com\/dk\/wp-content\/uploads\/2012\/07\/Porec.jpg\" rel=\"lightbox[32]\"><img decoding=\"async\" loading=\"lazy\" class=\"alignright size-medium wp-image-69\" title=\"Porec\" alt=\"Porec\" src=\"https:\/\/www.buscroatia.com\/dk\/wp-content\/uploads\/2012\/07\/Porec-300x225.jpg\" width=\"300\" height=\"225\" srcset=\"https:\/\/www.buscroatia.com\/dk\/wp-content\/uploads\/2012\/07\/Porec-300x225.jpg 300w, https:\/\/www.buscroatia.com\/dk\/wp-content\/uploads\/2012\/07\/Porec.jpg 1024w\" sizes=\"(max-width: 300px) 100vw, 300px\" \/><\/a>Busstationen i Porec er beliggende ca. 500 meter fra den gamle bydel og kun 100 meter fra havne promenaden.<\/p>\n<p>Fra busstationen i Porec finder man bus forbindelser til st\u00f8rre byer i Istrien og internationale destinationer som feks. Triest i Italien.<\/p>\n<p><strong><span style=\"text-decoration: underline;\">Hvad finder man ved Porec busstation<br \/>\n<\/span><\/strong><\/p>\n<p>Ved busstationen finder du en kiosk, en fast food restaurant samt en h\u00e6veautomat. Hotel Porec ligger ved siden af busstationen, her kan du f\u00e5 internet adgang eller veksle penge. Selvf\u00f8lgelig er der ogs\u00e5 en masse kaffebars i omr\u00e5det.<br \/>\n<script type=\"text\/javascript\">\/\/ <![CDATA[\ngoogle_ad_client = \"\"; \/* Bus728-dk *\/ google_ad_slot = \"1807393018\"; google_ad_width = 728; google_ad_height = 90;\n\/\/ ]]><\/script><br \/>\n<script type=\"text\/javascript\" src=\"https:\/\/pagead2.googlesyndication.com\/pagead\/show_ads.js\">\/\/ <![CDATA[\n\n\n\/\/ ]]><\/script><\/p>\n<p><b><span style=\"text-decoration: underline;\">Overnatning t\u00e6t ved busstationen i Porec<\/span><\/b><\/p>\n<p>Som n\u00e6vnt ovenfor er <b>Porec bus station <\/b>beliggende temmelig t\u00e6t p\u00e5 byens centrum, hvilket betyder, at der er et <b>stort udvalg af ferielejligheder<\/b> og vandrehjem i g\u00e5afstand. Bortset fra Hotel Porec og et par mindre hoteller, ligger st\u00f8rstedelen af hotellerne (der er ganske mange) syd for byens centrum, disse hoteller kan n\u00e5s med bus eller langsom tog. Man kan finde de fleste af de <span style=\"color: #0000ff;\"><b>hoteller, ferielejligheder og vandrehjem i Porec<\/b><\/span> her.<\/p>\n<table width=\"720\" border=\"0\" cellspacing=\"2\" cellpadding=\"2\">\n<tbody>\n<tr>\n<td align=\"center\" width=\"240\">\n<p align=\"center\"><a href=\"https:\/\/www.buscroatia.com\/dk\/feriebolig-porec\"><img decoding=\"async\" loading=\"lazy\" style=\"margin: 0px 1px 1px;\" alt=\"\" src=\"http:\/\/buscroatia.com\/wp-content\/uploads\/info\/Feriebolig.jpg\" width=\"225\" height=\"50\" \/><\/a><\/p>\n<p align=\"center\"><strong><span style=\"color: #000000; font-size: large;\">Porec<\/span><\/strong><\/p>\n<\/td>\n<td align=\"center\" width=\"240\">\n<p align=\"center\"><a href=\"https:\/\/www.buscroatia.com\/dk\/hotel-i-porec\" target=\"_blank\"><img decoding=\"async\" style=\"margin: 0px 1px 1px;\" alt=\"\" src=\"https:\/\/www.buscroatia.com\/wp-content\/uploads\/2012\/08\/Icon-hotel.jpg\" \/><\/a><\/p>\n<p align=\"center\"><strong><span style=\"color: #000000; font-size: large;\"><strong>Porec<\/strong><\/span><\/strong><\/p>\n<\/td>\n<td align=\"center\" width=\"240\">\n<p align=\"center\"><a href=\"https:\/\/www.buscroatia.com\/dk\/hostel-i-porec\" target=\"_blank\"><img decoding=\"async\" style=\"margin: 0px 1px 1px;\" alt=\"\" src=\"https:\/\/www.buscroatia.com\/wp-content\/uploads\/2012\/08\/Icon-hostel.jpg\" \/><\/a><\/p>\n<p align=\"center\"><strong><span style=\"color: #000000; font-size: large;\"><strong>Porec<\/strong><\/span><\/strong><\/p>\n<\/td>\n<\/tr>\n<\/tbody>\n<\/table>\n<p><b><span style=\"text-decoration: underline;\">Bil udlejning i Porec<\/span><\/b><\/p>\n<p>Hvis man har <b>brug for en lejet bil under sit ophold i Porec<\/b> eller til den videre rejse i Kroatien, kan man leje en fra flere af <b>rejsebureauerne i den gamle by.<\/b> Desuden er der ogs\u00e5 mulighed for at leje en bil p\u00e5 de fleste af de st\u00f8rre hoteller. Man kan se <span style=\"color: #0000ff;\"><b>aktuelle biludlejning tilbyder <\/b><\/span>i Porec <a href=\"https:\/\/www.buscroatia.com\/dk\/billeje\" target=\"_blank\">her<\/a>.<\/p>\n<p><strong><span style=\"text-decoration: underline;\"><span style=\"color: #ff0000; text-decoration: underline;\">Mest popul\u00e6re ruter fra Porec busstation<\/span><br \/>\n<\/span><\/strong><\/p>\n<p>Porec er en <b>mindre destination<\/b> i forhold til busser, hvilket betyder, at antallet af direkte bus forbindelser til byer l\u00e6ngere v\u00e6k ligesom fx Split er begr\u00e6nset, i disse tilf\u00e6lde vil man finde et <b>st\u00f8rre udvalg af bus forbindelser<\/b>, hvis man f\u00f8rste rejser fra Porec til Rijeka og s\u00e5 derfra videre til den endelige destination i Kroatien.<\/p>\n<table width=\"700\" border=\"1\" cellspacing=\"1\" cellpadding=\"1\">\n<tbody>\n<tr>\n<td style=\"text-align: center;\" valign=\"top\" width=\"233\"><span style=\"color: #0000ff; text-decoration: underline;\">Intercity busruter<\/span><\/td>\n<td style=\"text-align: center;\" valign=\"top\" width=\"233\"><span style=\"color: #0000ff; text-decoration: underline;\">Regionale busruter<\/span><\/td>\n<td style=\"text-align: center;\" valign=\"top\" width=\"233\"><span style=\"color: #0000ff; text-decoration: underline;\">Internationale Busruter<\/span><\/td>\n<\/tr>\n<tr>\n<td style=\"text-align: center;\" valign=\"top\" width=\"233\"><a href=\"https:\/\/www.buscroatia.com\/dk\/rute-soegning\/?dS=Porec&amp;aS=Zagreb&amp;d=&amp;t=\" target=\"_blank\">Porec &#8211; Zagreb<\/a><\/td>\n<td style=\"text-align: center;\" valign=\"top\" width=\"233\"><a title=\"Fra Porec til Pula\" href=\"https:\/\/www.buscroatia.com\/dk\/fra-porec-til-pula\/\">Porec &#8211; Pula<\/a><\/td>\n<td style=\"text-align: center;\" valign=\"top\" width=\"233\"><a title=\"Fra Porec til Trieste\" href=\"https:\/\/www.buscroatia.com\/dk\/fra-porec-til-trieste\/\">Porec &#8211; Triest<\/a><\/td>\n<\/tr>\n<tr>\n<td style=\"text-align: center;\" valign=\"top\" width=\"233\"><a href=\"https:\/\/www.buscroatia.com\/dk\/rute-soegning\/?dS=Porec&amp;aS=Rijeka&amp;d=&amp;t=\" target=\"_blank\">Porec &#8211; Rijeka<\/a><\/td>\n<td style=\"text-align: center;\" valign=\"top\" width=\"233\"><a title=\"Fra Porec til Rovinj\" href=\"https:\/\/www.buscroatia.com\/dk\/fra-porec-til-rovinj\/\">Porec &#8211; Rovinj<\/a><\/td>\n<td style=\"text-align: center;\" valign=\"top\" width=\"233\"><a title=\"Fra Porec til Venedig\" href=\"https:\/\/www.buscroatia.com\/dk\/fra-porec-til-venedig\/\">Porec &#8211; Venedig<\/a><\/td>\n<\/tr>\n<tr>\n<td style=\"text-align: center;\" valign=\"top\" width=\"233\"><\/td>\n<td style=\"text-align: center;\" valign=\"top\" width=\"233\"><a href=\"https:\/\/www.buscroatia.com\/dk\/rute-soegning\/?dS=Porec&amp;aS=Umag&amp;d=&amp;t=\" target=\"_blank\">Porec &#8211; Umag<\/a><\/td>\n<td style=\"text-align: center;\" valign=\"top\" width=\"233\">Porec &#8211; Tyskland<\/td>\n<\/tr>\n<tr>\n<td style=\"text-align: center;\" valign=\"top\" width=\"233\"><\/td>\n<td style=\"text-align: center;\" valign=\"top\" width=\"233\"><a href=\"http:\/\/www.porec.dk\/lufthavnen-i-pula-til-porec\/\" target=\"_blank\">Lufthavn Pula &#8211; Porec<\/a><\/td>\n<td style=\"text-align: center;\" valign=\"top\" width=\"233\">Porec &#8211; \u00d8strig<\/td>\n<\/tr>\n<tr>\n<td style=\"text-align: center;\" valign=\"top\" width=\"233\"><\/td>\n<td style=\"text-align: center;\" valign=\"top\" width=\"233\"><\/td>\n<td style=\"text-align: center;\" valign=\"top\" width=\"233\"><\/td>\n<\/tr>\n<\/tbody>\n<\/table>\n<p><span style=\"text-decoration: underline;\"><strong>Kort med beliggenhed af busstationen in Porec<\/strong><\/span><\/p>\n<p><iframe loading=\"lazy\" src=\"https:\/\/maps.google.co.uk\/maps\/ms?msid=208501521610253693382.0004b91ad7271f0c44170&amp;msa=0&amp;ie=UTF8&amp;t=h&amp;ll=45.22644,13.596847&amp;spn=0.010579,0.014999&amp;z=16&amp;output=embed\" height=\"700\" width=\"700\" frameborder=\"0\" marginwidth=\"0\" marginheight=\"0\" scrolling=\"no\"><\/iframe><br \/>\n<small>View <a style=\"color: #0000ff; text-align: left;\" href=\"https:\/\/maps.google.co.uk\/maps\/ms?msid=208501521610253693382.0004b91ad7271f0c44170&amp;msa=0&amp;ie=UTF8&amp;t=h&amp;ll=45.22644,13.596847&amp;spn=0.010579,0.014999&amp;z=16&amp;source=embed\">Bus Station Porec<\/a> in a larger map<\/small><\/p>\n<p><strong><span style=\"text-decoration: underline;\">Busstation adresse<\/span><\/strong><\/p>\n<p>Karla Huguesa 2<br \/>\n52440 Pore\u010d<br \/>\n+385 60 333111<\/p>\n","protected":false},"excerpt":{"rendered":"<p>Busstationen i Porec er beliggende ca. 500 meter fra den gamle bydel og kun 100 meter fra havne promenaden. Fra busstationen i Porec finder man bus forbindelser til st\u00f8rre byer i Istrien og internationale destinationer som feks. Triest i Italien. Hvad finder man ved Porec busstation Ved busstationen finder du en kiosk, en fast food [&hellip;]<\/p>\n","protected":false},"author":1,"featured_media":69,"parent":0,"menu_order":0,"comment_status":"open","ping_status":"open","template":"pages-templates\/bus-station.php","meta":[],"aioseo_notices":[],"_links":{"self":[{"href":"https:\/\/www.buscroatia.com\/dk\/wp-json\/wp\/v2\/pages\/32"}],"collection":[{"href":"https:\/\/www.buscroatia.com\/dk\/wp-json\/wp\/v2\/pages"}],"about":[{"href":"https:\/\/www.buscroatia.com\/dk\/wp-json\/wp\/v2\/types\/page"}],"author":[{"embeddable":true,"href":"https:\/\/www.buscroatia.com\/dk\/wp-json\/wp\/v2\/users\/1"}],"replies":[{"embeddable":true,"href":"https:\/\/www.buscroatia.com\/dk\/wp-json\/wp\/v2\/comments?post=32"}],"version-history":[{"count":21,"href":"https:\/\/www.buscroatia.com\/dk\/wp-json\/wp\/v2\/pages\/32\/revisions"}],"predecessor-version":[{"id":786,"href":"https:\/\/www.buscroatia.com\/dk\/wp-json\/wp\/v2\/pages\/32\/revisions\/786"}],"wp:featuredmedia":[{"embeddable":true,"href":"https:\/\/www.buscroatia.com\/dk\/wp-json\/wp\/v2\/media\/69"}],"wp:attachment":[{"href":"https:\/\/www.buscroatia.com\/dk\/wp-json\/wp\/v2\/media?parent=32"}],"curies":[{"name":"wp","href":"https:\/\/api.w.org\/{rel}","templated":true}]}}