{"id":29,"date":"2012-07-24T10:49:50","date_gmt":"2012-07-24T10:49:50","guid":{"rendered":"http:\/\/www.buscroatia.com\/dk\/?page_id=29"},"modified":"2013-12-26T20:55:09","modified_gmt":"2013-12-26T20:55:09","slug":"pula-busstation","status":"publish","type":"page","link":"https:\/\/www.buscroatia.com\/dk\/pula-busstation\/","title":{"rendered":"Pula"},"content":{"rendered":"<div id=\"attachment_115\" style=\"width: 310px\" class=\"wp-caption alignright\"><a href=\"https:\/\/www.buscroatia.com\/dk\/wp-content\/uploads\/2012\/07\/Pula.jpg\" rel=\"lightbox[29]\"><img aria-describedby=\"caption-attachment-115\" decoding=\"async\" loading=\"lazy\" class=\"size-medium wp-image-115\" title=\"Pula\" alt=\"Pula\" src=\"https:\/\/www.buscroatia.com\/dk\/wp-content\/uploads\/2012\/07\/Pula-300x225.jpg\" width=\"300\" height=\"225\" srcset=\"https:\/\/www.buscroatia.com\/dk\/wp-content\/uploads\/2012\/07\/Pula-300x225.jpg 300w, https:\/\/www.buscroatia.com\/dk\/wp-content\/uploads\/2012\/07\/Pula.jpg 1024w\" sizes=\"(max-width: 300px) 100vw, 300px\" \/><\/a><p id=\"caption-attachment-115\" class=\"wp-caption-text\">Amfiteatret i Pula &#8211; Arena<\/p><\/div>\n<p>Busstationen i Pula er beliggende 1,2 km fra midt byen og ca. <strong>800 meter fra Arenaen i Pula<\/strong>. Omkring 500 meter fra busstationen har man b\u00e5d forbindelser til de omkringliggende \u00f8er. <strong>Tog stationen ligger ca. 1 km fra busstationen<\/strong> p\u00e5 adressen Kolodvorska 5, hvilket er ca. 10 minutters g\u00e5 gang.<\/p>\n<p><strong><span style=\"text-decoration: underline;\">Faciliteter p\u00e5 Pulas busstation<br \/>\n<\/span><\/strong><\/p>\n<p>P\u00e5 den n\u00e6sten <strong>nye busstation i Pula<\/strong> er der en kiosk, en h\u00e6veautomat samt en kaffebar. Det n\u00e6rmeste hotel ligger ca. 500 meter fra stationen.<\/p>\n<p><b><span style=\"text-decoration: underline;\">Overnatning t\u00e6t ved busstationen i Pula<\/span><\/b><\/p>\n<p>Som n\u00e6vnt ovenfor er bus stationen beliggende lidt mere end 1 km fra byens centrum, men da alle <b>overnatningsmulighederne er spredt over byen<\/b>, b\u00f8r det ikke v\u00e6re et problem at finde en privat ferielejlighed eller et vandrehjem i g\u00e5afstand fra bus stationen. Man kan se priser og informationer om defleste <span style=\"color: #0000ff;\"><b>ferielejligheder, hoteller og vandrehjem i Pula<\/b><\/span> her.<\/p>\n<table width=\"720\" border=\"0\" cellspacing=\"2\" cellpadding=\"2\">\n<tbody>\n<tr>\n<td align=\"center\" width=\"240\">\n<p align=\"center\"><a href=\"https:\/\/www.buscroatia.com\/dk\/feriebolig-pula\"><img decoding=\"async\" loading=\"lazy\" style=\"margin: 0px 1px 1px;\" alt=\"\" src=\"http:\/\/buscroatia.com\/wp-content\/uploads\/info\/Feriebolig.jpg\" width=\"225\" height=\"50\" \/><\/a><\/p>\n<p align=\"center\"><strong><span style=\"color: #000000; font-size: large;\">Pula<\/span><\/strong><\/p>\n<\/td>\n<td align=\"center\" width=\"240\">\n<p align=\"center\"><a href=\"https:\/\/www.buscroatia.com\/dk\/hotel-i-pula\" target=\"_blank\"><img decoding=\"async\" style=\"margin: 0px 1px 1px;\" alt=\"\" src=\"https:\/\/www.buscroatia.com\/wp-content\/uploads\/2012\/08\/Icon-hotel.jpg\" \/><\/a><\/p>\n<p align=\"center\"><strong><span style=\"color: #000000; font-size: large;\"><strong>Pula<\/strong><\/span><\/strong><\/p>\n<\/td>\n<td align=\"center\" width=\"240\">\n<p align=\"center\"><a href=\"https:\/\/www.buscroatia.com\/dk\/hostel-pula\" target=\"_blank\"><img decoding=\"async\" style=\"margin: 0px 1px 1px;\" alt=\"\" src=\"https:\/\/www.buscroatia.com\/wp-content\/uploads\/2012\/08\/Icon-hostel.jpg\" \/><\/a><\/p>\n<p align=\"center\"><strong><span style=\"color: #000000; font-size: large;\"><strong>Pula<\/strong><\/span><\/strong><\/p>\n<\/td>\n<\/tr>\n<\/tbody>\n<\/table>\n<p><b><span style=\"text-decoration: underline;\">Bil udlejning i Pula<\/span><\/b><\/p>\n<p>Der er ingen biludlejning direkte ved <b>bus station i Pula<\/b>, men i bymidten er der flere rejsebureauer der udlejer biler. Hvis man flyver til Pulas lufthavn, kan det v\u00e6re billigere at leje bil derfra, da der mere <b>intern konkurrence blandt biludlejningsselskaberne<\/b>. Man kan <span style=\"color: #0000ff;\"><strong>tjekke biludlejning tilbuddene fra Pulas lufthavn og bycentrum<\/strong><\/span> <a href=\"https:\/\/www.buscroatia.com\/dk\/billeje\" target=\"_blank\">her<\/a>.<br \/>\n<script type=\"text\/javascript\">\/\/ <![CDATA[\ngoogle_ad_client = \"\"; \/* Bus728-dk *\/ google_ad_slot = \"1807393018\"; google_ad_width = 728; google_ad_height = 90;\n\/\/ ]]><\/script><br \/>\n<script type=\"text\/javascript\" src=\"https:\/\/pagead2.googlesyndication.com\/pagead\/show_ads.js\">\/\/ <![CDATA[\n\n\n\/\/ ]]><\/script><\/p>\n<p><span style=\"color: #ff0000;\"><strong><span style=\"text-decoration: underline;\">Mest popul\u00e6re ruter fra Pulas busstation<\/span><\/strong><\/span><\/p>\n<p>Rejser man til <b>destinationer i Dalmatien<\/b> eller i den \u00f8stlige del af Kroatien, vil man have flere forbindelser at v\u00e6lge mellem hvis man f\u00f8rst rejse fra Pula til Rijeka og s\u00e5 derfra videre til den endelige destination.<\/p>\n<table width=\"700\" border=\"1\" cellspacing=\"1\" cellpadding=\"1\">\n<tbody>\n<tr>\n<td style=\"text-align: center;\" valign=\"top\" width=\"233\"><span style=\"color: #0000ff; text-decoration: underline;\">Intercity busruter<\/span><\/td>\n<td style=\"text-align: center;\" valign=\"top\" width=\"233\"><span style=\"color: #0000ff; text-decoration: underline;\">Regionale busruter<\/span><\/td>\n<td style=\"text-align: center;\" valign=\"top\" width=\"233\"><span style=\"color: #0000ff; text-decoration: underline;\">Internationale Busruter<\/span><\/td>\n<\/tr>\n<tr>\n<td style=\"text-align: center;\" valign=\"top\" width=\"233\"><a href=\"https:\/\/www.buscroatia.com\/dk\/rute-soegning\/?dS=Pula&amp;aS=Zagreb&amp;d=&amp;t=\" target=\"_blank\">Pula &#8211; Zagreb<\/a><\/td>\n<td style=\"text-align: center;\" valign=\"top\" width=\"233\"><a title=\"Transport lufthavn Pula\" href=\"https:\/\/www.buscroatia.com\/dk\/transport-lufthavn-pula\/\">Pula &#8211; Lufthavn Pula<\/a><\/td>\n<td style=\"text-align: center;\" valign=\"top\" width=\"233\"><a title=\"Fra Pula til Trieste\" href=\"https:\/\/www.buscroatia.com\/dk\/fra-pula-til-trieste\/\">Pula &#8211; Triest<\/a><\/td>\n<\/tr>\n<tr>\n<td style=\"text-align: center;\" valign=\"top\" width=\"233\"><a href=\"https:\/\/www.buscroatia.com\/dk\/rute-soegning\/?dS=Pula&amp;aS=Rijeka&amp;d=&amp;t=\" target=\"_blank\">Pula &#8211; Rijka<\/a><\/td>\n<td style=\"text-align: center;\" valign=\"top\" width=\"233\"><a title=\"Fra Pula til Rovinj\" href=\"https:\/\/www.buscroatia.com\/dk\/fra-pula-til-rovinj\/\" target=\"_blank\">Pula &#8211; Rovinj<\/a><\/td>\n<td style=\"text-align: center;\" valign=\"top\" width=\"233\"><a title=\"Fra Pula til Venedig\" href=\"https:\/\/www.buscroatia.com\/dk\/fra-pula-til-venedig\/\" target=\"_blank\">Pula &#8211; Venedig<\/a><\/td>\n<\/tr>\n<tr>\n<td style=\"text-align: center;\" valign=\"top\" width=\"233\"><\/td>\n<td style=\"text-align: center;\" valign=\"top\" width=\"233\"><a title=\"Fra Pula til Porec\" href=\"https:\/\/www.buscroatia.com\/dk\/fra-pula-til-porec\/\" target=\"_blank\">Pula &#8211; Porec<\/a><\/td>\n<td style=\"text-align: center;\" valign=\"top\" width=\"233\">Pula &#8211; Tyskland<\/td>\n<\/tr>\n<tr>\n<td style=\"text-align: center;\" valign=\"top\" width=\"233\"><\/td>\n<td style=\"text-align: center;\" valign=\"top\" width=\"233\"><a title=\"Fra Pula til Umag\" href=\"https:\/\/www.buscroatia.com\/dk\/fra-pula-til-umag\/\" target=\"_blank\">Pula &#8211; Umag<\/a><\/td>\n<td style=\"text-align: center;\" valign=\"top\" width=\"233\">Pula &#8211; \u00d8strig<\/td>\n<\/tr>\n<tr>\n<td style=\"text-align: center;\" valign=\"top\" width=\"233\"><\/td>\n<td style=\"text-align: center;\" valign=\"top\" width=\"233\"><a title=\"Bybusser Pula\" href=\"https:\/\/www.buscroatia.com\/dk\/bybusser-pula\/\">\u00a0Bybusser Pula<\/a><\/td>\n<td style=\"text-align: center;\" valign=\"top\" width=\"233\"><\/td>\n<\/tr>\n<\/tbody>\n<\/table>\n<p><strong><span style=\"text-decoration: underline;\">Busstation placering<\/span><\/strong><\/p>\n<p><iframe loading=\"lazy\" src=\"https:\/\/maps.google.co.uk\/maps\/ms?msid=208501521610253693382.0004b91ad7ea4dfcdd4cc&amp;msa=0&amp;ie=UTF8&amp;t=h&amp;ll=44.873435,13.850048&amp;spn=0.010644,0.014999&amp;z=16&amp;output=embed\" height=\"700\" width=\"700\" frameborder=\"0\" marginwidth=\"0\" marginheight=\"0\" scrolling=\"no\"><\/iframe><br \/>\n<small>View <a style=\"color: #0000ff; text-align: left;\" href=\"https:\/\/maps.google.co.uk\/maps\/ms?msid=208501521610253693382.0004b91ad7ea4dfcdd4cc&amp;msa=0&amp;ie=UTF8&amp;t=h&amp;ll=44.873435,13.850048&amp;spn=0.010644,0.014999&amp;z=16&amp;source=embed\">Bus Station Pula<\/a> in a larger map<\/small><\/p>\n<p><strong><span style=\"text-decoration: underline;\">Busstations adresse<\/span><\/strong><\/p>\n<p>Trg I. Istarske brigade bb<br \/>\nPula<\/p>\n","protected":false},"excerpt":{"rendered":"<p>Busstationen i Pula er beliggende 1,2 km fra midt byen og ca. 800 meter fra Arenaen i Pula. Omkring 500 meter fra busstationen har man b\u00e5d forbindelser til de omkringliggende \u00f8er. Tog stationen ligger ca. 1 km fra busstationen p\u00e5 adressen Kolodvorska 5, hvilket er ca. 10 minutters g\u00e5 gang. Faciliteter p\u00e5 Pulas busstation P\u00e5 [&hellip;]<\/p>\n","protected":false},"author":1,"featured_media":687,"parent":0,"menu_order":0,"comment_status":"open","ping_status":"open","template":"pages-templates\/bus-station.php","meta":[],"aioseo_notices":[],"_links":{"self":[{"href":"https:\/\/www.buscroatia.com\/dk\/wp-json\/wp\/v2\/pages\/29"}],"collection":[{"href":"https:\/\/www.buscroatia.com\/dk\/wp-json\/wp\/v2\/pages"}],"about":[{"href":"https:\/\/www.buscroatia.com\/dk\/wp-json\/wp\/v2\/types\/page"}],"author":[{"embeddable":true,"href":"https:\/\/www.buscroatia.com\/dk\/wp-json\/wp\/v2\/users\/1"}],"replies":[{"embeddable":true,"href":"https:\/\/www.buscroatia.com\/dk\/wp-json\/wp\/v2\/comments?post=29"}],"version-history":[{"count":24,"href":"https:\/\/www.buscroatia.com\/dk\/wp-json\/wp\/v2\/pages\/29\/revisions"}],"predecessor-version":[{"id":832,"href":"https:\/\/www.buscroatia.com\/dk\/wp-json\/wp\/v2\/pages\/29\/revisions\/832"}],"wp:featuredmedia":[{"embeddable":true,"href":"https:\/\/www.buscroatia.com\/dk\/wp-json\/wp\/v2\/media\/687"}],"wp:attachment":[{"href":"https:\/\/www.buscroatia.com\/dk\/wp-json\/wp\/v2\/media?parent=29"}],"curies":[{"name":"wp","href":"https:\/\/api.w.org\/{rel}","templated":true}]}}