{"id":23,"date":"2012-07-24T10:48:35","date_gmt":"2012-07-24T10:48:35","guid":{"rendered":"http:\/\/www.buscroatia.com\/dk\/?page_id=23"},"modified":"2013-12-26T20:58:56","modified_gmt":"2013-12-26T20:58:56","slug":"zadar-busstation","status":"publish","type":"page","link":"https:\/\/www.buscroatia.com\/dk\/zadar-busstation\/","title":{"rendered":"Zadar"},"content":{"rendered":"<div id=\"attachment_96\" style=\"width: 310px\" class=\"wp-caption alignright\"><a href=\"https:\/\/www.buscroatia.com\/dk\/wp-content\/uploads\/2012\/07\/Zadar.jpg\" rel=\"lightbox[23]\"><img aria-describedby=\"caption-attachment-96\" decoding=\"async\" loading=\"lazy\" class=\"size-medium wp-image-96\" title=\"Zadar\" alt=\"Zadar\" src=\"https:\/\/www.buscroatia.com\/dk\/wp-content\/uploads\/2012\/07\/Zadar-300x200.jpg\" width=\"300\" height=\"200\" srcset=\"https:\/\/www.buscroatia.com\/dk\/wp-content\/uploads\/2012\/07\/Zadar-300x200.jpg 300w, https:\/\/www.buscroatia.com\/dk\/wp-content\/uploads\/2012\/07\/Zadar.jpg 1024w\" sizes=\"(max-width: 300px) 100vw, 300px\" \/><\/a><p id=\"caption-attachment-96\" class=\"wp-caption-text\">Katedralen i Zadar<\/p><\/div>\n<p>Busstationen i Zadra er beliggende ved siden af tog stationen, lige ved krydset mellem Bregdetti og Ante Starcevica gaden. Billetsalget er organiseret i fem edb-billet kabiner. <strong>Billetter kan k\u00f8bes fra kl. 06 og frem til kl. 22<\/strong>. Busstationen er ejet af selskabet Liburnia og det er en B kategori busstation.<\/p>\n<p><strong><span style=\"text-decoration: underline;\">Hvad finder man ved Zadars busstation<br \/>\n<\/span><\/strong><\/p>\n<p>Ved busstationen er der flere forskellige faciliteter: forretninger, restauranter, kaffebars, m\u00f8bel forretning, veksel kontor, <strong>agentur for salg af internationale billetter<\/strong> osv.<\/p>\n<p>Normalt holder der <strong>taxi parkeret ved bus stationen<\/strong>. By busser til de fleste bydele k\u00f8rer fra tidligt morgen til sent aften.<br \/>\n<script type=\"text\/javascript\">\/\/ <![CDATA[\ngoogle_ad_client = \"\"; \/* Bus728-dk *\/ google_ad_slot = \"1807393018\"; google_ad_width = 728; google_ad_height = 90;\n\/\/ ]]><\/script><br \/>\n<script type=\"text\/javascript\" src=\"https:\/\/pagead2.googlesyndication.com\/pagead\/show_ads.js\">\/\/ <![CDATA[\n\n\n\/\/ ]]><\/script><\/p>\n<p><b><span style=\"text-decoration: underline;\">Overnatning t\u00e6t ved busstationen i Zadar<\/span><\/b><\/p>\n<p>Hvis man er p\u00e5 udkig efter en <b>overnatningsmulighed t\u00e6t p\u00e5 Zadar bus station<\/b>, er der en del hoteller og ferielejligheder at v\u00e6lge imellem i nabolaget, men hvis man ikke har noget imod at <b>spadsere lidt kan vi anbefale at man finder noget i den gamle bydel<\/b>, her er der masser af muligheder for at finde overnatning i mindre <span style=\"color: #0000ff;\"><strong>ferielejligheder, hoteller eller p\u00e5 vandrehjem<\/strong><\/span>, de aktuelle overnatningsmuligheder kan finde her:<\/p>\n<table width=\"720\" border=\"0\" cellspacing=\"2\" cellpadding=\"2\">\n<tbody>\n<tr>\n<td align=\"center\" width=\"240\">\n<p align=\"center\"><a href=\"https:\/\/www.buscroatia.com\/dk\/feriebolig-zadar\" target=\"_blank\"><img decoding=\"async\" loading=\"lazy\" style=\"margin: 0px 1px 1px;\" alt=\"\" src=\"http:\/\/buscroatia.com\/wp-content\/uploads\/info\/Feriebolig.jpg\" width=\"225\" height=\"50\" \/><\/a><\/p>\n<p align=\"center\"><strong><span style=\"color: #000000; font-size: large;\">Zadar<\/span><\/strong><\/p>\n<\/td>\n<td align=\"center\" width=\"240\">\n<p align=\"center\"><a href=\"https:\/\/www.buscroatia.com\/dk\/hotel-i-zadar\" target=\"_blank\"><img decoding=\"async\" style=\"margin: 0px 1px 1px;\" alt=\"\" src=\"https:\/\/www.buscroatia.com\/wp-content\/uploads\/2012\/08\/Icon-hotel.jpg\" \/><\/a><\/p>\n<p align=\"center\"><strong><span style=\"color: #000000; font-size: large;\"><strong>Zadar<\/strong><\/span><\/strong><\/p>\n<\/td>\n<td align=\"center\" width=\"240\">\n<p align=\"center\"><a href=\"https:\/\/www.buscroatia.com\/dk\/hostel-i-zadar\" target=\"_blank\"><img decoding=\"async\" style=\"margin: 0px 1px 1px;\" alt=\"\" src=\"https:\/\/www.buscroatia.com\/wp-content\/uploads\/2012\/08\/Icon-hostel.jpg\" \/><\/a><\/p>\n<p align=\"center\"><strong><span style=\"color: #000000; font-size: large;\"><strong>Zadar<\/strong><\/span><\/strong><\/p>\n<\/td>\n<\/tr>\n<\/tbody>\n<\/table>\n<p><b><span style=\"text-decoration: underline;\">Bil udlejning Zadar<\/span><\/b><\/p>\n<p>Desv\u00e6rre er der ingen <b>biludlejningsfirma ved bus station i Zadar<\/b>, men det er sikkert muligt at arrangere med biludlejningsselskaber at de leverer bilen til busstation ved ankomst. I byens centrum finder man alle de kendte biludlejningsselskaber som economy, Sixt, Hertz osv. en samlet oversigt over alle <a href=\"https:\/\/www.buscroatia.com\/dk\/billeje\" target=\"_blank\"><span style=\"color: #0000ff;\"><b>biludlejningsfirmaer i\u00a0 Zadar omr\u00e5det, kan man finde her<\/b><\/span><\/a>.<\/p>\n<p><b>BEM\u00c6RK:<\/b> Hvis man rejser til st\u00f8rre byer som f.eks Zagreb, Split, Dubrovnik, kan man overveje en envejs biludlejning (ONE-WAY rental) som et alternativ til at rejse med bus<\/p>\n<p><strong><span style=\"text-decoration: underline;\"><span style=\"color: #0000ff; text-decoration: underline;\">Mest popul\u00e6re<\/span> ruter fra Zadar busstation<br \/>\n<\/span><\/strong><\/p>\n<p><b>TIP:<\/b> Hvis man s\u00f8ger efter bus forbindelser til destinationer l\u00e6ngere v\u00e6k, fx Dubrovnik, er antallet af <b>direkte busser<\/b> ofte begr\u00e6nset, her vil man have flere muligheder for at rejse med bus, hvis man deler turen op i to trin. <b>Eksempel: <\/b>For at komme til Dubrovnik fra Zadar har man flere afgange hvis man f\u00f8rst tager en bus fra Zadar til Split og derefter fra Split til Dubrovnik. For forbindelser til Istrien er den store <b>Knudepunkt Rijeka.<\/b><\/p>\n<table width=\"700\" border=\"1\" cellspacing=\"1\" cellpadding=\"1\">\n<tbody>\n<tr>\n<td style=\"text-align: center;\" valign=\"top\" width=\"233\"><span style=\"color: #0000ff; text-decoration: underline;\">Intercity busruter<\/span><\/td>\n<td style=\"text-align: center;\" valign=\"top\" width=\"233\"><span style=\"color: #0000ff; text-decoration: underline;\">Regionale Busruter<\/span><\/td>\n<td style=\"text-align: center;\" valign=\"top\" width=\"233\"><span style=\"text-decoration: underline;\"><span style=\"color: #0000ff; text-decoration: underline;\">Internationale Busruter<\/span><\/span><\/td>\n<\/tr>\n<tr>\n<td style=\"text-align: center;\" valign=\"top\" width=\"233\"><a title=\"Fra Zadar til Split\" href=\"https:\/\/www.buscroatia.com\/dk\/fra-zadar-til-split\/\">Zadar &#8211; Split<\/a><\/td>\n<td style=\"text-align: center;\" valign=\"top\" width=\"233\"><a title=\"Transport lufthavn Zadar\" href=\"https:\/\/www.buscroatia.com\/dk\/transport-lufthavn-zadar\/\" target=\"_blank\">Lufthavn Zadar &#8211; Zadar<\/a><\/td>\n<td style=\"text-align: center;\" valign=\"top\" width=\"233\"><a href=\"https:\/\/www.buscroatia.com\/dk\/rute-soegning\/?dS=Zadar&amp;aS=Sarajevo+%28BIH%29&amp;d=&amp;t=\" target=\"_blank\">Zadar &#8211; Sarajevo<\/a><\/td>\n<\/tr>\n<tr>\n<td style=\"text-align: center;\" valign=\"top\" width=\"233\"><a href=\"https:\/\/www.buscroatia.com\/dk\/rute-soegning\/?dS=Zadar&amp;aS=Zagreb&amp;d=&amp;t=\" target=\"_blank\">Zadar &#8211; Zagreb<\/a><\/td>\n<td style=\"text-align: center;\" valign=\"top\" width=\"233\"><a href=\"https:\/\/www.buscroatia.com\/dk\/rute-soegning\/?dS=Zadar&amp;aS=Sibenik&amp;d=&amp;t=\" target=\"_blank\">Zadar &#8211; Sibenik<\/a><\/td>\n<td style=\"text-align: center;\" valign=\"top\" width=\"233\">Zadar &#8211; Belgrad<\/td>\n<\/tr>\n<tr>\n<td style=\"text-align: center;\" valign=\"top\" width=\"233\"><a title=\"Fra Zadar til Plitvice S\u00f8erne\" href=\"https:\/\/www.buscroatia.com\/dk\/fra-zadar-til-plitvice-soerne\/\">Zadar &#8211; Plitvice S\u00f8erne<\/a><\/td>\n<td style=\"text-align: center;\" valign=\"top\" width=\"233\"><a title=\"Fra Zadar til Novalja\" href=\"https:\/\/www.buscroatia.com\/dk\/fra-zadar-til-novalja\/\">Zadar &#8211; Novalja<\/a><\/td>\n<td style=\"text-align: center;\" valign=\"top\" width=\"233\">Zadar &#8211; Tyskland<\/td>\n<\/tr>\n<tr>\n<td style=\"text-align: center;\" valign=\"top\" width=\"233\"><a href=\"https:\/\/www.buscroatia.com\/dk\/rute-soegning\/?dS=Zadar&amp;aS=Rijeka&amp;d=&amp;t=\" target=\"_blank\">Zadar &#8211; Rijeka<\/a><\/td>\n<td style=\"text-align: center;\" valign=\"top\" width=\"233\">\u00a0<a title=\"Bybusser Zadar\" href=\"https:\/\/www.buscroatia.com\/dk\/bybusser-zadar\/\">Bybus Zadar<\/a><\/td>\n<td style=\"text-align: center;\" valign=\"top\" width=\"233\"><\/td>\n<\/tr>\n<tr>\n<td style=\"text-align: center;\" valign=\"top\" width=\"233\"><a title=\"Fra Zadar til Krka Nationalpark\" href=\"https:\/\/www.buscroatia.com\/dk\/fra-zadar-til-krka-nationalpark\/\">Zadar &#8211; Krka<\/a><\/td>\n<td style=\"text-align: center;\" valign=\"top\" width=\"233\"><\/td>\n<td style=\"text-align: center;\" valign=\"top\" width=\"233\"><\/td>\n<\/tr>\n<\/tbody>\n<\/table>\n<p><strong><span style=\"text-decoration: underline;\">Busstation placering<br \/>\n<\/span><\/strong><br \/>\n<iframe loading=\"lazy\" src=\"https:\/\/maps.google.co.uk\/maps\/ms?msid=208501521610253693382.0004b7ef0395fa5a5e9fa&amp;msa=0&amp;ie=UTF8&amp;t=h&amp;ll=44.1111,15.233703&amp;spn=0.021569,0.029998&amp;z=15&amp;output=embed\" height=\"700\" width=\"700\" frameborder=\"0\" marginwidth=\"0\" marginheight=\"0\" scrolling=\"no\"><\/iframe><br \/>\n<small>View <a style=\"color: #0000ff; text-align: left;\" href=\"https:\/\/maps.google.co.uk\/maps\/ms?msid=208501521610253693382.0004b7ef0395fa5a5e9fa&amp;msa=0&amp;ie=UTF8&amp;t=h&amp;ll=44.1111,15.233703&amp;spn=0.021569,0.029998&amp;z=15&amp;source=embed\">Bus Station Zadar<\/a>in a larger map<\/small><br \/>\n<strong><span style=\"text-decoration: underline;\">Busstations adresse<br \/>\n<\/span><\/strong><\/p>\n<p>Ante Starcevica 1<br \/>\n23000 Zadar<br \/>\nTel: +385(0)23211 555<br \/>\nFax: 023\/311-086<\/p>\n","protected":false},"excerpt":{"rendered":"<p>Busstationen i Zadra er beliggende ved siden af tog stationen, lige ved krydset mellem Bregdetti og Ante Starcevica gaden. Billetsalget er organiseret i fem edb-billet kabiner. Billetter kan k\u00f8bes fra kl. 06 og frem til kl. 22. Busstationen er ejet af selskabet Liburnia og det er en B kategori busstation. Hvad finder man ved Zadars [&hellip;]<\/p>\n","protected":false},"author":1,"featured_media":96,"parent":0,"menu_order":0,"comment_status":"open","ping_status":"open","template":"pages-templates\/bus-station.php","meta":[],"aioseo_notices":[],"_links":{"self":[{"href":"https:\/\/www.buscroatia.com\/dk\/wp-json\/wp\/v2\/pages\/23"}],"collection":[{"href":"https:\/\/www.buscroatia.com\/dk\/wp-json\/wp\/v2\/pages"}],"about":[{"href":"https:\/\/www.buscroatia.com\/dk\/wp-json\/wp\/v2\/types\/page"}],"author":[{"embeddable":true,"href":"https:\/\/www.buscroatia.com\/dk\/wp-json\/wp\/v2\/users\/1"}],"replies":[{"embeddable":true,"href":"https:\/\/www.buscroatia.com\/dk\/wp-json\/wp\/v2\/comments?post=23"}],"version-history":[{"count":25,"href":"https:\/\/www.buscroatia.com\/dk\/wp-json\/wp\/v2\/pages\/23\/revisions"}],"predecessor-version":[{"id":905,"href":"https:\/\/www.buscroatia.com\/dk\/wp-json\/wp\/v2\/pages\/23\/revisions\/905"}],"wp:featuredmedia":[{"embeddable":true,"href":"https:\/\/www.buscroatia.com\/dk\/wp-json\/wp\/v2\/media\/96"}],"wp:attachment":[{"href":"https:\/\/www.buscroatia.com\/dk\/wp-json\/wp\/v2\/media?parent=23"}],"curies":[{"name":"wp","href":"https:\/\/api.w.org\/{rel}","templated":true}]}}