{"id":173,"date":"2012-11-13T20:38:11","date_gmt":"2012-11-13T20:38:11","guid":{"rendered":"http:\/\/www.buscroatia.com\/dk\/?page_id=173"},"modified":"2019-07-31T14:38:06","modified_gmt":"2019-07-31T14:38:06","slug":"transport-lufthavn-zadar","status":"publish","type":"page","link":"https:\/\/www.buscroatia.com\/dk\/transport-lufthavn-zadar\/","title":{"rendered":"Transport lufthavn Zadar"},"content":{"rendered":"<p style=\"text-align: justify;\"><strong><a href=\"https:\/\/www.buscroatia.com\/dk\/wp-content\/uploads\/2012\/11\/Lufthavn-Zadar.jpg\" rel=\"lightbox[173]\"><img decoding=\"async\" loading=\"lazy\" class=\"alignright size-medium wp-image-175\" title=\"Lufthavn Zadar\" src=\"https:\/\/www.buscroatia.com\/dk\/wp-content\/uploads\/2012\/11\/Lufthavn-Zadar-300x225.jpg\" alt=\"Lufthavn Zadar\" width=\"300\" height=\"225\" srcset=\"https:\/\/www.buscroatia.com\/dk\/wp-content\/uploads\/2012\/11\/Lufthavn-Zadar-300x225.jpg 300w, https:\/\/www.buscroatia.com\/dk\/wp-content\/uploads\/2012\/11\/Lufthavn-Zadar.jpg 1024w\" sizes=\"(max-width: 300px) 100vw, 300px\" \/><\/a>Zadars lufthavn Zemunik<\/strong>, ligger omkring 12 km fra byens centrum i Zadar og ca. 10 km fra den centrale busterminal i Zadar.<\/p>\n<h3><strong><span style=\"text-decoration: underline;\">Privat transfer &#8211; d\u00f8r til d\u00f8r:<\/span><\/strong><\/h3>\n<p style=\"text-align: justify;\">Hvis man rejser til andre destinationer end Zadar, er en forudbestilte transfer den hurtigste l\u00f8sning, for at n\u00e5 til popul\u00e6re destinationer som <strong>Novalja, Tisno, Biograd na Moru, Pakostane<\/strong> osv. En privat transfer bookes for 1-3 person i almindeligt k\u00f8ret\u00f8j eller med en mini van hvor der er plads til op til 8 personer. <strong>Prisen per km for en forudbestilte transfer<\/strong> er omkring 8 til 10 euro per km. <a href=\"https:\/\/getbytransfer.com\/\" target=\"_blank\">Her kan man se priser<\/a> for <strong>transfer fra lufthavnen til mange destinationer i Kroatien<\/strong>.<\/p>\n<h3><strong><span style=\"text-decoration: underline;\">Lej en bil:<\/span><\/strong><\/h3>\n<p style=\"text-align: justify;\">I Zadars lufthavn har man muligheden for at <strong>leje en bil fra lokale s\u00e5vel som internationale biludlejningsselskaber<\/strong>. Her kan man de <a href=\"https:\/\/rentacar.getbybus.com\/da\/zadar-lufthavn\" target=\"_blank\">aktuelle biludlejnings tilbuddene fra Zadars lufthavn<\/a>.<\/p>\n<h3><strong><span style=\"text-decoration: underline;\">Overnatning i Zadar:<\/span><\/strong><\/h3>\n<p style=\"text-align: justify;\">I Zadar centrum er der en del overnatning muligheder, hovedsageligt i lejligheder og hostels, hovedparten af Hotellerne finder man i bydelen Borik. Et <strong>stort udvalg af ferieboliger, Hoteller og vandrehjem i Zadar<\/strong> kan man finde her.<\/p>\n<table border=\"0\" width=\"720\" cellspacing=\"2\" cellpadding=\"2\">\n<tbody>\n<tr>\n<td align=\"center\" width=\"240\">\n<p align=\"center\"><a href=\"https:\/\/www.buscroatia.com\/dk\/feriebolig-zadar\" target=\"_blank\"><img decoding=\"async\" loading=\"lazy\" style=\"margin: 0px 1px 1px;\" src=\"http:\/\/buscroatia.com\/wp-content\/uploads\/info\/Feriebolig.jpg\" alt=\"\" width=\"225\" height=\"50\" \/><\/a><\/p>\n<p align=\"center\"><strong><span style=\"color: #000000; font-size: large;\">Zadar<\/span><\/strong><\/p>\n<\/td>\n<td align=\"center\" width=\"240\">\n<p align=\"center\"><a href=\"https:\/\/www.buscroatia.com\/dk\/hotel-i-zadar\" target=\"_blank\"><img decoding=\"async\" style=\"margin: 0px 1px 1px;\" src=\"https:\/\/www.buscroatia.com\/wp-content\/uploads\/2012\/08\/Icon-hotel.jpg\" alt=\"\" \/><\/a><\/p>\n<p align=\"center\"><strong><span style=\"color: #000000; font-size: large;\">Zadar<\/span><\/strong><\/p>\n<\/td>\n<td align=\"center\" width=\"240\">\n<p align=\"center\"><a href=\"https:\/\/www.buscroatia.com\/dk\/hostel-i-zadar\" target=\"_blank\"><img decoding=\"async\" style=\"margin: 0px 1px 1px;\" src=\"https:\/\/www.buscroatia.com\/wp-content\/uploads\/2012\/08\/Icon-hostel.jpg\" alt=\"\" \/><\/a><\/p>\n<p align=\"center\"><strong><span style=\"color: #000000; font-size: large;\">Zadar<\/span><\/strong><\/p>\n<\/td>\n<\/tr>\n<\/tbody>\n<\/table>\n<h3><strong><span style=\"text-decoration: underline;\">Lufthavnsbus:<\/span><\/strong><\/h3>\n<p style=\"text-align: justify;\">Lufthavnsbussen afg\u00e5r foran den internationale terminal. <strong>K\u00f8retid til centrum af Zadar tager cirka 20 minutter<\/strong>. Bussen stopper ved den centrale busstation og forts\u00e6tter derefter til den gamle by. Hvis man skal i den modsatte retning har man mulighed for at st\u00e5 p\u00e5 bussen ved den gamle bydel eller 5 minutter senere ved den centrale busstation. Afgangstider i begge retninger kan man se <a href=\"http:\/\/www.zadar-airport.hr\/en\/how-to-reach-us\" target=\"_blank\">her<\/a>.<br \/>\n<script type=\"text\/javascript\">\/\/ <![CDATA[\ngoogle_ad_client = \"\";\n\/* Bus728-dk *\/\ngoogle_ad_slot = \"1807393018\";\ngoogle_ad_width = 728;\ngoogle_ad_height = 90;\n\/\/ ]]><\/script><\/p>\n<p><strong>Prisen for en enkeltbillet billet til eller fra lufthavnen er 25 kuna<\/strong>, billetter kan k\u00f8bes p\u00e5 bussen.<\/p>\n<p style=\"text-align: justify;\">Fra den<a title=\"Zadar\" href=\"https:\/\/www.buscroatia.com\/dk\/zadar-busstation\/\" target=\"_blank\"> <strong>centrale busstation i Zadar<\/strong><\/a> er der forbindelse til alle st\u00f8rre byer i Kroatien.<\/p>\n<h3><strong><span style=\"text-decoration: underline;\">Taxa:<\/span><\/strong><\/h3>\n<p style=\"text-align: justify;\">Taxa er det <strong>hurtigste alternativ til lufthavnsbussen<\/strong>. Selv om det er dyrere end lufthavnsbussen, er det stadig p\u00e5 et rimeligt niveau (ca. 20 Euro). Hvis man <strong>allerede har booket overnatning i bydele s\u00e5 som Borik eller Diklo<\/strong>, kan man spare en masse besv\u00e6r ved at tage en taxa i stedet for f\u00f8rst at skulle g\u00e5 til den centrale bus station og derefter skifte til en lokal bus.<\/p>\n","protected":false},"excerpt":{"rendered":"<p>Zadars lufthavn Zemunik, ligger omkring 12 km fra byens centrum i Zadar og ca. 10 km fra den centrale busterminal i Zadar. Privat transfer &#8211; d\u00f8r til d\u00f8r: Hvis man rejser til andre destinationer end Zadar, er en forudbestilte transfer den hurtigste l\u00f8sning, for at n\u00e5 til popul\u00e6re destinationer som Novalja, Tisno, Biograd na Moru, [&hellip;]<\/p>\n","protected":false},"author":2,"featured_media":175,"parent":0,"menu_order":0,"comment_status":"open","ping_status":"open","template":"","meta":[],"aioseo_notices":[],"_links":{"self":[{"href":"https:\/\/www.buscroatia.com\/dk\/wp-json\/wp\/v2\/pages\/173"}],"collection":[{"href":"https:\/\/www.buscroatia.com\/dk\/wp-json\/wp\/v2\/pages"}],"about":[{"href":"https:\/\/www.buscroatia.com\/dk\/wp-json\/wp\/v2\/types\/page"}],"author":[{"embeddable":true,"href":"https:\/\/www.buscroatia.com\/dk\/wp-json\/wp\/v2\/users\/2"}],"replies":[{"embeddable":true,"href":"https:\/\/www.buscroatia.com\/dk\/wp-json\/wp\/v2\/comments?post=173"}],"version-history":[{"count":14,"href":"https:\/\/www.buscroatia.com\/dk\/wp-json\/wp\/v2\/pages\/173\/revisions"}],"predecessor-version":[{"id":12364,"href":"https:\/\/www.buscroatia.com\/dk\/wp-json\/wp\/v2\/pages\/173\/revisions\/12364"}],"wp:featuredmedia":[{"embeddable":true,"href":"https:\/\/www.buscroatia.com\/dk\/wp-json\/wp\/v2\/media\/175"}],"wp:attachment":[{"href":"https:\/\/www.buscroatia.com\/dk\/wp-json\/wp\/v2\/media?parent=173"}],"curies":[{"name":"wp","href":"https:\/\/api.w.org\/{rel}","templated":true}]}}