{"id":17,"date":"2012-07-24T10:47:52","date_gmt":"2012-07-24T10:47:52","guid":{"rendered":"http:\/\/www.buscroatia.com\/dk\/?page_id=17"},"modified":"2013-12-26T20:53:04","modified_gmt":"2013-12-26T20:53:04","slug":"dubrovnik-busstation","status":"publish","type":"page","link":"https:\/\/www.buscroatia.com\/dk\/dubrovnik-busstation\/","title":{"rendered":"Dubrovnik"},"content":{"rendered":"<p><a href=\"https:\/\/www.buscroatia.com\/dk\/wp-content\/uploads\/2012\/07\/Dubrovnik.jpg\" rel=\"lightbox[17]\"><img decoding=\"async\" loading=\"lazy\" class=\"alignright size-medium wp-image-49\" title=\"Dubrovnik\" alt=\"Dubrovnik\" src=\"https:\/\/www.buscroatia.com\/dk\/wp-content\/uploads\/2012\/07\/Dubrovnik-300x225.jpg\" width=\"300\" height=\"225\" srcset=\"https:\/\/www.buscroatia.com\/dk\/wp-content\/uploads\/2012\/07\/Dubrovnik-300x225.jpg 300w, https:\/\/www.buscroatia.com\/dk\/wp-content\/uploads\/2012\/07\/Dubrovnik.jpg 1024w\" sizes=\"(max-width: 300px) 100vw, 300px\" \/><\/a>Hoved <strong>busstationen i Dubrovnik er beliggende i bydelen Gruz<\/strong>, som er ca. 2 km fra den gamle bydel i Dubrovnik. I n\u00e6rheden af bus stationen som ligger ved vandet finder man f\u00e6rge terminalen. Udover internationale ruter, er der <strong>dagligt intercity busruter mellem Dubrovnik og alle st\u00f8rre byer i Kroatien<\/strong>. Alle bydele i Dubrovnik kan n\u00e5s med bybusser fra bus stationen. Vi anbefaler at k\u00f8be busbilleten i god tid, is\u00e6r om sommeren.<\/p>\n<p><strong><span style=\"text-decoration: underline;\">Det finder man ved Dubrovnik busstationen<br \/>\n<\/span><\/strong><\/p>\n<p>Udover informationer og billetsalg, finder man ogs\u00e5 <strong>bagageopbevaring, taxi standpladser og en kiosk<\/strong>. I n\u00e6rheden af busstationen finder du et af informationskontorerne fra Dubrovnik turistr\u00e5d. Busstationen er ogs\u00e5 det eneste sted i Dubrovnik hvor du kan efterlade din bagage.<br \/>\n<script type=\"text\/javascript\">\/\/ <![CDATA[\ngoogle_ad_client = \"\"; \/* Bus728-dk *\/ google_ad_slot = \"1807393018\"; google_ad_width = 728; google_ad_height = 90;\n\/\/ ]]><\/script><br \/>\n<script type=\"text\/javascript\" src=\"https:\/\/pagead2.googlesyndication.com\/pagead\/show_ads.js\">\/\/ <![CDATA[\n\n\n\/\/ ]]><\/script><\/p>\n<p><script type=\"mce-text\/javascript\" src=\"https:\/\/pagead2.googlesyndication.com\/pagead\/show_ads.js\">\/\/ <![CDATA[\n\n\n\/\/ ]]><\/script><\/p>\n<p><b><span style=\"text-decoration: underline;\">Overnatning t\u00e6t ved busstationen i Dubrovnik<\/span><\/b><\/p>\n<p>Som n\u00e6vnt ovenfor er bus stationen ikke placeret direkte i den gamle bymidte, ikke desto mindre er det muligt at <b>finde vandrerhjem, ferielejligheder, bed &amp; breakfast eller hoteller<\/b> i g\u00e5afstand fra bus stationen. Man har naturligvis langt flere muligheder t\u00e6ttere til p\u00e5 gamle bydel eller i bydelene Lapad og Babin Kuk hvor st\u00f8rstedelen af hotellerne kan findes. Man kan se de <span style=\"color: #0000ff;\"><strong>aktuelle<\/strong> <\/span><b><span style=\"color: #0000ff;\">overnatningsmuligheder i Dubrovnik<\/span> her.<\/b><\/p>\n<table width=\"720\" border=\"0\" cellspacing=\"2\" cellpadding=\"2\">\n<tbody>\n<tr>\n<td align=\"center\" width=\"240\">\n<p align=\"center\"><a href=\"https:\/\/www.buscroatia.com\/dk\/ferieboliger-dubrovnik\"><img decoding=\"async\" loading=\"lazy\" style=\"margin: 0px 1px 1px;\" alt=\"\" src=\"http:\/\/buscroatia.com\/wp-content\/uploads\/info\/Feriebolig.jpg\" width=\"225\" height=\"50\" \/><\/a><\/p>\n<p align=\"center\"><strong><span style=\"color: #000000; font-size: large;\">Dubrovnik<\/span><\/strong><\/p>\n<\/td>\n<td align=\"center\" width=\"240\">\n<p align=\"center\"><a href=\"https:\/\/www.buscroatia.com\/dk\/hotel-i-dubrovnik\" target=\"_blank\"><img decoding=\"async\" style=\"margin: 0px 1px 1px;\" alt=\"\" src=\"https:\/\/www.buscroatia.com\/wp-content\/uploads\/2012\/08\/Icon-hotel.jpg\" \/><\/a><\/p>\n<p align=\"center\"><strong><span style=\"color: #000000; font-size: large;\"><strong>Dubrovnik<\/strong><\/span><\/strong><\/p>\n<\/td>\n<td align=\"center\" width=\"240\">\n<p align=\"center\"><a href=\"https:\/\/www.buscroatia.com\/dk\/hostel-i-dubrovnik\" target=\"_blank\"><img decoding=\"async\" style=\"margin: 0px 1px 1px;\" alt=\"\" src=\"https:\/\/www.buscroatia.com\/wp-content\/uploads\/2012\/08\/Icon-hostel.jpg\" \/><\/a><\/p>\n<p align=\"center\"><strong><span style=\"color: #000000; font-size: large;\"><strong>Dubrovnik<\/strong><\/span><\/strong><\/p>\n<\/td>\n<\/tr>\n<\/tbody>\n<\/table>\n<p><b><span style=\"text-decoration: underline;\">Bil udlejning Dubrovnik<\/span><\/b><\/p>\n<p>Desv\u00e6rre er der <b>ingen biludlejnings kontorer direkte ved bus station,<\/b> s\u00e5 hvis man har brug for at leje en bil til den videre rejse, kan man enten aftale med et biludlejnings selskab, at de bringer bilen til bus stationen ved ens ankomst, alternativetet er at man kan tage taxi eller bybussen til centrum, hvor man vil finder flere biludlejningsfirmaer. <b><a href=\"https:\/\/www.buscroatia.com\/dk\/billeje\" target=\"_blank\"><span style=\"color: #0000ff;\">Aktuelle biludlejningstilbud i Dubrovnik kan man se her<\/span><\/a>:<\/b><\/p>\n<p><strong><span style=\"text-decoration: underline;\"><span style=\"color: #ff0000; text-decoration: underline;\">Mest popul\u00e6re bus ruter fra Dubrovnik busstation<\/span><br \/>\n<\/span><\/strong><\/p>\n<p>Fra Dubrovnik kan man rejse til de fleste destinationer i Kroatien. Derudover er der <b>internationale bus forbindelser<\/b> til lande som Montenegro, Bosnien og Tyskland. Rejser man til destinationer nord for Split vil man i de fleste tilf\u00e6lde have flere afgange, hvis man f\u00f8rst tager en bus fra Dubrovnik til Split og derefter fra Split til den endelige destination. <b>De mest popul\u00e6re destinationer fra Dubrovnik:<\/b><\/p>\n<table width=\"700\" border=\"1\" cellspacing=\"1\" cellpadding=\"1\">\n<tbody>\n<tr>\n<td style=\"text-align: center;\" valign=\"top\" width=\"233\"><span style=\"color: #0000ff; text-decoration: underline;\">Intercity busruter<\/span><\/td>\n<td style=\"text-align: center;\" valign=\"top\" width=\"233\"><span style=\"color: #0000ff; text-decoration: underline;\">Regionale busruter<\/span><\/td>\n<td style=\"text-align: center;\" valign=\"top\" width=\"233\"><span style=\"color: #0000ff; text-decoration: underline;\">Internationale Busruter<\/span><\/td>\n<\/tr>\n<tr>\n<td style=\"text-align: center;\" valign=\"top\" width=\"233\"><a title=\"Fra Dubrovnik til Split\" href=\"https:\/\/www.buscroatia.com\/dk\/fra-dubrovnik-til-split\/\">Dubrovnik &#8211; Split<\/a><\/td>\n<td style=\"text-align: center;\" valign=\"top\" width=\"233\"><a title=\"Transport lufthavn Dubrovnik\" href=\"https:\/\/www.buscroatia.com\/dk\/transport-lufthavn-dubrovnik\/\">Lufthavn &#8211; Dubrovnik<\/a><\/td>\n<td style=\"text-align: center;\" valign=\"top\" width=\"233\"><a title=\"Fra Dubrovnik til Mostar\" href=\"https:\/\/www.buscroatia.com\/dk\/fra-dubrovnik-til-mostar\/\">Dubrovnik &#8211; Mostar<\/a><\/td>\n<\/tr>\n<tr>\n<td style=\"text-align: center;\" valign=\"top\" width=\"233\"><a href=\"https:\/\/www.buscroatia.com\/dk\/rute-soegning\/?dS=Dubrovnik&amp;aS=Zagreb&amp;d=&amp;t=\" target=\"_blank\">Dubrovnik &#8211; Zagreb<\/a><\/td>\n<td style=\"text-align: center;\" valign=\"top\" width=\"233\">\u00a0<a title=\"Bybusser Dubrovnik\" href=\"https:\/\/www.buscroatia.com\/dk\/bybusser-dubrovnik\/\">Bybusser Dubrovnik<\/a><\/td>\n<td style=\"text-align: center;\" valign=\"top\" width=\"233\"><a href=\"https:\/\/www.buscroatia.com\/dk\/rute-soegning\/?dS=Dubrovnik&amp;aS=Medugorje+%28BIH%29&amp;d=&amp;t=\" target=\"_blank\">Dubrovnik\u00a0&#8211; Medugorje<\/a><\/td>\n<\/tr>\n<tr>\n<td style=\"text-align: center;\" valign=\"top\" width=\"233\"><a href=\"https:\/\/www.buscroatia.com\/dk\/rute-soegning\/?dS=Dubrovnik&amp;aS=Zadar&amp;d=&amp;t=\" target=\"_blank\">Dubrovnik &#8211; Zadar<\/a><\/td>\n<td style=\"text-align: center;\" valign=\"top\" width=\"233\"><\/td>\n<td style=\"text-align: center;\" valign=\"top\" width=\"233\"><a title=\"Dubrovnik til Kotor\" href=\"https:\/\/www.buscroatia.com\/dk\/fra-dubrovnik-til-kotor\/\">Dubrovnik &#8211; Kotor<\/a><\/td>\n<\/tr>\n<tr>\n<td style=\"text-align: center;\" valign=\"top\" width=\"233\">\u00a0<a title=\"Fra Dubrovnik til Brela\" href=\"https:\/\/www.buscroatia.com\/dk\/fra-dubrovnik-til-brela\/\">Dubrovnik &#8211; Brela<\/a><\/td>\n<td style=\"text-align: center;\" valign=\"top\" width=\"233\"><\/td>\n<td style=\"text-align: center;\" valign=\"top\" width=\"233\"><\/td>\n<\/tr>\n<tr>\n<td style=\"text-align: center;\" valign=\"top\" width=\"233\">\u00a0<a title=\"Fra Dubrovnik til Plitvice\" href=\"https:\/\/www.buscroatia.com\/dk\/fra-dubrovnik-til-plitvice\/\">Dubrovnik &#8211; Plitvice<\/a><\/td>\n<td style=\"text-align: center;\" valign=\"top\" width=\"233\"><\/td>\n<td style=\"text-align: center;\" valign=\"top\" width=\"233\"><\/td>\n<\/tr>\n<\/tbody>\n<\/table>\n<p><strong><span style=\"text-decoration: underline;\">Busstation placering<\/span><\/strong><\/p>\n<p><iframe loading=\"lazy\" src=\"https:\/\/maps.google.co.uk\/maps\/ms?msid=208501521610253693382.0004b7eec1d90431054dc&amp;msa=0&amp;ie=UTF8&amp;t=h&amp;ll=42.664009,18.081951&amp;spn=0.056803,0.119991&amp;z=13&amp;output=embed\" height=\"450\" width=\"700\" frameborder=\"0\" marginwidth=\"0\" marginheight=\"0\" scrolling=\"no\"><\/iframe><br \/>\n<small>View <a style=\"color: #0000ff; text-align: left;\" href=\"https:\/\/maps.google.co.uk\/maps\/ms?msid=208501521610253693382.0004b7eec1d90431054dc&amp;msa=0&amp;ie=UTF8&amp;t=h&amp;ll=42.664009,18.081951&amp;spn=0.056803,0.119991&amp;z=13&amp;source=embed\">Bus Station Dubrovnik<\/a> in a larger map<\/small><\/p>\n<p><strong><span style=\"text-decoration: underline;\">Busstation adresse<br \/>\n<\/span><\/strong><\/p>\n<p>Dubrovnik Bus Terminal<br \/>\nObala pape Ivana Pavla II 44 A<br \/>\nTel: +385 20 356 004<br \/>\nInfo: 060 305 070<\/p>\n","protected":false},"excerpt":{"rendered":"<p>Hoved busstationen i Dubrovnik er beliggende i bydelen Gruz, som er ca. 2 km fra den gamle bydel i Dubrovnik. I n\u00e6rheden af bus stationen som ligger ved vandet finder man f\u00e6rge terminalen. Udover internationale ruter, er der dagligt intercity busruter mellem Dubrovnik og alle st\u00f8rre byer i Kroatien. Alle bydele i Dubrovnik kan n\u00e5s [&hellip;]<\/p>\n","protected":false},"author":1,"featured_media":49,"parent":0,"menu_order":0,"comment_status":"open","ping_status":"open","template":"pages-templates\/bus-station.php","meta":[],"aioseo_notices":[],"_links":{"self":[{"href":"https:\/\/www.buscroatia.com\/dk\/wp-json\/wp\/v2\/pages\/17"}],"collection":[{"href":"https:\/\/www.buscroatia.com\/dk\/wp-json\/wp\/v2\/pages"}],"about":[{"href":"https:\/\/www.buscroatia.com\/dk\/wp-json\/wp\/v2\/types\/page"}],"author":[{"embeddable":true,"href":"https:\/\/www.buscroatia.com\/dk\/wp-json\/wp\/v2\/users\/1"}],"replies":[{"embeddable":true,"href":"https:\/\/www.buscroatia.com\/dk\/wp-json\/wp\/v2\/comments?post=17"}],"version-history":[{"count":33,"href":"https:\/\/www.buscroatia.com\/dk\/wp-json\/wp\/v2\/pages\/17\/revisions"}],"predecessor-version":[{"id":752,"href":"https:\/\/www.buscroatia.com\/dk\/wp-json\/wp\/v2\/pages\/17\/revisions\/752"}],"wp:featuredmedia":[{"embeddable":true,"href":"https:\/\/www.buscroatia.com\/dk\/wp-json\/wp\/v2\/media\/49"}],"wp:attachment":[{"href":"https:\/\/www.buscroatia.com\/dk\/wp-json\/wp\/v2\/media?parent=17"}],"curies":[{"name":"wp","href":"https:\/\/api.w.org\/{rel}","templated":true}]}}