{"id":158,"date":"2012-11-13T20:05:22","date_gmt":"2012-11-13T20:05:22","guid":{"rendered":"http:\/\/www.buscroatia.com\/dk\/?page_id=158"},"modified":"2019-07-31T14:51:14","modified_gmt":"2019-07-31T14:51:14","slug":"transport-lufthavn-rijeka","status":"publish","type":"page","link":"https:\/\/www.buscroatia.com\/dk\/transport-lufthavn-rijeka\/","title":{"rendered":"Transport lufthavn Rijeka"},"content":{"rendered":"<p style=\"text-align: justify;\"><strong><a href=\"https:\/\/www.buscroatia.com\/dk\/wp-content\/uploads\/2012\/11\/Krk.jpg\" rel=\"lightbox[158]\"><img decoding=\"async\" loading=\"lazy\" class=\"alignright size-medium wp-image-161\" title=\"Krk\" src=\"https:\/\/www.buscroatia.com\/dk\/wp-content\/uploads\/2012\/11\/Krk-300x225.jpg\" alt=\"Krk\" width=\"300\" height=\"225\" srcset=\"https:\/\/www.buscroatia.com\/dk\/wp-content\/uploads\/2012\/11\/Krk-300x225.jpg 300w, https:\/\/www.buscroatia.com\/dk\/wp-content\/uploads\/2012\/11\/Krk.jpg 1024w\" sizes=\"(max-width: 300px) 100vw, 300px\" \/><\/a>Lufthavnen Rijeka Krk<\/strong> ligger p\u00e5 \u00f8en Krk, <strong>30 km fra centrum af Rijeka<\/strong>. Hvis skal p\u00e5 ferie p\u00e5 <strong>\u00f8erne, Krk, Cres, Losinj<\/strong> eller til en af de mange sk\u00f8nne destinationer i Kvarner Bugt omr\u00e5det, er Rijeka den perfekte lufthavn at flyve til.<\/p>\n<h3><strong><span style=\"text-decoration: underline;\">Transfer &#8211; d\u00f8r til d\u00f8r.<\/span><\/strong><\/h3>\n<p style=\"text-align: justify;\">Den nemmeste og <strong>mest behagelige m\u00e5de at rejse<\/strong> fra lufthavnen til Rijeka eller andre destinationer i omr\u00e5det p\u00e5, er ved at forudbestille en transfer. En chauff\u00f8r vil derefter venter i lufthavnen ved ankomsten. Man kan <strong>se priser og forudbestille en transfer<\/strong> til n\u00e6sten enhver destination i Kroatien <a href=\"https:\/\/getbytransfer.com\/\" target=\"_blank\">her<\/a>.<\/p>\n<h3><strong><span style=\"text-decoration: underline;\">Billeje Rijeka Lufthavn<\/span><\/strong><\/h3>\n<p style=\"text-align: justify;\">hvis man k\u00f8rer fra lufthavnen og er p\u00e5 vej til Rijeka eller andre destinationer p\u00e5 fastlandet er man n\u00f8dt til at <strong>passere broen til fastlandet<\/strong>, her skal man betale bropenge pt. <strong>koster det 35 Kuna<\/strong>. Hvis man rejser til \u00d8en Cres eller Losinj, bliver man n\u00f8dt til at k\u00f8re til Valbiska hvor der er regelm\u00e6ssige forbindelser til byen Merag p\u00e5 \u00d8en Cres. Hvis man har bruge for en lejet en bil, kan man finde et <a href=\"https:\/\/rentacar.getbybus.com\/da\/rijeka-lufthavn\" target=\"_blank\"><strong>stort udvalg af biludlejnings tilbud<\/strong> fra Rijekas lufthavn her<\/a>.<\/p>\n<table border=\"0\" width=\"720\" cellspacing=\"2\" cellpadding=\"2\">\n<tbody>\n<tr>\n<td align=\"center\" width=\"240\">\n<p align=\"center\"><a href=\"https:\/\/www.buscroatia.com\/dk\/ferieboliger\" target=\"_blank\"><img decoding=\"async\" loading=\"lazy\" style=\"margin: 0px 1px 1px;\" src=\"http:\/\/buscroatia.com\/wp-content\/uploads\/info\/Feriebolig.jpg\" alt=\"\" width=\"225\" height=\"50\" \/><\/a><\/p>\n<p align=\"center\"><strong><span style=\"color: #000000; font-size: large;\">Rijeka<\/span><\/strong><\/p>\n<\/td>\n<td align=\"center\" width=\"240\">\n<p align=\"center\"><a href=\"https:\/\/www.buscroatia.com\/dk\/hotel-i-rijeka\" target=\"_blank\"><img decoding=\"async\" style=\"margin: 0px 1px 1px;\" src=\"https:\/\/www.buscroatia.com\/wp-content\/uploads\/2012\/08\/Icon-hotel.jpg\" alt=\"\" \/><\/a><\/p>\n<p align=\"center\"><strong><span style=\"color: #000000; font-size: large;\">Rijeka<\/span><\/strong><\/p>\n<\/td>\n<td align=\"center\" width=\"240\">\n<p align=\"center\"><a href=\"https:\/\/www.buscroatia.com\/dk\/hostel-i-rijeka\" target=\"_blank\"><img decoding=\"async\" style=\"margin: 0px 1px 1px;\" src=\"https:\/\/www.buscroatia.com\/wp-content\/uploads\/2012\/08\/Icon-hostel.jpg\" alt=\"\" \/><\/a><\/p>\n<p align=\"center\"><strong><span style=\"color: #000000; font-size: large;\">Rijeka<\/span><\/strong><\/p>\n<\/td>\n<\/tr>\n<\/tbody>\n<\/table>\n<h3><strong><span style=\"text-decoration: underline;\">Lufthavns bus<\/span><\/strong><span style=\"text-decoration: underline;\">:<\/span><\/h3>\n<p style=\"text-align: justify;\">efter ankomsten af ethvert planlagt rutefly i Rijekas lufthavn, er der en lufthavns bus, som <strong>afg\u00e5r kort efter ankomsten<\/strong>. Lufthavnsbussen k\u00f8rer til Jela\u010di\u0107ev torvet i Rijeka, hvilket er omkring 1,5 km <a title=\"Rijeka\" href=\"https:\/\/www.buscroatia.com\/dk\/rijeka-busstation\/\" target=\"_blank\">fra den centrale busstation<\/a>, og 2 km fra togstationen. <strong>Lufthavnsbussen fors\u00e6tter til Opatija<\/strong>. Prisen for lufthavnsbussen til <strong>Rijeka er 50 Kuna<\/strong> og <strong>70 Kuna til Opatija<\/strong>. Billetterne kan k\u00f8bes p\u00e5 bussen. Under normale omst\u00e6ndigheder b\u00f8r man v\u00e6re i Rijeka ca. 1,5-2 time efter ankomsten med fly. N\u00e5r man s\u00e5 skal tilbage til Lufthavnen k\u00f8re lufthavnsbussen fra Opatija 3 timer f\u00f8r enhver planlagt flyvning og 2,5 timer fra Jela\u010di\u0107ev torvet i Rijeka.<br \/>\n<script type=\"text\/javascript\">\/\/ <![CDATA[\ngoogle_ad_client = \"\";\n\/* Bus728-dk *\/\ngoogle_ad_slot = \"1807393018\";\ngoogle_ad_width = 728;\ngoogle_ad_height = 90;\n\/\/ ]]><\/script><br \/>\n<script src=\"https:\/\/pagead2.googlesyndication.com\/pagead\/show_ads.js\" type=\"text\/javascript\">\/\/ <![CDATA[\n\n\n\/\/ ]]><\/script><\/p>\n<h3><strong><span style=\"text-decoration: underline;\">Taxi<\/span><\/strong><\/h3>\n<p style=\"text-align: justify;\">foran terminalen er der selvf\u00f8lgelig en taxaholdeplads. Hvis man beslutter sig for tage en taxa, s\u00e5 s\u00f8rg for at<strong> enes om k\u00f8reprisen <\/strong>f\u00f8r I forlader lufthavnen.<\/p>\n","protected":false},"excerpt":{"rendered":"<p>Lufthavnen Rijeka Krk ligger p\u00e5 \u00f8en Krk, 30 km fra centrum af Rijeka. Hvis skal p\u00e5 ferie p\u00e5 \u00f8erne, Krk, Cres, Losinj eller til en af de mange sk\u00f8nne destinationer i Kvarner Bugt omr\u00e5det, er Rijeka den perfekte lufthavn at flyve til. Transfer &#8211; d\u00f8r til d\u00f8r. Den nemmeste og mest behagelige m\u00e5de at rejse [&hellip;]<\/p>\n","protected":false},"author":2,"featured_media":161,"parent":0,"menu_order":0,"comment_status":"open","ping_status":"open","template":"","meta":[],"aioseo_notices":[],"_links":{"self":[{"href":"https:\/\/www.buscroatia.com\/dk\/wp-json\/wp\/v2\/pages\/158"}],"collection":[{"href":"https:\/\/www.buscroatia.com\/dk\/wp-json\/wp\/v2\/pages"}],"about":[{"href":"https:\/\/www.buscroatia.com\/dk\/wp-json\/wp\/v2\/types\/page"}],"author":[{"embeddable":true,"href":"https:\/\/www.buscroatia.com\/dk\/wp-json\/wp\/v2\/users\/2"}],"replies":[{"embeddable":true,"href":"https:\/\/www.buscroatia.com\/dk\/wp-json\/wp\/v2\/comments?post=158"}],"version-history":[{"count":10,"href":"https:\/\/www.buscroatia.com\/dk\/wp-json\/wp\/v2\/pages\/158\/revisions"}],"predecessor-version":[{"id":12367,"href":"https:\/\/www.buscroatia.com\/dk\/wp-json\/wp\/v2\/pages\/158\/revisions\/12367"}],"wp:featuredmedia":[{"embeddable":true,"href":"https:\/\/www.buscroatia.com\/dk\/wp-json\/wp\/v2\/media\/161"}],"wp:attachment":[{"href":"https:\/\/www.buscroatia.com\/dk\/wp-json\/wp\/v2\/media?parent=158"}],"curies":[{"name":"wp","href":"https:\/\/api.w.org\/{rel}","templated":true}]}}