{"id":14,"date":"2012-07-24T10:47:35","date_gmt":"2012-07-24T10:47:35","guid":{"rendered":"http:\/\/www.buscroatia.com\/dk\/?page_id=14"},"modified":"2013-12-26T20:57:05","modified_gmt":"2013-12-26T20:57:05","slug":"split-busstation","status":"publish","type":"page","link":"https:\/\/www.buscroatia.com\/dk\/split-busstation\/","title":{"rendered":"Split"},"content":{"rendered":"<p><a href=\"https:\/\/www.buscroatia.com\/dk\/wp-content\/uploads\/2012\/07\/Busstation-Split.jpg\" rel=\"lightbox[14]\"><img decoding=\"async\" loading=\"lazy\" class=\"alignright size-medium wp-image-80\" title=\"Busstation Split\" alt=\"Busstation Split\" src=\"https:\/\/www.buscroatia.com\/dk\/wp-content\/uploads\/2012\/07\/Busstation-Split-300x225.jpg\" width=\"300\" height=\"225\" srcset=\"https:\/\/www.buscroatia.com\/dk\/wp-content\/uploads\/2012\/07\/Busstation-Split-300x225.jpg 300w, https:\/\/www.buscroatia.com\/dk\/wp-content\/uploads\/2012\/07\/Busstation-Split.jpg 1024w\" sizes=\"(max-width: 300px) 100vw, 300px\" \/><\/a>Hoved <strong>busstationen i Split er beliggende lige midt i byen<\/strong>, ved siden af havnen og togstationen, hvilket g\u00f8r det nemt for rejsende at skifte mellem transport form. Som den <strong>anden st\u00f8rste by i Kroatien<\/strong>, kan busstationen v\u00e6re ganske hektisk, s\u00e5 det anbefales at afs\u00e6tte lidt ekstra tid til at k\u00f8be din billet.<\/p>\n<p><strong><span style=\"text-decoration: underline;\">Hvad finder man ved Splits busstation:<br \/>\n<\/span><\/strong><\/p>\n<p>Det er muligt at <strong>vente indend\u00f8rs ved busstationen<\/strong>, men regn ikke med at finde et s\u00e6de at sidde p\u00e5. Som alternativ er der en del kaffebars i nabolaget.<\/p>\n<p>Udenfor stationen finder man h\u00e6veautomater (husk at have sm\u00e5 penge til bagage, som bliver opkr\u00e6vet ekstra hvis bagagen skal i lastrummet)<\/p>\n<p>I nabolaget er der flere forskellige fast food restauranter som tilbyder alt fra sandwich, pizza samt andre snacks. Der er ogs\u00e5 kiosker, hvor man kan k\u00f8be drikkevare.<\/p>\n<p><strong>N\u00e6rmeste internet cafe<\/strong> er omkring 200 meter fra busstationen.<br \/>\n<script type=\"text\/javascript\">\/\/ <![CDATA[\ngoogle_ad_client = \"\"; \/* Bus728-dk *\/ google_ad_slot = \"1807393018\"; google_ad_width = 728; google_ad_height = 90;\n\/\/ ]]><\/script><br \/>\n<script type=\"text\/javascript\" src=\"https:\/\/pagead2.googlesyndication.com\/pagead\/show_ads.js\">\/\/ <![CDATA[\n\n\n\/\/ ]]><\/script><br \/>\n<strong><span style=\"text-decoration: underline;\">Popul\u00e6re ruter fra Splits Bustation<\/span><\/strong><\/p>\n<p>Fra Split er det muligt at n\u00e5 de fleste destinationer i Kroatien, her har vi listet nogle af de mest popul\u00e6re rejsem\u00e5l:<\/p>\n<table width=\"700\" border=\"1\" cellspacing=\"1\" cellpadding=\"1\">\n<tbody>\n<tr>\n<td style=\"text-align: center;\" valign=\"top\" width=\"233\"><span style=\"color: #0000ff; text-decoration: underline;\">Intercity busruter<\/span><\/td>\n<td style=\"text-align: center;\" valign=\"top\" width=\"233\"><span style=\"color: #0000ff; text-decoration: underline;\">Regionale busruter<\/span><\/td>\n<td style=\"text-align: center;\" valign=\"top\" width=\"233\"><span style=\"color: #0000ff; text-decoration: underline;\">Internationale Busruter<\/span><\/td>\n<\/tr>\n<tr>\n<td style=\"text-align: center;\" valign=\"top\" width=\"233\"><a title=\"Fra Spilt til Zagreb\" href=\"https:\/\/www.buscroatia.com\/dk\/fra-spilt-til-zagreb\/\">Split &#8211; Zagreb<\/a><\/td>\n<td style=\"text-align: center;\" valign=\"top\" width=\"233\"><a title=\"Fra Split til Trogir\" href=\"https:\/\/www.buscroatia.com\/dk\/fra-split-til-trogir\/\">Split &#8211; Trogir<\/a><\/td>\n<td style=\"text-align: center;\" valign=\"top\" width=\"233\"><a title=\"Fra Split til Mostar\" href=\"https:\/\/www.buscroatia.com\/dk\/fra-split-til-mostar\/\">Split &#8211; Mostar<\/a><\/td>\n<\/tr>\n<tr>\n<td style=\"text-align: center;\" valign=\"top\" width=\"233\"><a title=\"Fra Split til Zadar\" href=\"https:\/\/www.buscroatia.com\/dk\/fra-split-til-zadar\/\">Split &#8211; Zadar<\/a><\/td>\n<td style=\"text-align: center;\" valign=\"top\" width=\"233\"><a title=\"Fra Split til Omis\" href=\"https:\/\/www.buscroatia.com\/dk\/fra-split-til-omis\/\">Split &#8211; Omis<\/a><\/td>\n<td style=\"text-align: center;\" valign=\"top\" width=\"233\"><a title=\"Fra Split til Medjugorje\" href=\"https:\/\/www.buscroatia.com\/dk\/fra-split-til-medjugorje\/\">Split &#8211; Medugorje<\/a><\/td>\n<\/tr>\n<tr>\n<td style=\"text-align: center;\" valign=\"top\" width=\"233\"><a title=\"Fra Split til Dubrovnik\" href=\"https:\/\/www.buscroatia.com\/dk\/fra-split-til-dubrovnik\/\">Split &#8211; Dubrovnik<\/a><\/td>\n<td style=\"text-align: center;\" valign=\"top\" width=\"233\"><a href=\"https:\/\/www.buscroatia.com\/dk\/rute-soegning\/?dS=Split&amp;aS=Baska+Voda&amp;d=&amp;t=\" target=\"_blank\">Split &#8211; Baska Voda<\/a><\/td>\n<td style=\"text-align: center;\" valign=\"top\" width=\"233\"><a title=\"Fra Split til Beograd\" href=\"https:\/\/www.buscroatia.com\/dk\/fra-split-til-beograd\/\">Split &#8211; Belgrade<\/a><\/td>\n<\/tr>\n<tr>\n<td style=\"text-align: center;\" valign=\"top\" width=\"233\"><a href=\"https:\/\/www.buscroatia.com\/dk\/rute-soegning\/?dS=Split&amp;aS=Pula&amp;d=&amp;t=\" target=\"_blank\">Split &#8211; Pula<\/a><\/td>\n<td style=\"text-align: center;\" valign=\"top\" width=\"233\"><a href=\"https:\/\/www.buscroatia.com\/dk\/rute-soegning\/?dS=Split&amp;aS=Makarska&amp;d=&amp;t=\" target=\"_blank\">Split &#8211; Makarska<\/a><\/td>\n<td style=\"text-align: center;\" valign=\"top\" width=\"233\"><a title=\"Fra Split til Sarajevo\" href=\"https:\/\/www.buscroatia.com\/dk\/fra-split-til-sarajevo\/\">Split &#8211; Sarajevo<\/a><\/td>\n<\/tr>\n<tr>\n<td style=\"text-align: center;\" valign=\"top\" width=\"233\"><a title=\"Fra Split til Plitvice s\u00f8erne\" href=\"https:\/\/www.buscroatia.com\/dk\/fra-split-til-plitvice-soerne\/\">Split &#8211; Plitvice<\/a><\/td>\n<td style=\"text-align: center;\" valign=\"top\" width=\"233\"><a title=\"Transport lufthavn Split\" href=\"https:\/\/www.buscroatia.com\/dk\/transport-lufthavn-split\/\">Lufthavn &#8211; Split <\/a><\/td>\n<td style=\"text-align: center;\" valign=\"top\" width=\"233\"><a title=\"Fra Split til Kotor\" href=\"https:\/\/www.buscroatia.com\/dk\/fra-split-til-kotor\/\">Split &#8211; Kotor <\/a><\/td>\n<\/tr>\n<tr>\n<td style=\"text-align: center;\" valign=\"top\" width=\"233\"><a title=\"Fra Split til Novalja\" href=\"https:\/\/www.buscroatia.com\/dk\/fra-split-til-novalja\/\">Split &#8211; Novalja<\/a><\/td>\n<td style=\"text-align: center;\" valign=\"top\" width=\"233\">\u00a0<a title=\"Bybusser Split\" href=\"https:\/\/www.buscroatia.com\/dk\/bybusser-split\/\">Bybus Split<\/a><\/td>\n<td style=\"text-align: center;\" valign=\"top\" width=\"233\"><a title=\"Fra Split til Budva\" href=\"https:\/\/www.buscroatia.com\/dk\/fra-split-til-budva\/\">\u00a0Split &#8211; Budva<\/a><\/td>\n<\/tr>\n<tr>\n<td style=\"text-align: center;\" valign=\"top\" width=\"233\"><a title=\"Fra Split til Nationalpark Krka\" href=\"https:\/\/www.buscroatia.com\/dk\/fra-split-til-nationalpark-krka\/\">Split &#8211; Nationalpark Krka<\/a><\/td>\n<td style=\"text-align: center;\" valign=\"top\" width=\"233\"><\/td>\n<td style=\"text-align: center;\" valign=\"top\" width=\"233\"><\/td>\n<\/tr>\n<\/tbody>\n<\/table>\n<p><strong><span style=\"text-decoration: underline;\">Busstation placering:<br \/>\n<\/span><\/strong><br \/>\n<iframe loading=\"lazy\" src=\"https:\/\/maps.google.co.uk\/maps\/ms?msid=208501521610253693382.0004b04ee9982a6ac290f&amp;msa=0&amp;ie=UTF8&amp;t=h&amp;ll=43.50897,16.441727&amp;spn=0.021788,0.029998&amp;z=15&amp;output=embed\" height=\"700\" width=\"700\" frameborder=\"0\" marginwidth=\"0\" marginheight=\"0\" scrolling=\"no\"><\/iframe><br \/>\n<small>View <a style=\"color: #0000ff; text-align: left;\" href=\"https:\/\/maps.google.co.uk\/maps\/ms?msid=208501521610253693382.0004b04ee9982a6ac290f&amp;msa=0&amp;ie=UTF8&amp;t=h&amp;ll=43.50897,16.441727&amp;spn=0.021788,0.029998&amp;z=15&amp;source=embed\">Bus station Split<\/a> in a larger map<\/small><\/p>\n<p><strong><span style=\"text-decoration: underline;\">Busstations adresse:<br \/>\n<\/span><\/strong><\/p>\n<p>Obala Kneza Domagoja br.12<br \/>\n21000 Split<br \/>\nRepublika Hrvatska<strong><span style=\"text-decoration: underline;\"><br \/>\n<\/span><\/strong><\/p>\n<p>Tel: (hovedkontor):\u00a0\u00a0\u00a0\u00a0 +385 (0)21 329-180<br \/>\nFax:\u00a0\u00a0\u00a0\u00a0 +385 (0)21 329-182<br \/>\nInfo tel: (indenrigstrafik): +385 (0)60 327-777 (Premium nummer)<br \/>\nInfo tel: (udenrigstrafik):\u00a0\u00a0\u00a0\u00a0\u00a0\u00a0\u00a0 +385 (0)21 329-199<br \/>\nE-mail (information):\u00a0 <a href=\"mailto:info@ak-split.hr\">info@ak-split.hr<\/a><\/p>\n","protected":false},"excerpt":{"rendered":"<p>Hoved busstationen i Split er beliggende lige midt i byen, ved siden af havnen og togstationen, hvilket g\u00f8r det nemt for rejsende at skifte mellem transport form. Som den anden st\u00f8rste by i Kroatien, kan busstationen v\u00e6re ganske hektisk, s\u00e5 det anbefales at afs\u00e6tte lidt ekstra tid til at k\u00f8be din billet. Hvad finder man [&hellip;]<\/p>\n","protected":false},"author":1,"featured_media":80,"parent":0,"menu_order":0,"comment_status":"open","ping_status":"open","template":"pages-templates\/bus-station.php","meta":[],"aioseo_notices":[],"_links":{"self":[{"href":"https:\/\/www.buscroatia.com\/dk\/wp-json\/wp\/v2\/pages\/14"}],"collection":[{"href":"https:\/\/www.buscroatia.com\/dk\/wp-json\/wp\/v2\/pages"}],"about":[{"href":"https:\/\/www.buscroatia.com\/dk\/wp-json\/wp\/v2\/types\/page"}],"author":[{"embeddable":true,"href":"https:\/\/www.buscroatia.com\/dk\/wp-json\/wp\/v2\/users\/1"}],"replies":[{"embeddable":true,"href":"https:\/\/www.buscroatia.com\/dk\/wp-json\/wp\/v2\/comments?post=14"}],"version-history":[{"count":22,"href":"https:\/\/www.buscroatia.com\/dk\/wp-json\/wp\/v2\/pages\/14\/revisions"}],"predecessor-version":[{"id":897,"href":"https:\/\/www.buscroatia.com\/dk\/wp-json\/wp\/v2\/pages\/14\/revisions\/897"}],"wp:featuredmedia":[{"embeddable":true,"href":"https:\/\/www.buscroatia.com\/dk\/wp-json\/wp\/v2\/media\/80"}],"wp:attachment":[{"href":"https:\/\/www.buscroatia.com\/dk\/wp-json\/wp\/v2\/media?parent=14"}],"curies":[{"name":"wp","href":"https:\/\/api.w.org\/{rel}","templated":true}]}}