{"id":136,"date":"2012-11-12T13:15:51","date_gmt":"2012-11-12T13:15:51","guid":{"rendered":"http:\/\/www.buscroatia.com\/dk\/?page_id=136"},"modified":"2019-07-31T14:57:02","modified_gmt":"2019-07-31T14:57:02","slug":"transport-lufthavn-dubrovnik","status":"publish","type":"page","link":"https:\/\/www.buscroatia.com\/dk\/transport-lufthavn-dubrovnik\/","title":{"rendered":"Transport lufthavn Dubrovnik"},"content":{"rendered":"<p style=\"text-align: justify;\"><strong><a href=\"https:\/\/www.buscroatia.com\/dk\/wp-content\/uploads\/2012\/11\/Lufthavn-Dubrovnik.jpg\" rel=\"lightbox[136]\"><img decoding=\"async\" loading=\"lazy\" class=\"alignright size-medium wp-image-141\" title=\"Lufthavn Dubrovnik\" src=\"https:\/\/www.buscroatia.com\/dk\/wp-content\/uploads\/2012\/11\/Lufthavn-Dubrovnik-300x225.jpg\" alt=\"Lufthavn Dubrovnik\" width=\"300\" height=\"225\" srcset=\"https:\/\/www.buscroatia.com\/dk\/wp-content\/uploads\/2012\/11\/Lufthavn-Dubrovnik-300x225.jpg 300w, https:\/\/www.buscroatia.com\/dk\/wp-content\/uploads\/2012\/11\/Lufthavn-Dubrovnik.jpg 800w\" sizes=\"(max-width: 300px) 100vw, 300px\" \/><\/a>Dubrovniks lufthavn<\/strong> er beliggende cirka 20 km syd for den gamle bydel i Dubrovnik og 6 km fra Cavtat.<\/p>\n<h3><strong><span style=\"text-decoration: underline;\">Transfer &#8211; d\u00f8r til d\u00f8r:<\/span><\/strong><\/h3>\n<p style=\"text-align: justify;\">Hvis man \u00f8nsker at v\u00e6re 100% sikker, ikke at skulle vente p\u00e5 transport, n\u00e5r man <strong>ankommer til Dubrovnik lufthavn<\/strong>, er den bedste l\u00f8sning en forudbestille transfer. Prisen for 1-3 personer transfer er omkring 30-35 Euro, afh\u00e6ngigt af hvor i Dubrovnik man skal hen, hvis man er op til 8 person (minibus), er prisen ca. 10 euro mere. Forudbestilt transfer er ogs\u00e5 noget at overveje, hvis man rejser til <strong>destinationer som Korcula, Peljesac<\/strong> eller byer l\u00e6ngere op ad den dalmatiske kyst. Man kan finde <strong>priser p\u00e5 transfers fra Dubrovniks lufthavn<\/strong> <a href=\"https:\/\/getbytransfer.com\/\" target=\"_blank\">her<\/a>.<\/p>\n<h3><strong><span style=\"text-decoration: underline;\">Lej en bil:<\/span><\/strong><\/h3>\n<p style=\"text-align: justify;\">I Dubrovniks lufthavn har man muligheden for at leje en bil fra lokale s\u00e5vel som internationale biludlejningsselskaber. Her kan man se <strong><a title=\"Biludlejning dubrovnik Lufthavn\" href=\"https:\/\/rentacar.getbybus.com\/da\/dubrovnik-lufthavn\" target=\"_blank\">alle biludlejnings tilbuddene fra Dubrovnik lufthavn<\/a>.<\/strong><\/p>\n<h3><strong><span style=\"text-decoration: underline;\">Overnatning i Dubrovnik:<\/span><\/strong><\/h3>\n<p style=\"text-align: justify;\">Tilbuddene p\u00e5 overnatningsmuligheder i Dubrovnik sp\u00e6nder lige fra billige hostels til 5-stjernede hoteller. Hvis man endnu ikke har fundet en passende feriebolig eller et Hotel i Dubrovnik kan man finde det.<\/p>\n<table border=\"0\" width=\"720\" cellspacing=\"2\" cellpadding=\"2\">\n<tbody>\n<tr>\n<td align=\"center\" width=\"240\">\n<p align=\"center\"><a href=\"https:\/\/www.buscroatia.com\/dk\/ferieboliger-dubrovnik\" target=\"_blank\"><img decoding=\"async\" loading=\"lazy\" style=\"margin: 0px 1px 1px;\" src=\"http:\/\/buscroatia.com\/wp-content\/uploads\/info\/Feriebolig.jpg\" alt=\"\" width=\"225\" height=\"50\" \/><\/a><\/p>\n<p align=\"center\"><strong><span style=\"color: #000000; font-size: large;\">Dubrovnik<\/span><\/strong><\/p>\n<\/td>\n<td align=\"center\" width=\"240\">\n<p align=\"center\"><a href=\"https:\/\/www.buscroatia.com\/dk\/hotel-i-dubrovnik\" target=\"_blank\"><img decoding=\"async\" style=\"margin: 0px 1px 1px;\" src=\"https:\/\/www.buscroatia.com\/wp-content\/uploads\/2012\/08\/Icon-hotel.jpg\" alt=\"\" \/><\/a><\/p>\n<p align=\"center\"><strong><span style=\"color: #000000; font-size: large;\">Dubrovnik<\/span><\/strong><\/p>\n<\/td>\n<td align=\"center\" width=\"240\">\n<p align=\"center\"><a href=\"https:\/\/www.buscroatia.com\/dk\/hostel-i-dubrovnik\" target=\"_blank\"><img decoding=\"async\" style=\"margin: 0px 1px 1px;\" src=\"https:\/\/www.buscroatia.com\/wp-content\/uploads\/2012\/08\/Icon-hostel.jpg\" alt=\"\" \/><\/a><\/p>\n<p align=\"center\"><strong><span style=\"color: #000000; font-size: large;\">Dubrovnik<\/span><\/strong><\/p>\n<\/td>\n<\/tr>\n<\/tbody>\n<\/table>\n<h3><strong><span style=\"text-decoration: underline;\">Lufthavn bus Dubrovnik:<\/span><\/strong><\/h3>\n<p style=\"text-align: justify;\">Lufthavnsbussen k\u00f8rer efter ankomsten af ethvert rutefly, transporttiden er ca. 25-30 minutter ind til Dubrovnik.\u00a0 <strong>Bussen stopper ved Pile Gate<\/strong> (Indgangen til den gamle bydel) og ved den <strong>centrale busstation i Grus<\/strong>. B\u00e5de fra Pile Gate og den centrale busstation er der busser til de fleste bydele i Dubrovnik. Her kan man se <strong>k\u00f8replanen for bybusserne<\/strong>. Lufthavnsbussen k\u00f8re tilbage til lufthavnen fra Dubrovnik centrale busstation, ca. <strong>1,5 time f\u00f8r planlagte rutefly<\/strong>. Bem\u00e6rk venligst: at bussen ikke standser ved Pile gate.<br \/>\n<script type=\"text\/javascript\">\/\/ <![CDATA[\ngoogle_ad_client = \"\";\n\/* Bus728-dk *\/\ngoogle_ad_slot = \"1807393018\";\ngoogle_ad_width = 728;\ngoogle_ad_height = 90;\n\/\/ ]]><\/script><br \/>\n<script src=\"https:\/\/pagead2.googlesyndication.com\/pagead\/show_ads.js\" type=\"text\/javascript\">\/\/ <![CDATA[\n\n\n\/\/ ]]><\/script><\/p>\n<p style=\"text-align: justify;\">Prisen for en enkeltbillet billet til eller fra lufthavnen er 55 kuna, billetter kan k\u00f8bes p\u00e5 bussen.<\/p>\n<h3><strong><span style=\"text-decoration: underline;\">Andre bus forbindelser:<\/span><\/strong><\/h3>\n<p style=\"text-align: justify;\">Nogle af de lokale busser fra Dubrovnik der k\u00f8re til byerne n\u00e6r lufthavnen stopper ved vejen der passerer ved lufthavnen. <strong>K\u00f8replan og ruter af de lokale busser<\/strong> kan man finde her.<\/p>\n<h3><strong><span style=\"text-decoration: underline;\">Taxi:<\/span><\/strong><\/h3>\n<p style=\"text-align: justify;\">En taxi fra lufthavnen til byens centrum koste omkring 200-250 Kuna (30 Euro), men s\u00f8rg for at aftale prisen, inden I begynder at k\u00f8re.<\/p>\n","protected":false},"excerpt":{"rendered":"<p>Dubrovniks lufthavn er beliggende cirka 20 km syd for den gamle bydel i Dubrovnik og 6 km fra Cavtat. Transfer &#8211; d\u00f8r til d\u00f8r: Hvis man \u00f8nsker at v\u00e6re 100% sikker, ikke at skulle vente p\u00e5 transport, n\u00e5r man ankommer til Dubrovnik lufthavn, er den bedste l\u00f8sning en forudbestille transfer. Prisen for 1-3 personer transfer [&hellip;]<\/p>\n","protected":false},"author":2,"featured_media":141,"parent":0,"menu_order":0,"comment_status":"open","ping_status":"open","template":"","meta":[],"aioseo_notices":[],"_links":{"self":[{"href":"https:\/\/www.buscroatia.com\/dk\/wp-json\/wp\/v2\/pages\/136"}],"collection":[{"href":"https:\/\/www.buscroatia.com\/dk\/wp-json\/wp\/v2\/pages"}],"about":[{"href":"https:\/\/www.buscroatia.com\/dk\/wp-json\/wp\/v2\/types\/page"}],"author":[{"embeddable":true,"href":"https:\/\/www.buscroatia.com\/dk\/wp-json\/wp\/v2\/users\/2"}],"replies":[{"embeddable":true,"href":"https:\/\/www.buscroatia.com\/dk\/wp-json\/wp\/v2\/comments?post=136"}],"version-history":[{"count":18,"href":"https:\/\/www.buscroatia.com\/dk\/wp-json\/wp\/v2\/pages\/136\/revisions"}],"predecessor-version":[{"id":12370,"href":"https:\/\/www.buscroatia.com\/dk\/wp-json\/wp\/v2\/pages\/136\/revisions\/12370"}],"wp:featuredmedia":[{"embeddable":true,"href":"https:\/\/www.buscroatia.com\/dk\/wp-json\/wp\/v2\/media\/141"}],"wp:attachment":[{"href":"https:\/\/www.buscroatia.com\/dk\/wp-json\/wp\/v2\/media?parent=136"}],"curies":[{"name":"wp","href":"https:\/\/api.w.org\/{rel}","templated":true}]}}