{"id":11,"date":"2012-07-24T10:47:18","date_gmt":"2012-07-24T10:47:18","guid":{"rendered":"http:\/\/www.buscroatia.com\/dk\/?page_id=11"},"modified":"2013-12-26T20:53:47","modified_gmt":"2013-12-26T20:53:47","slug":"makarska-busstation","status":"publish","type":"page","link":"https:\/\/www.buscroatia.com\/dk\/makarska-busstation\/","title":{"rendered":"Makarska"},"content":{"rendered":"<p><a href=\"https:\/\/www.buscroatia.com\/dk\/wp-content\/uploads\/2012\/07\/Bus-Makarska.jpg\" rel=\"lightbox[11]\"><img decoding=\"async\" loading=\"lazy\" class=\"alignright size-medium wp-image-238\" alt=\"Bus Makarska\" src=\"https:\/\/www.buscroatia.com\/dk\/wp-content\/uploads\/2012\/07\/Bus-Makarska-300x225.jpg\" width=\"300\" height=\"225\" srcset=\"https:\/\/www.buscroatia.com\/dk\/wp-content\/uploads\/2012\/07\/Bus-Makarska-300x225.jpg 300w, https:\/\/www.buscroatia.com\/dk\/wp-content\/uploads\/2012\/07\/Bus-Makarska.jpg 640w\" sizes=\"(max-width: 300px) 100vw, 300px\" \/><\/a>Busstationen i Makarska er beliggende ved krydset mellem Matije Gupca gaden og dr. Mate Ujevica gaden, dette er mindre end 1 km v\u00e6k fra centrum og promenaden. Flere a busserne stopper kun ganske kort i Makarska, s\u00e5 s\u00f8rg for at v\u00e6re i ordentligt tid ved stationen<\/p>\n<p><strong><span style=\"text-decoration: underline;\">Hvad finder man ved Makarska busstation<br \/>\n<\/span><\/strong><\/p>\n<p>Informationer og billet kontor, kiosk og en kaffe bar.<br \/>\n<script type=\"text\/javascript\">\/\/ <![CDATA[\ngoogle_ad_client = \"\"; \/* Bus728-dk *\/ google_ad_slot = \"1807393018\"; google_ad_width = 728; google_ad_height = 90;\n\/\/ ]]><\/script><br \/>\n<script type=\"text\/javascript\" src=\"https:\/\/pagead2.googlesyndication.com\/pagead\/show_ads.js\">\/\/ <![CDATA[\n\n\n\/\/ ]]><\/script><\/p>\n<p><b><span style=\"text-decoration: underline;\">Overnatning t\u00e6t ved busstationen i Makarska<\/span><\/b><\/p>\n<p>Da busstationen i Makarska ligger temmelig centralt i byen, er der masser af overnatningsmuligheder i g\u00e5afstand, selv hvis man har meget bagage med, kan man n\u00e5 de fleste bydele til fods. Alle de st\u00f8rre hoteller er beliggende langs strandpromenaden. Ferielejligheder, vandrerhjem og bed and breakfast er spredt over hele byen. <b>Man kan tjekke <span style=\"color: #0000ff;\">aktuelle overnatningstilbud i Makarska<\/span> her:<\/b><\/p>\n<table width=\"720\" border=\"0\" cellspacing=\"2\" cellpadding=\"2\">\n<tbody>\n<tr>\n<td align=\"center\" width=\"240\">\n<p align=\"center\"><a href=\"https:\/\/www.buscroatia.com\/dk\/feriebolig-makarska\"><img decoding=\"async\" loading=\"lazy\" style=\"margin: 0px 1px 1px;\" alt=\"\" src=\"http:\/\/buscroatia.com\/wp-content\/uploads\/info\/Feriebolig.jpg\" width=\"225\" height=\"50\" \/><\/a><\/p>\n<p align=\"center\"><strong><span style=\"color: #000000; font-size: large;\">Makarska<\/span><\/strong><\/p>\n<\/td>\n<td align=\"center\" width=\"240\">\n<p align=\"center\"><a href=\"https:\/\/www.buscroatia.com\/dk\/hotel-i-makarska\" target=\"_blank\"><img decoding=\"async\" style=\"margin: 0px 1px 1px;\" alt=\"\" src=\"https:\/\/www.buscroatia.com\/wp-content\/uploads\/2012\/08\/Icon-hotel.jpg\" \/><\/a><\/p>\n<p align=\"center\"><strong><span style=\"color: #000000; font-size: large;\"><strong>Makarska<\/strong><\/span><\/strong><\/p>\n<\/td>\n<td align=\"center\" width=\"240\">\n<p align=\"center\"><a href=\"https:\/\/www.buscroatia.com\/dk\/hostel-makarska\" target=\"_blank\"><img decoding=\"async\" style=\"margin: 0px 1px 1px;\" alt=\"\" src=\"https:\/\/www.buscroatia.com\/wp-content\/uploads\/2012\/08\/Icon-hostel.jpg\" \/><\/a><\/p>\n<p align=\"center\"><strong><span style=\"color: #000000; font-size: large;\"><strong>Makarska<\/strong><\/span><\/strong><\/p>\n<\/td>\n<\/tr>\n<\/tbody>\n<\/table>\n<p><b><span style=\"text-decoration: underline;\">Bil udlejning Makarska<\/span><\/b><\/p>\n<p>Der er ingen biludlejning firmaer ved busstationen og i \u00f8jeblikket har ingen af de <b>&#8220;globale&#8221; biludlejnings firmaer kontor i Makarska.<\/b> Det betyder selvf\u00f8lgelig ikke, at man ikke kan leje en bil i Makarska. \u00d8nsker man f.eks. at tage en dagstur til fx Mostar, Medjugorje, Dubrovnik eller har man <b>brug for en lejet bil<\/b> i en l\u00e6ngere periode kan man leje en bil hos et af de lokale rejsebureauer p\u00e5 promenade i Makarska. Alternativt kan man m\u00e5ske ogs\u00e5 finde egnede tilbud p\u00e5 internettet.<\/p>\n<p><strong><span style=\"text-decoration: underline;\"><span style=\"color: #ff0000; text-decoration: underline;\">Mest popul\u00e6re bus ruter fra Makarska busstation<\/span><br \/>\n<\/span><\/strong><\/p>\n<p>Nedenfor har vi listet nogle af de mest popul\u00e6re <b>nationale og internationale bus destinationer <\/b>fra Makarska. Hvis man planl\u00e6gger at rejse til destinationer l\u00e6ngere v\u00e6k, som f.eks. Zadar, vil man have flere forbindelser at v\u00e6lge mellem, hvis man opdele turen i to dele, f\u00f8rste del vil i dette tilf\u00e6lde v\u00e6re fra <b>Makarska til Split<\/b>, anden del fra <b>Split til Zadar<\/b>.<\/p>\n<table width=\"700\" border=\"1\" cellspacing=\"1\" cellpadding=\"1\">\n<tbody>\n<tr>\n<td style=\"text-align: center;\" valign=\"top\" width=\"233\"><span style=\"color: #0000ff; text-decoration: underline;\">Intercity busruter<\/span><\/td>\n<td style=\"text-align: center;\" valign=\"top\" width=\"233\"><span style=\"color: #0000ff; text-decoration: underline;\">Regionale busruter<\/span><\/td>\n<td style=\"text-align: center;\" valign=\"top\" width=\"233\"><span style=\"color: #0000ff; text-decoration: underline;\">Internationale Busruter<\/span><\/td>\n<\/tr>\n<tr>\n<td style=\"text-align: center;\" valign=\"top\" width=\"233\"><a href=\"https:\/\/www.buscroatia.com\/dk\/rute-soegning\/?dS=Makarska&amp;aS=Zagreb&amp;d=&amp;t=\" target=\"_blank\">Makarska &#8211; Zagreb<\/a><\/td>\n<td style=\"text-align: center;\" valign=\"top\" width=\"233\"><a href=\"https:\/\/www.buscroatia.com\/dk\/rute-soegning\/?dS=Makarska&amp;aS=Omis&amp;d=&amp;t=\" target=\"_blank\">Makarska &#8211; Omis<\/a><\/td>\n<td style=\"text-align: center;\" valign=\"top\" width=\"233\"><a href=\"https:\/\/www.buscroatia.com\/dk\/rute-soegning\/?dS=Makarska&amp;aS=Mostar+%28BIH%29&amp;d=&amp;t=\" target=\"_blank\">Makarska &#8211; Mostar<\/a><\/td>\n<\/tr>\n<tr>\n<td style=\"text-align: center;\" valign=\"top\" width=\"233\"><a href=\"https:\/\/www.buscroatia.com\/dk\/rute-soegning\/?dS=Makarska&amp;aS=Split&amp;d=&amp;t=\" target=\"_blank\">Makarska &#8211; Split<\/a><\/td>\n<td style=\"text-align: center;\" valign=\"top\" width=\"233\"><a href=\"https:\/\/www.buscroatia.com\/dk\/rute-soegning\/?dS=Makarska&amp;aS=Ploce&amp;d=&amp;t=\" target=\"_blank\">Makarska &#8211; Ploce<\/a><\/td>\n<td style=\"text-align: center;\" valign=\"top\" width=\"233\"><a href=\"https:\/\/www.buscroatia.com\/dk\/rute-soegning\/?dS=Makarska&amp;aS=Sarajevo+%28BIH%29&amp;d=&amp;t=\" target=\"_blank\">Makarska &#8211; Sarajevo<\/a><\/td>\n<\/tr>\n<tr>\n<td style=\"text-align: center;\" valign=\"top\" width=\"233\"><a href=\"https:\/\/www.buscroatia.com\/dk\/rute-soegning\/?dS=Makarska&amp;aS=Dubrovnik&amp;d=&amp;t=\" target=\"_blank\">Makarska Dubrovnik<\/a><\/td>\n<td style=\"text-align: center;\" valign=\"top\" width=\"233\"><\/td>\n<td style=\"text-align: center;\" valign=\"top\" width=\"233\">Makarska &#8211; Tyskland<\/td>\n<\/tr>\n<tr>\n<td style=\"text-align: center;\" valign=\"top\" width=\"233\"><\/td>\n<td style=\"text-align: center;\" valign=\"top\" width=\"233\"><\/td>\n<td style=\"text-align: center;\" valign=\"top\" width=\"233\"><\/td>\n<\/tr>\n<tr>\n<td style=\"text-align: center;\" valign=\"top\" width=\"233\"><\/td>\n<td style=\"text-align: center;\" valign=\"top\" width=\"233\"><\/td>\n<td style=\"text-align: center;\" valign=\"top\" width=\"233\"><\/td>\n<\/tr>\n<\/tbody>\n<\/table>\n<p><span style=\"text-decoration: underline;\"><strong>Kort med beliggenhed af Busstationen i Makarska<\/strong><\/span><\/p>\n<p><iframe loading=\"lazy\" src=\"https:\/\/maps.google.co.uk\/maps\/ms?msid=208501521610253693382.0004b91ad658d80a015e7&amp;msa=0&amp;ie=UTF8&amp;t=h&amp;ll=43.299884,17.021255&amp;spn=0.028109,0.059996&amp;z=14&amp;output=embed\" height=\"450\" width=\"700\" frameborder=\"0\" marginwidth=\"0\" marginheight=\"0\" scrolling=\"no\"><\/iframe><br \/>\n<small>View <a style=\"color: #0000ff; text-align: left;\" href=\"https:\/\/maps.google.co.uk\/maps\/ms?msid=208501521610253693382.0004b91ad658d80a015e7&amp;msa=0&amp;ie=UTF8&amp;t=h&amp;ll=43.299884,17.021255&amp;spn=0.028109,0.059996&amp;z=14&amp;source=embed\">Bus station Makarska<\/a> in a larger map<\/small><\/p>\n","protected":false},"excerpt":{"rendered":"<p>Busstationen i Makarska er beliggende ved krydset mellem Matije Gupca gaden og dr. Mate Ujevica gaden, dette er mindre end 1 km v\u00e6k fra centrum og promenaden. Flere a busserne stopper kun ganske kort i Makarska, s\u00e5 s\u00f8rg for at v\u00e6re i ordentligt tid ved stationen Hvad finder man ved Makarska busstation Informationer og billet [&hellip;]<\/p>\n","protected":false},"author":1,"featured_media":238,"parent":0,"menu_order":0,"comment_status":"open","ping_status":"open","template":"pages-templates\/bus-station.php","meta":[],"aioseo_notices":[],"_links":{"self":[{"href":"https:\/\/www.buscroatia.com\/dk\/wp-json\/wp\/v2\/pages\/11"}],"collection":[{"href":"https:\/\/www.buscroatia.com\/dk\/wp-json\/wp\/v2\/pages"}],"about":[{"href":"https:\/\/www.buscroatia.com\/dk\/wp-json\/wp\/v2\/types\/page"}],"author":[{"embeddable":true,"href":"https:\/\/www.buscroatia.com\/dk\/wp-json\/wp\/v2\/users\/1"}],"replies":[{"embeddable":true,"href":"https:\/\/www.buscroatia.com\/dk\/wp-json\/wp\/v2\/comments?post=11"}],"version-history":[{"count":21,"href":"https:\/\/www.buscroatia.com\/dk\/wp-json\/wp\/v2\/pages\/11\/revisions"}],"predecessor-version":[{"id":992,"href":"https:\/\/www.buscroatia.com\/dk\/wp-json\/wp\/v2\/pages\/11\/revisions\/992"}],"wp:featuredmedia":[{"embeddable":true,"href":"https:\/\/www.buscroatia.com\/dk\/wp-json\/wp\/v2\/media\/238"}],"wp:attachment":[{"href":"https:\/\/www.buscroatia.com\/dk\/wp-json\/wp\/v2\/media?parent=11"}],"curies":[{"name":"wp","href":"https:\/\/api.w.org\/{rel}","templated":true}]}}