{"id":817,"date":"2012-10-31T08:50:07","date_gmt":"2012-10-31T08:50:07","guid":{"rendered":"http:\/\/www.buscroatia.com\/de\/?page_id=817"},"modified":"2019-07-31T14:08:26","modified_gmt":"2019-07-31T14:08:26","slug":"flughafen-rijeka-krk","status":"publish","type":"page","link":"https:\/\/www.buscroatia.com\/de\/flughafen-rijeka-krk\/","title":{"rendered":"Anreise vom Flughafen Rijeka-Krk"},"content":{"rendered":"<p style=\"text-align: justify;\"><a href=\"https:\/\/www.buscroatia.com\/de\/wp-content\/uploads\/2012\/10\/Anreise-Krk.jpg\" rel=\"lightbox[817]\"><img decoding=\"async\" loading=\"lazy\" class=\"alignright size-medium wp-image-820\" title=\"Anreise-Krk\" src=\"https:\/\/www.buscroatia.com\/de\/wp-content\/uploads\/2012\/10\/Anreise-Krk-300x225.jpg\" alt=\"Anreise-Krk\" width=\"300\" height=\"225\" srcset=\"https:\/\/www.buscroatia.com\/de\/wp-content\/uploads\/2012\/10\/Anreise-Krk-300x225.jpg 300w, https:\/\/www.buscroatia.com\/de\/wp-content\/uploads\/2012\/10\/Anreise-Krk.jpg 1024w\" sizes=\"(max-width: 300px) 100vw, 300px\" \/><\/a>Der <strong>Flughafen Rijeka-Krk<\/strong> liegt 30 km vom Stadtzentrum von Rijeka entfernt auf der Insel Krk <span style=\"color: #0000ff;\">(Siehe Karte unten)<\/span>. Er ist somit die <strong>perfekte Wahl f\u00fcr eine Reise zu den Inseln Krk, Cres, Losinj<\/strong> und nat\u00fcrlich f\u00fcr alle diejenigen, die einen Urlaub im Gebiet der Kvarner Bucht verbringen m\u00f6chten.<\/p>\n<h3><span style=\"text-decoration: underline;\"><strong>FlughafenTransfer.<\/strong><\/span><\/h3>\n<p style=\"text-align: justify;\">Der einfachste und bequemste Weg, um vom Flughafen nach Rijeka oder zu anderen Zielen in der Region zu gelangen, ist die <strong>Voraus-Buchung eines Transfers<\/strong>. Bereits bei Ihrer Ankunft erwartet Sie dann ein Fahrer am Flughafen. Die Preise und die M\u00f6glichkeit einer Voraus-Buchung eines solchen Transfers zu fast <strong>jedem Ort in Kroatien<\/strong> <a href=\"https:\/\/getbytransfer.com\/de\" target=\"_blank\">finden Sie hier<\/a>.<br \/>\n<script type=\"text\/javascript\">\/\/ <![CDATA[\ngoogle_ad_client = \"\"; \/* Bus728-de *\/ google_ad_slot = \"7853926611\"; google_ad_width = 728; google_ad_height = 90;\n\/\/ ]]><\/script><\/p>\n<h3><span style=\"text-decoration: underline;\"><strong>Mietwagen Rijeka Flughafen<\/strong><\/span>.<\/h3>\n<p style=\"text-align: justify;\">Um vom <strong>Flughafen Rijeka-Krk nach Rijeka<\/strong> oder zu anderen Zielen auf dem Festland zu gelangen, m\u00fcssen Sie \u00fcber die Br\u00fccke von Krk fahren. Daf\u00fcr zahlt man eine Geb\u00fchr von 35 Kuna. Wenn Sie zu den <strong>Inseln Cres oder Losinj<\/strong> wollen, m\u00fcssen Sie nach Valbiska fahren, von wo aus Sie eine regelm\u00e4\u00dfig und h\u00e4ufig verkehrende F\u00e4hr-Verbindung nach dem Ort Merag auf der Insel Cres haben. Wenn Sie <strong>noch kein Auto gemietet haben<\/strong>, dann finden Sie eine <strong>gro\u00dfe<\/strong> <strong>Auswahl an Mietwagen-Angeboten<\/strong> <a href=\"https:\/\/rentacar.getbybus.com\/de\/rijeka-flughafen\" target=\"_blank\"><strong>ab dem Flughafen Rijeka-Krk<\/strong> hier<\/a>.<\/p>\n<h3><strong><span style=\"text-decoration: underline;\">Unterkunft in Rijeka:<\/span><\/strong><\/h3>\n<table border=\"0\" width=\"720\" cellspacing=\"2\" cellpadding=\"2\">\n<tbody>\n<tr>\n<td align=\"center\" width=\"240\">\n<p align=\"center\"><a href=\"https:\/\/www.buscroatia.com\/de\/ferienwohnungen\"><img decoding=\"async\" style=\"margin: 0px 1px 1px;\" src=\"https:\/\/www.buscroatia.com\/de\/wp-content\/uploads\/info\/Ferienwohnung.jpg\" alt=\"\" \/><\/a><\/p>\n<p align=\"center\"><strong><span style=\"color: #000000; font-size: large;\">Kroatien<\/span><\/strong><\/p>\n<\/td>\n<td align=\"center\" width=\"240\">\n<p align=\"center\"><a href=\"https:\/\/www.buscroatia.com\/de\/hotel-rijeka\" target=\"_blank\"><img decoding=\"async\" style=\"margin: 0px 1px 1px;\" src=\"https:\/\/www.buscroatia.com\/de\/wp-content\/uploads\/info\/Hotels.jpg\" alt=\"\" \/><\/a><\/p>\n<p align=\"center\"><strong><span style=\"color: #000000; font-size: large;\">Rijeka<\/span><\/strong><\/p>\n<\/td>\n<td align=\"center\" width=\"240\">\n<p align=\"center\"><a href=\"https:\/\/www.buscroatia.com\/de\/hostel-rijeka\" target=\"_blank\"><img decoding=\"async\" style=\"margin: 0px 1px 1px;\" src=\"https:\/\/www.buscroatia.com\/de\/wp-content\/uploads\/info\/Herberge.jpg\" alt=\"\" \/><\/a><\/p>\n<p align=\"center\"><strong><span style=\"color: #000000; font-size: large;\">Rijeka<\/span><\/strong><\/p>\n<\/td>\n<\/tr>\n<\/tbody>\n<\/table>\n<h3><strong>Flughafenbus nach Rijeka<\/strong>.<\/h3>\n<p style=\"text-align: justify;\">Es gibt einen Flughafenbus, der kurz <strong>nach jeder Ankunft eines Linienfluges<\/strong> nach Rijeka f\u00e4hrt. Dieser Bus f\u00e4hrt zum <strong>Jela\u010di\u0107ev-Platz in Rijeka<\/strong>, der sich etwa 1,5 km vom Busbahnhof und 2 km entfernt vom Bahnhof in Rijeka befindet. Der <strong>Bus vom Flughafen f\u00e4hrt auch weiter bis nach Opatija<\/strong>. Der Preis f\u00fcr den Flughafenbus <strong>nach Rijeka betr\u00e4gt 50 Kuna<\/strong> und 70 Kuna nach Opatija. Die Tickets k\u00f6nnen im Bus gekauft werden. Normalerweise ist man etwa 1,5 bis 2 Stunden nach der Ankunft eines Fluges in Rijeka. Ab Opatija f\u00e4hrt der Bus zum Flughafen etwa 3 Stunden vor Abflug und <strong>ab dem Jela\u010di\u0107ev-Platz in Rijeka etwa 2,5 Stunden vor Abflug eines Linienfluges<\/strong>.<\/p>\n<h3><span style=\"text-decoration: underline;\"><strong>Taxi.<\/strong><\/span><\/h3>\n<p style=\"text-align: justify;\">Vor dem Terminal des Flughafens von Rijeka-Krk findet man nat\u00fcrlich auch einen Taxistand. <strong>Achten Sie bitte darauf<\/strong>, vor Antritt der Fahrt den Fahrpreis mit dem Fahrer genau festzulegen.<\/p>\n<h3><span style=\"text-decoration: underline;\"><strong>Karte Flughafen Rijeka und umliegende Region.<\/strong><\/span><br \/>\n<iframe loading=\"lazy\" src=\"https:\/\/maps.google.de\/maps\/ms?msa=0&amp;msid=214729732902778212015.0004d2aea5be89c659314&amp;ie=UTF8&amp;t=h&amp;ll=45.29083,14.516373&amp;spn=0.217377,0.479965&amp;z=11&amp;output=embed\" width=\"700\" height=\"450\" frameborder=\"0\" marginwidth=\"0\" marginheight=\"0\" scrolling=\"no\"><\/iframe><br \/>\n<small><a style=\"color: #0000ff; text-align: left;\" href=\"https:\/\/maps.google.de\/maps\/ms?msa=0&amp;msid=214729732902778212015.0004d2aea5be89c659314&amp;ie=UTF8&amp;t=h&amp;ll=45.29083,14.516373&amp;spn=0.217377,0.479965&amp;z=11&amp;source=embed\">Von Flughafen Rijeka\/Krk &#8211; Transfer, bus, Taxi<\/a> auf einer gr\u00f6\u00dferen Karte anzeigen<\/small><\/h3>\n","protected":false},"excerpt":{"rendered":"<p>Der Flughafen Rijeka-Krk liegt 30 km vom Stadtzentrum von Rijeka entfernt auf der Insel Krk (Siehe Karte unten). Er ist somit die perfekte Wahl f\u00fcr eine Reise zu den Inseln Krk, Cres, Losinj und nat\u00fcrlich f\u00fcr alle diejenigen, die einen Urlaub im Gebiet der Kvarner Bucht verbringen m\u00f6chten. FlughafenTransfer. Der einfachste und bequemste Weg, um [&hellip;]<\/p>\n","protected":false},"author":2,"featured_media":820,"parent":0,"menu_order":0,"comment_status":"open","ping_status":"open","template":"","meta":[],"aioseo_notices":[],"_links":{"self":[{"href":"https:\/\/www.buscroatia.com\/de\/wp-json\/wp\/v2\/pages\/817"}],"collection":[{"href":"https:\/\/www.buscroatia.com\/de\/wp-json\/wp\/v2\/pages"}],"about":[{"href":"https:\/\/www.buscroatia.com\/de\/wp-json\/wp\/v2\/types\/page"}],"author":[{"embeddable":true,"href":"https:\/\/www.buscroatia.com\/de\/wp-json\/wp\/v2\/users\/2"}],"replies":[{"embeddable":true,"href":"https:\/\/www.buscroatia.com\/de\/wp-json\/wp\/v2\/comments?post=817"}],"version-history":[{"count":24,"href":"https:\/\/www.buscroatia.com\/de\/wp-json\/wp\/v2\/pages\/817\/revisions"}],"predecessor-version":[{"id":178654,"href":"https:\/\/www.buscroatia.com\/de\/wp-json\/wp\/v2\/pages\/817\/revisions\/178654"}],"wp:featuredmedia":[{"embeddable":true,"href":"https:\/\/www.buscroatia.com\/de\/wp-json\/wp\/v2\/media\/820"}],"wp:attachment":[{"href":"https:\/\/www.buscroatia.com\/de\/wp-json\/wp\/v2\/media?parent=817"}],"curies":[{"name":"wp","href":"https:\/\/api.w.org\/{rel}","templated":true}]}}