{"id":80,"date":"2012-02-01T13:05:23","date_gmt":"2012-02-01T13:05:23","guid":{"rendered":"http:\/\/www.buscroatia.com\/de\/?page_id=80"},"modified":"2015-04-10T08:08:30","modified_gmt":"2015-04-10T08:08:30","slug":"busreise-kroatien","status":"publish","type":"page","link":"https:\/\/www.buscroatia.com\/de\/busreise-kroatien\/","title":{"rendered":"Busreisen in Kroatien"},"content":{"rendered":"<p>Jedes Jahr fahren \u00fcber 1500 Busse aus verschiedenen deutschen St\u00e4dten nach <b>Kroatien<\/b>. Immer mehr Menschen entscheiden sich mit dem Bus in den Urlaub zu fahren, und Kroatien liegt auf der Liste der Hit-Destinationen immer weit oben. Von Deutschland aus bieten sich viele M\u00f6glichkeiten Kroatien mit dem Bus zu besuchen.<\/p>\n<p>Eine der beliebtesten Destinationen ist sicherlich <b>Istrien<\/b>. Es bieten sich verschiedene M\u00f6glichkeiten f\u00fcr Busreisende aus Deutschland. Je nach Organisation der Reise, kann man entweder eine einzelne istrische Stadt besuchen, zu den Beliebtesten geh\u00f6ren sicherlich <b>Pula<\/b>, <b>Opatija<\/b>, <b>Rovinj<\/b> und <b>Porec<\/b>. Falls Sie Ihr Hotel selber w\u00e4hlen und Ihren Tag selbst organisieren m\u00f6chten, sind <b>Linienbusse<\/b>, die aus Deutschland in verschiedene kroatische St\u00e4dte fahren, die ideale L\u00f6sung f\u00fcr Sie<\/p>\n<p>Es werden auch immer mehr Rundreisen organisiert. Auf diese Weise bietet sich die M\u00f6glichkeit, dass man auf ein Mal mehrere St\u00e4dte in Istrien besichtigt. Es gibt nat\u00fcrlich auch Rundreisen, die durch ganz Kroatien f\u00fchren, oder, die verschiedene St\u00e4dte in <b>Dalmatien<\/b> besichtigen. Immer beliebter werden auch <b>Inselrundreisen<\/b>, durch eine Kombination von Bus \u2013 und F\u00e4hrenreisen kann man auf diese Art verschiedene Inseln in einem Urlaub besuchen.<\/p>\n<h3 style=\"text-align: center;\"><span style=\"color: #0000ff;\"><strong><a title=\"Busreisekatalog Kroatien\" href=\"https:\/\/www.buscroatia.com\/de\/busreisekatalog-kroatien\/\"><span style=\"color: #0000ff;\">Katalog mit allen Busreisen nach Kroatien im \u00dcberblick &#8211; <span style=\"color: #ff0000;\">Sehen Sie hier<\/span><\/span><\/a><\/strong><\/span><\/h3>\n<p>Eine andere Option ist eine Rundreise durch Kroatien und deren Nachbarl\u00e4nder. Die beliebtesten Routen f\u00fchren durch <b>Kroatien<\/b>, <b>Slowenien<\/b>, <b>Bosnien und Herzegowina<\/b> und <b>Montenegro<\/b>. Eine andere beliebte Rundreise ist die, durch die Nationalp\u00e4rke Kroatiens, auf diese Weise besichtigt man in einem Urlaub die wichtigsten Natursch\u00f6nheiten Kroatiens, wie die <b>Plitvicer Seen<\/b> und den <b>Nationalpark Krka<\/b>.<\/p>\n<p style=\"text-align: center;\"><a href=\"https:\/\/www.buscroatia.com\/de\/wp-content\/uploads\/2012\/02\/busreisen-kroatien.jpg\" rel=\"lightbox[80]\"><img decoding=\"async\" class=\".aligncenter\" title=\"Busreisen Kroatien\" src=\"https:\/\/www.buscroatia.com\/de\/wp-content\/uploads\/2012\/02\/busreisen-kroatien.jpg\" alt=\"Busreisen Kroatien\" width=\"100%\" \/><\/a><\/p>\n<p style=\"text-align: left;\">Die Busreisen kann man auch entsprechend der Jahreszeit planen, den Kroatien ist nicht nur f\u00fcr einen Badeurlaub zu empfehlen, es ist definitiv das ganze Jahr \u00fcber einen Besuch wert. Es bieten sich verschiedene <b>Fr\u00fchlingsreisen<\/b> wie z.B. an <b>Ostern<\/b>, es gibt ebenfalls ausgezeichnete <b>Weihnachts \u2013 und Silvesterangebote<\/b>. Ausser der Tatsache, dass man im Busurlaub immer mobil ist, ist ein anderer Vorteil der, dass man in einer gr\u00f6\u00dferen Gruppe reisen kann, was vor allem f\u00fcr Kinder und Jugendliche gut ist. Deswegen werden auch in Kroatien immer mehr <b>Jugend \u2013 und Partyreisen<\/b> angeboten, die Hauptdestination f\u00fcr solche Reisen ist sicherlich <b>Novalja<\/b>, auf der Insel <b>Pag<\/b>.<\/p>\n<p style=\"text-align: right;\">Beitrag von <a href=\"https:\/\/plus.google.com\/109378476266658110512?\" rel=\"author\">Ines Sucic<\/a><\/p>\n","protected":false},"excerpt":{"rendered":"<p>Jedes Jahr fahren \u00fcber 1500 Busse aus verschiedenen deutschen St\u00e4dten nach Kroatien. Immer mehr Menschen entscheiden sich mit dem Bus in den Urlaub zu fahren, und Kroatien liegt auf der Liste der Hit-Destinationen immer weit oben. Von Deutschland aus bieten sich viele M\u00f6glichkeiten Kroatien mit dem Bus zu besuchen. Eine der beliebtesten Destinationen ist sicherlich [&hellip;]<\/p>\n","protected":false},"author":1,"featured_media":0,"parent":0,"menu_order":0,"comment_status":"open","ping_status":"open","template":"","meta":[],"aioseo_notices":[],"_links":{"self":[{"href":"https:\/\/www.buscroatia.com\/de\/wp-json\/wp\/v2\/pages\/80"}],"collection":[{"href":"https:\/\/www.buscroatia.com\/de\/wp-json\/wp\/v2\/pages"}],"about":[{"href":"https:\/\/www.buscroatia.com\/de\/wp-json\/wp\/v2\/types\/page"}],"author":[{"embeddable":true,"href":"https:\/\/www.buscroatia.com\/de\/wp-json\/wp\/v2\/users\/1"}],"replies":[{"embeddable":true,"href":"https:\/\/www.buscroatia.com\/de\/wp-json\/wp\/v2\/comments?post=80"}],"version-history":[{"count":36,"href":"https:\/\/www.buscroatia.com\/de\/wp-json\/wp\/v2\/pages\/80\/revisions"}],"predecessor-version":[{"id":25147,"href":"https:\/\/www.buscroatia.com\/de\/wp-json\/wp\/v2\/pages\/80\/revisions\/25147"}],"wp:attachment":[{"href":"https:\/\/www.buscroatia.com\/de\/wp-json\/wp\/v2\/media?parent=80"}],"curies":[{"name":"wp","href":"https:\/\/api.w.org\/{rel}","templated":true}]}}