{"id":791,"date":"2012-10-11T19:27:49","date_gmt":"2012-10-11T19:27:49","guid":{"rendered":"http:\/\/www.buscroatia.com\/de\/?page_id=791"},"modified":"2013-12-21T14:23:47","modified_gmt":"2013-12-21T14:23:47","slug":"split-nach-hvar","status":"publish","type":"page","link":"https:\/\/www.buscroatia.com\/de\/split-nach-hvar\/","title":{"rendered":"Von Split nach Hvar"},"content":{"rendered":"<p><a href=\"https:\/\/www.buscroatia.com\/de\/wp-content\/uploads\/2012\/10\/Katamaran-nach-Hvar.jpg\" rel=\"lightbox[791]\"><img decoding=\"async\" loading=\"lazy\" class=\"alignright size-medium wp-image-798\" title=\"Katamaran nach Hvar\" src=\"https:\/\/www.buscroatia.com\/de\/wp-content\/uploads\/2012\/10\/Katamaran-nach-Hvar-300x225.jpg\" alt=\"Katamaran nach Hvar\" width=\"300\" height=\"225\" srcset=\"https:\/\/www.buscroatia.com\/de\/wp-content\/uploads\/2012\/10\/Katamaran-nach-Hvar-300x225.jpg 300w, https:\/\/www.buscroatia.com\/de\/wp-content\/uploads\/2012\/10\/Katamaran-nach-Hvar.jpg 1024w\" sizes=\"(max-width: 300px) 100vw, 300px\" \/><\/a>Eine <strong>Reise von Split nach der Insel Hvar<\/strong> ist ganz einfach. Das h\u00e4ufigste Problem der Reisenden sind allerdings die <strong>Fahrpl\u00e4ne der F\u00e4hren \/ Katamarane<\/strong>.\u00a0 Die regelm\u00e4\u00dfig verkehrenden F\u00e4hren sind eher auf die <strong>Bed\u00fcrfnisse der arbeitenden Bev\u00f6lkerung abgestimmt<\/strong>, welche auf der Insel Hvar lebt und auf dem Festland arbeitet, als auf diejenigen, welche einen <strong>Tagesausflug von Split<\/strong> auf die Insel Hvar unternehmen m\u00f6chten.<\/p>\n<p><strong>Allgemeines \u00fcber F\u00e4hren und Katamarane nach Hvar:<\/strong> Eine Ticketreservierung ist nicht m\u00f6glich (au\u00dfer f\u00fcr die K\u00fcstenf\u00e4hre und die <strong>internationalen F\u00e4hren mit Halt in Stari grad)<\/strong>. Die F\u00e4hrlinien werden von mehreren verschiedenen Unternehmen betrieben.<\/p>\n<p><span style=\"text-decoration: underline;\"><strong>Fahrpl\u00e4ne der Katamarane von Split nach Hvar:<\/strong><\/span><\/p>\n<p>W\u00e4hrend der Sommermonate gibt es <strong>4 Katamaranverbindungen in beide Richtungen<\/strong> (<span style=\"color: #0000ff;\"><strong>siehe Foto Rechts<\/strong><\/span>). Der erste Katamaran f\u00e4hrt um 10 Uhr in Split ab, die letzte Abfahrt von Hvar nach Split ist um 15 Uhr. Die <strong>Fahrzeit betr\u00e4gt etwa 1 Stunde<\/strong>, so dass Ihnen maximal 4 Stunden zum Erkunden der Stadt Hvar bleiben.<\/p>\n<p><strong><a href=\"https:\/\/www.buscroatia.com\/wp-content\/uploads\/2011\/12\/Catamaran-Split-Hvar-Schedule.jpg\" rel=\"lightbox[791]\"><img decoding=\"async\" loading=\"lazy\" class=\"alignright\" title=\"Katamaran Split nach Hvar\" src=\"https:\/\/www.buscroatia.com\/wp-content\/uploads\/2011\/12\/Catamaran-Split-Hvar-Schedule-150x150.jpg\" alt=\"\" width=\"150\" height=\"150\" \/><\/a>Tagesausflug mit dem Katamaran zur Stadt Hvar<\/strong>: Wenn Ihnen 4 Stunden f\u00fcr die Besichtigung der Stadt Hvar gen\u00fcgen, dann haben Sie nur noch ein Problem, und das ist das <strong>Ticket f\u00fcr den Katamaran<\/strong>. Im Sommer sind diese F\u00e4hren oft sehr voll, so dass es am besten ist, wenn Sie das <strong>Ticket f\u00fcr die F\u00e4hre um 10 Uhr<\/strong> bereits in den fr\u00fchen Morgenstunden oder noch besser bereits am Vortag kaufen sollten. <strong>Sobald Sie dann auf Hvar ankommen<\/strong>, m\u00fcssen Sie als erstes gleich das <strong>Ticket f\u00fcr die R\u00fcckfahrt kaufen<\/strong>. F\u00fcr die R\u00fcckfahrt um 15 Uhr kaufen Sie das Ticket bei der <strong>Agentur Pelegrini<\/strong> (<span style=\"color: #0000ff;\">zur Erl\u00e4uterung siehe Karte unten<\/span>).<\/p>\n<p>Auch wenn Sie zu anderen Zeiten mit dem <strong>Katamaran von Split nach Hvar und zur\u00fcc<\/strong>k fahren wollen, ist es ratsam, die Tickets rechtzeitig vorher zu kaufen.<br \/>\n<script type=\"text\/javascript\"><!--\ngoogle_ad_client = \"\";\n\/* Bus728-de *\/\ngoogle_ad_slot = \"7853926611\";\ngoogle_ad_width = 728;\ngoogle_ad_height = 90;\n\/\/-->\n<\/script><br \/>\n<script type=\"text\/javascript\"\nsrc=\"https:\/\/pagead2.googlesyndication.com\/pagead\/show_ads.js\">\n<\/script><\/p>\n<p><strong><a href=\"https:\/\/www.buscroatia.com\/wp-content\/uploads\/2011\/12\/Ferry-Split-Hvar-Schedule.jpg\" rel=\"lightbox[791]\"><img decoding=\"async\" loading=\"lazy\" class=\"alignright\" title=\"Autofaehre Split Hvar\" src=\"https:\/\/www.buscroatia.com\/wp-content\/uploads\/2011\/12\/Ferry-Split-Hvar-Schedule-150x150.jpg\" alt=\"\" width=\"150\" height=\"150\" \/><\/a>Autof\u00e4hre und Bus nach Stadt Hvar:<\/strong> W\u00e4hrend der Sommermonate gibt es <strong>7 t\u00e4glich Autof\u00e4hren<\/strong> zwischen Split und Stari grad (siehe Foto). Die Fahrt dauert etwa 2 Stunden. Am <strong>F\u00e4hrhafen in Stari grad<\/strong> finden Sie die <strong>Busse in die Stadt Hvar<\/strong> (20 Minuten Fahrt). Der Bus von der Stadt Hvar zur\u00fcck nach Stari grad f\u00e4hrt ungef\u00e4hr 1,5 Stunden vor der Abfahrt der Autof\u00e4hre nach Split. Sie k\u00f6nnen den <strong>Busfahrplan <a href=\"http:\/\/www.tzhvar.hr\/en\/info\/travel_lines\/\" target=\"_blank\">hier<\/a> finden<\/strong>.<\/p>\n<p>Wenn Sie mit dem <strong>Auto nach Hvar kommen<\/strong>, ist es ratsam, am F\u00e4hrhafen 1 &#8211; 2 Stunden vor der Abfahrt zu sein, denn es kann sonst passieren, dass die Autotickets ausverkauft sind.<\/p>\n<p><strong>Tagesausflug nach der Insel Hvar mit der Autof\u00e4hre:<\/strong> Es ist selbstverst\u00e4ndlich m\u00f6glich, <strong>mit der Autof\u00e4hre einen Tagesausflug zur Insel Hvar zu unternehmen<\/strong>, doch Sie m\u00fcssen wissen, dass Sie dabei allein insgesamt 4 Stunden auf der F\u00e4hre verbringen dazu kommt die Wartezeit am F\u00e4hrhafen. Doch <strong>die Fahrt auf der F\u00e4hre ist sehr sch\u00f6n<\/strong> und auch viel komfortabler als die mit dem Katamaran.<\/p>\n<table width=\"720\" border=\"0\" cellspacing=\"2\" cellpadding=\"2\">\n<tbody>\n<tr>\n<td align=\"center\" width=\"240\">\n<p align=\"center\"><a href=\"https:\/\/www.buscroatia.com\/de\/fewo-hvar\" target=\"_blank\"><img decoding=\"async\" style=\"margin: 0px 1px 1px;\" src=\"https:\/\/www.buscroatia.com\/wp-content\/uploads\/2012\/08\/Icon-apartment.jpg\" alt=\"\" \/><\/a><\/p>\n<p align=\"center\"><strong><span style=\"color: #000000; font-size: large;\">Stadt Hvar<\/span><\/strong><\/p>\n<\/td>\n<td align=\"center\" width=\"240\">\n<p align=\"center\"><a href=\"https:\/\/www.buscroatia.com\/de\/hotel-hvar\" target=\"_blank\"><img decoding=\"async\" style=\"margin: 0px 1px 1px;\" src=\"https:\/\/www.buscroatia.com\/wp-content\/uploads\/2012\/08\/Icon-hotel.jpg\" alt=\"\" \/><\/a><\/p>\n<p align=\"center\"><strong><span style=\"color: #000000; font-size: large;\">Stadt Hvar<\/span><\/strong><\/p>\n<\/td>\n<td align=\"center\" width=\"240\">\n<p align=\"center\"><a href=\"https:\/\/www.buscroatia.com\/de\/hostel-hvar\" target=\"_blank\"><img decoding=\"async\" style=\"margin: 0px 1px 1px;\" src=\"https:\/\/www.buscroatia.com\/wp-content\/uploads\/2012\/08\/Icon-hostel.jpg\" alt=\"\" \/><\/a><\/p>\n<p align=\"center\"><strong><span style=\"color: #000000; font-size: large;\">Stadt Hvar<\/span><\/strong><\/p>\n<\/td>\n<\/tr>\n<\/tbody>\n<\/table>\n<p><strong>Ausflug zur Stadt Hvar<\/strong>: Die beste M\u00f6glichkeit f\u00fcr einen Tagesausflug zur Insel Hvar ist die, an <strong>einer Exkursion von Splittours<\/strong> teilzunehmen. An 6 Tagen in der Woche (ausgenommen Samstag) f\u00e4hrt Splittours mit einem <strong>Katamaran in Split um 9 Uhr ab<\/strong> und kehrt von Hvar zur\u00fcck um 19 Uhr bzw. um 19.45. Dieser Ausflug ist zwar teurer als die regul\u00e4ren F\u00e4hren und Katamarane, aber f\u00fcr einen Tagesausflug ist eine solche Fahrt bei weitem die beste Option. <strong>Sie k\u00f6nnen das Ticket auch als One-Way-Ticket kaufen<\/strong> und mit der Fahrt mit einer regul\u00e4ren F\u00e4hre kombinieren. Ein wirkliches Plus bei so einer Exkursion mit Splittours ist die Tatsache, dass man die <strong>Tickets online kaufen kann<\/strong>, was Sie hier tun k\u00f6nnen.<\/p>\n<p><strong>Karte Anreise von Split nach Stadt Hvar<\/strong><br \/>\n<iframe loading=\"lazy\" src=\"https:\/\/maps.google.co.uk\/maps\/ms?msid=208501521610253693382.0004c6a8bfc34c468ac16&amp;msa=0&amp;ie=UTF8&amp;t=h&amp;ll=43.363129,16.520691&amp;spn=0.549123,0.95993&amp;z=10&amp;output=embed\" frameborder=\"0\" marginwidth=\"0\" marginheight=\"0\" scrolling=\"no\" width=\"700\" height=\"550\"><\/iframe><br \/>\n<small>View <a style=\"color: #0000ff; text-align: left;\" href=\"https:\/\/maps.google.co.uk\/maps\/ms?msid=208501521610253693382.0004c6a8bfc34c468ac16&amp;msa=0&amp;ie=UTF8&amp;t=h&amp;ll=43.363129,16.520691&amp;spn=0.549123,0.95993&amp;z=10&amp;source=embed\">Getting from Split to Hvar<\/a> in a larger map<\/small><\/p>\n","protected":false},"excerpt":{"rendered":"<p>Eine Reise von Split nach der Insel Hvar ist ganz einfach. Das h\u00e4ufigste Problem der Reisenden sind allerdings die Fahrpl\u00e4ne der F\u00e4hren \/ Katamarane.\u00a0 Die regelm\u00e4\u00dfig verkehrenden F\u00e4hren sind eher auf die Bed\u00fcrfnisse der arbeitenden Bev\u00f6lkerung abgestimmt, welche auf der Insel Hvar lebt und auf dem Festland arbeitet, als auf diejenigen, welche einen Tagesausflug von [&hellip;]<\/p>\n","protected":false},"author":1,"featured_media":798,"parent":0,"menu_order":0,"comment_status":"open","ping_status":"open","template":"","meta":[],"aioseo_notices":[],"_links":{"self":[{"href":"https:\/\/www.buscroatia.com\/de\/wp-json\/wp\/v2\/pages\/791"}],"collection":[{"href":"https:\/\/www.buscroatia.com\/de\/wp-json\/wp\/v2\/pages"}],"about":[{"href":"https:\/\/www.buscroatia.com\/de\/wp-json\/wp\/v2\/types\/page"}],"author":[{"embeddable":true,"href":"https:\/\/www.buscroatia.com\/de\/wp-json\/wp\/v2\/users\/1"}],"replies":[{"embeddable":true,"href":"https:\/\/www.buscroatia.com\/de\/wp-json\/wp\/v2\/comments?post=791"}],"version-history":[{"count":20,"href":"https:\/\/www.buscroatia.com\/de\/wp-json\/wp\/v2\/pages\/791\/revisions"}],"predecessor-version":[{"id":168965,"href":"https:\/\/www.buscroatia.com\/de\/wp-json\/wp\/v2\/pages\/791\/revisions\/168965"}],"wp:featuredmedia":[{"embeddable":true,"href":"https:\/\/www.buscroatia.com\/de\/wp-json\/wp\/v2\/media\/798"}],"wp:attachment":[{"href":"https:\/\/www.buscroatia.com\/de\/wp-json\/wp\/v2\/media?parent=791"}],"curies":[{"name":"wp","href":"https:\/\/api.w.org\/{rel}","templated":true}]}}