{"id":58,"date":"2012-01-21T11:54:02","date_gmt":"2012-01-21T11:54:02","guid":{"rendered":"http:\/\/www.buscroatia.com\/de\/?page_id=58"},"modified":"2025-04-23T08:23:39","modified_gmt":"2025-04-23T08:23:39","slug":"ueber-bus-kroatien","status":"publish","type":"page","link":"https:\/\/www.buscroatia.com\/de\/ueber-bus-kroatien\/","title":{"rendered":"\u00dcber uns"},"content":{"rendered":"<p>Seit der Einf\u00fchrung der ersten Version von Buscroatia.com am Anfang des Jahres 2012 ist unser Ziel Bus <strong>Reisen in Kroatien einfach zu machen<\/strong>. Wir sind noch nicht ganz da, aber wir arbeiten st\u00e4ndig an der Verbesserung unseres Services, gemeinsam mit den Bus-Unternehmen, mit denen wir zusammenarbeiten.<\/p>\n<p>Im Jahr 2025 haben wir <strong data-start=\"23\" data-end=\"40\">Traveling.com<\/strong> ins Leben gerufen \u2013 eine Plattform, die <strong data-start=\"81\" data-end=\"104\">alle Verkehrsmittel<\/strong> \u2013 Busse, F\u00e4hren, Z\u00fcge und Fl\u00fcge \u2013 an einem Ort vereint. Unser Ziel ist es, die Reiseplanung einfach, nahtlos und f\u00fcr alle zug\u00e4nglich zu machen, ganz egal, wohin die Reise geht.<\/p>\n<p><strong>3 tolle Dinge, die wir an Bussen m\u00f6gen<\/strong><\/p>\n<ol>\n<li>Der CO2 Aussto\u00df pro Person und Kilometer ist geringer als bei Auto-, Flugzeug- oder Zugreisen.<\/li>\n<li>Busfahrten sind g\u00fcnstiger als Reisen mit anderen Transportmitteln<\/li>\n<li>Busse geh\u00f6ren zu den sichersten Reisem\u00f6glichkeiten<\/li>\n<\/ol>\n<p><strong>Was ist unser Ziel?<\/strong><\/p>\n<p>Unser Hauptziel ist es die Anzahl der Reisenden in Kroatien und in den anderen L\u00e4ndern in denen wir t\u00e4tig sind, zu vergr\u00f6\u00dfern. Wir glauben, dass die Schl\u00fcsselfaktoren um dies zu erreichen, die Folgenden sind:<\/p>\n<ol>\n<li>Mit dem Bus zu Fahren sollten f\u00fcr die Passagiere einfach<\/li>\n<li>Die Routen m\u00fcssen den Bed\u00fcrfnissen der Passagiere angepasst werden<\/li>\n<li>Bus Fahrten sollten billiger sein als andere Verkehrsmittel<\/li>\n<\/ol>\n<p>Falls Sie ein Busreisender sind und uns kontaktieren m\u00f6chten, k\u00f6nnen Sie dasfolgende Kontakt Formular <a href=\"https:\/\/getbybus.com\/de\/kontakt\">hier <\/a>nutzen.<\/p>\n","protected":false},"excerpt":{"rendered":"<p>Seit der Einf\u00fchrung der ersten Version von Buscroatia.com am Anfang des Jahres 2012 ist unser Ziel Bus Reisen in Kroatien einfach zu machen. Wir sind noch nicht ganz da, aber wir arbeiten st\u00e4ndig an der Verbesserung unseres Services, gemeinsam mit den Bus-Unternehmen, mit denen wir zusammenarbeiten. Im Jahr 2025 haben wir Traveling.com ins Leben gerufen [&hellip;]<\/p>\n","protected":false},"author":1,"featured_media":0,"parent":0,"menu_order":0,"comment_status":"open","ping_status":"open","template":"","meta":[],"aioseo_notices":[],"_links":{"self":[{"href":"https:\/\/www.buscroatia.com\/de\/wp-json\/wp\/v2\/pages\/58"}],"collection":[{"href":"https:\/\/www.buscroatia.com\/de\/wp-json\/wp\/v2\/pages"}],"about":[{"href":"https:\/\/www.buscroatia.com\/de\/wp-json\/wp\/v2\/types\/page"}],"author":[{"embeddable":true,"href":"https:\/\/www.buscroatia.com\/de\/wp-json\/wp\/v2\/users\/1"}],"replies":[{"embeddable":true,"href":"https:\/\/www.buscroatia.com\/de\/wp-json\/wp\/v2\/comments?post=58"}],"version-history":[{"count":12,"href":"https:\/\/www.buscroatia.com\/de\/wp-json\/wp\/v2\/pages\/58\/revisions"}],"predecessor-version":[{"id":179070,"href":"https:\/\/www.buscroatia.com\/de\/wp-json\/wp\/v2\/pages\/58\/revisions\/179070"}],"wp:attachment":[{"href":"https:\/\/www.buscroatia.com\/de\/wp-json\/wp\/v2\/media?parent=58"}],"curies":[{"name":"wp","href":"https:\/\/api.w.org\/{rel}","templated":true}]}}