{"id":545,"date":"2012-09-18T10:34:09","date_gmt":"2012-09-18T10:34:09","guid":{"rendered":"http:\/\/www.buscroatia.com\/de\/?page_id=545"},"modified":"2019-07-31T13:52:24","modified_gmt":"2019-07-31T13:52:24","slug":"bus-pula-flughafen","status":"publish","type":"page","link":"https:\/\/www.buscroatia.com\/de\/bus-pula-flughafen\/","title":{"rendered":"Bus Pula Flughafen"},"content":{"rendered":"<p><strong><a href=\"\/de\/wp-content\/uploads\/2012\/09\/Flughafen-pula.jpg\" rel=\"lightbox[545]\"><img decoding=\"async\" loading=\"lazy\" class=\" wp-image-550  alignright\" src=\"https:\/\/www.buscroatia.com\/de\/wp-content\/uploads\/2012\/09\/Flughafen-pula-300x225.jpg\" alt=\"Flughafen-pula\" width=\"241\" height=\"181\" srcset=\"https:\/\/www.buscroatia.com\/de\/wp-content\/uploads\/2012\/09\/Flughafen-pula-300x225.jpg 300w, https:\/\/www.buscroatia.com\/de\/wp-content\/uploads\/2012\/09\/Flughafen-pula.jpg 800w\" sizes=\"(max-width: 241px) 100vw, 241px\" \/><\/a><\/strong>Der Flughafen in Pula ist ungef\u00e4hr 7 Km von Pulas Stadtzentrum entfernt. Die Entfernung zwischen dem Flughafen und Medulin betr\u00e4gt etwa 13 Km. <strong>Andere beliebte Urlaubsorte,<\/strong> die sich in der N\u00e4he des Flughafens befinden sind; Banjole, Premantura, Liznjan, Fazana.<\/p>\n<h3 style=\"text-align: justify;\"><strong><span style=\"text-decoration: underline;\">Flughafen Bus:<\/span><\/strong><\/h3>\n<p style=\"text-align: justify;\">Vom Flughafen in Pula gibt es Shuttle Busse, die nach Umag, Rovinj, Porec, Novigrad, Rabac, Medulin, Fazana, an den <a href=\"https:\/\/www.buscroatia.com\/de\/busbahnhof-pula\/\" target=\"_blank\">Busbahnhof Pula<\/a>, aber auch nach Pula Verudela und Puntizela fahren. Die Busse fahren jeweils 30 min nach dem Anflug der Germainwings, Ryanair, Norwegian und Jet2.com Flugzeuge.\u00a0 Der Flughafen Bus f\u00e4hrt direkt vor dem Terminalgeb\u00e4ude ab, <a href=\"https:\/\/getbybus.com\/de\/\" target=\"_blank\">hier k\u00f6nnen Sie die Abfahrten sehen und auch gleich die Fahrkarten f\u00fcr einen Flughafen Shuttle Bus kaufen<\/a>. Falls Sie Ihre Reise vom Busbahnhof in Pula weiterf\u00fchren m\u00f6chten, k\u00f6nnen Sie dies entweder mit einem Taxi oder mit einem der Stadtbusse, die in fast alle Stadtteile fahren, tun. Die Fahrpl\u00e4ne f\u00fcr die Stadtbusse k\u00f6nnen Sie <a href=\"http:\/\/www.pulapromet.hr\/dokumenti\/grad.pdf\" target=\"_blank\">hier finden<\/a>. (Bus Kolodvor = Haupt Busbahnhof). Vom Busbahnhof aus gibt es auch Verbindungen in andere St\u00e4dte in Istrien, aber auch in St\u00e4dte wie z.B. Zagreb, Rijeka oder Split.<\/p>\n<h3 style=\"text-align: justify;\"><span style=\"text-decoration: underline;\"><strong>Mietwagen:<\/strong><\/span><\/h3>\n<p style=\"text-align: justify;\">Am Flughafen Pula k\u00f6nnen Sie Autos mieten, sowohl von lokalen, als auch von internationalen Mietwagen Unternehmen, Angebote f\u00fcr Mietwagen in Pula k\u00f6nnen Sie <a href=\"https:\/\/rentacar.getbybus.com\/de\/pula-flughafen\" target=\"_blank\">hier finden<\/a>.<\/p>\n<h3 style=\"text-align: justify;\"><script type=\"text\/javascript\">\/\/ <![CDATA[\ngoogle_ad_client = \"\"; \/* Bus728-de *\/ google_ad_slot = \"7853926611\"; google_ad_width = 728; google_ad_height = 90;\n\/\/ ]]><\/script><span style=\"text-decoration: underline;\"><strong>Unterk\u00fcnfte in Pula:<\/strong><\/span><\/h3>\n<p style=\"text-align: justify;\">Da Angebot der Unterk\u00fcnfte in Pula reicht von g\u00fcnstigen Hostel Betten bis zu vier Sterne Hotels. Falls Sie noch keine Unterkunft in Pula gefunden haben, k\u00f6nnen Sie eine gro\u00dfe Anzahl von Appartements, Hotels, Hostels und Bed and Breakfest Unterk\u00fcnften finden und zwar indem Sie auf die Ikonen klicken.<\/p>\n<table border=\"0\" width=\"720\" cellspacing=\"2\" cellpadding=\"2\">\n<tbody>\n<tr>\n<td align=\"center\" width=\"240\">\n<p align=\"center\"><a href=\"https:\/\/www.buscroatia.com\/de\/fewo-pula\"><img decoding=\"async\" style=\"margin: 0px 1px 1px;\" src=\"https:\/\/www.buscroatia.com\/de\/wp-content\/uploads\/info\/Ferienwohnung.jpg\" alt=\"\" \/><\/a><\/p>\n<p align=\"center\"><strong><span style=\"color: #000000; font-size: large;\">Pula<\/span><\/strong><\/p>\n<\/td>\n<td align=\"center\" width=\"240\">\n<p align=\"center\"><a href=\"https:\/\/www.buscroatia.com\/de\/hotel-pula\" target=\"_blank\"><img decoding=\"async\" style=\"margin: 0px 1px 1px;\" src=\"https:\/\/www.buscroatia.com\/de\/wp-content\/uploads\/info\/Hotels.jpg\" alt=\"\" \/><\/a><\/p>\n<p align=\"center\"><strong><span style=\"color: #000000; font-size: large;\"><strong>Pula<\/strong><\/span><\/strong><\/p>\n<\/td>\n<td align=\"center\" width=\"240\">\n<p align=\"center\"><a href=\"https:\/\/www.buscroatia.com\/de\/hostel-pula\" target=\"_blank\"><img decoding=\"async\" style=\"margin: 0px 1px 1px;\" src=\"https:\/\/www.buscroatia.com\/de\/wp-content\/uploads\/info\/Herberge.jpg\" alt=\"\" \/><\/a><\/p>\n<p align=\"center\"><strong><span style=\"color: #000000; font-size: large;\"><strong>Pula<\/strong><\/span><\/strong><\/p>\n<\/td>\n<\/tr>\n<\/tbody>\n<\/table>\n<h3 style=\"text-align: justify;\"><span style=\"text-decoration: underline;\"><strong>Vorgebuchte private und gemeinsame Transfere:<\/strong><\/span><\/h3>\n<p style=\"text-align: justify;\">Ein vorgebuchter Privattransfer vom Flughafen Pula macht nur Sinn, falls Sie viel Gep\u00e4ck bei sich haben, das Transfer Angebot k\u00f6nnen Sie <a href=\"https:\/\/getbytransfer.com\/de\" target=\"_blank\">hier finden<\/a>. Falls Sie eine andere Destination in Istrien, wie beispielsweise Rovinj, Porec, Vsrasr oder Umag besuchen, dann macht ein vorgebuchter Transfer in vielen F\u00e4llen Sinn. Obowhl dies nicht die g\u00fcnstigste Transportform ist, ist es sicherlich die Bequemste. Transfers zu allen Destinationen vom Flughafen Pula aus k\u00f6nnen Sie <a href=\"https:\/\/getbytransfer.com\/de\" target=\"_blank\">hier finden<\/a>. Der Preis einer Einfahrtkarte mit dem Flughafen Bus betr\u00e4gt 15 Kuna. Taxi: Der Taxistand befindet sich vor dem Flughafen, eine Taxifahrt ins Stadtzentrum kostet etwa 15 Euro. Achten Sie darauf, dass Sie den Preis vor dem Verlassen des Flughafens vereinbaren.<\/p>\n<h3 style=\"text-align: justify;\"><span style=\"text-decoration: underline;\">Karte der Strecke vom Flughafen Pula ins Stadtzentrum:<\/span><\/h3>\n<p><iframe loading=\"lazy\" src=\"https:\/\/maps.google.de\/maps\/ms?msa=0&amp;msid=214729732902778212015.0004d2b03c6dc83ed6fcb&amp;ie=UTF8&amp;t=h&amp;ll=44.884945,13.886375&amp;spn=0.054732,0.119991&amp;z=13&amp;output=embed\" width=\"700\" height=\"450\" frameborder=\"0\" marginwidth=\"0\" marginheight=\"0\" scrolling=\"no\"><\/iframe><br \/>\n<small><a style=\"color: #0000ff; text-align: left;\" href=\"https:\/\/maps.google.de\/maps\/ms?msa=0&amp;msid=214729732902778212015.0004d2b03c6dc83ed6fcb&amp;ie=UTF8&amp;t=h&amp;ll=44.884945,13.886375&amp;spn=0.054732,0.119991&amp;z=13&amp;source=embed\">Von Flughafen Pula, Bus, Transfer oder Taxi<\/a> auf einer gr\u00f6\u00dferen Karte anzeigen<\/small><\/p>\n<p>&nbsp;<\/p>\n","protected":false},"excerpt":{"rendered":"<p>Der Flughafen in Pula ist ungef\u00e4hr 7 Km von Pulas Stadtzentrum entfernt. Die Entfernung zwischen dem Flughafen und Medulin betr\u00e4gt etwa 13 Km. Andere beliebte Urlaubsorte, die sich in der N\u00e4he des Flughafens befinden sind; Banjole, Premantura, Liznjan, Fazana. Flughafen Bus: Vom Flughafen in Pula gibt es Shuttle Busse, die nach Umag, Rovinj, Porec, Novigrad, [&hellip;]<\/p>\n","protected":false},"author":1,"featured_media":550,"parent":0,"menu_order":0,"comment_status":"open","ping_status":"open","template":"","meta":[],"aioseo_notices":[],"_links":{"self":[{"href":"https:\/\/www.buscroatia.com\/de\/wp-json\/wp\/v2\/pages\/545"}],"collection":[{"href":"https:\/\/www.buscroatia.com\/de\/wp-json\/wp\/v2\/pages"}],"about":[{"href":"https:\/\/www.buscroatia.com\/de\/wp-json\/wp\/v2\/types\/page"}],"author":[{"embeddable":true,"href":"https:\/\/www.buscroatia.com\/de\/wp-json\/wp\/v2\/users\/1"}],"replies":[{"embeddable":true,"href":"https:\/\/www.buscroatia.com\/de\/wp-json\/wp\/v2\/comments?post=545"}],"version-history":[{"count":28,"href":"https:\/\/www.buscroatia.com\/de\/wp-json\/wp\/v2\/pages\/545\/revisions"}],"predecessor-version":[{"id":178651,"href":"https:\/\/www.buscroatia.com\/de\/wp-json\/wp\/v2\/pages\/545\/revisions\/178651"}],"wp:featuredmedia":[{"embeddable":true,"href":"https:\/\/www.buscroatia.com\/de\/wp-json\/wp\/v2\/media\/550"}],"wp:attachment":[{"href":"https:\/\/www.buscroatia.com\/de\/wp-json\/wp\/v2\/media?parent=545"}],"curies":[{"name":"wp","href":"https:\/\/api.w.org\/{rel}","templated":true}]}}