{"id":5239,"date":"2014-09-04T11:36:19","date_gmt":"2014-09-04T11:36:19","guid":{"rendered":"http:\/\/www.buscroatia.com\/de\/?page_id=5239"},"modified":"2014-09-10T14:28:51","modified_gmt":"2014-09-10T14:28:51","slug":"busbahnhoefe-kvarner","status":"publish","type":"page","link":"https:\/\/www.buscroatia.com\/de\/busbahnhoefe-kvarner\/","title":{"rendered":"Busbahnh\u00f6fte in Kvarner"},"content":{"rendered":"<p>Falls Sie in die Kvarner Region reisen und gerne wissen m\u00f6chten wo Sie die Busbahnh\u00f6fe in verschiedenen Gebieten finden k\u00f6nnen, k\u00f6nnen Sie unsere Liste hier nutzen. Klicken Sie auf den Stadtnamen und finden Sie die Adresse und andere Informationen \u00fcber den Busbahnhof.<\/p>\n<table border=\"0\" width=\"700\" cellspacing=\"1\" cellpadding=\"1\">\n<tbody>\n<tr>\n<td valign=\"top\" width=\"175\"><a title=\"Busbahnhof Cres\" href=\"https:\/\/www.buscroatia.com\/de\/bus-cres\/\">Cres (town)<\/a><\/td>\n<td valign=\"top\" width=\"175\"><a title=\"Busbahnhof Krk\" href=\"https:\/\/www.buscroatia.com\/de\/bus-krk\/\">Krk (town)<\/a><\/td>\n<td valign=\"top\" width=\"175\"><a title=\"Busbahnhof Otocac\" href=\"https:\/\/www.buscroatia.com\/de\/bus-otocac\/\">Oto\u010dac<\/a><\/td>\n<td valign=\"top\" width=\"175\"><a title=\"Busbahnhof Palit\" href=\"https:\/\/www.buscroatia.com\/de\/bus-rab\/\">Palit<\/a><\/td>\n<\/tr>\n<tr>\n<td valign=\"top\" width=\"175\"><a title=\"Busbahnhof Crikvenica\" href=\"https:\/\/www.buscroatia.com\/de\/bus-crikvenica\/\">Crikvenica<\/a><\/td>\n<td valign=\"top\" width=\"175\"><a title=\"Busbahnhof Mali Lo\u0161inj\" href=\"https:\/\/www.buscroatia.com\/de\/bus-mali-losinj\/\">Mali Lo\u0161inj<\/a><\/td>\n<td valign=\"top\" width=\"175\"><a title=\"Busbahnhof Rijeka\" href=\"https:\/\/www.buscroatia.com\/de\/busbahnhof-rijeka\/\">Rijeka<\/a><\/td>\n<td valign=\"top\" width=\"175\">Rab<\/td>\n<\/tr>\n<tr>\n<td valign=\"top\" width=\"175\"><a title=\"Busbahnhof Delnice\" href=\"https:\/\/www.buscroatia.com\/de\/bus-delnice\/\">Delnice<\/a><\/td>\n<td valign=\"top\" width=\"175\"><a title=\"Busbahnhof Novi Vinodolski\" href=\"https:\/\/www.buscroatia.com\/de\/bus-novi-vinodolski\/\">Novi Vinodolski<\/a><\/td>\n<td valign=\"top\" width=\"175\"><a title=\"Busbahnhof Senj\" href=\"https:\/\/www.buscroatia.com\/de\/bus-senj\/\">Senj<\/a><\/td>\n<td valign=\"top\" width=\"175\"><\/td>\n<\/tr>\n<tr>\n<td valign=\"top\" width=\"175\"><a title=\"Busbahnhof Gospic\" href=\"https:\/\/www.buscroatia.com\/de\/bus-gospic\/\">Gospi\u0107<\/a><\/td>\n<td valign=\"top\" width=\"175\"><a title=\"Busbahnhof Opatija\" href=\"https:\/\/www.buscroatia.com\/de\/bus-opatija\/\">Opatija<\/a><\/td>\n<td valign=\"top\" width=\"175\"><a title=\"Busbahnhof Vrbovsko\" href=\"https:\/\/www.buscroatia.com\/de\/bus-vrbovsko\/\">Vrbovsko<\/a><\/td>\n<td valign=\"top\" width=\"175\"><\/td>\n<\/tr>\n<\/tbody>\n<\/table>\n","protected":false},"excerpt":{"rendered":"<p>Falls Sie in die Kvarner Region reisen und gerne wissen m\u00f6chten wo Sie die Busbahnh\u00f6fe in verschiedenen Gebieten finden k\u00f6nnen, k\u00f6nnen Sie unsere Liste hier nutzen. Klicken Sie auf den Stadtnamen und finden Sie die Adresse und andere Informationen \u00fcber den Busbahnhof. Cres (town) Krk (town) Oto\u010dac Palit Crikvenica Mali Lo\u0161inj Rijeka Rab Delnice Novi [&hellip;]<\/p>\n","protected":false},"author":2,"featured_media":0,"parent":0,"menu_order":0,"comment_status":"open","ping_status":"closed","template":"","meta":[],"aioseo_notices":[],"_links":{"self":[{"href":"https:\/\/www.buscroatia.com\/de\/wp-json\/wp\/v2\/pages\/5239"}],"collection":[{"href":"https:\/\/www.buscroatia.com\/de\/wp-json\/wp\/v2\/pages"}],"about":[{"href":"https:\/\/www.buscroatia.com\/de\/wp-json\/wp\/v2\/types\/page"}],"author":[{"embeddable":true,"href":"https:\/\/www.buscroatia.com\/de\/wp-json\/wp\/v2\/users\/2"}],"replies":[{"embeddable":true,"href":"https:\/\/www.buscroatia.com\/de\/wp-json\/wp\/v2\/comments?post=5239"}],"version-history":[{"count":5,"href":"https:\/\/www.buscroatia.com\/de\/wp-json\/wp\/v2\/pages\/5239\/revisions"}],"predecessor-version":[{"id":5324,"href":"https:\/\/www.buscroatia.com\/de\/wp-json\/wp\/v2\/pages\/5239\/revisions\/5324"}],"wp:attachment":[{"href":"https:\/\/www.buscroatia.com\/de\/wp-json\/wp\/v2\/media?parent=5239"}],"curies":[{"name":"wp","href":"https:\/\/api.w.org\/{rel}","templated":true}]}}