{"id":5230,"date":"2014-09-04T11:02:40","date_gmt":"2014-09-04T11:02:40","guid":{"rendered":"http:\/\/www.buscroatia.com\/de\/?page_id=5230"},"modified":"2014-09-10T13:26:43","modified_gmt":"2014-09-10T13:26:43","slug":"busbahnhoefe-istrien","status":"publish","type":"page","link":"https:\/\/www.buscroatia.com\/de\/busbahnhoefe-istrien\/","title":{"rendered":"Busbahnh\u00f6fe in Istrien"},"content":{"rendered":"<p style=\"text-align: justify;\">Die meisten ber\u00fchmteren touristischen Destinationen auf der istrischen Halbinsel haben Busbahnh\u00f6fe, die sich in relativer N\u00e4he des Stadtzentrums befinden. Wenn Sie unten auf die Stadtnamen klicken, k\u00f6nnen Sie weitere Informationen zu den jeweiligen Busbahnh\u00f6fe finden.<\/p>\n<table border=\"0\" width=\"700\" cellspacing=\"1\" cellpadding=\"1\">\n<tbody>\n<tr>\n<td valign=\"top\" width=\"175\"><a title=\"Busbahnhof Buzet\" href=\"https:\/\/www.buscroatia.com\/de\/bus-buzet\/\">Buzet<\/a><\/td>\n<td valign=\"top\" width=\"175\"><a title=\"Busbahnhof Pazin\" href=\"https:\/\/www.buscroatia.com\/de\/bus-pazin\/\">Pazin<\/a><\/td>\n<td valign=\"top\" width=\"175\"><a title=\"Busbahnhof Pula\" href=\"https:\/\/www.buscroatia.com\/de\/busbahnhof-pula\/\">Pula<\/a><\/td>\n<td valign=\"top\" width=\"175\"><a title=\"Busbahnhof Umag\" href=\"https:\/\/www.buscroatia.com\/de\/bus-umag\/\">Umag<\/a><\/td>\n<\/tr>\n<tr>\n<td valign=\"top\" width=\"175\"><a title=\"Busbahnhof Labin\" href=\"https:\/\/www.buscroatia.com\/de\/bus-labin\/\">Labin<\/a><\/td>\n<td valign=\"top\" width=\"175\"><a title=\"Busbahnhof Porec\" href=\"https:\/\/www.buscroatia.com\/de\/busbahnhof-porec\/\">Pore\u0107<\/a><\/td>\n<td valign=\"top\" width=\"175\"><a title=\"Busbahnhof Rovinj\" href=\"https:\/\/www.buscroatia.com\/de\/bus-rovinj\/\">Rovinj<\/a><\/td>\n<td valign=\"top\" width=\"175\"><a title=\"Busbahnhof Vrsar\" href=\"https:\/\/www.buscroatia.com\/de\/bus-vrsar\/\">Vrsar<\/a><\/td>\n<\/tr>\n<tr>\n<td valign=\"top\" width=\"175\"><a href=\"https:\/\/www.buscroatia.com\/de\/bus-novigrad\/\">Novigrad<\/a><\/td>\n<td valign=\"top\" width=\"175\"><\/td>\n<td valign=\"top\" width=\"175\"><\/td>\n<td valign=\"top\" width=\"175\"><\/td>\n<\/tr>\n<\/tbody>\n<\/table>\n<p>Zwischen den St\u00e4dten gibt es viele t\u00e4gliche Busverbindungen und die Relationen sind relativ kurz, so dass Sie sich problemlos, w\u00e4hrend Ihres Istrien Urlaubs auf den \u00f6ffentlichen Verkehr verlassen k\u00f6nnen. Es ist ebenfalls kein Problem mit dem Bus nach Istrien zu gelangen, da es viele nationale und internationale Busverbindungen gibt, die in mehrere istrische St\u00e4dte fahren. Hier k\u00f6nnen Sie internationale Busverbindungen nach <a title=\"Anreise Porec\" href=\"https:\/\/www.buscroatia.com\/de\/anreise-porec\/\">Porec <\/a>finden, hier nach <a title=\"Anreise Rovinj\" href=\"https:\/\/www.buscroatia.com\/de\/anreise-rovinj\/\">Rovinj<\/a>, und zum Schluss, aber nicht weniger wichtig, k\u00f6nnen Sie hier internationale Busverbindungen nach <a title=\"Anreise Pula\" href=\"https:\/\/www.buscroatia.com\/de\/anreise-pula\/\">Pula <\/a>finden.<\/p>\n","protected":false},"excerpt":{"rendered":"<p>Die meisten ber\u00fchmteren touristischen Destinationen auf der istrischen Halbinsel haben Busbahnh\u00f6fe, die sich in relativer N\u00e4he des Stadtzentrums befinden. Wenn Sie unten auf die Stadtnamen klicken, k\u00f6nnen Sie weitere Informationen zu den jeweiligen Busbahnh\u00f6fe finden. Buzet Pazin Pula Umag Labin Pore\u0107 Rovinj Vrsar Novigrad Zwischen den St\u00e4dten gibt es viele t\u00e4gliche Busverbindungen und die Relationen [&hellip;]<\/p>\n","protected":false},"author":2,"featured_media":0,"parent":0,"menu_order":0,"comment_status":"open","ping_status":"closed","template":"","meta":[],"aioseo_notices":[],"_links":{"self":[{"href":"https:\/\/www.buscroatia.com\/de\/wp-json\/wp\/v2\/pages\/5230"}],"collection":[{"href":"https:\/\/www.buscroatia.com\/de\/wp-json\/wp\/v2\/pages"}],"about":[{"href":"https:\/\/www.buscroatia.com\/de\/wp-json\/wp\/v2\/types\/page"}],"author":[{"embeddable":true,"href":"https:\/\/www.buscroatia.com\/de\/wp-json\/wp\/v2\/users\/2"}],"replies":[{"embeddable":true,"href":"https:\/\/www.buscroatia.com\/de\/wp-json\/wp\/v2\/comments?post=5230"}],"version-history":[{"count":8,"href":"https:\/\/www.buscroatia.com\/de\/wp-json\/wp\/v2\/pages\/5230\/revisions"}],"predecessor-version":[{"id":5320,"href":"https:\/\/www.buscroatia.com\/de\/wp-json\/wp\/v2\/pages\/5230\/revisions\/5320"}],"wp:attachment":[{"href":"https:\/\/www.buscroatia.com\/de\/wp-json\/wp\/v2\/media?parent=5230"}],"curies":[{"name":"wp","href":"https:\/\/api.w.org\/{rel}","templated":true}]}}