{"id":496,"date":"2012-05-30T14:18:54","date_gmt":"2012-05-30T14:18:54","guid":{"rendered":"http:\/\/www.buscroatia.com\/de\/?page_id=496"},"modified":"2014-05-12T12:41:46","modified_gmt":"2014-05-12T12:41:46","slug":"kroatien-mit-auto","status":"publish","type":"page","link":"https:\/\/www.buscroatia.com\/de\/kroatien-mit-auto\/","title":{"rendered":"Kroatien mit dem Auto"},"content":{"rendered":"<p>Wenn Sie vorhaben Kroatien mit Ihrem<strong> eigenen Auto<\/strong> zu besuchen. gibt es einige Sachen was sie im <strong>Vorfeld wissen sollten<\/strong>, dazu z\u00e4hlt in erster Linie nat\u00fcrlich die <strong>Anreise- und betriebskosten <\/strong>f\u00fcr ein Autofahrt nach Kroatien.<\/p>\n<p>Information zu <strong>Vignette Slowenien<\/strong> finden sie <a href=\"http:\/\/www.alleskroatien.com\/vignette-slowenien.html\">hier<\/a><br \/>\nInformation zu <strong>Autobahnmaut in Kroatien<\/strong> finden Sie <a href=\"http:\/\/www.alleskroatien.com\/maut-kroatischer-autobahn.html\" target=\"_blank\">hier<\/a><br \/>\n<strong>Aktuelle Benzinpreise<\/strong> in Kroatien finden Sie <a href=\"http:\/\/www.ferienhausdirektkroatien.de\/benzinpreise-kroatien\" target=\"_blank\">hier<\/a><\/p>\n","protected":false},"excerpt":{"rendered":"<p>Wenn Sie vorhaben Kroatien mit Ihrem eigenen Auto zu besuchen. gibt es einige Sachen was sie im Vorfeld wissen sollten, dazu z\u00e4hlt in erster Linie nat\u00fcrlich die Anreise- und betriebskosten f\u00fcr ein Autofahrt nach Kroatien. Information zu Vignette Slowenien finden sie hier Information zu Autobahnmaut in Kroatien finden Sie hier Aktuelle Benzinpreise in Kroatien finden [&hellip;]<\/p>\n","protected":false},"author":1,"featured_media":0,"parent":0,"menu_order":0,"comment_status":"open","ping_status":"open","template":"","meta":[],"aioseo_notices":[],"_links":{"self":[{"href":"https:\/\/www.buscroatia.com\/de\/wp-json\/wp\/v2\/pages\/496"}],"collection":[{"href":"https:\/\/www.buscroatia.com\/de\/wp-json\/wp\/v2\/pages"}],"about":[{"href":"https:\/\/www.buscroatia.com\/de\/wp-json\/wp\/v2\/types\/page"}],"author":[{"embeddable":true,"href":"https:\/\/www.buscroatia.com\/de\/wp-json\/wp\/v2\/users\/1"}],"replies":[{"embeddable":true,"href":"https:\/\/www.buscroatia.com\/de\/wp-json\/wp\/v2\/comments?post=496"}],"version-history":[{"count":8,"href":"https:\/\/www.buscroatia.com\/de\/wp-json\/wp\/v2\/pages\/496\/revisions"}],"predecessor-version":[{"id":4518,"href":"https:\/\/www.buscroatia.com\/de\/wp-json\/wp\/v2\/pages\/496\/revisions\/4518"}],"wp:attachment":[{"href":"https:\/\/www.buscroatia.com\/de\/wp-json\/wp\/v2\/media?parent=496"}],"curies":[{"name":"wp","href":"https:\/\/api.w.org\/{rel}","templated":true}]}}