{"id":446,"date":"2012-02-15T19:14:33","date_gmt":"2012-02-15T19:14:33","guid":{"rendered":"http:\/\/www.buscroatia.com\/de\/?page_id=446"},"modified":"2019-07-31T12:24:09","modified_gmt":"2019-07-31T12:24:09","slug":"bus-dubrovnik-flughafen","status":"publish","type":"page","link":"https:\/\/www.buscroatia.com\/de\/bus-dubrovnik-flughafen\/","title":{"rendered":"Bus Dubrovnik Flughafen"},"content":{"rendered":"<p style=\"text-align: justify;\"><a href=\"https:\/\/www.buscroatia.com\/de\/wp-content\/uploads\/2012\/02\/Flughafen-Dubrovnik.jpg\" rel=\"lightbox[446]\"><img decoding=\"async\" loading=\"lazy\" class=\"alignright size-medium wp-image-559\" title=\"Flughafen Dubrovnik\" src=\"https:\/\/www.buscroatia.com\/de\/wp-content\/uploads\/2012\/02\/Flughafen-Dubrovnik-300x225.jpg\" alt=\"Flughafen Dubrovnik\" width=\"300\" height=\"225\" srcset=\"https:\/\/www.buscroatia.com\/de\/wp-content\/uploads\/2012\/02\/Flughafen-Dubrovnik-300x225.jpg 300w, https:\/\/www.buscroatia.com\/de\/wp-content\/uploads\/2012\/02\/Flughafen-Dubrovnik.jpg 800w\" sizes=\"(max-width: 300px) 100vw, 300px\" \/><\/a><strong>Der Flughafen von Dubrovnik<\/strong> liegt etwa 20 km s\u00fcdlich der Altstadt von\u00a0 Dubrovnik und ist etwa 6 km von Cavtat entfernt.<\/p>\n<p><strong><span style=\"text-decoration: underline;\">An- und Abreise zum Flughafen Dubrovnik:<\/span><\/strong><\/p>\n<h3><span style=\"text-decoration: underline;\"><strong>Flughafen Transfer<\/strong>:<\/span><\/h3>\n<p style=\"text-align: justify;\">Wenn Sie einen schnellen und <strong>unkomplizierten Transport vom Flughafen Dubrovnik<\/strong> zu Ihrer Unterkunft in Dubrovnik m\u00f6chten, empfiehlt es sich, <strong>einen privaten Transfer<\/strong> (Abholung durch einen Fahrer) im voraus zu buchen. F\u00fcr 1-4 Personen kostet so ein Transfer vom Flughafen bis nach Dubrovnik etwa 30-35\u00a0 Euro, bei bis zu 8 Personen liegt der Preis etwa 10 Euro h\u00f6her. Ein voraus gebuchter Transfer empfiehlt sich auch, wenn Sie weiter nach Korcula oder Peljesac reisen, <a title=\"Flughafen transfer Dubrovnik\" href=\"https:\/\/getbytransfer.com\/de\">hier k\u00f6nnen Sie Aktuelle Tranfer Preise sehen<\/a>.<\/p>\n<h3><span style=\"text-decoration: underline;\"><strong>Mietwagen:<\/strong><\/span><\/h3>\n<p style=\"text-align: justify;\">Am Flughafen Dubrovnik besteht nat\u00fcrlich die M\u00f6glichkeit, einen Mietwagen zu nehmen und sowohl <strong>\u00f6rtliche wie auch internationale Autovermieter<\/strong> haben Mietb\u00fcros im Flughafen. Sie sollten beachten, dass in den Sommermonaten Juli und August die Auswahl an Fahrzeugen oft sehr eingeschr\u00e4nkt ist, von daher empfiehlt es sich, rechtzeitig im voraus zu buchen.\u00a0 <strong>Preisg\u00fcnstige Angebote f\u00fcr Mietwagen<\/strong> finden Sie <a href=\"https:\/\/www.buscroatia.com\/de\/mietwagen\" target=\"_blank\">hier<\/a>.<\/p>\n<h3><strong><span style=\"text-decoration: underline;\">Flughafen-bus:<\/span><\/strong><\/h3>\n<p style=\"text-align: justify;\">Der Flughafen-Bus vom und an den Flughafen Dubrovnik wird von zwei Unternehmen betrieben, das Unternehmen Atlas bietet Abfahrten der Flughafen-Busse in Verbindung mit den h\u00e4ufigsten Fl\u00fcgen des Flughafens. <strong>Das andere Unternehmen, welches einen Flughafen-Bus anbietet, ist das Unternehmen Elite travel.<\/strong> Dieses Unternehmen hat fixe Busfahrpl\u00e4ne vom und an den Flughafen. <strong>Vom Flughafen aus halten alle Busse am Pile Tor und am Busbahnhof<\/strong>. Auf dem Weg zum Flughafen kann man in den Elite Bus am Busbahnhof, neben der Grawe Versicherung, oder bei der Seilbahn einsteigen. Die exakte Lage aller Haltestellen k\u00f6nnen Sie in der <a href=\"https:\/\/getbybus.com\/de\/stations-form\">hier<\/a> Suchmaschine f\u00fcr Bushaltestellen finden. Vom Pile Tor und vom Busbahnhof aus gibt es Stadtbusse, die i<strong>n die meisten Teile Dubrovniks<\/strong> fahren. Die Atlas Busse, die vom Busbahnhof Dubrovnik an den Flughafen fahren, fahren 1.5 Stunden vor nationalen und 2 Stunden vor Internationalen Fl\u00fcgen, bitte beachten Sie, dass dieser Bus nicht am Pile Tor h\u00e4lt.<\/p>\n<p style=\"text-align: justify;\" align=\"center\"><script>\/\/ <![CDATA[\ngoogle_ad_client = \"\"; \/* Bus728-de *\/ google_ad_slot = \"7853926611\"; google_ad_width = 728; google_ad_height = 90;\n\/\/ ]]><\/script><br \/>\n<script src=\"\/\/pagead2.googlesyndication.com\/pagead\/show_ads.js\">\/\/ <![CDATA[\n\n\n\/\/ ]]><\/script><br \/>\nWenn Sie <strong>eine Unterkunft in Dubrovnik ben\u00f6tigen<\/strong>, haben Sie die Qual der Wahl aus einer ganzen Bandbreite von <strong>g\u00fcnstigen Hostels bis hin zu 5-Sterne Luxus-Hotels<\/strong>. In Dubrovnik gibt es eine gro\u00dfe Auswahl an Herbergen und Pensionen mit und ohne Fr\u00fchst\u00fcck, und nat\u00fcrlich finden Sie auch\u00a0eine gro\u00dfe Auswahl an Hotels und privat vermietete Unterk\u00fcnfte in Dubrovnik. Aktuelle Unterkunfts Angebote in Dubrovnik finden Sie hier:<\/p>\n<table border=\"0\" width=\"720\" cellspacing=\"2\" cellpadding=\"2\">\n<tbody>\n<tr>\n<td align=\"center\" width=\"240\">\n<p align=\"center\"><a href=\"https:\/\/www.buscroatia.com\/de\/fewo-dubrovnik\"><img decoding=\"async\" style=\"margin: 0px 1px 1px;\" src=\"https:\/\/www.buscroatia.com\/de\/wp-content\/uploads\/info\/Ferienwohnung.jpg\" alt=\"\" \/><\/a><\/p>\n<p align=\"center\"><strong><span style=\"color: #000000; font-size: large;\">Dubrovnik<\/span><\/strong><\/p>\n<\/td>\n<td align=\"center\" width=\"240\">\n<p align=\"center\"><a href=\"https:\/\/www.buscroatia.com\/de\/hotel-dubrovnik\" target=\"_blank\"><img decoding=\"async\" style=\"margin: 0px 1px 1px;\" src=\"https:\/\/www.buscroatia.com\/de\/wp-content\/uploads\/info\/Hotels.jpg\" alt=\"\" \/><\/a><\/p>\n<p align=\"center\"><strong><span style=\"color: #000000; font-size: large;\"><strong>Dubrovnik<\/strong><\/span><\/strong><\/p>\n<\/td>\n<td align=\"center\" width=\"240\">\n<p align=\"center\"><a href=\"https:\/\/www.buscroatia.com\/de\/hostel-dubrovnik\" target=\"_blank\"><img decoding=\"async\" style=\"margin: 0px 1px 1px;\" src=\"https:\/\/www.buscroatia.com\/de\/wp-content\/uploads\/info\/Herberge.jpg\" alt=\"\" \/><\/a><\/p>\n<p align=\"center\"><strong><span style=\"color: #000000; font-size: large;\"><strong>Dubrovnik<\/strong><\/span><\/strong><\/p>\n<\/td>\n<\/tr>\n<\/tbody>\n<\/table>\n<p style=\"text-align: justify;\"><strong>Weitere Bus-Anschl\u00fcsse:<\/strong> Einige der <strong>lokalen Busse von Dubrovnik<\/strong> zu den St\u00e4dten in der N\u00e4he des Flughafens halten an der Strasse vor dem Flughafen. <strong>Fahrpl\u00e4ne und Strecken f\u00fcr die lokalen Busse<\/strong> finden Sie <a href=\"http:\/\/www.libertasdubrovnik.com\/prigradski.pdf\" target=\"_blank\">hier<\/a>.<\/p>\n<p><span style=\"text-decoration: underline;\"><strong>Taxi:<\/strong><\/span><\/p>\n<p style=\"text-align: justify;\">Ein Taxi vom Flughafen in die Innenstadt von Dubrovnik kostet <strong>etwa 200-250 Kuna<\/strong> (30 Euro). Vergessen Sie nicht, vor Antritt der Fahrt nach dem Fahrpreis zu fragen bzw. ein festen Fahrpreis auszuhandeln.<\/p>\n<p><span style=\"text-decoration: underline;\"><strong>Karte route Von Dubrovnik Flughafen nach Dubrovnik:<\/strong><\/span><br \/>\n<iframe loading=\"lazy\" src=\"https:\/\/maps.google.de\/maps\/ms?msa=0&amp;msid=214729732902778212015.0004cb9fb03938e12a099&amp;ie=UTF8&amp;t=h&amp;ll=42.62436,18.181686&amp;spn=0.227358,0.479965&amp;z=11&amp;output=embed\" width=\"700\" height=\"450\" frameborder=\"0\" marginwidth=\"0\" marginheight=\"0\" scrolling=\"no\"><\/iframe><br \/>\n<small><a style=\"color: #0000ff; text-align: left;\" href=\"https:\/\/maps.google.de\/maps\/ms?msa=0&amp;msid=214729732902778212015.0004cb9fb03938e12a099&amp;ie=UTF8&amp;t=h&amp;ll=42.62436,18.181686&amp;spn=0.227358,0.479965&amp;z=11&amp;source=embed\">Von Dubrovnik Flughafen, Bus, Taxi oder Transfer<\/a> auf einer gr\u00f6\u00dferen Karte anzeigen<\/small><\/p>\n","protected":false},"excerpt":{"rendered":"<p>Der Flughafen von Dubrovnik liegt etwa 20 km s\u00fcdlich der Altstadt von\u00a0 Dubrovnik und ist etwa 6 km von Cavtat entfernt. An- und Abreise zum Flughafen Dubrovnik: Flughafen Transfer: Wenn Sie einen schnellen und unkomplizierten Transport vom Flughafen Dubrovnik zu Ihrer Unterkunft in Dubrovnik m\u00f6chten, empfiehlt es sich, einen privaten Transfer (Abholung durch einen Fahrer) [&hellip;]<\/p>\n","protected":false},"author":1,"featured_media":0,"parent":0,"menu_order":0,"comment_status":"open","ping_status":"open","template":"","meta":[],"aioseo_notices":[],"_links":{"self":[{"href":"https:\/\/www.buscroatia.com\/de\/wp-json\/wp\/v2\/pages\/446"}],"collection":[{"href":"https:\/\/www.buscroatia.com\/de\/wp-json\/wp\/v2\/pages"}],"about":[{"href":"https:\/\/www.buscroatia.com\/de\/wp-json\/wp\/v2\/types\/page"}],"author":[{"embeddable":true,"href":"https:\/\/www.buscroatia.com\/de\/wp-json\/wp\/v2\/users\/1"}],"replies":[{"embeddable":true,"href":"https:\/\/www.buscroatia.com\/de\/wp-json\/wp\/v2\/comments?post=446"}],"version-history":[{"count":30,"href":"https:\/\/www.buscroatia.com\/de\/wp-json\/wp\/v2\/pages\/446\/revisions"}],"predecessor-version":[{"id":178639,"href":"https:\/\/www.buscroatia.com\/de\/wp-json\/wp\/v2\/pages\/446\/revisions\/178639"}],"wp:attachment":[{"href":"https:\/\/www.buscroatia.com\/de\/wp-json\/wp\/v2\/media?parent=446"}],"curies":[{"name":"wp","href":"https:\/\/api.w.org\/{rel}","templated":true}]}}