{"id":38,"date":"2012-01-05T13:45:17","date_gmt":"2012-01-05T13:45:17","guid":{"rendered":"http:\/\/www.buscroatia.com\/de\/?page_id=38"},"modified":"2024-05-07T10:21:15","modified_gmt":"2024-05-07T10:21:15","slug":"busbahnhof-rijeka","status":"publish","type":"page","link":"https:\/\/www.buscroatia.com\/de\/busbahnhof-rijeka\/","title":{"rendered":"Rijeka Busbahnhof"},"content":{"rendered":"\n<p>Rijeka Busbahnhof, gelegen im Stadtzentrum in der N\u00e4he des <a href=\"https:\/\/www.ferrycroatia.com\/de\/fahrhafen-rijeka\/\">F\u00e4hrhafens Rijeka<\/a> und des Bahnhofs Rijeka, \u00e4hnelt nicht einem typischen Fernbusbahnhof. Stattdessen wirkt er eher wie ein Knotenpunkt f\u00fcr Stadtbusse. Vor Ort wird der Busbahnhof als Autobusni kolodvor \u017dabica bezeichnet.<\/p>\n\n\n\n<h2>Einrichtungen am Rijeka Busbahnhof<\/h2>\n\n\n\n<p>Am Rijeka Busbahnhof finden Sie ein Verkaufsb\u00fcro von Arriva, einen Kiosk, eine kostenpflichtige Toilette und eine Mlinar-B\u00e4ckerei. Zudem gibt es einen kleineren Wartebereich. In der N\u00e4he des Busbahnhofs befinden sich ein Supermarkt und weitere Gesch\u00e4fte.<\/p>\n\n\n\n<h2>Busse vom Rijeka Busbahnhof<\/h2>\n\n\n\n<p>Vom Busbahnhof Rijeka gibt es Verbindungen zu den meisten Teilen Kroatiens und einigen internationalen Zielen, insbesondere zu St\u00e4dten in Istrien und Kvarner, wo h\u00e4ufige Verbindungen bestehen. Unten sehen Sie eine Liste der beliebten Busstrecken vom Busbahnhof Rijeka.<\/p>\n\n\n\n<p><strong><span style=\"text-decoration: underline;\">Die beliebtesten Strecken ab dem Rijeka Busbahnhof:<\/span><\/strong><\/p>\n\n\n\n<figure class=\"wp-block-table\"><table><tbody><tr><td><span style=\"color: #0000ff; text-decoration: underline;\">Intercity busse<\/span><\/td><td><span style=\"color: #0000ff; text-decoration: underline;\">Regionale busverbindungen<\/span><\/td><td><span style=\"text-decoration: underline;\"><span style=\"color: #0000ff; text-decoration: underline;\">Internationale buslinien<\/span><\/span><\/td><\/tr><tr><td><a title=\"Bus Rijeka Zagreb\" href=\"https:\/\/www.buscroatia.com\/de\/bus-rijeka-zagreb\/\">Rijeka &#8211; Zagreb<\/a><\/td><td>&nbsp;<a title=\"Anreise vom Flughafen Rijeka-Krk\" href=\"https:\/\/www.buscroatia.com\/de\/flughafen-rijeka-krk\/\">Rijeka &#8211; Flughafen Krk<\/a><\/td><td>Rijeka &#8211; Deutschland<\/td><\/tr><tr><td><a title=\"Bus von Rijeka nach Pula\" href=\"https:\/\/www.buscroatia.com\/de\/bus-rijeka-pula\/\" target=\"_blank\" rel=\"noopener\">Rijeka &#8211; Pula<\/a><\/td><td><a title=\"Stadtbusse Rijeka\" href=\"https:\/\/www.buscroatia.com\/de\/stadtbusse-rijeka\/\">Stadtbusse Rijeka<\/a><\/td><td><a href=\"https:\/\/www.buscroatia.com\/de\/rute-suchen\/?dS=Rijeka&amp;aS=Ljubljana+%28Slo%29&amp;d=&amp;t=\" target=\"_blank\" rel=\"noopener\">&nbsp;Rijeka &#8211; Ljubljana<\/a><\/td><\/tr><tr><td>&nbsp;<a title=\"Bus von Rijeka nach Zadar\" href=\"https:\/\/www.buscroatia.com\/de\/bus-rijeka-zadar\/\" target=\"_blank\" rel=\"noopener\">Rijeka &#8211; Zadar<\/a><\/td><td>&nbsp;<\/td><td><a title=\"Bus von Rijeka nach Sarajevo\" href=\"https:\/\/www.buscroatia.com\/de\/bus-rijeka-sarajevo\/\" target=\"_blank\" rel=\"noopener\">Rijeka &#8211; Sarajevo<\/a><\/td><\/tr><tr><td><a title=\"Bus Rijeka Split\" href=\"https:\/\/www.buscroatia.com\/de\/bus-rijeka-split\/\" target=\"_blank\" rel=\"noopener\">Rijeka &#8211; Split<\/a><\/td><td>&nbsp;<\/td><td>&nbsp;<a title=\"Bus von Rijeka nach Belgrad\" href=\"https:\/\/www.buscroatia.com\/de\/bus-rijeka-belgrad\/\" target=\"_blank\" rel=\"noopener\">Rijeka &#8211; Belgrad<\/a><\/td><\/tr><tr><td>&nbsp;<a title=\"Bus von Rijeka nach Plitvicer Seen\" href=\"https:\/\/www.buscroatia.com\/de\/bus-rijeka-plitvicer-seen\/\" target=\"_blank\" rel=\"noopener\">Rijeka &#8211; Plitvicer Seen<\/a><\/td><td>&nbsp;<\/td><td>&nbsp;<\/td><\/tr><\/tbody><\/table><\/figure>\n\n\n\n<h2>FAQ &#8211; Rijeka Busbahnhof<\/h2>\n\n\n\n<h3>Wo befindet sich der Busbahnhof in Rijeka?<\/h3>\n\n\n\n<p>Der Busbahnhof Rijeka befindet sich unter der Adresse: Trg \u017dabica 2, 51000 Rijeka (am n\u00f6rdlichen Ende der Riva). Achten Sie darauf, den Fernbusbahnhof nicht mit dem Busbahnhof f\u00fcr Stadtbusse zu verwechseln, der sich am Jela\u010di\u0107-Platz befindet.<\/p>\n\n\n\n<h3>Gibt es eine Gep\u00e4ckaufbewahrung am Rijeka Busbahnhof?<\/h3>\n\n\n\n<p>Ja, es gibt eine Gep\u00e4ckaufbewahrung im Verkaufsb\u00fcro von Arriva, das sich am Busbahnhof befindet.<\/p>\n\n\n\n<h3>Gibt es eine Busverbindung zum Flughafen vom Busbahnhof aus?<\/h3>\n\n\n\n<p>Nein, vom Fernbusbahnhof gibt es keinen Bus zum Flughafen Rijeka Krk. Die Busse zum Flughafen fahren vom st\u00e4dtischen Busbahnhof ab, der sich am Jela\u010di\u0107-Platz 3, Bahnsteig Nummer 5, befindet.<\/p>\n\n\n\n<h2>Adresse:<\/h2>\n\n\n\n<p>Trg \u017dabica 1<br>HR-51000 Rijeka<br>Tel.: +385 51 660 300<br>e-mail: <a href=\"mailto:autotrans@ri.t-com.hr\">autotrans@ri.t-com.hr<\/a><\/p>\n\n\n\n<h2>Standort Busbahnhof \u2013 Karte Busbahnhof Rijeka<\/h2>\n\n\n\n<p><iframe loading=\"lazy\" src=\"https:\/\/maps.google.co.uk\/maps\/ms?msid=208501521610253693382.0004b91ad47452eb1962a&amp;msa=0&amp;ie=UTF8&amp;t=h&amp;ll=45.327945,14.436958&amp;spn=0.003394,0.006427&amp;z=17&amp;output=embed\" width=\"700\" height=\"450\" frameborder=\"0\" marginwidth=\"0\" marginheight=\"0\" scrolling=\"no\"><\/iframe><br><small>View <a style=\"color: #0000ff; text-align: left;\" href=\"https:\/\/maps.google.co.uk\/maps\/ms?msid=208501521610253693382.0004b91ad47452eb1962a&amp;msa=0&amp;ie=UTF8&amp;t=h&amp;ll=45.327945,14.436958&amp;spn=0.003394,0.006427&amp;z=17&amp;source=embed\">Bus Station Rijeka<\/a> in a larger map<\/small><\/p>\n\n\n\n<p><\/p>\n","protected":false},"excerpt":{"rendered":"<p>Rijeka Busbahnhof, gelegen im Stadtzentrum in der N\u00e4he des F\u00e4hrhafens Rijeka und des Bahnhofs Rijeka, \u00e4hnelt nicht einem typischen Fernbusbahnhof. Stattdessen wirkt er eher wie ein Knotenpunkt f\u00fcr Stadtbusse. Vor Ort wird der Busbahnhof als Autobusni kolodvor \u017dabica bezeichnet. Einrichtungen am Rijeka Busbahnhof Am Rijeka Busbahnhof finden Sie ein Verkaufsb\u00fcro von Arriva, einen Kiosk, eine [&hellip;]<\/p>\n","protected":false},"author":1,"featured_media":0,"parent":0,"menu_order":0,"comment_status":"open","ping_status":"open","template":"pages-templates\/bus-station.php","meta":[],"aioseo_notices":[],"_links":{"self":[{"href":"https:\/\/www.buscroatia.com\/de\/wp-json\/wp\/v2\/pages\/38"}],"collection":[{"href":"https:\/\/www.buscroatia.com\/de\/wp-json\/wp\/v2\/pages"}],"about":[{"href":"https:\/\/www.buscroatia.com\/de\/wp-json\/wp\/v2\/types\/page"}],"author":[{"embeddable":true,"href":"https:\/\/www.buscroatia.com\/de\/wp-json\/wp\/v2\/users\/1"}],"replies":[{"embeddable":true,"href":"https:\/\/www.buscroatia.com\/de\/wp-json\/wp\/v2\/comments?post=38"}],"version-history":[{"count":21,"href":"https:\/\/www.buscroatia.com\/de\/wp-json\/wp\/v2\/pages\/38\/revisions"}],"predecessor-version":[{"id":178963,"href":"https:\/\/www.buscroatia.com\/de\/wp-json\/wp\/v2\/pages\/38\/revisions\/178963"}],"wp:attachment":[{"href":"https:\/\/www.buscroatia.com\/de\/wp-json\/wp\/v2\/media?parent=38"}],"curies":[{"name":"wp","href":"https:\/\/api.w.org\/{rel}","templated":true}]}}