{"id":32,"date":"2012-01-05T13:42:54","date_gmt":"2012-01-05T13:42:54","guid":{"rendered":"http:\/\/www.buscroatia.com\/de\/?page_id=32"},"modified":"2014-01-11T14:43:52","modified_gmt":"2014-01-11T14:43:52","slug":"busbahnhof-zadar","status":"publish","type":"page","link":"https:\/\/www.buscroatia.com\/de\/busbahnhof-zadar\/","title":{"rendered":"Busbahnhof Zadar"},"content":{"rendered":"<p><a href=\"https:\/\/www.buscroatia.com\/de\/wp-content\/uploads\/2012\/02\/Zadar.jpg\" rel=\"lightbox[32]\"><img decoding=\"async\" loading=\"lazy\" class=\"alignright size-medium wp-image-764\" alt=\"Zadar Altstadt\" src=\"https:\/\/www.buscroatia.com\/de\/wp-content\/uploads\/2012\/02\/Zadar-300x200.jpg\" width=\"300\" height=\"200\" srcset=\"https:\/\/www.buscroatia.com\/de\/wp-content\/uploads\/2012\/02\/Zadar-300x200.jpg 300w, https:\/\/www.buscroatia.com\/de\/wp-content\/uploads\/2012\/02\/Zadar.jpg 1024w\" sizes=\"(max-width: 300px) 100vw, 300px\" \/><\/a>Der <strong>Busbahnhof in Zadar<\/strong> befindet sich gleich neben dem Bahnhof und liegt an der Kreuzung der Strassen Bregdetti und Ante Starcevica. Die <strong>Informationsschalter sind von 6.00 bis 22.00 Uhr besetzt<\/strong> und dort erhalten Sie auch alle Ausk\u00fcnfte zu Abfahrts- und Ankunftszeiten. Der Kartenverkauf erfolgt an f\u00fcnf\u00a0 Kassen ebenfalls in der Zeit von 6.00 bis 22.00 Uhr. Der Busbahnhof in Zadar geh\u00f6rt der Busgesellschaft &#8220;Liburnija&#8221; und z\u00e4hlt bei den Busbahnh\u00f6fen zur Kategorie B.<\/p>\n<p><strong><span style=\"text-decoration: underline;\">Serviceleistungen im Busbahnhof von Zadar:<\/span><\/strong><\/p>\n<p>Der Service ist zust\u00e4ndig und verantwortlich f\u00fcr den reibungslosen Verkehr am Busbahnhof (fahrplanm\u00e4\u00dfige An- und Abfahrt der Busse, Ordnung auf den Bahnsteigen und die Koordinierung der Serviceleistungen des Busbahnhofes).<\/p>\n<p>In unmittelbarer <strong>N\u00e4he zum Busbahnhof<\/strong> gibt es mehrere Gesch\u00e4fte, Restaurants, Bars, ein Blumengesch\u00e4ft, Sportwetten, ein M\u00f6belhaus, Wechselstube, eine Agentur zum Verkauf von internationalen Fahrscheinen usw.<br \/>\n<script type=\"text\/javascript\">\/\/ <![CDATA[\ngoogle_ad_client = \"\"; \/* Bus728-de *\/ google_ad_slot = \"7853926611\"; google_ad_width = 728; google_ad_height = 90;\n\/\/ ]]><\/script><br \/>\n<script type=\"text\/javascript\" src=\"https:\/\/pagead2.googlesyndication.com\/pagead\/show_ads.js\">\/\/ <![CDATA[\n\n\n\/\/ ]]><\/script><\/p>\n<p><b><span style=\"text-decoration: underline;\">Unterkunft in der N\u00e4he vom Busbahnhof Zadar:<\/span><\/b><\/p>\n<p>Wenn Sie eine <b>Unterkunft in der N\u00e4he des Busbahnhofes in Zadar<\/b> suchen, k\u00f6nnen Sie zwischen einer ganzen Anzahl von <b>Hotels und Appartements<\/b> w\u00e4hlen. Wenn es Ihnen nichts ausmacht, zu Fu\u00df bis in die Altstadt zu laufen, dann m\u00f6chten wir Ihnen empfehlen, eine Unterkunft entweder mit <b>Bed &amp; Breakfast oder in einem Hostel<\/b> zu nehmen, Ein gro\u00dfe Auswahl von Unterk\u00fcnfte in Zadar finden Sie hier:<\/p>\n<table width=\"720\" border=\"0\" cellspacing=\"2\" cellpadding=\"2\">\n<tbody>\n<tr>\n<td align=\"center\" width=\"240\">\n<p align=\"center\"><a href=\"https:\/\/www.buscroatia.com\/de\/fewo-zadar\" target=\"_blank\"><img decoding=\"async\" style=\"margin: 0px 1px 1px;\" alt=\"\" src=\"https:\/\/www.buscroatia.com\/de\/wp-content\/uploads\/info\/Ferienwohnung.jpg\" \/><\/a><\/p>\n<p align=\"center\"><strong><span style=\"color: #000000; font-size: large;\">Zadar<br \/>\n<\/span><\/strong><\/p>\n<\/td>\n<td align=\"center\" width=\"240\">\n<p align=\"center\"><a href=\"https:\/\/www.buscroatia.com\/de\/hotel-zadar\" target=\"_blank\"><img decoding=\"async\" style=\"margin: 0px 1px 1px;\" alt=\"\" src=\"https:\/\/www.buscroatia.com\/de\/wp-content\/uploads\/info\/Hotels.jpg\" \/><\/a><\/p>\n<p align=\"center\"><strong><span style=\"color: #000000; font-size: large;\">Zadar<\/span><\/strong><\/p>\n<\/td>\n<td align=\"center\" width=\"240\">\n<p align=\"center\"><a href=\"https:\/\/www.buscroatia.com\/de\/hostel-zadar\" target=\"_blank\"><img decoding=\"async\" style=\"margin: 0px 1px 1px;\" alt=\"\" src=\"https:\/\/www.buscroatia.com\/de\/wp-content\/uploads\/info\/Herberge.jpg\" \/><\/a><\/p>\n<p align=\"center\"><strong><span style=\"color: #000000; font-size: large;\">Zadar<\/span><\/strong><\/p>\n<\/td>\n<\/tr>\n<\/tbody>\n<\/table>\n<p><b><span style=\"text-decoration: underline;\">Mietwagen am Busbahnhof in Zadar:<\/span><\/b><\/p>\n<p>Leider gibt es am <b>Busbahnhof von Zadar keine Autovermietungen<\/b>. Allerdings gibt es einige Autovermieter, die Ihnen den Mietwagen bei Ihrer Ankunft an den Busbahnhof bringen. Das sollten Sie jedoch unbedingt bereits bei der Buchung vereinbaren. <b>Im Stadtzentrum von Zadar haben fast alle bekannten Autovermietungen ihre Vertretungen<\/b>, wie Sixt, Hertz usw. Eine \u00dcbersicht \u00fcber die aktuellen Angebote der wichtigsten Autovermieter in der Region <a href=\"https:\/\/www.buscroatia.com\/de\/mietwagen\" target=\"_blank\">finden Sie hier<\/a>.<\/p>\n<p><span style=\"color: #0000ff;\"><b>HINWEIS:<\/b><\/span> Wenn Sie weiter zu den gro\u00dfen St\u00e4dten wie z. B. Zagreb, Split oder Dubrovnik reisen wollen, kann ein Mietwagen mit einer <b>Ein-Weg-Miete<\/b> (One-way) eine <b>gute Alternative zur Busreise<\/b> sein.<\/p>\n<p><strong><span style=\"text-decoration: underline;\">Die beliebtesten Strecken ab dem Busbahnhof Zadar:<\/span><\/strong><\/p>\n<p><span style=\"color: #0000ff;\"><b>TIPP:<\/b><\/span> Wenn Sie von Zadar aus <b>eine Busverbindungen zu weiter entfernten Zielen<\/b> suchen, also z.B\u00a0 nach Dubrovnik, werden Sie feststellen, dass diese eher begrenzt sind. In einem solchen Fall ist es besser, <b>Sie gehen in mehreren Schritten vor.<\/b>\u00a0 <span style=\"color: #0000ff;\"><b>Beispiel:<\/b> <\/span>Von Zadar aus wollen Sie zu einem Reiseziel s\u00fcdlich von Split fahren. Suchen Sie <b>zuerst nach<\/b> <b>einer Busverbindung nach Split<\/b>. Anschlie\u00dfend k\u00f6nnen Sie nach einer <b>Busverbindung von Split zu Ihrem Bestimmungsort suchen<\/b>. Sie werden sehen, dass Ihnen dann eine gr\u00f6\u00dfere Auswahl an Verbindungen angezeigt wird. Wenn Sie von Zadar aus nach Istrien reisen wollen, dann sollten Sie als <b>erstes Reiseziel die Stadt Rijeka eingeben<\/b> und von dort weitere Verbindungen zu Ihrem Reiseziel in Istrien suchen.<\/p>\n<table width=\"700\" border=\"1\" cellspacing=\"1\" cellpadding=\"1\">\n<tbody>\n<tr>\n<td style=\"text-align: center;\" valign=\"top\" width=\"233\"><span style=\"color: #0000ff; text-decoration: underline;\">Intercity busse<\/span><\/td>\n<td style=\"text-align: center;\" valign=\"top\" width=\"233\"><span style=\"color: #0000ff; text-decoration: underline;\">Regionale busverbindungen<\/span><\/td>\n<td style=\"text-align: center;\" valign=\"top\" width=\"233\"><span style=\"text-decoration: underline;\"><span style=\"color: #0000ff; text-decoration: underline;\">Internationale buslinien<\/span><\/span><\/td>\n<\/tr>\n<tr>\n<td style=\"text-align: center;\" valign=\"top\" width=\"233\"><a title=\"Bus Zadar Split\" href=\"https:\/\/www.buscroatia.com\/de\/bus-zadar-split\/\" target=\"_blank\">Zadar &#8211; Split<\/a><\/td>\n<td style=\"text-align: center;\" valign=\"top\" width=\"233\">\u00a0<a title=\"Bus Zadar Flughafen\" href=\"https:\/\/www.buscroatia.com\/de\/bus-zadar-flughafen\/\" target=\"_blank\">Zadar &#8211; Flughafen Zadar<\/a><\/td>\n<td style=\"text-align: center;\" valign=\"top\" width=\"233\"><a title=\"Bus Zadar Mostar\" href=\"https:\/\/www.buscroatia.com\/de\/bus-zadar-mostar\/\" target=\"_blank\">Zadar &#8211; Mostar<\/a><\/td>\n<\/tr>\n<tr>\n<td style=\"text-align: center;\" valign=\"top\" width=\"233\"><a title=\"Bus Zadar Rijeka\" href=\"https:\/\/www.buscroatia.com\/de\/bus-zadar-rijeka\/\" target=\"_blank\">Zadar &#8211; Rijeka<\/a><\/td>\n<td style=\"text-align: center;\" valign=\"top\" width=\"233\"><a title=\"Bus Zadar Krka\" href=\"https:\/\/www.buscroatia.com\/de\/bus-zadar-krka\/\" target=\"_blank\">Zadar &#8211; Nationalpark Krka<\/a><\/td>\n<td style=\"text-align: center;\" valign=\"top\" width=\"233\">\u00a0<a title=\"Bus Zadar Medjugorje\" href=\"https:\/\/www.buscroatia.com\/de\/bus-zadar-medjugorje\/\" target=\"_blank\">Zadar &#8211; Medjugorje<\/a><\/td>\n<\/tr>\n<tr>\n<td style=\"text-align: center;\" valign=\"top\" width=\"233\"><a title=\"Bus Zadar Zagreb\" href=\"https:\/\/www.buscroatia.com\/de\/bus-zadar-zagreb\/\" target=\"_blank\">Zadar &#8211; Zagreb<\/a><\/td>\n<td style=\"text-align: center;\" valign=\"top\" width=\"233\"><a title=\"Bus Zadar Sibenik\" href=\"https:\/\/www.buscroatia.com\/de\/bus-zadar-sibenik\/\" target=\"_blank\">Zadar &#8211; Sibenik<\/a><\/td>\n<td style=\"text-align: center;\" valign=\"top\" width=\"233\"><a title=\"Bus Zadar Sarajevo\" href=\"https:\/\/www.buscroatia.com\/de\/bus-zadar-sarajevo\/\" target=\"_blank\">Zadar &#8211; Sarajevo<\/a><\/td>\n<\/tr>\n<tr>\n<td style=\"text-align: center;\" valign=\"top\" width=\"233\"><a title=\"Bus Zadar Dubrovnik\" href=\"https:\/\/www.buscroatia.com\/de\/bus-zadar-dubrovnik\/\" target=\"_blank\">Zadar &#8211; Dubrovnik<\/a><\/td>\n<td style=\"text-align: center;\" valign=\"top\" width=\"233\">\u00a0<a title=\"Bus Zadar Tisno\" href=\"https:\/\/www.buscroatia.com\/de\/bus-zadar-tisno\/\" target=\"_blank\">Zadar &#8211; Tisno<\/a><\/td>\n<td style=\"text-align: center;\" valign=\"top\" width=\"233\">\u00a0<a title=\"Bus Zadar Belgrad\" href=\"https:\/\/www.buscroatia.com\/de\/bus-zadar-belgrad\/\" target=\"_blank\">Zadar &#8211; Belgrad<\/a><\/td>\n<\/tr>\n<tr>\n<td style=\"text-align: center;\" valign=\"top\" width=\"233\">\u00a0<a title=\"Bus Zadar Plitvicer Seen\" href=\"https:\/\/www.buscroatia.com\/de\/bus-zadar-plitvicer-seen\/\" target=\"_blank\">Zadar &#8211; Plitvicer Seen<\/a><\/td>\n<td style=\"text-align: center;\" valign=\"top\" width=\"233\"><a title=\"Bus Zadar Novalja\" href=\"https:\/\/www.buscroatia.com\/de\/bus-zadar-novalja\/\" target=\"_blank\">Zadar &#8211; Novalja <\/a><\/td>\n<td style=\"text-align: center;\" valign=\"top\" width=\"233\"><a title=\"Busreise Zadar\" href=\"https:\/\/www.buscroatia.com\/de\/busreise-zadar\/\">Busreise nach Zadar <\/a><\/td>\n<\/tr>\n<tr>\n<td style=\"text-align: center;\" valign=\"top\" width=\"233\">\u00a0<a title=\"Bus Zadar Vodice\" href=\"https:\/\/www.buscroatia.com\/de\/bus-zadar-vodice\/\">Zadar &#8211; Vodice<\/a><\/td>\n<td style=\"text-align: center;\" valign=\"top\" width=\"233\"><a title=\"Stadtbusse Zadar\" href=\"https:\/\/www.buscroatia.com\/de\/stadtbusse-zadar\/\">Stadtbusse Zadar<\/a><\/td>\n<td style=\"text-align: center;\" valign=\"top\" width=\"233\"><\/td>\n<\/tr>\n<tr>\n<td style=\"text-align: center;\" valign=\"top\" width=\"233\"><a title=\"Bus Zadar Omis\" href=\"https:\/\/www.buscroatia.com\/de\/bus-zadar-omis\/\">Zadar &#8211; Omis<\/a><\/td>\n<td style=\"text-align: center;\" valign=\"top\" width=\"233\"><a title=\"Bus Zadar Pag\" href=\"https:\/\/www.buscroatia.com\/de\/bus-zadar-pag\/\">Zadar &#8211; Pag<\/a><\/td>\n<td style=\"text-align: center;\" valign=\"top\" width=\"233\"><\/td>\n<\/tr>\n<tr>\n<td style=\"text-align: center;\" valign=\"top\" width=\"233\"><a title=\"Bus Zadar Pula\" href=\"https:\/\/www.buscroatia.com\/de\/bus-zadar-pula\/\" target=\"_blank\">Zadar &#8211; Pula<\/a><\/td>\n<td style=\"text-align: center;\" valign=\"top\" width=\"233\"><a title=\"Bus Zadar Vodice\" href=\"https:\/\/www.buscroatia.com\/de\/bus-zadar-vodice\/\">Zadar &#8211; Vodice <\/a><\/td>\n<td style=\"text-align: center;\" valign=\"top\" width=\"233\"><\/td>\n<\/tr>\n<tr>\n<td style=\"text-align: center;\" valign=\"top\" width=\"233\">\u00a0<a title=\"Bus Zadar Rovinj\" href=\"https:\/\/www.buscroatia.com\/de\/bus-zadar-rovinj\/\" target=\"_blank\">Zadar &#8211; Rovinj<\/a><\/td>\n<td style=\"text-align: center;\" valign=\"top\" width=\"233\"><a title=\"Bus Zadar Biograd\" href=\"https:\/\/www.buscroatia.com\/de\/bus-zadar-biograd\/\">Zadar &#8211; Biograd<\/a><\/td>\n<td style=\"text-align: center;\" valign=\"top\" width=\"233\"><\/td>\n<\/tr>\n<tr>\n<td style=\"text-align: center;\" valign=\"top\" width=\"233\"><\/td>\n<td style=\"text-align: center;\" valign=\"top\" width=\"233\"><\/td>\n<td style=\"text-align: center;\" valign=\"top\" width=\"233\"><\/td>\n<\/tr>\n<\/tbody>\n<\/table>\n<p><strong><span style=\"text-decoration: underline;\">Standort Busbahnhof \u2013 Karte Busbahnhof Zadar<\/span><\/strong><\/p>\n<p><iframe loading=\"lazy\" src=\"https:\/\/maps.google.co.uk\/maps\/ms?msid=208501521610253693382.0004b7ef0395fa5a5e9fa&amp;msa=0&amp;ie=UTF8&amp;t=h&amp;ll=44.106385,15.241009&amp;spn=0.003467,0.006427&amp;z=17&amp;output=embed\" height=\"450\" width=\"700\" frameborder=\"0\" marginwidth=\"0\" marginheight=\"0\" scrolling=\"no\"><\/iframe><br \/>\n<small>View <a style=\"color: #0000ff; text-align: left;\" href=\"https:\/\/maps.google.co.uk\/maps\/ms?msid=208501521610253693382.0004b7ef0395fa5a5e9fa&amp;msa=0&amp;ie=UTF8&amp;t=h&amp;ll=44.106385,15.241009&amp;spn=0.003467,0.006427&amp;z=17&amp;source=embed\">Bus Station Zadar<\/a> in a larger map<\/small><\/p>\n<p><strong><span style=\"text-decoration: underline;\">Adresse:<\/span><\/strong><\/p>\n<p>Ante Starcevica 1<br \/>\n23000 Zadar<br \/>\nTel.: +385 (0) 23211 555<br \/>\nFax: 023\/311-086<\/p>\n","protected":false},"excerpt":{"rendered":"<p>Der Busbahnhof in Zadar befindet sich gleich neben dem Bahnhof und liegt an der Kreuzung der Strassen Bregdetti und Ante Starcevica. Die Informationsschalter sind von 6.00 bis 22.00 Uhr besetzt und dort erhalten Sie auch alle Ausk\u00fcnfte zu Abfahrts- und Ankunftszeiten. Der Kartenverkauf erfolgt an f\u00fcnf\u00a0 Kassen ebenfalls in der Zeit von 6.00 bis 22.00 [&hellip;]<\/p>\n","protected":false},"author":1,"featured_media":1329,"parent":0,"menu_order":0,"comment_status":"open","ping_status":"open","template":"pages-templates\/bus-station.php","meta":[],"aioseo_notices":[],"_links":{"self":[{"href":"https:\/\/www.buscroatia.com\/de\/wp-json\/wp\/v2\/pages\/32"}],"collection":[{"href":"https:\/\/www.buscroatia.com\/de\/wp-json\/wp\/v2\/pages"}],"about":[{"href":"https:\/\/www.buscroatia.com\/de\/wp-json\/wp\/v2\/types\/page"}],"author":[{"embeddable":true,"href":"https:\/\/www.buscroatia.com\/de\/wp-json\/wp\/v2\/users\/1"}],"replies":[{"embeddable":true,"href":"https:\/\/www.buscroatia.com\/de\/wp-json\/wp\/v2\/comments?post=32"}],"version-history":[{"count":29,"href":"https:\/\/www.buscroatia.com\/de\/wp-json\/wp\/v2\/pages\/32\/revisions"}],"predecessor-version":[{"id":2967,"href":"https:\/\/www.buscroatia.com\/de\/wp-json\/wp\/v2\/pages\/32\/revisions\/2967"}],"wp:featuredmedia":[{"embeddable":true,"href":"https:\/\/www.buscroatia.com\/de\/wp-json\/wp\/v2\/media\/1329"}],"wp:attachment":[{"href":"https:\/\/www.buscroatia.com\/de\/wp-json\/wp\/v2\/media?parent=32"}],"curies":[{"name":"wp","href":"https:\/\/api.w.org\/{rel}","templated":true}]}}