{"id":273,"date":"2012-02-15T16:24:42","date_gmt":"2012-02-15T16:24:42","guid":{"rendered":"http:\/\/www.buscroatia.com\/de\/?page_id=273"},"modified":"2019-07-31T13:46:59","modified_gmt":"2019-07-31T13:46:59","slug":"bus-zadar-flughafen","status":"publish","type":"page","link":"https:\/\/www.buscroatia.com\/de\/bus-zadar-flughafen\/","title":{"rendered":"Bus Zadar Flughafen"},"content":{"rendered":"<p style=\"text-align: justify;\"><a href=\"https:\/\/www.buscroatia.com\/de\/wp-content\/uploads\/2012\/02\/Flughafenbus-Zadar.jpg\" rel=\"lightbox[273]\"><img decoding=\"async\" loading=\"lazy\" class=\"alignright size-medium wp-image-568\" title=\"Flughafenbus Zadar\" src=\"https:\/\/www.buscroatia.com\/de\/wp-content\/uploads\/2012\/02\/Flughafenbus-Zadar-300x225.jpg\" alt=\"Flughafenbus Zadar\" width=\"300\" height=\"225\" srcset=\"https:\/\/www.buscroatia.com\/de\/wp-content\/uploads\/2012\/02\/Flughafenbus-Zadar-300x225.jpg 300w, https:\/\/www.buscroatia.com\/de\/wp-content\/uploads\/2012\/02\/Flughafenbus-Zadar.jpg 1024w\" sizes=\"(max-width: 300px) 100vw, 300px\" \/><\/a>Zemunik, <strong>der Flughafen Zadar<\/strong>, liegt etwa 12 km vom Stadtzentrum von Zadar und 10 km vom Busbahnhof Zadar entfernt.<\/p>\n<p><span style=\"color: #0000ff;\"><strong>Anreise zum und vom Flughafen Zadar<\/strong><strong>:<\/strong><\/span><\/p>\n<h3><strong><span style=\"text-decoration: underline;\">Einzel- oder Gemeinschaftstransfer<\/span><\/strong>:<\/h3>\n<p style=\"text-align: justify;\">Wenn Sie von Zadar aus weiterreisen zu den <strong>beliebten Reisezielen<\/strong> wie Novalja, Tisno, Biograd na moru, Pakostane etc. ist es ratsam, bereits <strong>im voraus einen Transfer zu diesen Orten zu buchen<\/strong>. Es besteht die M\u00f6glichkeit, Fahrzeuge f\u00fcr 1-3 Personen oder auch f\u00fcr bis zu 8 Personen f\u00fcr den Transfer zu buchen und der Preis betr\u00e4gt dabei etwa 1,2 bis 1,5 Euro pro km, <a title=\"Transfer Flughafen Zadar\" href=\"https:\/\/getbytransfer.com\/de\">Aktuelle Transfer Angebot k\u00f6nnen Sie hier Sehen<\/a>.<\/p>\n<h3><strong><span style=\"text-decoration: underline;\">Mietwagen Flughafen Zadar<\/span><\/strong><strong>:<\/strong><\/h3>\n<p style=\"text-align: justify;\">Am Flughafen Zadar haben Sie die M\u00f6glichkeit, ein Auto bei einer der lokalen oder internationalen Autovermietungen zu mieten. <strong>Angebote der Autovermieter<\/strong> <a href=\"https:\/\/www.buscroatia.com\/de\/mietwagen\" target=\"_blank\">finden Sie hier<\/a>.<br \/>\n<script type=\"text\/javascript\">\/\/ <![CDATA[\ngoogle_ad_client = \"\"; \/* Bus728-de *\/ google_ad_slot = \"7853926611\"; google_ad_width = 728; google_ad_height = 90;\n\/\/ ]]><\/script><\/p>\n<h3><strong><span style=\"text-decoration: underline;\">Unterkunft in Zadar<\/span><\/strong><strong>:<\/strong><\/h3>\n<p style=\"text-align: justify;\">Das \u00dcbernachtungsangebot in Zadar reicht von relativ <strong>billigen Hostels bis zu 5-Sterne-Luxus-Hotels<\/strong>. Sollten Sie noch keine Unterkunft in Zadar gebucht haben, dann finden Sie eine gro\u00dfe Auswahl an Ferienwohnungen, Hotels, Hostels und Zimmer mit und ohne Fr\u00fchst\u00fcck hier:<\/p>\n<table border=\"0\" width=\"720\" cellspacing=\"2\" cellpadding=\"2\">\n<tbody>\n<tr>\n<td align=\"center\" width=\"240\">\n<p align=\"center\"><a href=\"https:\/\/www.buscroatia.com\/de\/fewo-zadar\"><img decoding=\"async\" style=\"margin: 0px 1px 1px;\" src=\"https:\/\/www.buscroatia.com\/de\/wp-content\/uploads\/info\/Ferienwohnung.jpg\" alt=\"\" \/><\/a><\/p>\n<p align=\"center\"><strong><span style=\"color: #000000; font-size: large;\">Zadar<\/span><\/strong><\/p>\n<\/td>\n<td align=\"center\" width=\"240\">\n<p align=\"center\"><a href=\"https:\/\/www.buscroatia.com\/de\/hotel-zadar\" target=\"_blank\"><img decoding=\"async\" style=\"margin: 0px 1px 1px;\" src=\"https:\/\/www.buscroatia.com\/de\/wp-content\/uploads\/info\/Hotels.jpg\" alt=\"\" \/><\/a><\/p>\n<p align=\"center\"><strong><span style=\"color: #000000; font-size: large;\"><strong>Zadar<\/strong><\/span><\/strong><\/p>\n<\/td>\n<td align=\"center\" width=\"240\">\n<p align=\"center\"><a href=\"https:\/\/www.buscroatia.com\/de\/hostel-zadar\" target=\"_blank\"><img decoding=\"async\" style=\"margin: 0px 1px 1px;\" src=\"https:\/\/www.buscroatia.com\/de\/wp-content\/uploads\/info\/Herberge.jpg\" alt=\"\" \/><\/a><\/p>\n<p align=\"center\"><strong><span style=\"color: #000000; font-size: large;\"><strong>Zadar<\/strong><\/span><\/strong><\/p>\n<\/td>\n<\/tr>\n<\/tbody>\n<\/table>\n<h3><strong><span style=\"text-decoration: underline;\">Flughafen-Bus<\/span><\/strong><strong>:<\/strong><\/h3>\n<p style=\"text-align: justify;\">Der Bus von und zum Flughafen Zadar f\u00e4hrt gegen\u00fcber dem internationalen Terminal ab. Die <strong>Fahrzeit ins Zentrum von Zadar betr\u00e4gt ca. 20 Minuten<\/strong>, wobei der Bus am Busbahnhof Station macht und dann weiter in die Altstadt von Zadar f\u00e4hrt. Wenn Sie in die entgegengesetzte Richtung fahren, k\u00f6nnen Sie entweder in <strong>der Altstadt einsteigen oder etwa 5 Minuten sp\u00e4ter am Busbahnhof<\/strong>. Die\u00a0 Abfahrtszeiten in beide Richtungen k\u00f6nnen Sie <a href=\"http:\/\/www.zadar-airport.hr\/en\/how-to-reach-us\" target=\"_blank\">hier sehen<\/a>.<\/p>\n<p style=\"text-align: justify;\"><strong>Der Preis<\/strong> f\u00fcr eine einfache Fahrt mit dem Bus zum Flughafen <strong>betr\u00e4gt 25 Kuna <\/strong>und die Tickets k\u00f6nnen im Bus gekauft werden.<\/p>\n<p style=\"text-align: justify;\">Wenn Sie <strong>von Flughafen Zadar zu anderen St\u00e4dten<\/strong> in Kroatien unterwegs sind, m\u00fcssen Sie zuerst vom Flughafen zum <a title=\"Busbahnhof Zadar\" href=\"https:\/\/www.buscroatia.com\/de\/busbahnhof-zadar\/\">Busbahnhof fahren<\/a>, denn ab da haben Sie regionale, nationale und internationale Busverbindungen.<\/p>\n<h3><strong><span style=\"text-decoration: underline;\">Taxi<\/span><\/strong><strong>: <\/strong><\/h3>\n<p style=\"text-align: justify;\">Das Taxi ist die <strong>schnellste Alternative zum Flughafen-Bus<\/strong>. Obwohl es teurer als dieser, liegt der Preis daf\u00fcr noch in einem angemessenen Rahmen (ca. 20 Euro). Vor allem wenn Sie eine <strong>Unterkunft in den Stadtteilen Borik oder Diklo<\/strong> gebucht haben, k\u00f6nnen Sie sich mit einem Taxi viel M\u00fche sparen, anstatt zuerst vom Flughafen mit dem Bus zum Busbahnhof und dann mit einem st\u00e4dtischen Bus zu Ihrer Unterkunft zu fahren.<\/p>\n<h3><b><span style=\"text-decoration: underline;\">Karte der Route von Zadar Flughafen nach Zadar<\/span><\/b><br \/>\n<iframe loading=\"lazy\" src=\"https:\/\/maps.google.de\/maps\/ms?msa=0&amp;msid=214729732902778212015.0004cb79ce508a909f32f&amp;ie=UTF8&amp;t=h&amp;ll=44.130232,15.293655&amp;spn=0.123211,0.239983&amp;z=12&amp;output=embed\" width=\"700\" height=\"500\" frameborder=\"0\" marginwidth=\"0\" marginheight=\"0\" scrolling=\"no\"><\/iframe><br \/>\n<small><a style=\"color: #0000ff; text-align: left;\" href=\"https:\/\/maps.google.de\/maps\/ms?msa=0&amp;msid=214729732902778212015.0004cb79ce508a909f32f&amp;ie=UTF8&amp;t=h&amp;ll=44.130232,15.293655&amp;spn=0.123211,0.239983&amp;z=12&amp;source=embed\">Von Zadar Flughafen nach Zadar<\/a> auf einer gr\u00f6\u00dferen Karte anzeigen<\/small><\/h3>\n","protected":false},"excerpt":{"rendered":"<p>Zemunik, der Flughafen Zadar, liegt etwa 12 km vom Stadtzentrum von Zadar und 10 km vom Busbahnhof Zadar entfernt. Anreise zum und vom Flughafen Zadar: Einzel- oder Gemeinschaftstransfer: Wenn Sie von Zadar aus weiterreisen zu den beliebten Reisezielen wie Novalja, Tisno, Biograd na moru, Pakostane etc. ist es ratsam, bereits im voraus einen Transfer zu [&hellip;]<\/p>\n","protected":false},"author":1,"featured_media":568,"parent":0,"menu_order":0,"comment_status":"open","ping_status":"open","template":"","meta":[],"aioseo_notices":[],"_links":{"self":[{"href":"https:\/\/www.buscroatia.com\/de\/wp-json\/wp\/v2\/pages\/273"}],"collection":[{"href":"https:\/\/www.buscroatia.com\/de\/wp-json\/wp\/v2\/pages"}],"about":[{"href":"https:\/\/www.buscroatia.com\/de\/wp-json\/wp\/v2\/types\/page"}],"author":[{"embeddable":true,"href":"https:\/\/www.buscroatia.com\/de\/wp-json\/wp\/v2\/users\/1"}],"replies":[{"embeddable":true,"href":"https:\/\/www.buscroatia.com\/de\/wp-json\/wp\/v2\/comments?post=273"}],"version-history":[{"count":20,"href":"https:\/\/www.buscroatia.com\/de\/wp-json\/wp\/v2\/pages\/273\/revisions"}],"predecessor-version":[{"id":178645,"href":"https:\/\/www.buscroatia.com\/de\/wp-json\/wp\/v2\/pages\/273\/revisions\/178645"}],"wp:featuredmedia":[{"embeddable":true,"href":"https:\/\/www.buscroatia.com\/de\/wp-json\/wp\/v2\/media\/568"}],"wp:attachment":[{"href":"https:\/\/www.buscroatia.com\/de\/wp-json\/wp\/v2\/media?parent=273"}],"curies":[{"name":"wp","href":"https:\/\/api.w.org\/{rel}","templated":true}]}}