{"id":23,"date":"2012-01-05T13:39:39","date_gmt":"2012-01-05T13:39:39","guid":{"rendered":"http:\/\/www.buscroatia.com\/de\/?page_id=23"},"modified":"2014-01-11T12:13:56","modified_gmt":"2014-01-11T12:13:56","slug":"busbahnhof-trogir","status":"publish","type":"page","link":"https:\/\/www.buscroatia.com\/de\/busbahnhof-trogir\/","title":{"rendered":"Busbahnhof Trogir"},"content":{"rendered":"<p><a href=\"https:\/\/www.buscroatia.com\/de\/wp-content\/uploads\/2012\/01\/Busbahnhof-Trogir.jpg\" rel=\"lightbox[23]\"><img decoding=\"async\" loading=\"lazy\" class=\"alignright size-medium wp-image-605\" title=\"Busbahnhof Trogir\" alt=\"Busbahnhof Trogir\" src=\"https:\/\/www.buscroatia.com\/de\/wp-content\/uploads\/2012\/01\/Busbahnhof-Trogir-300x225.jpg\" width=\"300\" height=\"225\" srcset=\"https:\/\/www.buscroatia.com\/de\/wp-content\/uploads\/2012\/01\/Busbahnhof-Trogir-300x225.jpg 300w, https:\/\/www.buscroatia.com\/de\/wp-content\/uploads\/2012\/01\/Busbahnhof-Trogir.jpg 1024w\" sizes=\"(max-width: 300px) 100vw, 300px\" \/><\/a>Der <strong>Busbahnhof von Trogir<\/strong> befindet sich am Eingang zur Stadt und von hier aus sind es \u00fcber eine steinerne Br\u00fccke gerade einmal 500 Meter bis zum Zentrum der Altstadt.<\/p>\n<p>Am Busbahnhof k\u00f6nnen Sie Tickets f\u00fcr die l<strong>okalen Buslinien<\/strong> (Split, Solin, Kastela, Marina, Insel Ciovo etc.), die Intercity-Linien (Dubrovnik, Zagreb etc.) oder f\u00fcr die internationalen Linien (\u00d6sterreich, Deutschland etc.) kaufen.<\/p>\n<p>Alle Busse, die nach Dalmatien fahren und nicht die Autobahn benutzen, fahren \u00fcber Trogir.<\/p>\n<p><strong><span style=\"text-decoration: underline;\">Serviceleistungen am Busbahnhof von Trogir:<\/span><\/strong><\/p>\n<p>Au\u00dferhalb des Bahnhofsgeb\u00e4udes befinden sich mehrere\u00a0 Geldautomaten (wenn Sie neben dem Handgep\u00e4ck weiteres Gep\u00e4ck beim Busfahrer aufgeben, sollten Sie etwas kroatisches Bargeld bereit haben, um diesen Service zu bezahlen).<\/p>\n<p>Es gibt auch zahlreiche Bars und Restaurants in der N\u00e4he und\u00a0 nat\u00fcrlich im alten Stadtkern von Trogir, den man sich unbedingt anschauen muss.<br \/>\n<script type=\"text\/javascript\">\/\/ <![CDATA[\ngoogle_ad_client = \"\"; \/* Bus728-de *\/ google_ad_slot = \"7853926611\"; google_ad_width = 728; google_ad_height = 90;\n\/\/ ]]><\/script><br \/>\n<script type=\"text\/javascript\" src=\"https:\/\/pagead2.googlesyndication.com\/pagead\/show_ads.js\">\/\/ <![CDATA[\n\n\n\/\/ ]]><\/script><\/p>\n<p><b><span style=\"text-decoration: underline;\">Unterkunft am Busbahnhof in Trogir:<\/span><\/b><\/p>\n<p>Es ist kein Problem, eine <b>Unterkunft in der N\u00e4he des Busbahnhofes von Trogir zu finden<\/b>. Sowohl in dem Teil der Stadt, welcher auf dem Festland liegt, als auch in der <b>Altstadt von Trogir oder auf der Insel Ciovo<\/b>, die mit Trogir \u00fcber eine Br\u00fccke verbunden ist, gibt es viele Apartments, Zimmer, Hostels und <b>kleinere Hotels. Unterk\u00fcnfte in Strandn\u00e4he<\/b> kann man auf der Insel Ciovo in den Ortschaften Slatine, Arbanija oder Okrug Gornji finden. Um zu diesen Orten zu gelangen, nehmen Sie eine der \u00f6rtlichen Buslinien oder Sie <b>fahren mit einem der Taxiboote von Trogir aus nach Ciovo<\/b>. Eine gro\u00dfe Auswahl an Unterk\u00fcnften in Trogir finden Sie hier:<\/p>\n<table width=\"720\" border=\"0\" cellspacing=\"2\" cellpadding=\"2\">\n<tbody>\n<tr>\n<td align=\"center\" width=\"240\">\n<p align=\"center\"><a href=\"https:\/\/www.buscroatia.com\/de\/fewo-trogir\"><img decoding=\"async\" style=\"margin: 0px 1px 1px;\" alt=\"\" src=\"https:\/\/www.buscroatia.com\/de\/wp-content\/uploads\/info\/Ferienwohnung.jpg\" \/><\/a><\/p>\n<p align=\"center\"><strong><span style=\"color: #000000; font-size: large;\">Trogir<\/span><\/strong><\/p>\n<\/td>\n<td align=\"center\" width=\"240\">\n<p align=\"center\"><a href=\"https:\/\/www.buscroatia.com\/de\/hotel-trogir\" target=\"_blank\"><img decoding=\"async\" style=\"margin: 0px 1px 1px;\" alt=\"\" src=\"https:\/\/www.buscroatia.com\/de\/wp-content\/uploads\/info\/Hotels.jpg\" \/><\/a><\/p>\n<p align=\"center\"><strong><span style=\"color: #000000; font-size: large;\"><strong>Trogir<\/strong><\/span><\/strong><\/p>\n<\/td>\n<td align=\"center\" width=\"240\">\n<p align=\"center\"><a href=\"https:\/\/www.buscroatia.com\/de\/hostel-trogir\" target=\"_blank\"><img decoding=\"async\" style=\"margin: 0px 1px 1px;\" alt=\"\" src=\"https:\/\/www.buscroatia.com\/de\/wp-content\/uploads\/info\/Herberge.jpg\" \/><\/a><\/p>\n<p align=\"center\"><strong><span style=\"color: #000000; font-size: large;\"><strong>Trogir<\/strong><\/span><\/strong><\/p>\n<\/td>\n<\/tr>\n<\/tbody>\n<\/table>\n<p><b><span style=\"text-decoration: underline;\">Autovermietungen in Trogir:<\/span><\/b><\/p>\n<p>Es gibt leider <b>keine M\u00f6glichkeit<\/b>, <b>direkt am Busbahnhof von Trogir<\/b> <b>ein Auto zu mieten<\/b>. Allerdings findet man in der Altstadt mehrere Reiseb\u00fcros, bei denen man einen Wagen mieten kann. Es gibt jedoch noch eine Alternative zu den lokalen Vermietern, und die besteht darin, <b>ein Auto am Flughafen von Split zu nehmen<\/b>. Dieser befindet sich nur 4 &#8211; 5 km entfernt von Trogir und kann leicht mit dem Bus erreicht werden. <b>Am Flughafen ist auch der Wettbewerb gr\u00f6\u00dfer<\/b>, denn hier haben alle gro\u00dfen Autovermietungen ihre Niederlassungen. Die <b>Angebote der Autovermietungen am Flughafen von Split<\/b> <a href=\"https:\/\/www.buscroatia.com\/de\/mietwagen\" target=\"_blank\">finden Sie hier<\/a>:<\/p>\n<p><strong><span style=\"text-decoration: underline;\">Die beliebtesten Strecken ab dem Busbahnhof Trogir:<\/span><\/strong><\/p>\n<p>Im Folgenden haben wir <b>einige der beliebtesten Reiseziele von Trogir<\/b> aus aufgef\u00fchrt. Wenn Sie zu Orten fahren wollen, die in gr\u00f6\u00dferer Entfernung von Trogir liegen, dann kann es sinnvoll sein, <b>zuerst die Verbindungen nach Split oder Zadar zu erkunden<\/b> und von dort aus weitere Verbindungen zu den jeweiligen Reisezielen zu finden. Beispiel: Wenn Sie von Trogir nach Dubrovnik m\u00f6chten,<span style=\"color: #0000ff;\"><strong> dann suchen Sie zuerst nach den Verbindungen von Trogir nach Split<\/strong> <\/span>und danach weiter nach den Busverbindungen von Split nach Dubrovnik.<\/p>\n<table width=\"700\" border=\"1\" cellspacing=\"1\" cellpadding=\"1\">\n<tbody>\n<tr>\n<td style=\"text-align: center;\" valign=\"top\" width=\"233\"><span style=\"color: #0000ff; text-decoration: underline;\">Intercity busse<\/span><\/td>\n<td style=\"text-align: center;\" valign=\"top\" width=\"233\"><span style=\"color: #0000ff; text-decoration: underline;\">Regionale busverbindungen<\/span><\/td>\n<td style=\"text-align: center;\" valign=\"top\" width=\"233\"><span style=\"text-decoration: underline;\"><span style=\"color: #0000ff; text-decoration: underline;\">Internationale buslinien<\/span><\/span><\/td>\n<\/tr>\n<tr>\n<td style=\"text-align: center;\" valign=\"top\" width=\"233\">\u00a0<a title=\"Bus von Trogir nach Zadar\" href=\"https:\/\/www.buscroatia.com\/de\/bus-trogir-zadar\/\" target=\"_blank\">Trogir &#8211; Zadar<\/a><\/td>\n<td style=\"text-align: center;\" valign=\"top\" width=\"233\"><a title=\"Bus Trogir Split\" href=\"https:\/\/www.buscroatia.com\/de\/bus-trogir-split\/\" target=\"_blank\">Trogir &#8211; Split<\/a><\/td>\n<td style=\"text-align: center;\" valign=\"top\" width=\"233\"><a title=\"Bus von Trogir nach Mostar\" href=\"https:\/\/www.buscroatia.com\/de\/bus-trogir-mostar\/\" target=\"_blank\">Trogir &#8211; Mostar<\/a><\/td>\n<\/tr>\n<tr>\n<td style=\"text-align: center;\" valign=\"top\" width=\"233\">\u00a0<a title=\"Bus von Trogir nach Zagreb\" href=\"https:\/\/www.buscroatia.com\/de\/bus-trogir-zagreb\/\" target=\"_blank\">Trogir &#8211; Zagreb<\/a><\/td>\n<td style=\"text-align: center;\" valign=\"top\" width=\"233\"><a href=\"https:\/\/www.buscroatia.com\/de\/0ey6\" target=\"_blank\">Trogir &#8211; Ciovo<\/a><\/td>\n<td style=\"text-align: center;\" valign=\"top\" width=\"233\"><a title=\"Bus von Trogir nach Medjugorje\" href=\"https:\/\/www.buscroatia.com\/de\/bus-trogir-medjugorje\/\" target=\"_blank\">Trogir &#8211; Medjugorje<\/a><\/td>\n<\/tr>\n<tr>\n<td style=\"text-align: center;\" valign=\"top\" width=\"233\">\u00a0<a title=\"Bus von Trogir nach Sibenik\" href=\"https:\/\/www.buscroatia.com\/de\/bus-trogir-sibenik\/\" target=\"_blank\">Trogir &#8211; Sibenik<\/a><\/td>\n<td style=\"text-align: center;\" valign=\"top\" width=\"233\"><a title=\"Bus von Trogir nach Krka\" href=\"https:\/\/www.buscroatia.com\/de\/bus-trogir-krka\/\" target=\"_blank\">\u00a0Trogir &#8211; NP Krka<\/a><\/td>\n<td style=\"text-align: center;\" valign=\"top\" width=\"233\"><a title=\"Bus von Trogir nach Sarajevo\" href=\"https:\/\/www.buscroatia.com\/de\/bus-trogir-sarajevo\/\" target=\"_blank\">Trogir &#8211; Sarajevo<\/a><\/td>\n<\/tr>\n<tr>\n<td style=\"text-align: center;\" valign=\"top\" width=\"233\">\u00a0<a title=\"Bus von Trogir nach Rijeka\" href=\"https:\/\/www.buscroatia.com\/de\/bus-trogir-rijeka\/\">Trogir &#8211; Rijeka<\/a><\/td>\n<td style=\"text-align: center;\" valign=\"top\" width=\"233\"><\/td>\n<td style=\"text-align: center;\" valign=\"top\" width=\"233\"><a title=\"Busreise Trogir\" href=\"https:\/\/www.buscroatia.com\/de\/busreise-trogir\/\">Busreisen nach Trogir<\/a><\/td>\n<\/tr>\n<tr>\n<td style=\"text-align: center;\" valign=\"top\" width=\"233\"><a title=\"Bus von Trogir nach Dubrovnik\" href=\"https:\/\/www.buscroatia.com\/de\/bus-trogir-dubrovnik\/\">Trogir &#8211; Dubrovnik<\/a><\/td>\n<td style=\"text-align: center;\" valign=\"top\" width=\"233\"><\/td>\n<td style=\"text-align: center;\" valign=\"top\" width=\"233\"><\/td>\n<\/tr>\n<tr>\n<td style=\"text-align: center;\" valign=\"top\" width=\"233\">\u00a0<a title=\"Bus von Trogir nach Plitvicer Seen\" href=\"https:\/\/www.buscroatia.com\/de\/bus-trogir-plitvicer-seen\/\" target=\"_blank\">Trogir &#8211; Plitvicer Seen<\/a><\/td>\n<td style=\"text-align: center;\" valign=\"top\" width=\"233\"><\/td>\n<td style=\"text-align: center;\" valign=\"top\" width=\"233\"><\/td>\n<\/tr>\n<\/tbody>\n<\/table>\n<p><strong><span style=\"text-decoration: underline;\">Standort Busbahnhof \u2013 Karte Busbahnhof Trogir<\/span><\/strong><br \/>\n<iframe loading=\"lazy\" src=\"https:\/\/maps.google.co.uk\/maps\/ms?msa=0&amp;msid=208501521610253693382.0004b802f8e6bfe222b53&amp;ie=UTF8&amp;t=h&amp;ll=43.518447,16.251419&amp;spn=0.003501,0.006427&amp;z=17&amp;output=embed\" height=\"450\" width=\"700\" frameborder=\"0\" marginwidth=\"0\" marginheight=\"0\" scrolling=\"no\"><\/iframe><br \/>\n<small>View <a style=\"color: #0000ff; text-align: left;\" href=\"https:\/\/maps.google.co.uk\/maps\/ms?msa=0&amp;msid=208501521610253693382.0004b802f8e6bfe222b53&amp;ie=UTF8&amp;t=h&amp;ll=43.518447,16.251419&amp;spn=0.003501,0.006427&amp;z=17&amp;source=embed\">Bus station Trogir<\/a> in a larger map<\/small><\/p>\n<p><strong><span style=\"text-decoration: underline;\">Adresse:<\/span><\/strong><\/p>\n<p>Kneza Trpimira 2<br \/>\n21220 Trogir<br \/>\nTel.: +385-(0)21 882947<\/p>\n","protected":false},"excerpt":{"rendered":"<p>Der Busbahnhof von Trogir befindet sich am Eingang zur Stadt und von hier aus sind es \u00fcber eine steinerne Br\u00fccke gerade einmal 500 Meter bis zum Zentrum der Altstadt. Am Busbahnhof k\u00f6nnen Sie Tickets f\u00fcr die lokalen Buslinien (Split, Solin, Kastela, Marina, Insel Ciovo etc.), die Intercity-Linien (Dubrovnik, Zagreb etc.) oder f\u00fcr die internationalen Linien [&hellip;]<\/p>\n","protected":false},"author":1,"featured_media":605,"parent":0,"menu_order":0,"comment_status":"open","ping_status":"open","template":"pages-templates\/bus-station.php","meta":[],"aioseo_notices":[],"_links":{"self":[{"href":"https:\/\/www.buscroatia.com\/de\/wp-json\/wp\/v2\/pages\/23"}],"collection":[{"href":"https:\/\/www.buscroatia.com\/de\/wp-json\/wp\/v2\/pages"}],"about":[{"href":"https:\/\/www.buscroatia.com\/de\/wp-json\/wp\/v2\/types\/page"}],"author":[{"embeddable":true,"href":"https:\/\/www.buscroatia.com\/de\/wp-json\/wp\/v2\/users\/1"}],"replies":[{"embeddable":true,"href":"https:\/\/www.buscroatia.com\/de\/wp-json\/wp\/v2\/comments?post=23"}],"version-history":[{"count":24,"href":"https:\/\/www.buscroatia.com\/de\/wp-json\/wp\/v2\/pages\/23\/revisions"}],"predecessor-version":[{"id":2901,"href":"https:\/\/www.buscroatia.com\/de\/wp-json\/wp\/v2\/pages\/23\/revisions\/2901"}],"wp:featuredmedia":[{"embeddable":true,"href":"https:\/\/www.buscroatia.com\/de\/wp-json\/wp\/v2\/media\/605"}],"wp:attachment":[{"href":"https:\/\/www.buscroatia.com\/de\/wp-json\/wp\/v2\/media?parent=23"}],"curies":[{"name":"wp","href":"https:\/\/api.w.org\/{rel}","templated":true}]}}