{"id":2215,"date":"2013-12-11T14:11:24","date_gmt":"2013-12-11T14:11:24","guid":{"rendered":"http:\/\/www.buscroatia.com\/de\/?page_id=2215"},"modified":"2013-12-15T19:10:53","modified_gmt":"2013-12-15T19:10:53","slug":"busreise-pula","status":"publish","type":"page","link":"https:\/\/www.buscroatia.com\/de\/busreise-pula\/","title":{"rendered":"Busreise Pula"},"content":{"rendered":"<p style=\"text-align: justify;\">Ganz im S\u00fcden Istriens befindet sich die gr\u00f6\u00dfte, und wahrscheinlich bekannteste Stadt der Halbinsel \u2013 <b>Pula<\/b>. Die mehr als <b>dreitausend Jahre lange Geschichte<\/b> fasziniert auch heute alle Besucher, vor allem das r\u00f6mische Amphitheater, das zu den \u00e4ltesten und besterhaltenen in der Welt geh\u00f6rt. Pula fasziniert nicht nur <b>mit antiken Sehensw\u00fcrdigkeiten<\/b>, sondern auch mit <b>wundersch\u00f6nen Str\u00e4nden und kristallklarem Meer<\/b>.<\/p>\n<p style=\"text-align: justify;\"><b>Busreisen von Deutschland und \u00d6sterreich nach Pula <\/b>sind sehr beliebt und das Angebot variiert je nach Jahreszeit. Eine beliebte Variante ist <b>die 10 Tage lange Reise mit sieben \u00dcbernachtungen im gew\u00e4hlten Hotel<\/b>. Nach der Zimmerbelegung im gew\u00e4hlten Hotel liegen wunderbare Urlaubstage vor Ihnen, w\u00e4hrend welcher Sie die atemberaubende Altstadt mit all ihren historischen Sehensw\u00fcrdigkeiten besuchen k\u00f6nnen. Tags\u00fcber kann man die Sonne an einem der vielen Str\u00e4nde genie\u00dfen und die Seele einfach nur baumeln lassen. In Pula gibt es viele Restaurants, Bar und Tavernen in denen man die Abende verbringen kann. <a title=\"Busreisekatalog Kroatien\" href=\"https:\/\/www.buscroatia.com\/de\/busreisekatalog-kroatien\/\">Weitere Informationen zu Busreisen nach Pula k\u00f6nnen Sie hier finden<\/a>:<\/p>\n<p style=\"text-align: justify;\">Eine weitere interessante Busreise nach Pula w\u00e4re eine <b>Busrundreise<\/b>. F\u00fcr alle, die w\u00e4hrend ihres Urlaubs <b>so viel wie m\u00f6glich sehen, und m\u00f6glichst viele verschiedene St\u00e4dte besuchen m\u00f6chten,<\/b> <a title=\"Busreise Kroatien\" href=\"https:\/\/www.buscroatia.com\/de\/busreise-kroatien\/\">sind Rundreisen die ideale Option<\/a>. Es gibt mehr und mehr <b>Rundreisen durch Istrien und durch ganz Kroatien<\/b>. Es immer mehr Rundreisen, in welchen man Pula besucht, angeboten. <a title=\"Busreisekatalog Kroatien\" href=\"https:\/\/www.buscroatia.com\/de\/busreisekatalog-kroatien\/\">Aktuelle Angebote f\u00fcr Busrundreisen nach Kroatien k\u00f6nnen Sie hier finden<\/a>:<\/p>\n<p style=\"text-align: center;\"><a href=\"https:\/\/www.buscroatia.com\/de\/wp-content\/uploads\/2013\/12\/Busreise-Pula.jpg\" rel=\"lightbox[2215]\"><img decoding=\"async\" class=\".aligncenter\" title=\"Busreise Pula\" alt=\"Busreise Pula\" src=\"https:\/\/www.buscroatia.com\/de\/wp-content\/uploads\/2013\/12\/Busreise-Pula.jpg\" width=\"100%\" \/><\/a><\/p>\n<p style=\"text-align: justify;\">Man kann Pula nat\u00fcrlich auch mit einem <b>traditionellen Linienbus<\/b> erreichen. Das ganze Jahr \u00fcber gibt es Linienbusse, die via Rijeka, <b>aus verschiedenen deutschen und \u00f6sterreichischen St\u00e4dten nach Pula fahren<\/b>. W\u00e4hrend der Sommersaison vergr\u00f6\u00dfert sich das Angebot von w\u00f6chentlichen Busverbindungen zus\u00e4tzlich. Die Anreise mit einem Linienbus ist die richtige Wahl f\u00fcr alle, die ihren Urlaubsalltag und ihre Unterkunft in einem Hotel oder in einer Ferienwohnung selber gestalten m\u00f6chten.<\/p>\n","protected":false},"excerpt":{"rendered":"<p>Ganz im S\u00fcden Istriens befindet sich die gr\u00f6\u00dfte, und wahrscheinlich bekannteste Stadt der Halbinsel \u2013 Pula. Die mehr als dreitausend Jahre lange Geschichte fasziniert auch heute alle Besucher, vor allem das r\u00f6mische Amphitheater, das zu den \u00e4ltesten und besterhaltenen in der Welt geh\u00f6rt. Pula fasziniert nicht nur mit antiken Sehensw\u00fcrdigkeiten, sondern auch mit wundersch\u00f6nen Str\u00e4nden [&hellip;]<\/p>\n","protected":false},"author":2,"featured_media":2242,"parent":0,"menu_order":0,"comment_status":"open","ping_status":"open","template":"","meta":[],"aioseo_notices":[],"_links":{"self":[{"href":"https:\/\/www.buscroatia.com\/de\/wp-json\/wp\/v2\/pages\/2215"}],"collection":[{"href":"https:\/\/www.buscroatia.com\/de\/wp-json\/wp\/v2\/pages"}],"about":[{"href":"https:\/\/www.buscroatia.com\/de\/wp-json\/wp\/v2\/types\/page"}],"author":[{"embeddable":true,"href":"https:\/\/www.buscroatia.com\/de\/wp-json\/wp\/v2\/users\/2"}],"replies":[{"embeddable":true,"href":"https:\/\/www.buscroatia.com\/de\/wp-json\/wp\/v2\/comments?post=2215"}],"version-history":[{"count":4,"href":"https:\/\/www.buscroatia.com\/de\/wp-json\/wp\/v2\/pages\/2215\/revisions"}],"predecessor-version":[{"id":2243,"href":"https:\/\/www.buscroatia.com\/de\/wp-json\/wp\/v2\/pages\/2215\/revisions\/2243"}],"wp:featuredmedia":[{"embeddable":true,"href":"https:\/\/www.buscroatia.com\/de\/wp-json\/wp\/v2\/media\/2242"}],"wp:attachment":[{"href":"https:\/\/www.buscroatia.com\/de\/wp-json\/wp\/v2\/media?parent=2215"}],"curies":[{"name":"wp","href":"https:\/\/api.w.org\/{rel}","templated":true}]}}