{"id":2144,"date":"2013-12-09T18:35:18","date_gmt":"2013-12-09T18:35:18","guid":{"rendered":"http:\/\/www.buscroatia.com\/de\/?page_id=2144"},"modified":"2013-12-26T08:20:25","modified_gmt":"2013-12-26T08:20:25","slug":"busreise-zagreb","status":"publish","type":"page","link":"https:\/\/www.buscroatia.com\/de\/busreise-zagreb\/","title":{"rendered":"Busreise Zagreb"},"content":{"rendered":"<p style=\"text-align: justify;\"><b>Zagreb<\/b> ist nicht nur die gr\u00f6\u00dfte Stadt Kroatiens, sondern auch die stolze <b>Hauptstadt des Landes<\/b>. Obwohl Zagreb nicht am Meer liegt, wie die meisten touristischen Destinationen in Kroatien, bedeutet das nicht, dass die Stadt keinen Besuch wert ist. \u00dcber Zagreb sagt man nicht umsonst, dass es die modernste Stadt Kroatiens ist, in welcher man <b>viele Museen<\/b>, oft mit internationalen Ausstellungen finden, au\u00dferdem gibt es in Zagreb viele <b>wundersch\u00f6ne Parks und der Jarun See<\/b> ist ebefalls einen Besuch wert, wie im Sommer, so auch im Winter.<\/p>\n<p style=\"text-align: justify;\"><b>Busreisen aus Deutschland und \u00d6sterreich nach Zagreb<\/b> werden immer beliebter. Eine der beliebtesten Optionen f\u00fcr einen Zagreb Besuch sind <b>Rundreisen durch Kroatien<\/b>. Busrundreisen sind die ideale Option f\u00fcr alle, die im Urlaub so viel wie m\u00f6glich sehen, und m\u00f6glichst viele verschiedene St\u00e4dte besuchen m\u00f6chten. Eine M\u00f6glichkeit Zagreb innerhalb einer Busrundreise zu besuchen bietet die gro\u00dfe Rundreise durch Kroatien. Die acht Tage lange Reise bietet sieben \u00dcbernachtungen in verschiedenen kroatischen St\u00e4dten; w\u00e4hrend der Reise \u00fcbernachtet man unter anderem in <b>Porec<\/b>, <b>Dubrovnik<\/b> und in <b>Zagreb<\/b>. Das abwechslungsreiche und interessante Programm bietet etwas f\u00fcr jeden Geschmack. Au\u00dfer den schon erw\u00e4hnten St\u00e4dten werden auch <b>Trogir<\/b>, <b>Primosten<\/b>, <b>Split<\/b> und <b>Rovinj<\/b> besucht, auf dem Programm steht auch ein Aufenthalt an der atemberaubenden <b>Makarska Riviera<\/b>. Alle St\u00e4dte bieten ein ihren Besuchern viele Sehensw\u00fcrdigkeit und eine lange Geschichte. Ein Highlight der Reise ist sicherlich <b>der s\u00fcdlichste Fjord Europas, der Limski Fjord<\/b>, den sie w\u00e4hrend einer Schifffahrt besser bestaunen k\u00f6nnen. <b><a title=\"Busreisekatalog Kroatien\" href=\"https:\/\/www.buscroatia.com\/de\/busreisekatalog-kroatien\/\">Weitere Informationen zu Busrundreisen durch ganz Kroatien und zu Rundreisen w\u00e4hrend welcher man Zagreb besucht, k\u00f6nnen Sie hier finden<\/a>: <\/b><\/p>\n<p style=\"text-align: justify;\">Nat\u00fcrlich kann man auch mit einem <b>traditionellen Linienbus nach Zagreb<\/b> fahren. Zagreb kann das ganze Jahr \u00fcber mit Linienbussen aus <b>verschiedenen deutschen und \u00f6sterreichischen St\u00e4dten<\/b> erreicht werden. W\u00e4hrend der Sommersaison wird das Angebot von Linienbussen und w\u00f6chentlichen Busverbindungen zus\u00e4tzlich vergr\u00f6\u00dfert. Eine Reise mit dem Linienbus ist die ideale Option f\u00fcr alle, die gerne selber ihren Urlaubsalltag und ihre Unterkunft in einem Hotel oder in einer Ferienwohnung gestalten m\u00f6chten.<\/p>\n<p style=\"text-align: right;\">Beitrag von <a href=\"https:\/\/plus.google.com\/109378476266658110512?\" rel=\"author\">Ines Sucic<\/a><\/p>\n","protected":false},"excerpt":{"rendered":"<p>Zagreb ist nicht nur die gr\u00f6\u00dfte Stadt Kroatiens, sondern auch die stolze Hauptstadt des Landes. Obwohl Zagreb nicht am Meer liegt, wie die meisten touristischen Destinationen in Kroatien, bedeutet das nicht, dass die Stadt keinen Besuch wert ist. \u00dcber Zagreb sagt man nicht umsonst, dass es die modernste Stadt Kroatiens ist, in welcher man viele [&hellip;]<\/p>\n","protected":false},"author":2,"featured_media":986,"parent":0,"menu_order":0,"comment_status":"open","ping_status":"open","template":"","meta":[],"aioseo_notices":[],"_links":{"self":[{"href":"https:\/\/www.buscroatia.com\/de\/wp-json\/wp\/v2\/pages\/2144"}],"collection":[{"href":"https:\/\/www.buscroatia.com\/de\/wp-json\/wp\/v2\/pages"}],"about":[{"href":"https:\/\/www.buscroatia.com\/de\/wp-json\/wp\/v2\/types\/page"}],"author":[{"embeddable":true,"href":"https:\/\/www.buscroatia.com\/de\/wp-json\/wp\/v2\/users\/2"}],"replies":[{"embeddable":true,"href":"https:\/\/www.buscroatia.com\/de\/wp-json\/wp\/v2\/comments?post=2144"}],"version-history":[{"count":4,"href":"https:\/\/www.buscroatia.com\/de\/wp-json\/wp\/v2\/pages\/2144\/revisions"}],"predecessor-version":[{"id":2232,"href":"https:\/\/www.buscroatia.com\/de\/wp-json\/wp\/v2\/pages\/2144\/revisions\/2232"}],"wp:featuredmedia":[{"embeddable":true,"href":"https:\/\/www.buscroatia.com\/de\/wp-json\/wp\/v2\/media\/986"}],"wp:attachment":[{"href":"https:\/\/www.buscroatia.com\/de\/wp-json\/wp\/v2\/media?parent=2144"}],"curies":[{"name":"wp","href":"https:\/\/api.w.org\/{rel}","templated":true}]}}