{"id":2142,"date":"2013-12-09T18:33:43","date_gmt":"2013-12-09T18:33:43","guid":{"rendered":"http:\/\/www.buscroatia.com\/de\/?page_id=2142"},"modified":"2013-12-11T14:19:50","modified_gmt":"2013-12-11T14:19:50","slug":"busreise-zadar","status":"publish","type":"page","link":"https:\/\/www.buscroatia.com\/de\/busreise-zadar\/","title":{"rendered":"Busreise Zadar"},"content":{"rendered":"<p style=\"text-align: justify;\"><b>Dalmatien<\/b> ist ein schmaler, ungef\u00e4hr 450 Km langer Streifen entlang der Adria, und mit ihren wundersch\u00f6nen K\u00fcstenst\u00e4dten wahrscheinlich die sch\u00f6nste Region Kroatiens. Im <b>Norden Dalmatiens liegt Zadar<\/b>. Die Hafenstadt, welche aus einer Halbinsel und dem, mit einer Br\u00fccke verbundenen, Festland besteht, zieht jedes Jahr mehr und mehr Touristen an. Die Kombination aus historischen Denkm\u00e4lern und moderner Architektur, wie den einzigartigen Meerorgeln, l\u00e4sst definitiv keinen Besucher kalt.<\/p>\n<p style=\"text-align: justify;\"><b>Busreisen aus Deutschland und \u00d6sterreich nach Zadar werden immer beliebter<\/b>. Eine der beliebtesten Optionen f\u00fcr einen Zadar Besuch <b>sind Rundreisen durch Dalmatien oder durch ganz Kroatien.<\/b> Busrundreisen sind die ideale Option f\u00fcr alle, die im Urlaub so viel wie m\u00f6glich sehen, und m\u00f6glichst viele verschiedene St\u00e4dte besuchen m\u00f6chten. <a title=\"Busreisen nacht ganz Kroatien\" href=\"https:\/\/www.buscroatia.com\/de\/busreise-kroatien\/\">Eine M\u00f6glichkeit Zadar innerhalb einer Busrundreise zu besuchen bietet die \u201eNaturerbe Kroatien\u201c Rundreise<\/a>. Die elf Tage lange Reise bietet eine \u00dcbernachtung in <b>Maribor<\/b> (Slowenien) auf der Hinreise, eine \u00dcbernachtung in Kroatiens Hauptstadt <b>Zagreb<\/b>, drei \u00dcbernachtungen in einem Vier-Sterne-Hotel im Raum <b>Zadar<\/b>, eine \u00dcbernachtung in <b>Split<\/b>, zwei weitere \u00dcbernachtungen in <b>Drvenik<\/b> und zwei \u00dcbernachtungen entweder in <b>Lovran oder in Opatija<\/b>. Au\u00dfer den oben erw\u00e4hnten St\u00e4dten, bietet das Programm auch einen Besuch in <b>Sibenik, Primosten, Makarska und in Dubrovnik<\/b>. Au\u00dferdem werden die <b>Nationalparks Plitvicer Seen und die Krka Wasserf\u00e4lle <\/b>besucht. Ein besonderes Highlight der Rundreise ist die <b>Schifffahrt im Nationalpark Kornaten<\/b>. Diese Rundreise bietet viele unvergessliche Augenblicke und wundersch\u00f6ne Bilder, die Sie nicht so schnell vergessen werden. <b>W<a title=\"Busreisen nach Kroatien\" href=\"https:\/\/www.buscroatia.com\/de\/busreise-kroatien\/\">eitere Informationen zu Rundreisen durch Dalmatien und durch Kroatien k\u00f6nnen Sie hier finden<\/a>: <\/b><\/p>\n<p style=\"text-align: center;\"><a href=\"https:\/\/www.buscroatia.com\/de\/wp-content\/uploads\/2013\/12\/Busreise-Zadar.jpg\" rel=\"lightbox[2142]\"><img decoding=\"async\" class=\".aligncenter\" title=\"Busreise Zadar\" alt=\"Busreise Zadar\" src=\"https:\/\/www.buscroatia.com\/de\/wp-content\/uploads\/2013\/12\/Busreise-Zadar.jpg\" width=\"100%\" \/><\/a><\/p>\n<p style=\"text-align: justify;\">Es gibt nat\u00fcrlich auch <b>traditionelle Linienbusse, die nach Zadar fahren<\/b>. Zadar kann ganzj\u00e4hrlich mit Linienbussen <b>aus verschiedenen deutschen und \u00f6sterreichischen St\u00e4dten<\/b> erreicht werden, <b>die schnellste Route f\u00fchrt \u00fcber die Autobahn A1<\/b> (Zagreb \u2013 Split). W\u00e4hrend der Sommersaison wird das Angebot von Linienbussen und w\u00f6chentlichen Busverbindungen zus\u00e4tzlich vergr\u00f6\u00dfert. Eine Reise mit dem Linienbus ist die ideale Option f\u00fcr alle, die gerne selber ihren Urlaubsalltag und ihre Unterkunft in einem Hotel oder in einer Ferienwohnung gestalten m\u00f6chten.<\/p>\n<p style=\"text-align: right;\">Beitrag von <a href=\"https:\/\/plus.google.com\/109378476266658110512?\" rel=\"author\">Ines Sucic<\/a><\/p>\n","protected":false},"excerpt":{"rendered":"<p>Dalmatien ist ein schmaler, ungef\u00e4hr 450 Km langer Streifen entlang der Adria, und mit ihren wundersch\u00f6nen K\u00fcstenst\u00e4dten wahrscheinlich die sch\u00f6nste Region Kroatiens. Im Norden Dalmatiens liegt Zadar. Die Hafenstadt, welche aus einer Halbinsel und dem, mit einer Br\u00fccke verbundenen, Festland besteht, zieht jedes Jahr mehr und mehr Touristen an. Die Kombination aus historischen Denkm\u00e4lern und [&hellip;]<\/p>\n","protected":false},"author":2,"featured_media":2199,"parent":0,"menu_order":0,"comment_status":"open","ping_status":"open","template":"","meta":[],"aioseo_notices":[],"_links":{"self":[{"href":"https:\/\/www.buscroatia.com\/de\/wp-json\/wp\/v2\/pages\/2142"}],"collection":[{"href":"https:\/\/www.buscroatia.com\/de\/wp-json\/wp\/v2\/pages"}],"about":[{"href":"https:\/\/www.buscroatia.com\/de\/wp-json\/wp\/v2\/types\/page"}],"author":[{"embeddable":true,"href":"https:\/\/www.buscroatia.com\/de\/wp-json\/wp\/v2\/users\/2"}],"replies":[{"embeddable":true,"href":"https:\/\/www.buscroatia.com\/de\/wp-json\/wp\/v2\/comments?post=2142"}],"version-history":[{"count":5,"href":"https:\/\/www.buscroatia.com\/de\/wp-json\/wp\/v2\/pages\/2142\/revisions"}],"predecessor-version":[{"id":2227,"href":"https:\/\/www.buscroatia.com\/de\/wp-json\/wp\/v2\/pages\/2142\/revisions\/2227"}],"wp:featuredmedia":[{"embeddable":true,"href":"https:\/\/www.buscroatia.com\/de\/wp-json\/wp\/v2\/media\/2199"}],"wp:attachment":[{"href":"https:\/\/www.buscroatia.com\/de\/wp-json\/wp\/v2\/media?parent=2142"}],"curies":[{"name":"wp","href":"https:\/\/api.w.org\/{rel}","templated":true}]}}