{"id":2140,"date":"2013-12-09T18:32:13","date_gmt":"2013-12-09T18:32:13","guid":{"rendered":"http:\/\/www.buscroatia.com\/de\/?page_id=2140"},"modified":"2013-12-11T14:18:58","modified_gmt":"2013-12-11T14:18:58","slug":"busreise-tucepi","status":"publish","type":"page","link":"https:\/\/www.buscroatia.com\/de\/busreise-tucepi\/","title":{"rendered":"Busreise Tucepi"},"content":{"rendered":"<p style=\"text-align: justify;\"><b>Die wahrscheinlich sch\u00f6nste Region Kroatiens ist Dalmatien<\/b>, der etwa 450 Km lange Streifen entlang der Adria bezaubert jeden Besucher. Im S\u00fcden Dalmatien, wo das Gebirge Biokovo auf die kristallklare Adria trifft befindet sich die Makarska Riviera. Ein Teil dieser Riviera ist auch <b>der wundersch\u00f6ne Badeort Tucepi<\/b>, der sich dank seiner bezaubernden Str\u00e4nde und dem glasklaren Meer zu einem wahren Touristenmagnet entwickelt hat.<\/p>\n<p style=\"text-align: justify;\"><b><a title=\"Urlaub in Kroatien mit Bus\" href=\"https:\/\/www.buscroatia.com\/de\/busreise-kroatien\/\">Busreisen von Deutschland und von \u00d6sterreich<\/a> aus an die Makarksa Riviera, und vor allem nach Tucepi<\/b> sind sehr beliebt, und das Angebot variiert je nach Jahreszeit. Eine beliebte Tour ist die 10 Tage lange Reise mit 7 \u00dcbernachtungen in Tucepi. Das Reiseangebot bietet noch eine \u00dcbernachtung in Crikvenica auf der Hinreise und eine \u00dcbernachtung in Bled (Slowenien) auf der R\u00fcckreise. Das Reiseprogramm ist sehr abwechslungsreich und bietet unter anderem eine Besichtigung in Makarska, eine Bootsfahrt durch die Cetina \u2013 Schlucht und einen Dubrovnik Besuch. <b><a title=\"Busreisekatalog Kroatien\" href=\"https:\/\/www.buscroatia.com\/de\/busreisekatalog-kroatien\/\">Weitere Informationen und Angebote f\u00fcr Busreisen nach Tucepi k\u00f6nnen Sie hier finden<\/a>: <\/b><\/p>\n<p style=\"text-align: justify;\">Eine weitere <b>interessante Busreise nach Tucepi w\u00e4re eine Busrundreise<\/b>. F\u00fcr alle, die ihren Urlaub so gestalten m\u00f6chten, dass sie <b>m\u00f6glichst viel sehen und m\u00f6glichst viele verschiedene St\u00e4dte besuchen<\/b>, sind Rundreisen die ideale Wahl. Es gibt mehr und mehr Rundreisen durch Dalmatien und durch ganz Kroatien. Im Angebot finden sich immer mehr Rundreisen, in welchen Tucepi besucht werden. <b><a title=\"Busreisekatalog Kroatien\" href=\"https:\/\/www.buscroatia.com\/de\/busreisekatalog-kroatien\/\">Aktuelle Angebote f\u00fcr Busrundreisen nach Kroatien k\u00f6nnen Sie hier finden<\/a>: <\/b><\/p>\n<p style=\"text-align: center;\"><a href=\"https:\/\/www.buscroatia.com\/de\/wp-content\/uploads\/2013\/12\/Busreisen-Tucepi.jpg\" rel=\"lightbox[2140]\"><img decoding=\"async\" class=\".aligncenter\" title=\"Busreisen Tucepi\" alt=\"Busreisen Tucepi\" src=\"https:\/\/www.buscroatia.com\/de\/wp-content\/uploads\/2013\/12\/Busreisen-Tucepi.jpg\" width=\"100%\" \/><\/a><\/p>\n<p style=\"text-align: justify;\">Man kann <b>Tucepi nat\u00fcrlich auch mit einem traditionellen Linienbus erreichen<\/b>. Das ganze Jahr \u00fcber gibt es verschiedene Linienbusse, die via Autobahn A1 oder \u00fcber die Adria \u2013 Magistrale <b>aus verschiedenen deutschen und \u00f6sterreichischen St\u00e4dten<\/b> nach Tucepi fahren. W\u00e4hrend der Sommersaison vergr\u00f6\u00dfert sich das Angebot von w\u00f6chentlichen Busverbindungen. Die Anreise mit einem Linienbus ist die ideale Option f\u00fcr alle, die gerne ihren Urlaubsalltag, aber auch ihre Unterkunft in einem Hotel oder in einer Ferienwohnung selber organisieren m\u00f6chten.<\/p>\n<p style=\"text-align: right;\">Beitrag von <a href=\"https:\/\/plus.google.com\/109378476266658110512?\" rel=\"author\">Ines Sucic<\/a><\/p>\n","protected":false},"excerpt":{"rendered":"<p>Die wahrscheinlich sch\u00f6nste Region Kroatiens ist Dalmatien, der etwa 450 Km lange Streifen entlang der Adria bezaubert jeden Besucher. Im S\u00fcden Dalmatien, wo das Gebirge Biokovo auf die kristallklare Adria trifft befindet sich die Makarska Riviera. Ein Teil dieser Riviera ist auch der wundersch\u00f6ne Badeort Tucepi, der sich dank seiner bezaubernden Str\u00e4nde und dem glasklaren [&hellip;]<\/p>\n","protected":false},"author":2,"featured_media":2191,"parent":0,"menu_order":0,"comment_status":"open","ping_status":"open","template":"","meta":[],"aioseo_notices":[],"_links":{"self":[{"href":"https:\/\/www.buscroatia.com\/de\/wp-json\/wp\/v2\/pages\/2140"}],"collection":[{"href":"https:\/\/www.buscroatia.com\/de\/wp-json\/wp\/v2\/pages"}],"about":[{"href":"https:\/\/www.buscroatia.com\/de\/wp-json\/wp\/v2\/types\/page"}],"author":[{"embeddable":true,"href":"https:\/\/www.buscroatia.com\/de\/wp-json\/wp\/v2\/users\/2"}],"replies":[{"embeddable":true,"href":"https:\/\/www.buscroatia.com\/de\/wp-json\/wp\/v2\/comments?post=2140"}],"version-history":[{"count":7,"href":"https:\/\/www.buscroatia.com\/de\/wp-json\/wp\/v2\/pages\/2140\/revisions"}],"predecessor-version":[{"id":2225,"href":"https:\/\/www.buscroatia.com\/de\/wp-json\/wp\/v2\/pages\/2140\/revisions\/2225"}],"wp:featuredmedia":[{"embeddable":true,"href":"https:\/\/www.buscroatia.com\/de\/wp-json\/wp\/v2\/media\/2191"}],"wp:attachment":[{"href":"https:\/\/www.buscroatia.com\/de\/wp-json\/wp\/v2\/media?parent=2140"}],"curies":[{"name":"wp","href":"https:\/\/api.w.org\/{rel}","templated":true}]}}