{"id":2138,"date":"2013-12-09T18:29:53","date_gmt":"2013-12-09T18:29:53","guid":{"rendered":"http:\/\/www.buscroatia.com\/de\/?page_id=2138"},"modified":"2013-12-11T14:19:22","modified_gmt":"2013-12-11T14:19:22","slug":"busreise-trogir","status":"publish","type":"page","link":"https:\/\/www.buscroatia.com\/de\/busreise-trogir\/","title":{"rendered":"Busreise Trogir"},"content":{"rendered":"<p style=\"text-align: justify;\"><b>Dalmatien ist ein schmaler, ungef\u00e4hr 450 Km langer Streifen entlang der Adria<\/b>, und mit ihren wundersch\u00f6nen K\u00fcstenst\u00e4dten wahrscheinlich die sch\u00f6nste Region Kroatiens. Im S\u00fcden Dalmatiens liegt Trogir. <b>Trogir<\/b> ist neben Dubrovnik die einzige Stadt in Dalmatien, die ihr mittelalterliches Stadtbild bewahrt hat, weswegen sie <b>auf der UNESCO Liste als erhaltenswertes Weltkulturerbe steht<\/b>.<\/p>\n<p style=\"text-align: justify;\"><b>Busreisen aus Deutschland und \u00d6sterreich nach Trogir<\/b> werden immer beliebter. Eine der beliebtesten Optionen <b>f\u00fcr einen Trogir Besuch sind Rundreisen durch Dalmatien oder durch ganz Kroatien<\/b>. <a title=\"1600 Rundreisen und busurlaubsreisen nach Kroatien\" href=\"https:\/\/www.buscroatia.com\/de\/busreise-kroatien\/\">Busrundreisen sind die ideale Option f\u00fcr alle<\/a>, die im Urlaub <b>so viel wie m\u00f6glich sehen, und m\u00f6glichst viele verschiedene St\u00e4dte besuchen<\/b> m\u00f6chten. Eine M\u00f6glichkeit Trogir innerhalb einer Busrundreise zu besuchen bietet die gro\u00dfe Kroatien Rundreise. Diese acht Tage lange Rundreise bietet Ihnen sieben \u00dcbernachtungen in verschiedenen kroatischen St\u00e4dten. Das Programm ist sehr interessant und abwechslungsreich, so dass sich f\u00fcr jeden Geschmack etwas finden l\u00e4sst. Unter anderem werden die St\u00e4dte Porec, Opatija, Primosten, Trogir, Makarska, Split, Dubrovnik und Zagreb besichtigt. <b><a title=\"Busreisekatalog Kroatien\" href=\"https:\/\/www.buscroatia.com\/de\/busreisekatalog-kroatien\/\">Weitere Informationen zu Rundreisen durch Dalmatien und durch Kroatien k\u00f6nnen Sie hier finden<\/a>: <\/b><\/p>\n<p style=\"text-align: center;\"><a href=\"https:\/\/www.buscroatia.com\/de\/wp-content\/uploads\/2013\/12\/Busreise-Trogir.jpg\" rel=\"lightbox[2138]\"><img decoding=\"async\" class=\".aligncenter\" title=\"Busreise Trogir\" alt=\"Busreise Trogir\" src=\"https:\/\/www.buscroatia.com\/de\/wp-content\/uploads\/2013\/12\/Busreise-Trogir.jpg\" width=\"100%\" \/><\/a><\/p>\n<p style=\"text-align: justify;\">Nat\u00fcrlich kann man auch <b>mit einem traditionellen Linienbus nach Trogir fahren<\/b>. Trogir kann das ganze Jahr \u00fcber mit Linienbussen <b>aus verschiedenen deutschen und \u00f6sterreichischen St\u00e4dten<\/b> erreicht werden. W\u00e4hrend der Sommersaison wird das Angebot von Linienbussen und w\u00f6chentlichen Busverbindungen zus\u00e4tzlich vergr\u00f6\u00dfert. Eine Reise mit dem Linienbus ist die ideale Option f\u00fcr alle, die gerne selber ihren Urlaubsalltag und ihre Unterkunft in einem Hotel oder in einer Ferienwohnung gestalten m\u00f6chten.<\/p>\n<p style=\"text-align: right;\">Beitrag von <a href=\"https:\/\/plus.google.com\/109378476266658110512?\" rel=\"author\">Ines Sucic<\/a><\/p>\n","protected":false},"excerpt":{"rendered":"<p>Dalmatien ist ein schmaler, ungef\u00e4hr 450 Km langer Streifen entlang der Adria, und mit ihren wundersch\u00f6nen K\u00fcstenst\u00e4dten wahrscheinlich die sch\u00f6nste Region Kroatiens. Im S\u00fcden Dalmatiens liegt Trogir. Trogir ist neben Dubrovnik die einzige Stadt in Dalmatien, die ihr mittelalterliches Stadtbild bewahrt hat, weswegen sie auf der UNESCO Liste als erhaltenswertes Weltkulturerbe steht. Busreisen aus Deutschland [&hellip;]<\/p>\n","protected":false},"author":2,"featured_media":2189,"parent":0,"menu_order":0,"comment_status":"open","ping_status":"open","template":"","meta":[],"aioseo_notices":[],"_links":{"self":[{"href":"https:\/\/www.buscroatia.com\/de\/wp-json\/wp\/v2\/pages\/2138"}],"collection":[{"href":"https:\/\/www.buscroatia.com\/de\/wp-json\/wp\/v2\/pages"}],"about":[{"href":"https:\/\/www.buscroatia.com\/de\/wp-json\/wp\/v2\/types\/page"}],"author":[{"embeddable":true,"href":"https:\/\/www.buscroatia.com\/de\/wp-json\/wp\/v2\/users\/2"}],"replies":[{"embeddable":true,"href":"https:\/\/www.buscroatia.com\/de\/wp-json\/wp\/v2\/comments?post=2138"}],"version-history":[{"count":5,"href":"https:\/\/www.buscroatia.com\/de\/wp-json\/wp\/v2\/pages\/2138\/revisions"}],"predecessor-version":[{"id":2226,"href":"https:\/\/www.buscroatia.com\/de\/wp-json\/wp\/v2\/pages\/2138\/revisions\/2226"}],"wp:featuredmedia":[{"embeddable":true,"href":"https:\/\/www.buscroatia.com\/de\/wp-json\/wp\/v2\/media\/2189"}],"wp:attachment":[{"href":"https:\/\/www.buscroatia.com\/de\/wp-json\/wp\/v2\/media?parent=2138"}],"curies":[{"name":"wp","href":"https:\/\/api.w.org\/{rel}","templated":true}]}}