{"id":2136,"date":"2013-12-09T18:27:32","date_gmt":"2013-12-09T18:27:32","guid":{"rendered":"http:\/\/www.buscroatia.com\/de\/?page_id=2136"},"modified":"2013-12-11T14:20:18","modified_gmt":"2013-12-11T14:20:18","slug":"busreise-split","status":"publish","type":"page","link":"https:\/\/www.buscroatia.com\/de\/busreise-split\/","title":{"rendered":"Busreise Split"},"content":{"rendered":"<p style=\"text-align: justify;\"><b>Dalmatien<\/b> ist ein schmaler, ungef\u00e4hr 450 Km langer Streifen entlang der Adria, und mit ihren <b>wundersch\u00f6nen K\u00fcstenst\u00e4dten<\/b> wahrscheinlich die sch\u00f6nste Region Kroatiens. Im S\u00fcden Dalmatiens liegt <b>Split<\/b>. Split ist die Stadt im Palast, noch in der Antike lie\u00df Kaiser Diokletian seinen Palast direkt am Meer errichten, aus diesem Palast nickte im Mittelalter die Stadt. <b>Der Diokletianpalast ist der einzige antike Palast, der immer noch bewohnt wird<\/b>. Er bildet die Stadtmauern von Split und beeindruckt jeden Besucher. Doch in Split gibt es noch viel mehr zu sehen, die Stadt hat eine lange Geschichte und viele Denkm\u00e4ler, die alle gut erhalten sind. Au\u00dferdem gibt es in Split viele, mit der blauen Flagge ausgezeichneten, Str\u00e4nde auf denen man sich erholen kann.<\/p>\n<p style=\"text-align: justify;\"><b>Busreisen aus Deutschland und \u00d6sterreich nach Split <\/b>werden immer beliebter. Eine der beliebtesten Optionen f\u00fcr einen Split Besuch <b>sind Rundreisen durch Dalmatien oder durch ganz Kroatien<\/b>. Eine Busrundreise ist die ideale Option f\u00fcr alle, die im Urlaub so viel wie m\u00f6glich sehen, und m\u00f6glichst viele verschiedene St\u00e4dte besuchen m\u00f6chten. <a title=\"Rundreise nach St\u00e4dte in Kroatien\" href=\"https:\/\/www.buscroatia.com\/de\/busreise-kroatien\/\">Eine M\u00f6glichkeit Split innerhalb einer Rundreise zu besuchen bietet die <b>\u201eDiamant der Adria<\/b>\u201c Rundreise<\/a>. Die neun Tage lange Reise bietet eine \u00dcbernachtung an den <b>Plitvicer Seen<\/b>, drei weitere \u00dcbernachtungen in <b>Brela<\/b>, an der <b>Makarska Riviera<\/b>, eine \u00dcbernachtung in <b>Biograd<\/b> und eine weitere \u00dcbernachtung in <b>Opatija<\/b>. Das interessante und abwechslungsreiche Programm bietet etwas f\u00fcr jeden Geschmack, einen Besuch im <b>Nationalpark<\/b> f\u00fcr alle Naturliebhaber, <b>wundersch\u00f6ne Str\u00e4nde<\/b>, f\u00fcr alle, die Erholung an der Sonne und in der Adria suchen und Stadtf\u00fchrungen durch historische St\u00e4dte mit Denkm\u00e4lern, die noch aus der Antike stammen. <b><a title=\"Busreisekatalog Kroatien\" href=\"https:\/\/www.buscroatia.com\/de\/busreisekatalog-kroatien\/\">Weitere Informationen zu Rundreisen durch Dalmatien und durch ganz Kroatien k\u00f6nnen Sie hier finden<\/a>:<\/b><\/p>\n<p style=\"text-align: center;\"><a href=\"https:\/\/www.buscroatia.com\/de\/wp-content\/uploads\/2013\/12\/Busreise-Split.jpg\" rel=\"lightbox[2136]\"><img decoding=\"async\" class=\".aligncenter\" title=\"Busreise Split\" alt=\"Busreise Split\" src=\"https:\/\/www.buscroatia.com\/de\/wp-content\/uploads\/2013\/12\/Busreise-Split.jpg\" width=\"100%\" \/><\/a><\/p>\n<p style=\"text-align: justify;\"><b>Traditionelle Linienbusse, die nach Split fahren<\/b>, kann man nat\u00fcrlich auch finden. Split kann man das ganze Jahr \u00fcber mit Linienbussen <b>aus<\/b> <b>verschiedenen deutschen und \u00f6sterreichischen St\u00e4dten<\/b> erreichen, die schnellste Route f\u00fchr \u00fcber <b>die Autobahn A1<\/b> (Zagreb-Split). W\u00e4hrend der Sommersaison vergr\u00f6\u00dfert sich das Angebot von w\u00f6chentlichen Busverbindungen zus\u00e4tzlich. Eine Reise mit dem Linienbus ist die ideale Option f\u00fcr alle, die gerne selber ihren Urlaubsalltag und ihre Unterkunft in einem Hotel oder in einer Ferienwohnung gestalten m\u00f6chten.<\/p>\n<p style=\"text-align: right;\">Beitrag von <a href=\"https:\/\/plus.google.com\/109378476266658110512?\" rel=\"author\">Ines Sucic<\/a><\/p>\n","protected":false},"excerpt":{"rendered":"<p>Dalmatien ist ein schmaler, ungef\u00e4hr 450 Km langer Streifen entlang der Adria, und mit ihren wundersch\u00f6nen K\u00fcstenst\u00e4dten wahrscheinlich die sch\u00f6nste Region Kroatiens. Im S\u00fcden Dalmatiens liegt Split. Split ist die Stadt im Palast, noch in der Antike lie\u00df Kaiser Diokletian seinen Palast direkt am Meer errichten, aus diesem Palast nickte im Mittelalter die Stadt. Der [&hellip;]<\/p>\n","protected":false},"author":2,"featured_media":2186,"parent":0,"menu_order":0,"comment_status":"open","ping_status":"open","template":"","meta":[],"aioseo_notices":[],"_links":{"self":[{"href":"https:\/\/www.buscroatia.com\/de\/wp-json\/wp\/v2\/pages\/2136"}],"collection":[{"href":"https:\/\/www.buscroatia.com\/de\/wp-json\/wp\/v2\/pages"}],"about":[{"href":"https:\/\/www.buscroatia.com\/de\/wp-json\/wp\/v2\/types\/page"}],"author":[{"embeddable":true,"href":"https:\/\/www.buscroatia.com\/de\/wp-json\/wp\/v2\/users\/2"}],"replies":[{"embeddable":true,"href":"https:\/\/www.buscroatia.com\/de\/wp-json\/wp\/v2\/comments?post=2136"}],"version-history":[{"count":5,"href":"https:\/\/www.buscroatia.com\/de\/wp-json\/wp\/v2\/pages\/2136\/revisions"}],"predecessor-version":[{"id":2228,"href":"https:\/\/www.buscroatia.com\/de\/wp-json\/wp\/v2\/pages\/2136\/revisions\/2228"}],"wp:featuredmedia":[{"embeddable":true,"href":"https:\/\/www.buscroatia.com\/de\/wp-json\/wp\/v2\/media\/2186"}],"wp:attachment":[{"href":"https:\/\/www.buscroatia.com\/de\/wp-json\/wp\/v2\/media?parent=2136"}],"curies":[{"name":"wp","href":"https:\/\/api.w.org\/{rel}","templated":true}]}}