{"id":2134,"date":"2013-12-09T18:25:26","date_gmt":"2013-12-09T18:25:26","guid":{"rendered":"http:\/\/www.buscroatia.com\/de\/?page_id=2134"},"modified":"2013-12-11T14:21:22","modified_gmt":"2013-12-11T14:21:22","slug":"busreise-sibenik","status":"publish","type":"page","link":"https:\/\/www.buscroatia.com\/de\/busreise-sibenik\/","title":{"rendered":"Busreise Sibenik"},"content":{"rendered":"<p style=\"text-align: justify;\"><b>Die wahrscheinlich sch\u00f6nste Region Kroatiens ist Dalmatien<\/b>, der etwa 450 Km lange Streifen entlang der Adria bezaubert jeden Besucher. <b>Im S\u00fcden dieses atemberaubenden Landstreifens befindet sich<\/b> <b>Sibenik<\/b>. Die Stadt liegt unweit der M\u00fcndung des Flusses Krka in die Adria an einem nat\u00fcrlich gesch\u00fctzten Hafen, der durch einen 2,5\u00a0km langen, nat\u00fcrlichen kanalartigen Durchbruch ins Meer gelangt. Die malerische Altstadt Sibeniks mit der von der UNESCO gesch\u00fctzten Kathedrale bezaubert jeden Besucher.<\/p>\n<p style=\"text-align: justify;\"><a title=\"Busurlaubs und Busrundreise nach Kroatien\" href=\"https:\/\/www.buscroatia.com\/de\/busreise-kroatien\/\"><b>Busreisen aus Deutschland und \u00d6sterreich nach Sibenik<\/b><\/a> sind sehr beliebt, das Angebot variiert je nach Jahreszeit. Eine beliebte Option f\u00fcr einen Sibenik Besuch ist die 10 Tage lange Reise, die zwei \u00dcbernachtungen auf der Hin \u2013 und R\u00fcckreise in Salzburg und 7 \u00dcbernachtungen im Solaris \u2013 Beach \u2013 Resort in Sibenik bietet. Das Programm ist \u00e4u\u00dferst interessant und abwechslungsreich, unter anderem werden die St\u00e4dte Split, Trogir, Zadar und Nin besucht, auf dem Programm steht auch eine Besichtigung des Nationalparks Krka, der Sie mit seiner atemberaubenden Natur bezaubern wird. <b><a title=\"Busreisekatalog Kroatien\" href=\"https:\/\/www.buscroatia.com\/de\/busreisekatalog-kroatien\/\">Weitere Informationen und Angebote zu Busreisen nach Sibenk k\u00f6nnen Sie hier finden<\/a>: <\/b><\/p>\n<p style=\"text-align: justify;\">Eine andere <b>interessante Variante f\u00fcr einen Sibenik Besuch sind Busrundreisen<\/b>. F\u00fcr diejenigen, die w\u00e4hrend ihres Urlaubs <b>so viel wie m\u00f6glich sehen m\u00f6chten, und die m\u00f6glichst viele verschiedene St\u00e4dte besichtigen<\/b> wollen, ist eine Rundreise sie ideale Wahl. Es gibt mehr und mehr Rundreisen durch Dalmatien und durch ganz Kroatien. Im Angebot finden sich immer mehr Rundreisen w\u00e4hrend welcher Sibenik besucht wird. <a title=\"Busreisekatalog Kroatien\" href=\"https:\/\/www.buscroatia.com\/de\/busreisekatalog-kroatien\/\"><b>Aktuelle Angebote f\u00fcr Busrundreisen nach Kroatien k\u00f6nnen Sie hier finden: <\/b><\/a><\/p>\n<p style=\"text-align: center;\"><a href=\"https:\/\/www.buscroatia.com\/de\/wp-content\/uploads\/2013\/12\/Busreisen-Sibenik.jpg\" rel=\"lightbox[2134]\"><img decoding=\"async\" class=\".aligncenter\" title=\"Busreisen Sibenik\" alt=\"Busreisen Sibenik\" src=\"https:\/\/www.buscroatia.com\/de\/wp-content\/uploads\/2013\/12\/Busreisen-Sibenik.jpg\" width=\"100%\" \/><\/a><\/p>\n<p style=\"text-align: justify;\">Nat\u00fcrlich kann man <b>auch traditionelle Linienbusse, die nach Sibenik fahren<\/b> finden. Man kann Sibenik das ganze Jahr \u00fcber mit verschiedenen Linienbussen <b>aus mehreren deutschen und \u00f6sterreichischen St\u00e4dten<\/b> erreichen. W\u00e4hrend der Sommersaison vergr\u00f6\u00dfert sich das Angebot und die Anzahl von w\u00f6chentlichen Busverbindungen w\u00e4chst sichtlich. Eine Anreise mit dem Linienbus ist die ideale\u00a0 Option f\u00fcr alle, die ihren Urlaubsalltag, aber auch ihre Unterkunft in einem Hotel oder in einer Ferienwohnung selber gestalten m\u00f6chten.<\/p>\n<p style=\"text-align: right;\">Beitrag von <a href=\"https:\/\/plus.google.com\/109378476266658110512?\" rel=\"author\">Ines Sucic<\/a><\/p>\n","protected":false},"excerpt":{"rendered":"<p>Die wahrscheinlich sch\u00f6nste Region Kroatiens ist Dalmatien, der etwa 450 Km lange Streifen entlang der Adria bezaubert jeden Besucher. Im S\u00fcden dieses atemberaubenden Landstreifens befindet sich Sibenik. Die Stadt liegt unweit der M\u00fcndung des Flusses Krka in die Adria an einem nat\u00fcrlich gesch\u00fctzten Hafen, der durch einen 2,5\u00a0km langen, nat\u00fcrlichen kanalartigen Durchbruch ins Meer gelangt. [&hellip;]<\/p>\n","protected":false},"author":2,"featured_media":2181,"parent":0,"menu_order":0,"comment_status":"open","ping_status":"open","template":"","meta":[],"aioseo_notices":[],"_links":{"self":[{"href":"https:\/\/www.buscroatia.com\/de\/wp-json\/wp\/v2\/pages\/2134"}],"collection":[{"href":"https:\/\/www.buscroatia.com\/de\/wp-json\/wp\/v2\/pages"}],"about":[{"href":"https:\/\/www.buscroatia.com\/de\/wp-json\/wp\/v2\/types\/page"}],"author":[{"embeddable":true,"href":"https:\/\/www.buscroatia.com\/de\/wp-json\/wp\/v2\/users\/2"}],"replies":[{"embeddable":true,"href":"https:\/\/www.buscroatia.com\/de\/wp-json\/wp\/v2\/comments?post=2134"}],"version-history":[{"count":6,"href":"https:\/\/www.buscroatia.com\/de\/wp-json\/wp\/v2\/pages\/2134\/revisions"}],"predecessor-version":[{"id":2229,"href":"https:\/\/www.buscroatia.com\/de\/wp-json\/wp\/v2\/pages\/2134\/revisions\/2229"}],"wp:featuredmedia":[{"embeddable":true,"href":"https:\/\/www.buscroatia.com\/de\/wp-json\/wp\/v2\/media\/2181"}],"wp:attachment":[{"href":"https:\/\/www.buscroatia.com\/de\/wp-json\/wp\/v2\/media?parent=2134"}],"curies":[{"name":"wp","href":"https:\/\/api.w.org\/{rel}","templated":true}]}}