{"id":2132,"date":"2013-12-09T18:21:27","date_gmt":"2013-12-09T18:21:27","guid":{"rendered":"http:\/\/www.buscroatia.com\/de\/?page_id=2132"},"modified":"2013-12-11T14:18:08","modified_gmt":"2013-12-11T14:18:08","slug":"busreisen-selce","status":"publish","type":"page","link":"https:\/\/www.buscroatia.com\/de\/busreisen-selce\/","title":{"rendered":"Busreise Selce"},"content":{"rendered":"<p style=\"text-align: justify;\"><b>Istrien ist die gr\u00f6\u00dfte Halbinsel Kroatiens<\/b> und die gr\u00f6\u00dfte Halbinsel an der Adria. Mit ihrer unglaublich beeindruckenden Landschaft, flachen Landzungen, Weinh\u00fcgeln, Tr\u00fcffelw\u00e4ldern, karstigen H\u00f6henz\u00fcgen und dem kristallklaren Meer bietet Istrien etwas f\u00fcr jeden Geschmack. Das Hinterland, das als kroatische Toskana bekannt ist, wird Sie mit seinem Reiz sicherlich verzaubern. In der <b>wundersch\u00f6nen Kvarner Bucht<\/b> liegt das kleine, sympathische <b>Fischerd\u00f6rfchen Selce<\/b>. Der besondere Charme des Ortes und die wundersch\u00f6nen Str\u00e4nde verzaubern jeden Besucher.<\/p>\n<p style=\"text-align: justify;\"><b>Busreisen aus Deutschland und \u00d6sterreich nach Selce<\/b> werden immer beliebter. Eine der popul\u00e4rsten Optionen f\u00fcr einen Selce Besuch sind Rundreisen durch Kroatien. Eine Rundreise ist die ideale Wahl f\u00fcr diejenigen, die im Urlaub so viel wie m\u00f6glich sehen, und m\u00f6glichst viele verschiedene St\u00e4dte besuchen m\u00f6chten. Eine M\u00f6glichkeit <b>Selce innerhalb einer Busrundreise<\/b> zu besuchen <a title=\"Rundreise mit Bus in Kroatien\" href=\"https:\/\/www.buscroatia.com\/de\/busreise-kroatien\/\">bietet die 10 Tage lange<\/a> <b>Kroatien Rundreise<\/b>. Die Reise bietet zwei \u00dcbernachtungen auf der Hin \u2013 und R\u00fcckreise in K\u00e4rnten, eine \u00dcbernachtung in <b>Zagreb<\/b>, zwei \u00dcbernachtungen in <b>Gradac<\/b>, nachdem folgt eine \u00dcbernachtung in <b>Trogir<\/b>, eine weitere in <b>Biograd<\/b> und zum Schluss \u00fcbernachtet man noch zwei Mal in <b>Selce<\/b>. Au\u00dfer den schon erw\u00e4hnten St\u00e4dten werden auch noch <b>Opatija<\/b>, <b>Zadar<\/b>, <b>Sibenik<\/b>, <b>Split<\/b> und <b>Dubrovnik<\/b> besucht, auf dem Programm steht auch ein Besuch in den <b>Nationalparks Krka und Plitvicer Seen.<\/b> Weitere Informationen zu Rundreisen durch Kroatien, und zu Rundreisen in welchen man Selce besucht, <a title=\"Busreisekatalog Kroatien\" href=\"https:\/\/www.buscroatia.com\/de\/busreisekatalog-kroatien\/\">k\u00f6nnen Sie hier finden<\/a>:<\/p>\n<p style=\"text-align: center;\"><a href=\"https:\/\/www.buscroatia.com\/de\/wp-content\/uploads\/2013\/12\/Busreise-Selce.jpg\" rel=\"lightbox[2132]\"><img decoding=\"async\" class=\".aligncenter\" title=\"Busreise Selce\" alt=\"Busreise Selce\" src=\"https:\/\/www.buscroatia.com\/de\/wp-content\/uploads\/2013\/12\/Busreise-Selce.jpg\" width=\"100%\" \/><\/a><\/p>\n<p style=\"text-align: justify;\"><b>Traditionelle Linienbusse nach Selce<\/b> kann man nat\u00fcrlich auch finden. Das ganze Jahr \u00fcber kann man Selce via Rijeka oder via Zagreb mit dem <b>Linienbus aus vielen deutschen und \u00f6sterreichischen St\u00e4dten<\/b>. W\u00e4hrend der Sommersaison vergr\u00f6\u00dfert sich die Anzahl von w\u00f6chentlichen Busverbindungen. Eine Anreise mit dem Linienbus eignet sich am Besten f\u00fcr alle, die gerne selber ihren Urlaubsalltag und ihre Unterkunft in einem Hotel oder in einer Ferienwohnung gestalten m\u00f6chten.<\/p>\n<p style=\"text-align: right;\">Beitrag von <a href=\"https:\/\/plus.google.com\/109378476266658110512?\" rel=\"author\">Ines Sucic<\/a><\/p>\n","protected":false},"excerpt":{"rendered":"<p>Istrien ist die gr\u00f6\u00dfte Halbinsel Kroatiens und die gr\u00f6\u00dfte Halbinsel an der Adria. Mit ihrer unglaublich beeindruckenden Landschaft, flachen Landzungen, Weinh\u00fcgeln, Tr\u00fcffelw\u00e4ldern, karstigen H\u00f6henz\u00fcgen und dem kristallklaren Meer bietet Istrien etwas f\u00fcr jeden Geschmack. Das Hinterland, das als kroatische Toskana bekannt ist, wird Sie mit seinem Reiz sicherlich verzaubern. In der wundersch\u00f6nen Kvarner Bucht liegt [&hellip;]<\/p>\n","protected":false},"author":2,"featured_media":2177,"parent":0,"menu_order":0,"comment_status":"open","ping_status":"open","template":"","meta":[],"aioseo_notices":[],"_links":{"self":[{"href":"https:\/\/www.buscroatia.com\/de\/wp-json\/wp\/v2\/pages\/2132"}],"collection":[{"href":"https:\/\/www.buscroatia.com\/de\/wp-json\/wp\/v2\/pages"}],"about":[{"href":"https:\/\/www.buscroatia.com\/de\/wp-json\/wp\/v2\/types\/page"}],"author":[{"embeddable":true,"href":"https:\/\/www.buscroatia.com\/de\/wp-json\/wp\/v2\/users\/2"}],"replies":[{"embeddable":true,"href":"https:\/\/www.buscroatia.com\/de\/wp-json\/wp\/v2\/comments?post=2132"}],"version-history":[{"count":6,"href":"https:\/\/www.buscroatia.com\/de\/wp-json\/wp\/v2\/pages\/2132\/revisions"}],"predecessor-version":[{"id":2223,"href":"https:\/\/www.buscroatia.com\/de\/wp-json\/wp\/v2\/pages\/2132\/revisions\/2223"}],"wp:featuredmedia":[{"embeddable":true,"href":"https:\/\/www.buscroatia.com\/de\/wp-json\/wp\/v2\/media\/2177"}],"wp:attachment":[{"href":"https:\/\/www.buscroatia.com\/de\/wp-json\/wp\/v2\/media?parent=2132"}],"curies":[{"name":"wp","href":"https:\/\/api.w.org\/{rel}","templated":true}]}}