{"id":2130,"date":"2013-12-09T18:18:42","date_gmt":"2013-12-09T18:18:42","guid":{"rendered":"http:\/\/www.buscroatia.com\/de\/?page_id=2130"},"modified":"2013-12-11T14:23:29","modified_gmt":"2013-12-11T14:23:29","slug":"busreise-plitvicer-seen","status":"publish","type":"page","link":"https:\/\/www.buscroatia.com\/de\/busreise-plitvicer-seen\/","title":{"rendered":"Busreise Plitvicer Seen"},"content":{"rendered":"<p style=\"text-align: justify;\">\u00dcber Kroatien sagt man, dass es die sch\u00f6nsten K\u00fcstenregionen des Mittelmeeres hat. Doch Kroatien hat noch viel mehr zu bieten; <b>einzigartige Naturereignisse mit Gebirgen, wundersch\u00f6ne Inseln und spektakul\u00e4re Wasserf\u00e4lle<\/b>. All dies kann man in den Nationalparks Kroatiens finden, einer der beliebtesten und sicherlich auch bekanntesten Nationalparks Kroatiens ist <b>der Nationalpark Plitvicer Seen<\/b>. Die unber\u00fchrte Natur bezaubert alle Besucher und l\u00e4sst niemanden kalt.<\/p>\n<p style=\"text-align: justify;\"><b>Busreisen aus Deutschland und \u00d6sterreich an die Plitvicer Seen<\/b> werden immer beliebter. Eine in letzter Zeit sehr <b>beliebte Option sind Rundreisen durch die Nationalparks Kroatiens<\/b>. Eine Rundreise ist die ideale Option f\u00fcr alle, die im Urlaub <b>so viel wie m\u00f6glich sehen und m\u00f6glichst viele verschieden Orte besichtigen<\/b> m\u00f6chten. <a title=\"Busrundreisen Kroatien\" href=\"https:\/\/www.buscroatia.com\/de\/busreise-kroatien\/\">Eine M\u00f6glichkeit den Nationalpark Plitvicer Seen innerhalb einer Busrundreise zu besuchen<\/a>, bietet die Rundreise durch drei der acht kroatischen Nationalparks. Die sieben Tage lange Reise bietet zwei \u00dcbernachtungen auf der Hin \u2013 und R\u00fcckreise in \u00d6sterreich und vier \u00dcbernachtungen in Rabac. Das Programm ist sehr interessant und bietet viele unvergessliche Augenblicke. Unter anderem wird der Nationalpark Plitvicer Seen besucht, der bei allen Winnetou Fans bekannt ist, da hier \u201eDer Schatz im Silbersee\u201c gedreht wurde. Au\u00dferdem wird auch der Nationalpark Risnjak und der Nationalpark Brioni besucht. <b><a title=\"Busreisekatalog Kroatien\" href=\"https:\/\/www.buscroatia.com\/de\/busreisekatalog-kroatien\/\">Weitere Informationen zu Rundreisen durch die Nationalparks k\u00f6nnen Sie hier finden<\/a>: <\/b><\/p>\n<p style=\"text-align: center;\"><a href=\"https:\/\/www.buscroatia.com\/de\/wp-content\/uploads\/2013\/12\/Busreise-Plitvicer-Seen.jpg\" rel=\"lightbox[2130]\"><img decoding=\"async\" class=\".aligncenter\" title=\"Busreise Plitvicer Seen\" alt=\"Busreise Plitvicer Seen\" src=\"https:\/\/www.buscroatia.com\/de\/wp-content\/uploads\/2013\/12\/Busreise-Plitvicer-Seen.jpg\" width=\"100%\" \/><\/a><\/p>\n<p style=\"text-align: justify;\">Eine andere Option um die Plitvicer Seen zu besuchen w\u00e4re <b>eine Reise mit einem traditionellen Linienbus<\/b>. Der Nationalpark kann <b>das<\/b> <b>ganze Jahr \u00fcber mit Linienbussen via Rijeka oder via Zagreb, aus verschiedenen deutschen und \u00f6sterreichischen St\u00e4dten<\/b> erreicht werden. W\u00e4hrend der Sommersaison vergr\u00f6\u00dfert sich die Anzahl der Linienbusse und der w\u00f6chentlichen Busverbindungen. Eine Anreise mit dem Linienbus ist ideal f\u00fcr alle, die ihren Aufenthalt und ihre Unterkunft in Ferienwohnungen oder Hotel selbst Vorort gestalten m\u00f6chten.<\/p>\n<p style=\"text-align: right;\">Beitrag von <a href=\"https:\/\/plus.google.com\/109378476266658110512?\" rel=\"author\">Ines Sucic<\/a><\/p>\n","protected":false},"excerpt":{"rendered":"<p>\u00dcber Kroatien sagt man, dass es die sch\u00f6nsten K\u00fcstenregionen des Mittelmeeres hat. Doch Kroatien hat noch viel mehr zu bieten; einzigartige Naturereignisse mit Gebirgen, wundersch\u00f6ne Inseln und spektakul\u00e4re Wasserf\u00e4lle. All dies kann man in den Nationalparks Kroatiens finden, einer der beliebtesten und sicherlich auch bekanntesten Nationalparks Kroatiens ist der Nationalpark Plitvicer Seen. Die unber\u00fchrte Natur [&hellip;]<\/p>\n","protected":false},"author":2,"featured_media":2173,"parent":0,"menu_order":0,"comment_status":"open","ping_status":"open","template":"","meta":[],"aioseo_notices":[],"_links":{"self":[{"href":"https:\/\/www.buscroatia.com\/de\/wp-json\/wp\/v2\/pages\/2130"}],"collection":[{"href":"https:\/\/www.buscroatia.com\/de\/wp-json\/wp\/v2\/pages"}],"about":[{"href":"https:\/\/www.buscroatia.com\/de\/wp-json\/wp\/v2\/types\/page"}],"author":[{"embeddable":true,"href":"https:\/\/www.buscroatia.com\/de\/wp-json\/wp\/v2\/users\/2"}],"replies":[{"embeddable":true,"href":"https:\/\/www.buscroatia.com\/de\/wp-json\/wp\/v2\/comments?post=2130"}],"version-history":[{"count":6,"href":"https:\/\/www.buscroatia.com\/de\/wp-json\/wp\/v2\/pages\/2130\/revisions"}],"predecessor-version":[{"id":2233,"href":"https:\/\/www.buscroatia.com\/de\/wp-json\/wp\/v2\/pages\/2130\/revisions\/2233"}],"wp:featuredmedia":[{"embeddable":true,"href":"https:\/\/www.buscroatia.com\/de\/wp-json\/wp\/v2\/media\/2173"}],"wp:attachment":[{"href":"https:\/\/www.buscroatia.com\/de\/wp-json\/wp\/v2\/media?parent=2130"}],"curies":[{"name":"wp","href":"https:\/\/api.w.org\/{rel}","templated":true}]}}