{"id":2126,"date":"2013-12-09T18:12:53","date_gmt":"2013-12-09T18:12:53","guid":{"rendered":"http:\/\/www.buscroatia.com\/de\/?page_id=2126"},"modified":"2013-12-11T14:21:56","modified_gmt":"2013-12-11T14:21:56","slug":"busreise-dubrovnik","status":"publish","type":"page","link":"https:\/\/www.buscroatia.com\/de\/busreise-dubrovnik\/","title":{"rendered":"Busreise Dubrovnik"},"content":{"rendered":"<p><b>Dalmatien<\/b> ist ein schmaler, ungef\u00e4hr 450 Km langer Streifen entlang der Adria, und mit ihren wundersch\u00f6nen K\u00fcstenst\u00e4dten wahrscheinlich die sch\u00f6nste Region Kroatiens. Ganz im S\u00fcden dieses atemberaubenden Landstreifens liegt die so genannte <b>\u201ePerle der Adria\u201c \u2013 Dubrovnik. <\/b>Dubrovnik bezaubert Besucher aus aller Welt mit seiner nat\u00fcrlichen Sch\u00f6nheit, dem glasklaren Meer, seinen wundersch\u00f6nen Str\u00e4nden und vor allem mit seinem reichen Kulturerbe. Aufgrund ihrer kulturellen Bedeutung wurde <b>die gesamte Altstadt von der UNESCO in die Liste des Weltkulturerbes aufgenommen<\/b>.<\/p>\n<p><b>Busreisen aus Deutschland und \u00d6sterreich nach Dubrovnik sind sehr beliebt<\/b> und die Nachfrage ist st\u00e4ndig am Wachsen, das Angebot variiert je nach Jahreszeit. Eine beliebte Option ist die <a title=\"1600 Busreisen nach Kroatien\" href=\"https:\/\/www.buscroatia.com\/de\/busreise-kroatien\/\">5 Tage lange Mandarinenbl\u00fcte Reise<\/a>, die vier \u00dcbernachtungen in Dubrovnik und eine in Mostar (Bosnien und Herzegowina) bietet. Das interessante Programm bietet eine organisierte zweist\u00fcndige Stadtf\u00fchrung durch Dubrovnik, einen Besuch einer Mandarinenplantage und eine Bootsfahrt mit Musik und Unterhaltung dorthin, aber auch einen Tag, mit Stadtf\u00fchrung in Mostar, der Stadt der Dichter, Maler, Gold \u2013 und Kupferschmiede. <b><a title=\"Busreisekatalog Kroatien\" href=\"https:\/\/www.buscroatia.com\/de\/busreisekatalog-kroatien\/\">Weitere Informationen und Angebote zu Busreisen nach Dubrovnik k\u00f6nnen Sie hier finden:<\/a>\u00a0<\/b><\/p>\n<p>Eine andere Option um \u201edie Perle der Adria\u201c zu besuchen ist <b>eine Busrundreise<\/b>. F\u00fcr alle, die w\u00e4hrend ihres Urlaubs <b>so viel wie m\u00f6glich sehen und m\u00f6glichst viele verschiedene St\u00e4dte besuchen <\/b>m\u00f6chten, sind Rundreisen die richtige Wahl. Es gibt immer mehr <b>Rundreisen durch Dalmatien und durch ganz Kroatien<\/b>. Im Angebot findet man immer mehr Rundreisen, die unter anderem, die vielleicht sogar beliebteste Destination- Dubrovnik haben. <a title=\"Busreisekatalog Kroatien\" href=\"https:\/\/www.buscroatia.com\/de\/busreisekatalog-kroatien\/\"><b>Aktuelle Angebote f\u00fcr Busrundreisen nach Kroatien k\u00f6nnen Sie hier finden: <\/b><\/a><\/p>\n<p style=\"text-align: center;\"><a href=\"https:\/\/www.buscroatia.com\/de\/wp-content\/uploads\/2013\/12\/Busreise-Dubrovnik.jpg\" rel=\"lightbox[2126]\"><img decoding=\"async\" class=\".aligncenter\" title=\"Busreise Dubrovnik\" alt=\"Busreise Dubrovnik\" src=\"https:\/\/www.buscroatia.com\/de\/wp-content\/uploads\/2013\/12\/Busreise-Dubrovnik.jpg\" width=\"100%\" \/><\/a><\/p>\n<p>Man kann nat\u00fcrlich auch <b>mit einem traditionellen Linienbus nach Dubrovnik fahren<\/b>. Dubrovnik kann das ganze Jahr \u00fcber <b>mit Linienbussen aus verschiedenen deutschen und \u00f6sterreichischen St\u00e4dten<\/b> erreicht werden. W\u00e4hrend der Sommersaison vergr\u00f6\u00dfert sich das Angebot und die Anzahl von w\u00f6chentlichen Busverbindungen. Eine Anreise mit dem Linienbus an die gew\u00fcnschte Destination ist die beste Wahl f\u00fcr alle, die ihren Urlaubsalltag, aber auch ihre Unterkunft in einem Hotel oder einer Ferienwohnung selber gestalten m\u00f6chten.<\/p>\n<p style=\"text-align: right;\">Beitrag von <a href=\"https:\/\/plus.google.com\/109378476266658110512?\" rel=\"author\">Ines Sucic<\/a><\/p>\n","protected":false},"excerpt":{"rendered":"<p>Dalmatien ist ein schmaler, ungef\u00e4hr 450 Km langer Streifen entlang der Adria, und mit ihren wundersch\u00f6nen K\u00fcstenst\u00e4dten wahrscheinlich die sch\u00f6nste Region Kroatiens. Ganz im S\u00fcden dieses atemberaubenden Landstreifens liegt die so genannte \u201ePerle der Adria\u201c \u2013 Dubrovnik. Dubrovnik bezaubert Besucher aus aller Welt mit seiner nat\u00fcrlichen Sch\u00f6nheit, dem glasklaren Meer, seinen wundersch\u00f6nen Str\u00e4nden und vor [&hellip;]<\/p>\n","protected":false},"author":2,"featured_media":2163,"parent":0,"menu_order":0,"comment_status":"open","ping_status":"open","template":"","meta":[],"aioseo_notices":[],"_links":{"self":[{"href":"https:\/\/www.buscroatia.com\/de\/wp-json\/wp\/v2\/pages\/2126"}],"collection":[{"href":"https:\/\/www.buscroatia.com\/de\/wp-json\/wp\/v2\/pages"}],"about":[{"href":"https:\/\/www.buscroatia.com\/de\/wp-json\/wp\/v2\/types\/page"}],"author":[{"embeddable":true,"href":"https:\/\/www.buscroatia.com\/de\/wp-json\/wp\/v2\/users\/2"}],"replies":[{"embeddable":true,"href":"https:\/\/www.buscroatia.com\/de\/wp-json\/wp\/v2\/comments?post=2126"}],"version-history":[{"count":5,"href":"https:\/\/www.buscroatia.com\/de\/wp-json\/wp\/v2\/pages\/2126\/revisions"}],"predecessor-version":[{"id":2230,"href":"https:\/\/www.buscroatia.com\/de\/wp-json\/wp\/v2\/pages\/2126\/revisions\/2230"}],"wp:featuredmedia":[{"embeddable":true,"href":"https:\/\/www.buscroatia.com\/de\/wp-json\/wp\/v2\/media\/2163"}],"wp:attachment":[{"href":"https:\/\/www.buscroatia.com\/de\/wp-json\/wp\/v2\/media?parent=2126"}],"curies":[{"name":"wp","href":"https:\/\/api.w.org\/{rel}","templated":true}]}}