{"id":2122,"date":"2013-12-09T18:07:37","date_gmt":"2013-12-09T18:07:37","guid":{"rendered":"http:\/\/www.buscroatia.com\/de\/?page_id=2122"},"modified":"2013-12-11T14:22:37","modified_gmt":"2013-12-11T14:22:37","slug":"busreisen-makarska","status":"publish","type":"page","link":"https:\/\/www.buscroatia.com\/de\/busreisen-makarska\/","title":{"rendered":"Busreise Makarska"},"content":{"rendered":"<p style=\"text-align: justify;\"><strong>Dalmatien<\/strong> ist ein schmaler, ungef\u00e4hr 450 Km langer Streifen entlang der Adria, und mit ihren wundersch\u00f6nen K\u00fcstenst\u00e4dten wahrscheinlich die sch\u00f6nste Region Kroatiens. Im S\u00fcden Dalmatiens, wo das majest\u00e4tische Massiv des Berges Biokovo in die blaue, glasklare Adria eintaucht befindet sich die <b>Makarksa Riviera<\/b>. Die Makarska Riviera besetzt rund 60 Km der K\u00fcste und ist schon seit Jahrzehnten, dank ihrer nat\u00fcrlichen Sch\u00f6nheit, eine der attraktivsten Reisedestinationen an der Adria.<\/p>\n<p style=\"text-align: justify;\"><b><a title=\"mehr als 1000 Busreisen nach Kroatien\" href=\"https:\/\/www.buscroatia.com\/de\/busreise-kroatien\/\">Busreisen aus Deutschland oder \u00d6sterreich<\/a> and die wundersch\u00f6ne Makarska Riviera <\/b>sind sehr beliebt, das Angebot variiert je nach Jahreszeit. Eine beliebte Option ist die 10 Tage lange Reise in einem <b>First-Class-Fernreisebus<\/b> mit 7 \u00dcbernachtungen im ausgew\u00e4hlten Hotel in Makarska. Makarska bietet, dank dem reichen Kulturerbe, einem abwechslungsreichen\u00a0 Sport \u2013 und Unterhaltungsangebot und vor allem dank dem kristallklarem Meer und der wundersch\u00f6nen Str\u00e4nde, etwas f\u00fcr jeden Geschmack. Man kann entweder einen aktiven Sporturlaub verbringen, oder einfach nur die Sonne an einem der bezaubernden Str\u00e4nde genie\u00dfen. <b><a title=\"Busreisekatalog Kroatien\" href=\"https:\/\/www.buscroatia.com\/de\/busreisekatalog-kroatien\/\">Weitere Inforationen f\u00fcr Busreisen nach Makarska finden Sie hier<\/a>: <\/b><\/p>\n<p style=\"text-align: justify;\">Eine weitere interessante Variante f\u00fcr eine Busreise nach Makarska w\u00e4re <b>eine Busrundreise<\/b>. F\u00fcr alle, die im Urlaub <b>so viel wie m\u00f6glich sehen, und m\u00f6glichst viele verschiedene St\u00e4dte besichtigen<\/b> m\u00f6chten, sind Rundreisen die ideale Wahl. Es gibt mehr und mehr Rundreisen durch Dalmatien und durch ganz Kroatien. Im Angebot findet man immer mehr Rundreisen, in denen Makarka besucht wird. <b><a title=\"Busreisekatalog Kroatien\" href=\"https:\/\/www.buscroatia.com\/de\/busreisekatalog-kroatien\/\">Aktuelle Angebote f\u00fcr Busrundreisen nach Kroatien k\u00f6nnen Sie hier finden<\/a>: <\/b><\/p>\n<p style=\"text-align: center;\"><a href=\"https:\/\/www.buscroatia.com\/de\/wp-content\/uploads\/2013\/12\/Busreisen-Makarska.jpg\" rel=\"lightbox[2122]\"><img decoding=\"async\" class=\".aligncenter\" title=\"Busreisen Makarska\" alt=\"Busreisen Makarska\" src=\"https:\/\/www.buscroatia.com\/de\/wp-content\/uploads\/2013\/12\/Busreisen-Makarska.jpg\" width=\"100%\" \/><\/a><\/p>\n<p style=\"text-align: justify;\"><b>Traditionelle Linienbusse nach Makarska<\/b> kann man nat\u00fcrlich auch finden. Man kann die Makarska Riviera das Ganze Jahr <b>\u00fcber mit Linienbussen aus verschiedenen deutschen oder \u00f6sterreichischen St\u00e4dten<\/b> erreichen. W\u00e4hrend der Sommersaison vergr\u00f6\u00dfert sich das Angebot und die Anzahl von w\u00f6chentlichen Busverbindungen w\u00e4chst sichtlich. Die Anreise mit dem Linienbus ist die beste Option f\u00fcr alle, die im Urlaub ihre Unterkunft in einem Hotel oder in einer Ferienwohnung selber gestalten m\u00f6chten.<\/p>\n<p style=\"text-align: right;\">Beitrag von <a href=\"https:\/\/plus.google.com\/109378476266658110512?\" rel=\"author\">Ines Sucic<\/a><\/p>\n","protected":false},"excerpt":{"rendered":"<p>Dalmatien ist ein schmaler, ungef\u00e4hr 450 Km langer Streifen entlang der Adria, und mit ihren wundersch\u00f6nen K\u00fcstenst\u00e4dten wahrscheinlich die sch\u00f6nste Region Kroatiens. Im S\u00fcden Dalmatiens, wo das majest\u00e4tische Massiv des Berges Biokovo in die blaue, glasklare Adria eintaucht befindet sich die Makarksa Riviera. Die Makarska Riviera besetzt rund 60 Km der K\u00fcste und ist schon [&hellip;]<\/p>\n","protected":false},"author":2,"featured_media":2165,"parent":0,"menu_order":0,"comment_status":"open","ping_status":"open","template":"","meta":[],"aioseo_notices":[],"_links":{"self":[{"href":"https:\/\/www.buscroatia.com\/de\/wp-json\/wp\/v2\/pages\/2122"}],"collection":[{"href":"https:\/\/www.buscroatia.com\/de\/wp-json\/wp\/v2\/pages"}],"about":[{"href":"https:\/\/www.buscroatia.com\/de\/wp-json\/wp\/v2\/types\/page"}],"author":[{"embeddable":true,"href":"https:\/\/www.buscroatia.com\/de\/wp-json\/wp\/v2\/users\/2"}],"replies":[{"embeddable":true,"href":"https:\/\/www.buscroatia.com\/de\/wp-json\/wp\/v2\/comments?post=2122"}],"version-history":[{"count":7,"href":"https:\/\/www.buscroatia.com\/de\/wp-json\/wp\/v2\/pages\/2122\/revisions"}],"predecessor-version":[{"id":2231,"href":"https:\/\/www.buscroatia.com\/de\/wp-json\/wp\/v2\/pages\/2122\/revisions\/2231"}],"wp:featuredmedia":[{"embeddable":true,"href":"https:\/\/www.buscroatia.com\/de\/wp-json\/wp\/v2\/media\/2165"}],"wp:attachment":[{"href":"https:\/\/www.buscroatia.com\/de\/wp-json\/wp\/v2\/media?parent=2122"}],"curies":[{"name":"wp","href":"https:\/\/api.w.org\/{rel}","templated":true}]}}