{"id":2111,"date":"2013-12-03T21:11:17","date_gmt":"2013-12-03T21:11:17","guid":{"rendered":"http:\/\/www.buscroatia.com\/de\/?page_id=2111"},"modified":"2013-12-11T14:05:58","modified_gmt":"2013-12-11T14:05:58","slug":"busreise-vrsar","status":"publish","type":"page","link":"https:\/\/www.buscroatia.com\/de\/busreise-vrsar\/","title":{"rendered":"Busreise Vrsar"},"content":{"rendered":"<p>Der <b>herrliche Badeort Vrsar<\/b> liegt direkt an einer <b>wundersch\u00f6nen Landzunge in Istrien<\/b>. Das milde, mediterrane Klima, die herrliche unber\u00fchrte <b>Natur und das kristallklare Meer<\/b> in Kombination mit vielen Restaurants, Weinkellern, Gastst\u00e4tten und Nachtclubs machen den pittoresken Ort wie geschaffen f\u00fcr herrliche Urlaubstage und wecken bei jedem die Reiselust.<\/p>\n<p><a title=\"Busreisen von Deutschland nach Kroatien\" href=\"https:\/\/www.buscroatia.com\/de\/busreise-kroatien\/\"><b>Busreisen von Deutschland und \u00d6sterreich<\/b><\/a> an die Riviera von Vrsar sind sehr beliebt, das Angebot variiert je nach Jahreszeit. <b>Eine beliebte Tour ist 7 Tage lange Reise mit vier \u00dcbernachtungen in Vrsar<\/b> und zwei Zwischen\u00fcbernachtungen im Salzburger Land. Das Programm ist sehr interessant und reich an Ausfl\u00fcgen und Besichtigungen. <b>Auf dem Programm steht ein eine Schifffahrt am Limfjord<\/b> w\u00e4hrend des Porec Besuchs, man besichtigt auch Pula und Rovinj. <a title=\"Busreisekatalog Kroatien\" href=\"https:\/\/www.buscroatia.com\/de\/busreisekatalog-kroatien\/\">Weitere Angebote f\u00fcr Busreisen nach Vrsar k\u00f6nnen Sie hier finden<\/a>:<\/p>\n<p>Eine andere, <b>nicht weniger interessante Option<\/b> um Vrsar zu besuchen w\u00e4re eine Busrundreise. F\u00fcr alle, <b>die im Urlaub<\/b> so viel wie m\u00f6glich sehen und m\u00f6glichst viele verschiedene St\u00e4dte besichtigen m\u00f6chten, <b>sind Rundreisen die richtige Wahl<\/b>. Es gibt immer mehr <b>Rundreisen durch Istrien<\/b> aber auch durch ganz Kroatien. Immer mehr Rundreisen, die angeboten werden, besuchen Vrsar. <a title=\"Busreisekatalog Kroatien\" href=\"https:\/\/www.buscroatia.com\/de\/busreisekatalog-kroatien\/\">Aktuelle Angebote an Busrundreisen nach Kroatien k\u00f6nnen Sie hier finde<\/a>n:<\/p>\n<p style=\"text-align: center;\"><a href=\"https:\/\/www.buscroatia.com\/de\/wp-content\/uploads\/2013\/12\/Busreise-vrsar.jpg\" rel=\"lightbox[2111]\"><img decoding=\"async\" class=\".aligncenter\" title=\"Busreise Vrsar\" alt=\"Busreise Vrsar\" src=\"https:\/\/www.buscroatia.com\/de\/wp-content\/uploads\/2013\/12\/Busreise-vrsar.jpg\" width=\"100%\" \/><\/a><\/p>\n<p>Eine weitere Option um <b>Vrsar zu besuchen ist die Reise mit einem traditionellen Linienbus<\/b>. Man kann Vrsar das ganze Jahr \u00fcber mit Linienbussen via Rijeka erreichen. Es gibt <b>Busverbindungen von verschiedenen deutschen und \u00f6sterreichischen St\u00e4d<\/b>t<b>en Via Rijeka oder Zagreb<\/b>. W\u00e4hrend der Sommersaison vergr\u00f6\u00dfert sich die Anzahl von w\u00f6chentlichen Busverbindungen nach Vrsar. Die Anreise mit dem Linienbus ist die ideale Wahl f\u00fcr alle, die ihre <b>Unterkunft in einer Ferienwohnung oder einem Ferienort<\/b> selber Vorort gestalten m\u00f6chten.<\/p>\n<p style=\"text-align: right;\">Beitrag von <a href=\"https:\/\/plus.google.com\/109378476266658110512?\" rel=\"author\">Ines Sucic<\/a><\/p>\n","protected":false},"excerpt":{"rendered":"<p>Der herrliche Badeort Vrsar liegt direkt an einer wundersch\u00f6nen Landzunge in Istrien. Das milde, mediterrane Klima, die herrliche unber\u00fchrte Natur und das kristallklare Meer in Kombination mit vielen Restaurants, Weinkellern, Gastst\u00e4tten und Nachtclubs machen den pittoresken Ort wie geschaffen f\u00fcr herrliche Urlaubstage und wecken bei jedem die Reiselust. Busreisen von Deutschland und \u00d6sterreich an die [&hellip;]<\/p>\n","protected":false},"author":2,"featured_media":2114,"parent":0,"menu_order":0,"comment_status":"open","ping_status":"open","template":"","meta":[],"aioseo_notices":[],"_links":{"self":[{"href":"https:\/\/www.buscroatia.com\/de\/wp-json\/wp\/v2\/pages\/2111"}],"collection":[{"href":"https:\/\/www.buscroatia.com\/de\/wp-json\/wp\/v2\/pages"}],"about":[{"href":"https:\/\/www.buscroatia.com\/de\/wp-json\/wp\/v2\/types\/page"}],"author":[{"embeddable":true,"href":"https:\/\/www.buscroatia.com\/de\/wp-json\/wp\/v2\/users\/2"}],"replies":[{"embeddable":true,"href":"https:\/\/www.buscroatia.com\/de\/wp-json\/wp\/v2\/comments?post=2111"}],"version-history":[{"count":6,"href":"https:\/\/www.buscroatia.com\/de\/wp-json\/wp\/v2\/pages\/2111\/revisions"}],"predecessor-version":[{"id":2212,"href":"https:\/\/www.buscroatia.com\/de\/wp-json\/wp\/v2\/pages\/2111\/revisions\/2212"}],"wp:featuredmedia":[{"embeddable":true,"href":"https:\/\/www.buscroatia.com\/de\/wp-json\/wp\/v2\/media\/2114"}],"wp:attachment":[{"href":"https:\/\/www.buscroatia.com\/de\/wp-json\/wp\/v2\/media?parent=2111"}],"curies":[{"name":"wp","href":"https:\/\/api.w.org\/{rel}","templated":true}]}}