{"id":2107,"date":"2013-12-03T21:09:21","date_gmt":"2013-12-03T21:09:21","guid":{"rendered":"http:\/\/www.buscroatia.com\/de\/?page_id=2107"},"modified":"2013-12-11T14:18:31","modified_gmt":"2013-12-11T14:18:31","slug":"busreise-vodice","status":"publish","type":"page","link":"https:\/\/www.buscroatia.com\/de\/busreise-vodice\/","title":{"rendered":"Busreise Vodice"},"content":{"rendered":"<p><b>Vodice ist eine kleine Stadt<\/b>, die sich in Dalmatien an der Adriak\u00fcste, <b>ca. 10 Km nordwestlich von Sibenik befindet<\/b>. Das St\u00e4dtchen hat sich vollkommen dem Tourismus angepasst und ist dank dem mediterranen Klima, seinem <b>kristallklaren Meer und seinem abwechslungsreichen Unterhaltungsangebot<\/b> eine der beliebtesten Reisedestinationen in Dalmatien.<\/p>\n<p>Busreisen aus Deutschland und \u00d6sterreich nach Vodice werden immer beliebter. <b>Eine der beliebtesten Optionen f\u00fcr einen Vodice Besuch<a title=\"Busreise Kroatien\" href=\"https:\/\/www.buscroatia.com\/de\/busreise-kroatien\/\"> sind Rundreisen durch Dalmatien<\/a>.<\/b> Eine Rundreise ist die ideale Option f\u00fcr alle, die w\u00e4hrend ihres Urlaubs so viel wie m\u00f6glich sehen m\u00f6chten und die m\u00f6glichst viele verschiedene St\u00e4dte besichtigen wollen. Eine M\u00f6glichkeit Vodice innerhalb einer Busrundreise zu besuchen bietet die <b>Rundreise durch die Dalmatinische K\u00fcste<\/b>. Diese Tour dauert 10 Tage und bietet <b>7 \u00dcbernachtungen im Solaris Beach Resort in Sibenik<\/b>. Das Programm ist abwechslungsreich und bietet etwas f\u00fcr jeden Geschmack. Unter anderem werden die St\u00e4dte Sibenik, Trogir, Split, Zadar, Vodice und Nin besucht. <b>Dem Programm nach wird auch der Nationalpark Krka mit seiner atemberaubenden Natur besucht<\/b>. Die Rundreise bietet auch zwei Zwischen\u00fcbernachtungen mit Halbpension im Salzburger Land.<\/p>\n<p style=\"text-align: center;\"><a href=\"https:\/\/www.buscroatia.com\/de\/wp-content\/uploads\/2013\/12\/Busreise-Vodice.jpg\" rel=\"lightbox[2107]\"><img decoding=\"async\" class=\".aligncenter\" title=\"Busreise Vodice\" alt=\"Busreise Vodice\" src=\"https:\/\/www.buscroatia.com\/de\/wp-content\/uploads\/2013\/12\/Busreise-Vodice.jpg\" width=\"100%\" \/><\/a><\/p>\n<p>Eine andere Option f\u00fcr <b>einen Besuch der Riviera von Vodice<\/b> ist die Reise mit einem traditionellen Linienbus. Ganzj\u00e4hrlich kann man Vodice mit <b>dem Linienbus aus vielen verschiednen deutschen und \u00f6sterreichischen St\u00e4dten <\/b>erreichen. W\u00e4hrend der Sommersaison, dem touristischen H\u00f6hepunkt in Vodice, vergr\u00f6\u00dfert sich die Anzahl von w\u00f6chentlichen Busverbindungen. <b>Die Anreise mit einem Linien<\/b>bus ist die ideale Wahl f\u00fcr alle, die ihren Urlaub und ihre Unterkunft in einem Hotel oder einer Ferienwohnung selbst gestalten m\u00f6chten.<\/p>\n<p style=\"text-align: right;\">Beitrag von <a href=\"https:\/\/plus.google.com\/109378476266658110512?\" rel=\"author\">Ines Sucic<\/a><\/p>\n","protected":false},"excerpt":{"rendered":"<p>Vodice ist eine kleine Stadt, die sich in Dalmatien an der Adriak\u00fcste, ca. 10 Km nordwestlich von Sibenik befindet. Das St\u00e4dtchen hat sich vollkommen dem Tourismus angepasst und ist dank dem mediterranen Klima, seinem kristallklaren Meer und seinem abwechslungsreichen Unterhaltungsangebot eine der beliebtesten Reisedestinationen in Dalmatien. Busreisen aus Deutschland und \u00d6sterreich nach Vodice werden immer [&hellip;]<\/p>\n","protected":false},"author":2,"featured_media":2196,"parent":0,"menu_order":0,"comment_status":"open","ping_status":"open","template":"","meta":[],"aioseo_notices":[],"_links":{"self":[{"href":"https:\/\/www.buscroatia.com\/de\/wp-json\/wp\/v2\/pages\/2107"}],"collection":[{"href":"https:\/\/www.buscroatia.com\/de\/wp-json\/wp\/v2\/pages"}],"about":[{"href":"https:\/\/www.buscroatia.com\/de\/wp-json\/wp\/v2\/types\/page"}],"author":[{"embeddable":true,"href":"https:\/\/www.buscroatia.com\/de\/wp-json\/wp\/v2\/users\/2"}],"replies":[{"embeddable":true,"href":"https:\/\/www.buscroatia.com\/de\/wp-json\/wp\/v2\/comments?post=2107"}],"version-history":[{"count":6,"href":"https:\/\/www.buscroatia.com\/de\/wp-json\/wp\/v2\/pages\/2107\/revisions"}],"predecessor-version":[{"id":2224,"href":"https:\/\/www.buscroatia.com\/de\/wp-json\/wp\/v2\/pages\/2107\/revisions\/2224"}],"wp:featuredmedia":[{"embeddable":true,"href":"https:\/\/www.buscroatia.com\/de\/wp-json\/wp\/v2\/media\/2196"}],"wp:attachment":[{"href":"https:\/\/www.buscroatia.com\/de\/wp-json\/wp\/v2\/media?parent=2107"}],"curies":[{"name":"wp","href":"https:\/\/api.w.org\/{rel}","templated":true}]}}